{"id":31300,"date":"2024-08-09T14:02:20","date_gmt":"2024-08-09T14:02:20","guid":{"rendered":"https:\/\/lacasadelamedicina.es\/product\/kupte-si-benzylmetylketon-b-m-k-online\/"},"modified":"2024-08-09T14:02:20","modified_gmt":"2024-08-09T14:02:20","slug":"kupte-si-benzylmetylketon-b-m-k-online","status":"publish","type":"product","link":"https:\/\/lacasadelamedicina.es\/sk\/produkt\/kupte-si-benzylmetylketon-b-m-k-online\/","title":{"rendered":"K\u00fapte si benzylmetylket\u00f3n (B-M-K) online"},"content":{"rendered":"<h3>Benzylmetylket\u00f3n-b-m-k na predaj \u2013 K\u00fapte si benzylmetylket\u00f3n-b-m-k online<\/h3>\n<p> Sme v\u00e1\u0161 najlep\u0161\u00ed zdroj a predajca na n\u00e1kup benzylmetylket\u00f3nu a tie\u017e m\u00e1me na predaj benzylmetylket\u00f3n. Benzyl Methyl Ketone si u n\u00e1s m\u00f4\u017eete k\u00fapi\u0165 online jednoducho a leg\u00e1lne. K\u00fapte si benzylmetylket\u00f3n (B-M-K) online \u2013 \u00fadaje <a href=\"https:\/\/drlawsonspharmacy\/contact-us\/\">KONTAKT<\/a> BMK je prirodzene sa vyskytuj\u00faca chemik\u00e1lia so \u0161irok\u00fdm rozsahom pou\u017eitia. Ide o jednostup\u0148ov\u00fd proces pri synt\u00e9ze drogy Ext\u00e1za. Je to mie\u0161ate\u013en\u00e1 kvapalina, ktor\u00e1 sa rozp\u00fa\u0161\u0165a vo vode a je bez chuti, bez farby a je hor\u013eav\u00e1. Najlep\u0161\u00ed BMK olej je dostupn\u00fd v na\u0161om internetovom obchode. N\u00e1kup benzylmetylket\u00f3nu online je jednoduch\u00fd. Postupujte pod\u013ea t\u00fdchto pokynov: Vyberte si preferovan\u00fd produkt z rozba\u013eovacej ponuky ni\u017e\u0161ie. Kliknut\u00edm na \u201ePrida\u0165 do ko\u0161\u00edka\u201c dokon\u010d\u00edte n\u00e1kup tovaru. Po doru\u010den\u00ed objedn\u00e1vky zadajte.          <\/p>\n<h3>V\u00fdhody benzylmetylket\u00f3nu<\/h3>\n<p> Benzoyl Methyl Ketone m\u00f4\u017ee ma\u0165 v\u010faka svojmu alkoholov\u00e9mu a ket\u00f3nov\u00e9mu zlo\u017eeniu diuretick\u00e9 a detoxika\u010dn\u00e9 \u00fa\u010dinky. <\/p>\n<ul>\n<li>Niektor\u00ed v\u00fdskumn\u00edci navrhli BMK ako u\u017eito\u010dn\u00fd prostriedok na zmiernenie stresu.<\/li>\n<li>Niektor\u00ed hovoria, \u017ee zni\u017euje kortizol, stresov\u00fd horm\u00f3n, hoci m\u00f4\u017ee chv\u00ed\u013eu trva\u0165, k\u00fdm poc\u00edtite \u00fa\u010dinky.<\/li>\n<li>\u010eal\u0161ou mo\u017enou v\u00fdhodou <strong>Benzylmetylket\u00f3n-b-m-k <\/strong> je, \u017ee m\u00f4\u017ee zn\u00ed\u017ei\u0165 riziko Alzheimerovej choroby.<\/li>\n<li>Predpoklad\u00e1 sa, \u017ee zl\u00fa\u010denina bojuje proti z\u00e1palu v mozgu, ktor\u00fd m\u00f4\u017ee chr\u00e1ni\u0165 pred po\u0161koden\u00edm nervov s\u00favisiacim s Alzheimerovou chorobou.<\/li>\n<\/ul>\n<h3>Kde si m\u00f4\u017eete k\u00fapi\u0165 benzylmetylket\u00f3n?<\/h3>\n<p> Benzylmetylket\u00f3n alebo fenylacet\u00f3n je chemick\u00e1 l\u00e1tka. Olej je transparentn\u00fd a m\u00e1 index lomu 1,5168. Ke\u010f\u017ee ide o surovinu alebo medziprodukt pri v\u00fdrobe metamfetam\u00ednu a amfetam\u00ednu, \u010dasto sa ozna\u010duje ako P2P. T\u00e1to l\u00e1tka vonia dobre a je asi tak\u00e1 hust\u00e1 ako voda. BMK sa pou\u017e\u00edva ako neleg\u00e1lna chemik\u00e1lia pri neleg\u00e1lnej v\u00fdrobe amfetam\u00ednu, hoci m\u00e1 nieko\u013eko legit\u00edmnych pou\u017eit\u00ed, napr\u00edklad pri v\u00fdvoji propylhexedr\u00ednu. K\u00fapte si benzyl metyl ket\u00f3n (b-m-k) online.<\/p>\n","protected":false},"excerpt":{"rendered":"<p>Benzylmetylket\u00f3n-b-m-k na predaj \u2013 K\u00fapte si benzylmetylket\u00f3n-b-m-k online Sme v\u00e1\u0161 najlep\u0161\u00ed zdroj a predajca na n\u00e1kup benzylmetylket\u00f3nu a tie\u017e m\u00e1me na predaj benzylmetylket\u00f3n. Benzyl Methyl Ketone si u n\u00e1s m\u00f4\u017eete k\u00fapi\u0165 online jednoducho a leg\u00e1lne. K\u00fapte si benzylmetylket\u00f3n (B-M-K) online \u2013 \u00fadaje KONTAKT BMK je prirodzene sa vyskytuj\u00faca chemik\u00e1lia so \u0161irok\u00fdm rozsahom pou\u017eitia. Ide o [&hellip;]<\/p>\n","protected":false},"featured_media":18657,"comment_status":"closed","ping_status":"closed","template":"","meta":{"om_disable_all_campaigns":false,"_sitemap_exclude":false,"_sitemap_priority":"","_sitemap_frequency":"","_monsterinsights_skip_tracking":false,"_monsterinsights_sitenote_active":false,"_monsterinsights_sitenote_note":"","_monsterinsights_sitenote_category":0},"product_cat":[26712],"product_tag":[27083,27074,27081,27080,27077,27079,27082,27085,27084,27072,27075,27067,27070,27064,27066,27071,27078,27073,27065,27069,27076,27068],"class_list":{"0":"post-31300","1":"product","2":"type-product","3":"status-publish","4":"has-post-thumbnail","6":"product_cat-vyskum-chemikalii-a-psychedelika","7":"product_tag-autenticky-benzylmetylketon-b-m-k-europa","8":"product_tag-benzyl-methyl-ketone-b-m-k-doprava-zadarmo-v-europe","9":"product_tag-benzyl-methyl-ketone-b-m-k-europa-zlava","10":"product_tag-benzyl-methyl-ketone-b-m-k-europe-shop-sk","11":"product_tag-benzyl-methyl-ketone-b-m-k-internetovy-obchod-europa","12":"product_tag-benzyl-metyl-keton-b-m-k-europa-ponuky","13":"product_tag-benzylmetylketon-b-m-k-europa-dodavka","14":"product_tag-benzylmetylketon-b-m-k-europe-review","15":"product_tag-benzylmetylketon-b-m-k-europski-dodavatelia","16":"product_tag-benzylmetylketon-b-m-k-najlepsia-cena-v-europe","17":"product_tag-kde-kupit-benzyl-methyl-ketone-b-m-k-europe","18":"product_tag-kde-kupit-benzylmetylketon-b-m-k-online","19":"product_tag-kolko-je-benzylmetylketon-b-m-k","20":"product_tag-kupit-benzyl-metyl-keton-b-m-k","21":"product_tag-kupit-benzyl-metyl-keton-b-m-k-online","22":"product_tag-kupte-si-benzylmetylketon-b-m-k-online-europa","23":"product_tag-lacny-benzylmetylketon-b-m-k-europa","24":"product_tag-objednajte-si-benzylmetylketon-b-m-k-eu","25":"product_tag-objednat-benzyl-methyl-ketone-b-m-k-online-sk","26":"product_tag-online-predaj-benzylmetylketonu-b-m-k","27":"product_tag-predaj-benzyl-methyl-ketone-b-m-k-v-europe","28":"product_tag-ucinky-benzylmetylketonu-b-m-k","30":"first","31":"instock","32":"shipping-taxable","33":"purchasable","34":"product-type-variable","35":"has-default-attributes","36":"farmacie-col"},"aioseo_notices":[],"_links":{"self":[{"href":"https:\/\/lacasadelamedicina.es\/sk\/wp-json\/wp\/v2\/product\/31300"}],"collection":[{"href":"https:\/\/lacasadelamedicina.es\/sk\/wp-json\/wp\/v2\/product"}],"about":[{"href":"https:\/\/lacasadelamedicina.es\/sk\/wp-json\/wp\/v2\/types\/product"}],"replies":[{"embeddable":true,"href":"https:\/\/lacasadelamedicina.es\/sk\/wp-json\/wp\/v2\/comments?post=31300"}],"wp:featuredmedia":[{"embeddable":true,"href":"https:\/\/lacasadelamedicina.es\/sk\/wp-json\/wp\/v2\/media\/18657"}],"wp:attachment":[{"href":"https:\/\/lacasadelamedicina.es\/sk\/wp-json\/wp\/v2\/media?parent=31300"}],"wp:term":[{"taxonomy":"product_cat","embeddable":true,"href":"https:\/\/lacasadelamedicina.es\/sk\/wp-json\/wp\/v2\/product_cat?post=31300"},{"taxonomy":"product_tag","embeddable":true,"href":"https:\/\/lacasadelamedicina.es\/sk\/wp-json\/wp\/v2\/product_tag?post=31300"}],"curies":[{"name":"wp","href":"https:\/\/api.w.org\/{rel}","templated":true}]}}