{"id":31296,"date":"2024-08-09T14:02:20","date_gmt":"2024-08-09T14:02:20","guid":{"rendered":"https:\/\/lacasadelamedicina.es\/product\/kupte-si-jwh-250-online\/"},"modified":"2024-08-09T14:02:20","modified_gmt":"2024-08-09T14:02:20","slug":"kupte-si-jwh-250-online","status":"publish","type":"product","link":"https:\/\/lacasadelamedicina.es\/sk\/produkt\/kupte-si-jwh-250-online\/","title":{"rendered":"K\u00fapte si JWH-250 online"},"content":{"rendered":"<h1>K\u00fapte si JWH-250 online<\/h1>\n<p> Online predaj produktov JWH-250. Od konca roku 2000 sa v produktoch nach\u00e1dza JWH-250, syntetick\u00fd agonista kanabinoidn\u00fdch receptorov. Bol vyvinut\u00fd Dr. Johnom W. Huffmanom a Huffmanom a kol. publikoval \u010dl\u00e1nok o tom v roku 2005. K\u00fapte si JWH-250 online. \u00fadaje <a href=\"https:\/\/drlawsonspharmacy\/contact-us\/\">KONTAKT<\/a> Lie\u010divo, fenylacetylindol, p\u00f4sob\u00ed ako agonista na receptoroch CB1 aj CB2. Jeho parciality na CB1 a CB2 s\u00fa 11 nM a 33 nM. JWH-250 sa dostal na <a href=\"https:\/\/dieapotheke247.com\/\">trh<\/a> nieko\u013eko rokov po jeho prvej zmienke v texte, pri\u010dom nemeck\u00e1 pol\u00edcia vykonala prv\u00fa identifik\u00e1ciu v m\u00e1ji 2009. Drogu na\u0161li v pr\u00edrodnej zmesi kadidla . K\u00fapi\u0165 JWH-250 online Bol tie\u017e n\u00e1jden\u00fd v pr\u00e1\u0161koch a zmesiach pred\u00e1van\u00fdch online japonsk\u00fdm analytikom. V\u0161etky tieto produkty obsahovali medzi 77 a 165 mg. Je ve\u013emi pravdepodobn\u00e9, \u017ee \u013eudia pri\u0161li do kontaktu s JWH-250 bez toho, aby si to uvedomovali vzh\u013eadom na sp\u00f4sob predaja. Prelo\u017een\u00e9 pomocou www.DeepL.com\/Translator (bezplatn\u00e1 verzia) Molov\u00e1 hmotnos\u0165: 335,439 g\/mol ChEMBL ID: 188031 ChemSpider ID: 23256117 PubChem CID: 44397540 Formul\u00e1cia: C22H25NO2 M\u00f4\u017eete mi poveda\u0165, kde k\u00fapi\u0165 JWH-250 JWH-250 na predaj, pouli\u010dn\u00e1 hodnota JWH-250, d\u00e1vkovanie JWH-250, ako vyrobi\u0165 JWH-250, kde k\u00fapi\u0165, kde k\u00fapi\u0165 JWH-250, \u010do je JWH-250 a kde z\u00edska\u0165 JWH-250 v obchode s\u00fa k dispoz\u00edcii v\u0161etky najvy\u0161\u0161ej kvality. Na v\u0161etky tieto nevyrie\u0161en\u00e9 ot\u00e1zky vieme poskytn\u00fa\u0165 rie\u0161enia. Ako a kde k\u00fapi\u0165 JWH-250 online, m\u00f4\u017eete zisti\u0165 jednoduch\u00fdm prehliadan\u00edm na\u0161ej webovej str\u00e1nky. A \u010do JWH-250? Tie\u017e viete, kde si m\u00f4\u017eem k\u00fapi\u0165 JWH-250 online? K\u00fapi\u0165 JWH-250 na predaj, ako vyrobi\u0165 JWH-250, ako vyzer\u00e1 JWH-250, ko\u013eko stoj\u00ed JWH-250 na ulici, ko\u013eko stoj\u00ed JWH-250 online, kde m\u00f4\u017eem z\u00edska\u0165 JWH-250 a kde k\u00fapi\u0165 \u010dist\u00fd JWH-250. Je \u00faplne jasn\u00e9, \u017ee \u013eudia okam\u017eite neveria kvalite JWH-250 pred\u00e1van\u00e9ho online, preto\u017ee si ho nem\u00f4\u017eu fyzicky prezrie\u0165. To v\u0161ak nie je pr\u00edpad online predajcov JWH-250. Tu pon\u00fakan\u00e9 produkty s\u00fa presn\u00fdm vyjadren\u00edm toho, \u010do s\u00fa, s prvotriednou \u00fadr\u017ebou vykon\u00e1vanou pod odborn\u00fdm doh\u013eadom. R\u00fdchly &amp; Diskr\u00e9tna doprava: JWH-250 bude doru\u010den\u00fd pod\u013ea pr\u00eds\u013eubu ihne\u010f po prijat\u00ed objedn\u00e1vky. Prepravn\u00fd t\u00edm sa sna\u017e\u00ed, aby bola preprava a doru\u010denie r\u00fdchle a jednoduch\u00e9. Ke\u010f si k\u00fapite JWH-250 od \u0161pecialistu na online platforme, m\u00f4\u017eete po\u010d\u00edta\u0165 aj s prvotriednou slu\u017ebou.                       &nbsp;<\/p>\n","protected":false},"excerpt":{"rendered":"<p>K\u00fapte si JWH-250 online. JWH-250, syntetick\u00fd agonista kanabinoidn\u00e9ho receptora, sa nach\u00e1dza v produktoch od konca 21. storo\u010dia. Bol vyvinut\u00fd Dr. Johnom W. Huffmanom a Huffmanom a kol. publikoval \u010dl\u00e1nok o tom v roku 2005. K\u00fapte si JWH-250 online.    &nbsp;<\/p>\n","protected":false},"featured_media":18627,"comment_status":"closed","ping_status":"closed","template":"","meta":{"om_disable_all_campaigns":false,"_sitemap_exclude":false,"_sitemap_priority":"","_sitemap_frequency":"","_monsterinsights_skip_tracking":false,"_monsterinsights_sitenote_active":false,"_monsterinsights_sitenote_note":"","_monsterinsights_sitenote_category":0},"product_cat":[26712],"product_tag":[27061,27060,27055,27052,27062,27050,27053,27045,27048,27042,27044,27049,27056,27058,27051,27043,27057,27047,27054,27063,27046,27059],"class_list":{"0":"post-31296","1":"product","2":"type-product","3":"status-publish","4":"has-post-thumbnail","6":"product_cat-vyskum-chemikalii-a-psychedelika","7":"product_tag-autenticky-jwh-250-europa","8":"product_tag-dorucenie-jwh-250-po-europe","9":"product_tag-internetovy-obchod-jwh-250-europa","10":"product_tag-jwh-250-doprava-zadarmo-v-europe","11":"product_tag-jwh-250-europski-dodavatelia","12":"product_tag-jwh-250-najlepsia-cena-v-europe","13":"product_tag-kde-kupit-jwh-250-europe","14":"product_tag-kde-kupit-jwh-250-online","15":"product_tag-kolko-je-jwh-250","16":"product_tag-kupit-jwh-250","17":"product_tag-kupit-jwh-250-online","18":"product_tag-kupte-si-jwh-250-online-europa","19":"product_tag-lacny-jwh-250-europe","20":"product_tag-obchod-jwh-250-europe-sk","21":"product_tag-objednajte-si-jwh-250-eu","22":"product_tag-objednat-jwh-250-online","23":"product_tag-ponuka-jwh-250-europe","24":"product_tag-predaj-jwh-250-online","25":"product_tag-predaj-jwh-250-v-europe","26":"product_tag-recenzia-jwh-250-europe","27":"product_tag-ucinky-jwh-250-sk","28":"product_tag-zlava-jwh-250-europe","30":"first","31":"instock","32":"shipping-taxable","33":"purchasable","34":"product-type-variable","35":"farmacie-col"},"aioseo_notices":[],"_links":{"self":[{"href":"https:\/\/lacasadelamedicina.es\/sk\/wp-json\/wp\/v2\/product\/31296"}],"collection":[{"href":"https:\/\/lacasadelamedicina.es\/sk\/wp-json\/wp\/v2\/product"}],"about":[{"href":"https:\/\/lacasadelamedicina.es\/sk\/wp-json\/wp\/v2\/types\/product"}],"replies":[{"embeddable":true,"href":"https:\/\/lacasadelamedicina.es\/sk\/wp-json\/wp\/v2\/comments?post=31296"}],"wp:featuredmedia":[{"embeddable":true,"href":"https:\/\/lacasadelamedicina.es\/sk\/wp-json\/wp\/v2\/media\/18627"}],"wp:attachment":[{"href":"https:\/\/lacasadelamedicina.es\/sk\/wp-json\/wp\/v2\/media?parent=31296"}],"wp:term":[{"taxonomy":"product_cat","embeddable":true,"href":"https:\/\/lacasadelamedicina.es\/sk\/wp-json\/wp\/v2\/product_cat?post=31296"},{"taxonomy":"product_tag","embeddable":true,"href":"https:\/\/lacasadelamedicina.es\/sk\/wp-json\/wp\/v2\/product_tag?post=31296"}],"curies":[{"name":"wp","href":"https:\/\/api.w.org\/{rel}","templated":true}]}}