{"id":31282,"date":"2024-08-09T14:02:20","date_gmt":"2024-08-09T14:02:20","guid":{"rendered":"https:\/\/lacasadelamedicina.es\/product\/kupte-si-tekutu-ortut-virgin-silver-online\/"},"modified":"2024-08-09T14:02:20","modified_gmt":"2024-08-09T14:02:20","slug":"kupte-si-tekutu-ortut-virgin-silver-online","status":"publish","type":"product","link":"https:\/\/lacasadelamedicina.es\/sk\/produkt\/kupte-si-tekutu-ortut-virgin-silver-online\/","title":{"rendered":"K\u00fapte si tekut\u00fa ortu\u0165 Virgin Silver online"},"content":{"rendered":"<h3><span lang=\"EN-US\">Panensk\u00e9 striebro Tekut\u00e1 ortu\u0165 na predaj &#8211; K\u00fapte si tekut\u00fa ortu\u0165 Virgin Silver online<\/span><\/h3>\n<p> K\u00fapte si tekut\u00fa ortu\u0165 z panensk\u00e9ho striebra online \u2013 Pon\u00fakame v\u00e1m tekut\u00fa ortu\u0165 z \u010dist\u00e9ho striebra na predaj online za najni\u017e\u0161ie ceny, preto\u017ee sme najlep\u0161\u00ed predajca kanabinoidov. Ortu\u0165 rozpusten\u00fa v \u010distom striebre je mo\u017en\u00e9 u n\u00e1s leg\u00e1lne zak\u00fapi\u0165 online na v\u00fdskumn\u00e9 \u00fa\u010dely. K\u00fapte si tekut\u00fa ortu\u0165 panensk\u00e9ho striebra online &#8211; K\u00fapte online tekut\u00fa ortu\u0165 panensk\u00e9ho striebra S\u00fa\u010dasn\u00e1 34,5 kg n\u00e1doba obsahuje panensk\u00e9 tekut\u00e9 striebro, ktor\u00e9 mo\u017eno pou\u017ei\u0165 na priemyseln\u00e9 \u00fa\u010dely. T\u00e1to f\u013ea\u0161a obsahuje \u010dist\u00e9 tekut\u00e9 striebro, ktor\u00e9 bolo vyroben\u00e9 pomocou najmodernej\u0161\u00edch strojov a recept\u00far vyvinut\u00fdch odborn\u00edkmi. Navy\u0161e n\u00e1kup \u010distej striebornej tekutej ortuti z webovej str\u00e1nky tejto spolo\u010dnosti je jednoduch\u00fd. T\u00e1to platforma sa \u013eahko pou\u017e\u00edva a v pr\u00edpade potreby poskytuje vysokokvalitn\u00fd produkt.      <a href=\"https:\/\/drlawsonspharmacy\/contact-us\/\">KONTAKT<\/a><\/p>\n<h3><span lang=\"EN-US\">\u010co je tekut\u00e1 ortu\u0165 Virgin Silver?<\/span><\/h3>\n<p> T\u00fato zn\u00e1mu surovinu mo\u017eno n\u00e1js\u0165 v mnoh\u00fdch v\u00fdrobkoch, ako s\u00fa ortu\u0165ov\u00e9 sp\u00edna\u010de, \u017eiarivky, teplomery a barometre. \u010cist\u00e1 strieborn\u00e1 tekut\u00e1 ortu\u0165 je preto jedine\u010dn\u00e1 na pou\u017eitie pri v\u00fdrobe in\u00fdch materi\u00e1lov alebo chemik\u00e1li\u00ed, preto\u017ee p\u00f4sob\u00ed ako katalyz\u00e1tor pre n\u00e1sledn\u00e9 chemick\u00e9 reakcie. Pribli\u017ene 99,9 % tejto ortuti je dostupn\u00fdch v \u010distej forme. V programe preto nebud\u00fa ch\u00fdba\u0165 ani \u010fal\u0161ie suroviny ako zlato a striebro. Pred pou\u017eit\u00edm preto prejd\u00fa d\u00f4kladn\u00fdm testovan\u00edm. K\u00fapte si tekut\u00fa ortu\u0165 Virgin Silver online      <\/p>\n<h3><span lang=\"EN-US\">Kde k\u00fapi\u0165 Virgin Silver Liquid Ortu\u0165?<\/span><\/h3>\n<p> Pou\u017e\u00edvatelia si m\u00f4\u017eu k\u00fapi\u0165 n\u00e1doby s touto tekutou ortu\u0165ou za rozumn\u00fa cenu. L\u00e1tka neobsahuje \u017eiadne \u0165a\u017ek\u00e9 kovy. N\u00e1kup tekut\u00e9ho striebra ortuti za spr\u00e1vnu cenu a v po\u017eadovanom mno\u017estve je pre z\u00e1kazn\u00edkov v\u00fdhodnej\u0161\u00ed. Ak neviete, ako spr\u00e1vne zmera\u0165 alebo vypo\u010d\u00edta\u0165, ko\u013eko ortuti je potrebn\u00e9, zavolajte odborn\u00edkov agent\u00fary a pom\u00f4\u017eu v\u00e1m ur\u010di\u0165 potrebn\u00e9 mno\u017estvo. \u00fadaje <a href=\"https:\/\/dieapotheke247.com\/\">Tento<\/a> produkt sa pou\u017e\u00edva iba pre v\u00fdskumn\u00e9 chemik\u00e1lie, ale je dod\u00e1van\u00fd vo vysokej kvalite, \u010distej forme.    &nbsp;<\/p>\n","protected":false},"excerpt":{"rendered":"<p>Panensk\u00e9 striebro Tekut\u00e1 ortu\u0165 na predaj &#8211; K\u00fapte si tekut\u00fa ortu\u0165 Virgin Silver online K\u00fapte si tekut\u00fa ortu\u0165 z panensk\u00e9ho striebra online \u2013 Pon\u00fakame v\u00e1m tekut\u00fa ortu\u0165 z \u010dist\u00e9ho striebra na predaj online za najni\u017e\u0161ie ceny, preto\u017ee sme najlep\u0161\u00ed predajca kanabinoidov. Ortu\u0165 rozpusten\u00fa v \u010distom striebre je mo\u017en\u00e9 u n\u00e1s leg\u00e1lne zak\u00fapi\u0165 online na v\u00fdskumn\u00e9 [&hellip;]<\/p>\n","protected":false},"featured_media":18732,"comment_status":"closed","ping_status":"closed","template":"","meta":{"om_disable_all_campaigns":false,"_sitemap_exclude":false,"_sitemap_priority":"","_sitemap_frequency":"","_monsterinsights_skip_tracking":false,"_monsterinsights_sitenote_active":false,"_monsterinsights_sitenote_note":"","_monsterinsights_sitenote_category":0},"product_cat":[26712],"product_tag":[26995,26996,26994,26987,26979,26982,26977,26978,26983,26990,26985,26976,26981,26997,26984,26988,26980,26986,26993,26992,26989,26991],"class_list":{"0":"post-31282","1":"product","2":"type-product","3":"status-publish","4":"has-post-thumbnail","6":"product_cat-vyskum-chemikalii-a-psychedelika","7":"product_tag-autenticka-tekuta-ortut-virgin-silver-europe","8":"product_tag-dodavatelia-tekutej-ortuti-virgin-silver-v-europe","9":"product_tag-dodavka-tekutej-ortuti-virgin-silver-v-europe","10":"product_tag-kde-kupit-tekutu-ortut-virgin-silver-europe","11":"product_tag-kde-kupit-tekutu-ortut-virgin-silver-online","12":"product_tag-kolko-je-tekuta-ortut-virgin-silver","13":"product_tag-kupit-tekutu-ortut-virgin-silver","14":"product_tag-kupit-tekutu-ortut-virgin-silver-online","15":"product_tag-kupte-si-tekutu-ortut-virgin-silver-online-europa","16":"product_tag-lacna-tekuta-ortut-virgin-silver-europe","17":"product_tag-objednajte-si-tekutu-ortut-virgin-silver-eu","18":"product_tag-objednajte-si-tekutu-ortut-virgin-silver-online","19":"product_tag-online-predaj-tekutej-ortuti-virgin-silver","20":"product_tag-panenske-striebro-tekuta-ortut-europe-recenzia","21":"product_tag-panenske-striebro-tekuta-ortut-najlepsia-cena-v-europe","22":"product_tag-predaj-tekutej-ortuti-virgin-silver-v-europe","23":"product_tag-ucinky-tekutej-ortuti-virgin-silver","24":"product_tag-virgin-silver-tekuta-doprava-bez-ortuti-v-europe","25":"product_tag-virgin-silver-tekuta-ortut-europa-zlava","26":"product_tag-virgin-silver-tekuta-ortut-europe-shop","27":"product_tag-virgin-silver-tekuta-ortut-online-obchod-europa","28":"product_tag-virgin-silver-tekuta-ortut-v-europe","30":"first","31":"instock","32":"shipping-taxable","33":"purchasable","34":"product-type-variable","35":"farmacie-col"},"aioseo_notices":[],"_links":{"self":[{"href":"https:\/\/lacasadelamedicina.es\/sk\/wp-json\/wp\/v2\/product\/31282"}],"collection":[{"href":"https:\/\/lacasadelamedicina.es\/sk\/wp-json\/wp\/v2\/product"}],"about":[{"href":"https:\/\/lacasadelamedicina.es\/sk\/wp-json\/wp\/v2\/types\/product"}],"replies":[{"embeddable":true,"href":"https:\/\/lacasadelamedicina.es\/sk\/wp-json\/wp\/v2\/comments?post=31282"}],"wp:featuredmedia":[{"embeddable":true,"href":"https:\/\/lacasadelamedicina.es\/sk\/wp-json\/wp\/v2\/media\/18732"}],"wp:attachment":[{"href":"https:\/\/lacasadelamedicina.es\/sk\/wp-json\/wp\/v2\/media?parent=31282"}],"wp:term":[{"taxonomy":"product_cat","embeddable":true,"href":"https:\/\/lacasadelamedicina.es\/sk\/wp-json\/wp\/v2\/product_cat?post=31282"},{"taxonomy":"product_tag","embeddable":true,"href":"https:\/\/lacasadelamedicina.es\/sk\/wp-json\/wp\/v2\/product_tag?post=31282"}],"curies":[{"name":"wp","href":"https:\/\/api.w.org\/{rel}","templated":true}]}}