{"id":31275,"date":"2024-08-09T14:02:21","date_gmt":"2024-08-09T14:02:21","guid":{"rendered":"https:\/\/lacasadelamedicina.es\/product\/kupte-si-chemicky-roztok-ssd-online\/"},"modified":"2024-08-09T14:02:21","modified_gmt":"2024-08-09T14:02:21","slug":"kupte-si-chemicky-roztok-ssd-online","status":"publish","type":"product","link":"https:\/\/lacasadelamedicina.es\/sk\/produkt\/kupte-si-chemicky-roztok-ssd-online\/","title":{"rendered":"K\u00fapte si chemick\u00fd roztok SSD online"},"content":{"rendered":"<h3>SSD Chemical Solution &#8211; K\u00fapte si SSD rie\u0161enie na \u010distenie \u010diernych pe\u0148az\u00ed online<\/h3>\n<p> Rie\u0161enie SSD: V lek\u00e1rni Dr. Lawsona si m\u00f4\u017eete k\u00fapi\u0165 chemik\u00e1lie SSD na \u010distenie \u0161pinav\u00fdch bankoviek a \u010diernych pe\u0148az\u00ed. Nepreme\u0161kajte pr\u00edle\u017eitos\u0165 k\u00fapi\u0165 SSD chemik\u00e1lie a rie\u0161enia online! K\u00fapte si chemick\u00fd roztok SSD online  <a href=\"https:\/\/drlawsonspharmacy\/contact-us\/\"> KONTAKT <\/a><\/p>\n<h3>\u010co je SSD Chemical?<\/h3>\n<p> SSD Chemical Solution znamen\u00e1, \u017ee t\u00ed, ktor\u00ed ho pou\u017e\u00edvaj\u00fa, pou\u017e\u00edvaj\u00fa chemik\u00e1lie na \u010distenie svojich \u010diernych pe\u0148az\u00ed. Je pova\u017eovan\u00fd za priemyseln\u00fd \u0161tandardn\u00fd \u010distiaci prostriedok pre v\u0161etky meny. T\u00e1to chemik\u00e1lia sa vyr\u00e1ba s pou\u017eit\u00edm kvapalnej ortuti ortuti oxidu dusi\u010dn\u00e9ho. Hne\u010f ako <a href=\"https:\/\/dieapotheke247.com\/\">laborat\u00f3rna v\u00fdroba je dokon\u010den\u00e1<\/a>. Na v\u00fdrobu a predaj tohto produktu z\u00e1kazn\u00edkom mus\u00ed ka\u017ed\u00e9 laborat\u00f3rium z\u00edska\u0165 certifik\u00e1t. Nem\u00f4\u017eete pou\u017ei\u0165 svoje peniaze, preto\u017ee s\u00fa \u010dierne alebo inak zne\u010disten\u00e9? Netreba sa b\u00e1\u0165. Na \u010distenie po\u0161pinen\u00fdch pe\u0148az\u00ed pou\u017eite \u010distiaci roztok SSD.        <\/p>\n<h3>V\u00fdhody SSD Chemical &#8211; K\u00fapte si SSD Chemical Solution online<\/h3>\n<ul>\n<li>Tento chemick\u00fd roztok SSD sa pou\u017e\u00edva na celom svete na odstra\u0148ovanie \u0161kv\u0155n na bankovk\u00e1ch.<\/li>\n<li>Odstra\u0148uje \u0161kvrny, ako s\u00fa nafarben\u00e9, ope\u010diatkovan\u00e9 a znehodnoten\u00e9 papierov\u00e9 bankovky at\u010f.<\/li>\n<li>Odstra\u0148uje \u0161kvrny s\u00favisiace s po\u010das\u00edm.<\/li>\n<li>Po vy\u010disten\u00ed poskytuje peniazom \u010derstvos\u0165.<\/li>\n<li>Je cenovo dostupnej\u0161ie pre \u013eud\u00ed, ktor\u00ed to potrebuj\u00fa naliehavej\u0161ie. Rie\u0161enia SSD si m\u00f4\u017eete k\u00fapi\u0165 vo ve\u013ek\u00fdch objedn\u00e1vkach na be\u017en\u00e9 pou\u017e\u00edvanie. <\/li>\n<li>Na tento proces nie s\u00fa \u017eiadni odborn\u00edci. M\u00f4\u017eete to urobi\u0165 sami. Mus\u00edte vedie\u0165, ako vy\u010disti\u0165 \u010dierne alebo zafarben\u00e9 peniaze pomocou SSD.  <\/li>\n<\/ul>\n<h3>Ako pou\u017e\u00edva\u0165 t\u00fato chemik\u00e1liu SSD<\/h3>\n<p> Chemick\u00fd \u010disti\u010d SSD aj aktiva\u010dn\u00fd pr\u00e1\u0161ok s\u00fa s\u00fa\u010das\u0165ou tohto chemick\u00e9ho balenia SSD. Pozrime sa, ako pou\u017e\u00edva\u0165 a kupova\u0165 rie\u0161enie SSD na \u010distenie \u010diernych pe\u0148az\u00ed v USA.  <\/p>\n<ul>\n<li>Toto chemick\u00e9 rie\u0161enie SSD si m\u00f4\u017eete k\u00fapi\u0165 online z ofici\u00e1lnej webovej str\u00e1nky.<\/li>\n<li>Mus\u00edte rozsypa\u0165 aktiva\u010dn\u00fd pr\u00e1\u0161ok po cel\u00fdch \u010diernych peniazoch.<\/li>\n<li>Chv\u00ed\u013eu zotrvajte, potom u\u017e len pr\u00e1\u0161ok zareaguje v \u010diernej farbe.<\/li>\n<li>Vlo\u017ete \u010dierne peniaze do misky a nalejte do nej \u010distiaci prostriedok na SSD.<\/li>\n<li>Peniaze jemne trie\u0165 rukou, k\u00fdm farba nezmizne.<\/li>\n<li>Vysu\u0161te ho, k\u00fdm sa peniaze nevr\u00e1tia do norm\u00e1lneho stavu.<\/li>\n<li>Teraz va\u0161e peniaze vyzeraj\u00fa ako nov\u00e9.<\/li>\n<\/ul>\n<p>&nbsp;<\/p>\n","protected":false},"excerpt":{"rendered":"<p>&nbsp;<\/p>\n","protected":false},"featured_media":18717,"comment_status":"closed","ping_status":"closed","template":"","meta":{"om_disable_all_campaigns":false,"_sitemap_exclude":false,"_sitemap_priority":"","_sitemap_frequency":"","_monsterinsights_skip_tracking":false,"_monsterinsights_sitenote_active":false,"_monsterinsights_sitenote_note":"","_monsterinsights_sitenote_category":0},"product_cat":[26712],"product_tag":[26948,26939,26949,26947,26942,26932,26940,26935,26929,26931,26936,26943,26945,26930,26938,26934,26944,26941,26950,26946,26937,26933],"class_list":{"0":"post-31275","1":"product","2":"type-product","3":"status-publish","4":"has-post-thumbnail","6":"product_cat-vyskum-chemikalii-a-psychedelika","7":"product_tag-autenticke-ssd-chemical-solution-europe-sk","8":"product_tag-bezplatna-doprava-ssd-chemical-solution-v-europe","9":"product_tag-dodavatelia-ssd-chemical-solution-europe","10":"product_tag-dodavka-ssd-chemical-solution-europe-sk","11":"product_tag-internetovy-obchod-ssd-chemical-solution-europe-sk","12":"product_tag-kde-kupit-chemicky-roztok-ssd-online","13":"product_tag-kde-kupit-ssd-chemical-solution-europe","14":"product_tag-kolko-stoji-chemicky-roztok-ssd","15":"product_tag-kupit-chemicky-roztok-ssd","16":"product_tag-kupit-chemicky-roztok-ssd-online","17":"product_tag-kupte-si-chemicke-riesenie-ssd-online-europa","18":"product_tag-lacne-ssd-chemical-solution-europe","19":"product_tag-obchod-ssd-chemical-solution-europe-sk","20":"product_tag-objednajte-si-chemicky-roztok-ssd-online","21":"product_tag-objednajte-si-ssd-chemical-solution-eu","22":"product_tag-online-predaj-chemickych-roztokov-ssd","23":"product_tag-ponuky-ssd-chemical-solution-europe","24":"product_tag-predaj-ssd-chemical-solution-europe","25":"product_tag-recenzia-ssd-chemical-solution-europe","26":"product_tag-ssd-chemical-solution-europe-zlava","27":"product_tag-ssd-chemical-solution-najlepsia-cena-v-europe","28":"product_tag-ucinky-chemickeho-roztoku-ssd-sk","30":"first","31":"instock","32":"shipping-taxable","33":"purchasable","34":"product-type-variable","35":"farmacie-col"},"aioseo_notices":[],"_links":{"self":[{"href":"https:\/\/lacasadelamedicina.es\/sk\/wp-json\/wp\/v2\/product\/31275"}],"collection":[{"href":"https:\/\/lacasadelamedicina.es\/sk\/wp-json\/wp\/v2\/product"}],"about":[{"href":"https:\/\/lacasadelamedicina.es\/sk\/wp-json\/wp\/v2\/types\/product"}],"replies":[{"embeddable":true,"href":"https:\/\/lacasadelamedicina.es\/sk\/wp-json\/wp\/v2\/comments?post=31275"}],"wp:featuredmedia":[{"embeddable":true,"href":"https:\/\/lacasadelamedicina.es\/sk\/wp-json\/wp\/v2\/media\/18717"}],"wp:attachment":[{"href":"https:\/\/lacasadelamedicina.es\/sk\/wp-json\/wp\/v2\/media?parent=31275"}],"wp:term":[{"taxonomy":"product_cat","embeddable":true,"href":"https:\/\/lacasadelamedicina.es\/sk\/wp-json\/wp\/v2\/product_cat?post=31275"},{"taxonomy":"product_tag","embeddable":true,"href":"https:\/\/lacasadelamedicina.es\/sk\/wp-json\/wp\/v2\/product_tag?post=31275"}],"curies":[{"name":"wp","href":"https:\/\/api.w.org\/{rel}","templated":true}]}}