{"id":31261,"date":"2024-08-09T14:02:21","date_gmt":"2024-08-09T14:02:21","guid":{"rendered":"https:\/\/lacasadelamedicina.es\/product\/kupte-si-4f-bca-online\/"},"modified":"2024-08-09T14:02:21","modified_gmt":"2024-08-09T14:02:21","slug":"kupte-si-4f-bca-online","status":"publish","type":"product","link":"https:\/\/lacasadelamedicina.es\/sk\/produkt\/kupte-si-4f-bca-online\/","title":{"rendered":"K\u00fapte si 4F BCA online"},"content":{"rendered":"<h3>4F BCA &#8211; 4f-bca na predaj &#8211; k\u00fapi\u0165 4f bca online GERMANY Research Chemical<\/h3>\n<p> K\u00fapte si 4F BCA online &#8211; Preto\u017ee ide o rozhoduj\u00faci typ l\u00e1tky s rast\u00facim dopytom na trhu, na\u0161a spolo\u010dnos\u0165 Ultimate Online Pharmacy je tu, aby splnila tieto o\u010dak\u00e1vania pomocou vysoko \u00fa\u010dinn\u00e9ho produktov\u00e9ho radu. Ak si chcete k\u00fapi\u0165 4F <a href=\"https:\/\/dieapotheke247.com\/\">B<\/a>CA online, okam\u017eite n\u00e1s kontaktujte. Lek\u00e1re\u0148 Dr. Lawsons je zn\u00e1ma svojim \u0161pi\u010dkov\u00fdm tovarom a odbornou podporou. Sme renomovan\u00fd predajca a dod\u00e1vate\u013e 4F-BCA v online priemysle. Je zn\u00e1my ako 4-flu\u00f3r-BCA a prich\u00e1dza v tekutej a pevnej forme. raz pred\u00e1van\u00e9 ako stimulant; patr\u00ed do indazolovej triedy kanabinoidov. K\u00fapi\u0165 4F BCA online-       <a href=\"https:\/\/drlawsonspharmacy\/contact-us\/\">KONTAKT<\/a><\/p>\n<p>&nbsp;<\/p>\n<h3>\u010co je 4F BCA?<\/h3>\n<p> Novinkou v rodine kanabisov\u00fdch v\u00fdskumn\u00fdch chemik\u00e1li\u00ed je 4F-BCA. Droga je \u017elt\u00e1 a m\u00e1 \u010distotu 99,6 %. Osoba mus\u00ed uchov\u00e1va\u0165 chemik\u00e1liu na chladnom a suchom mieste. Liek funguje podobne ako 4ADB a 5ADB. Je to siln\u00e1 v\u00fdskumn\u00e1 chemik\u00e1lia, ale nie je vhodn\u00e1 na po\u017eitie \u013eu\u010fmi. Zd\u00e1 sa, \u017ee 4F-BCA je svojimi \u00fa\u010dinkami porovnate\u013en\u00fd s in\u00fdmi kanabinoidmi. Chemici a v\u00fdskumn\u00edci si m\u00f4\u017eu k\u00fapi\u0165 4F-BCA USA na pou\u017eitie vo forenzn\u00fdch, v\u00fdskumn\u00fdch a testovac\u00edch \u00fa\u010deloch. Tieto lieky kupuj\u00fa chemici, vedci a v\u00fdskumn\u00edci ako be\u017en\u00e9 referen\u010dn\u00e9 materi\u00e1ly pre v\u00fdskum. In\u00e9 pou\u017eitia nie s\u00fa schv\u00e1len\u00e9. M\u00f4\u017eete z\u00edska\u0165 4F-BCA na v\u00fdskumn\u00e9 pou\u017eitie a na predaj. V mnoh\u00fdch krajin\u00e1ch s\u00fa tieto omamn\u00e9 l\u00e1tky obmedzen\u00e9 alebo kontrolovan\u00e9 a viacer\u00e9 \u0161t\u00e1ty USA ich zak\u00e1zali.           &nbsp;<\/p>\n<h3>K\u00fapte si 4F BCA online<\/h3>\n<p> Neexistuj\u00fa \u017eiadne d\u00f4kazy na podporu pou\u017eitia konkr\u00e9tne 4F-BCA. Tieto lieky pom\u00e1haj\u00fa \u00fazkostn\u00fdm a chudobn\u00fdm \u013eu\u010fom, ktor\u00ed ich u\u017e\u00edvaj\u00fa, aby sa uvo\u013enili. Je k dispoz\u00edcii online. K\u00fapte si 4F-BCA so z\u013eavou. M\u00e1me bohat\u00e9 znalosti z odvetvia a rozumieme psychol\u00f3gii spotrebite\u013eov.     <strong>M\u00f4\u017ee sa prim\u00e1rne inhalova\u0165 alebo u\u017e\u00edva\u0165 peror\u00e1lne.<\/strong><\/p>\n<p><strong>Na druhej strane, presn\u00e9 mno\u017estvo a mno\u017estvo drogy je predmetom diskusie.<\/strong><\/p>\n<p><strong>V\u00e4\u010d\u0161ina \u013eud\u00ed nevie o presnej d\u00e1vke alebo zlo\u017een\u00ed, ktor\u00e9 u\u017e\u00edva.<\/strong> Lek\u00e1rske prieskumy ukazuj\u00fa, \u017ee tieto lieky, ako napr\u00edklad 4F-BCA od Chemical Frog s 99,9% \u010distotou, nemaj\u00fa \u017eiadne priemyseln\u00e9, komer\u010dn\u00e9 ani lek\u00e1rske vyu\u017eitie. Prelo\u017een\u00e9 s www.DeepL.com\/Translator (bezplatn\u00e1 verzia)  &nbsp;<\/p>\n<h3><strong>Objedna\u0165 4F BCA<\/strong> \u2013 Ako si vybra\u0165 spr\u00e1vnu platformu?<\/h3>\n<p> Vysok\u00e1 kvalita 4F-BCA na predaj, dokonal\u00e9 chemick\u00e9 ozna\u010dovanie, diskr\u00e9tne balenie, v\u010dasn\u00e9 doru\u010denie, bezpe\u010dn\u00e1 preprava a \u010fal\u0161ie slu\u017eby, ktor\u00e9 na\u0161a spolo\u010dnos\u0165 pon\u00faka, n\u00e1s odli\u0161uj\u00fa od konkurencie. Je \u013eahk\u00e9 a bezpe\u010dn\u00e9 z\u00edska\u0165 4F-BCA online v\u00fdskumn\u00e9 chemik\u00e1lie z na\u0161ej webovej str\u00e1nky. V\u0161etky \u00fadaje o z\u00e1kazn\u00edkoch s\u00fa be\u017ene chr\u00e1nen\u00e9 v na\u0161om syst\u00e9me. Na\u0161e platobn\u00e9 procesy s\u00fa tie\u017e bezpe\u010dn\u00e9. Je to ve\u013emi siln\u00e1 a \u00fa\u010dinn\u00e1 l\u00e1tka. V\u00e4zbou na receptory CB1 v mozgu ich spoma\u013euje. Pri dlhodobom u\u017e\u00edvan\u00ed je centr\u00e1lny nervov\u00fd syst\u00e9m \u010dloveka ve\u013emi zranite\u013en\u00fd. Niektor\u00ed v\u00fdrobcovia chemik\u00e1li\u00ed vyr\u00e1baj\u00fa drogy v rastlinnej forme a pred\u00e1vaj\u00fa ich lok\u00e1lne ako bezpe\u010dn\u00e9 a leg\u00e1lne l\u00e1tky.        &nbsp;<\/p>\n","protected":false},"excerpt":{"rendered":"<p>&nbsp;<\/p>\n","protected":false},"featured_media":18672,"comment_status":"closed","ping_status":"closed","template":"","meta":{"om_disable_all_campaigns":false,"_sitemap_exclude":false,"_sitemap_priority":"","_sitemap_frequency":"","_monsterinsights_skip_tracking":false,"_monsterinsights_sitenote_active":false,"_monsterinsights_sitenote_note":"","_monsterinsights_sitenote_category":0},"product_cat":[26712],"product_tag":[26895,26906,26893,26904,26905,26903,26898,26896,26887,26891,26881,26885,26892,26899,26901,26894,26883,26890,26900,26897,26889,26902],"class_list":{"0":"post-31261","1":"product","2":"type-product","3":"status-publish","4":"has-post-thumbnail","6":"product_cat-vyskum-chemikalii-a-psychedelika","7":"product_tag-4f-bca-doprava-zadarmo-v-europe","8":"product_tag-4f-bca-europe-recenzia","9":"product_tag-4f-bca-najlepsia-cena-v-europe","10":"product_tag-autenticky-4f-bca-europe-sk","11":"product_tag-dodavatelia-4f-bca-europe","12":"product_tag-dodavka-4f-bca-v-europe","13":"product_tag-internetovy-obchod-4f-bca-europe","14":"product_tag-kde-kupit-4f-bca-europe","15":"product_tag-kde-kupit-4f-bca-online","16":"product_tag-kolko-je-4f-bca","17":"product_tag-kupit-4f-bca","18":"product_tag-kupit-4f-bca-online","19":"product_tag-kupte-si-4f-bca-online-europa","20":"product_tag-lacny-4f-bca-europe","21":"product_tag-obchod-4f-bca-europe-sk","22":"product_tag-objednajte-si-4f-bca-eu","23":"product_tag-objednat-4f-bca-online-sk","24":"product_tag-online-predaj-4f-bca","25":"product_tag-ponuky-4f-bca-europe","26":"product_tag-predaj-4f-bca-v-europe","27":"product_tag-ucinky-4f-bca-sk","28":"product_tag-zlava-4f-bca-europe","30":"first","31":"instock","32":"shipping-taxable","33":"purchasable","34":"product-type-variable","35":"farmacie-col"},"aioseo_notices":[],"_links":{"self":[{"href":"https:\/\/lacasadelamedicina.es\/sk\/wp-json\/wp\/v2\/product\/31261"}],"collection":[{"href":"https:\/\/lacasadelamedicina.es\/sk\/wp-json\/wp\/v2\/product"}],"about":[{"href":"https:\/\/lacasadelamedicina.es\/sk\/wp-json\/wp\/v2\/types\/product"}],"replies":[{"embeddable":true,"href":"https:\/\/lacasadelamedicina.es\/sk\/wp-json\/wp\/v2\/comments?post=31261"}],"wp:featuredmedia":[{"embeddable":true,"href":"https:\/\/lacasadelamedicina.es\/sk\/wp-json\/wp\/v2\/media\/18672"}],"wp:attachment":[{"href":"https:\/\/lacasadelamedicina.es\/sk\/wp-json\/wp\/v2\/media?parent=31261"}],"wp:term":[{"taxonomy":"product_cat","embeddable":true,"href":"https:\/\/lacasadelamedicina.es\/sk\/wp-json\/wp\/v2\/product_cat?post=31261"},{"taxonomy":"product_tag","embeddable":true,"href":"https:\/\/lacasadelamedicina.es\/sk\/wp-json\/wp\/v2\/product_tag?post=31261"}],"curies":[{"name":"wp","href":"https:\/\/api.w.org\/{rel}","templated":true}]}}