{"id":31255,"date":"2024-08-09T14:02:30","date_gmt":"2024-08-09T14:02:30","guid":{"rendered":"https:\/\/lacasadelamedicina.es\/product\/kupte-si-ibogainovy-prasok-online\/"},"modified":"2024-08-09T14:02:30","modified_gmt":"2024-08-09T14:02:30","slug":"kupte-si-ibogainovy-prasok-online","status":"publish","type":"product","link":"https:\/\/lacasadelamedicina.es\/sk\/produkt\/kupte-si-ibogainovy-prasok-online\/","title":{"rendered":"K\u00fapte si iboga\u00ednov\u00fd pr\u00e1\u0161ok online"},"content":{"rendered":"<h3 class=\"product_title entry-title\">K\u00fapte si iboga\u00ednov\u00fd pr\u00e1\u0161ok online.<\/h3>\n<p> K\u00fapte si iboga\u00ednov\u00fd pr\u00e1\u0161ok online. Na internete je dostupn\u00fd aj koka\u00edn. Kr\u00edk je Iboga. Vo viacer\u00fdch africk\u00fdch komunit\u00e1ch sa \u0161tylizuje a pou\u017e\u00edva na v\u0161eobecn\u00e9 \u00fa\u010dely. Kore\u0148ov\u00e1 k\u00f4ra tejto rastliny sa vyu\u017e\u00edva aj v medic\u00edne. Komponent Ibogai, ktor\u00fd je zak\u00e1zan\u00fd v <a href=\"https:\/\/dieapotheke247.com\/\">Nemecko<\/a> je Ibogaine. Iboga \u013eudia pou\u017e\u00edvaj\u00fa na lie\u010dbu sennej n\u00e1dchy, sez\u00f3nnej chr\u00edpky, prasacej chr\u00edpky, vysok\u00e9ho krvn\u00e9ho tlaku, drogovej z\u00e1vislosti, HIV\/AIDS a nervov\u00fdch probl\u00e9mov. Pou\u017e\u00edva sa tie\u017e ako v\u0161eobecn\u00e9 tonikum, na zv\u00fd\u0161enie sexu\u00e1lnej t\u00fa\u017eby, na boj proti zneu\u017e\u00edvaniu drog a z\u00e1vislosti a na prevenciu \u00fanavy a ospalosti.        <\/p>\n<h3>K\u00fapte si iboga\u00ednov\u00fd pr\u00e1\u0161ok online. Na internete je dostupn\u00fd aj koka\u00edn. <\/h3>\n<p> \u00davod Pr\u00edrodn\u00fd alkaloid iboga pr\u00e1\u0161ok, extrahovan\u00fd z rastliny iboga Tabernanthe, je zn\u00e1my pre svoj mimoriadny potenci\u00e1l podporova\u0165 hlbok\u00e9 lie\u010denie a transform\u00e1ciu. Tento \u010dist\u00fd a siln\u00fd pr\u00e1\u0161ok je s\u013eubn\u00fdm liekom pre \u013eud\u00ed, ktor\u00ed h\u013eadaj\u00fa nov\u00fa cestu k zdraviu, pon\u00faka holistick\u00fd pr\u00edstup k rie\u0161eniu r\u00f4znych fyzick\u00fdch, ment\u00e1lnych a emocion\u00e1lnych probl\u00e9mov. Starostlivo vyber\u00e1me na\u0161ich d\u00f4veryhodn\u00fdch dod\u00e1vate\u013eov, aby sme zaistili najvy\u0161\u0161iu kvalitu a \u010distotu n\u00e1\u0161ho iboga\u00ednov\u00e9ho pr\u00e1\u0161ku. Vykon\u00e1vame d\u00f4kladn\u00e9 testovanie ka\u017edej \u0161ar\u017ee, aby sme potvrdili jej \u00fa\u010dinnos\u0165, aby ste mohli za\u010da\u0165 svoju cestu s istotou a pokojom.    <\/p>\n<h3><strong>Objednajte si iboga\u00ednov\u00fd pr\u00e1\u0161ok<\/strong><\/h3>\n<p> Iboga\u00edn je zn\u00e1my svojou mimoriadnou schopnos\u0165ou prelomi\u0165 cyklus l\u00e1tkovej z\u00e1vislosti, v\u010faka \u010domu je atrakt\u00edvny pre t\u00fdch, ktor\u00ed h\u013eadaj\u00fa oslobodenie od z\u00e1vislosti. P\u00f4sob\u00ed na mozgov\u00e9 receptory a vytv\u00e1ra \u017eivot meniaci z\u00e1\u017eitok, ktor\u00fd pom\u00e1ha prelomi\u0165 okovy z\u00e1vislosti a umo\u017e\u0148uje n\u00e1m znovu za\u010da\u0165 na ceste k uzdraveniu. Iboga\u00edn sa uk\u00e1zal ako s\u013eubn\u00fd pri podpore du\u0161evnej a emocion\u00e1lnej pohody okrem lie\u010dby z\u00e1vislost\u00ed. Mnoh\u00ed uv\u00e1dzaj\u00fa, \u017ee za\u017e\u00edvaj\u00fa zv\u00fd\u0161en\u00fa reflexiu, ktor\u00e1 im pomohla vyrovna\u0165 sa a vylie\u010di\u0165 hlboko zakorenen\u00fa emocion\u00e1lnu traumu, strach a sm\u00fatok. Vizion\u00e1rska zlo\u017eka z\u00e1\u017eitku z Ibogainu poskytuje posv\u00e4tn\u00fd priestor na introspekciu a sebaobjavovanie, \u010do \u010dasto vedie k posilneniu duchovn\u00fdch v\u00e4zieb a osobn\u00e9mu rozvoju.<\/p>\n","protected":false},"excerpt":{"rendered":"<p>\u010ce\u013ea\u010f rastl\u00edn Apocynaceae zah\u0155\u0148a druhy ako Tabernanthe iboga, Voacanga africana a Tabernaemontana undulata, ktor\u00e9 obsahuj\u00fa prirodzene sa vyskytuj\u00facu halucinog\u00e9nnu zl\u00fa\u010deninu iboga\u00edn. Psychedelick\u00e1 droga s disocia\u010dn\u00fdmi \u00fa\u010dinkami.  <\/p>\n","protected":false},"featured_media":18822,"comment_status":"closed","ping_status":"closed","template":"","meta":{"om_disable_all_campaigns":false,"_sitemap_exclude":false,"_sitemap_priority":"","_sitemap_frequency":"","_monsterinsights_skip_tracking":false,"_monsterinsights_sitenote_active":false,"_monsterinsights_sitenote_note":"","_monsterinsights_sitenote_category":0},"product_cat":[26712],"product_tag":[26852,26843,26853,26851,26850,26854,26848,26849,26841,26846,26838,26844,26836,26839,26833,26835,26840,26847,26842,26834,26845,26837],"class_list":{"0":"post-31255","1":"product","2":"type-product","3":"status-publish","4":"has-post-thumbnail","6":"product_cat-vyskum-chemikalii-a-psychedelika","7":"product_tag-autenticky-ibogainovy-prasok-europa","8":"product_tag-bezplatna-doprava-ibogainoveho-prasku-v-europe","9":"product_tag-dodavatelia-prasku-ibogainu-v-europe","10":"product_tag-dodavka-prasku-ibogainu-do-europy","11":"product_tag-ibogaine-prasok-europa-zlava","12":"product_tag-ibogaine-prasok-europe-recenzia","13":"product_tag-ibogaine-prasok-europe-sa-zaobera","14":"product_tag-ibogaine-prasok-europe-shop","15":"product_tag-ibogainovy-prasok-za-najlepsiu-cenu-v-europe","16":"product_tag-internetovy-obchod-s-praskom-ibogaine-europe","17":"product_tag-internetovy-predaj-prasku-z-ibogainu","18":"product_tag-kde-kupit-ibogaine-prasok-europa","19":"product_tag-kde-kupit-ibogainovy-prasok-online","20":"product_tag-kolko-je-prasok-ibogainu","21":"product_tag-kupit-ibogaine-powder","22":"product_tag-kupit-ibogaine-powder-online","23":"product_tag-kupte-si-ibogainovy-prasok-online-europa","24":"product_tag-lacny-prasok-ibogaine-europe","25":"product_tag-objednajte-si-prasok-ibogaine-eu","26":"product_tag-objednat-ibogaine-powder-online-sk","27":"product_tag-predaj-prasku-ibogainu-v-europe","28":"product_tag-ucinky-prasku-ibogaine-sk","30":"first","31":"instock","32":"shipping-taxable","33":"purchasable","34":"product-type-variable","35":"farmacie-col"},"aioseo_notices":[],"_links":{"self":[{"href":"https:\/\/lacasadelamedicina.es\/sk\/wp-json\/wp\/v2\/product\/31255"}],"collection":[{"href":"https:\/\/lacasadelamedicina.es\/sk\/wp-json\/wp\/v2\/product"}],"about":[{"href":"https:\/\/lacasadelamedicina.es\/sk\/wp-json\/wp\/v2\/types\/product"}],"replies":[{"embeddable":true,"href":"https:\/\/lacasadelamedicina.es\/sk\/wp-json\/wp\/v2\/comments?post=31255"}],"wp:featuredmedia":[{"embeddable":true,"href":"https:\/\/lacasadelamedicina.es\/sk\/wp-json\/wp\/v2\/media\/18822"}],"wp:attachment":[{"href":"https:\/\/lacasadelamedicina.es\/sk\/wp-json\/wp\/v2\/media?parent=31255"}],"wp:term":[{"taxonomy":"product_cat","embeddable":true,"href":"https:\/\/lacasadelamedicina.es\/sk\/wp-json\/wp\/v2\/product_cat?post=31255"},{"taxonomy":"product_tag","embeddable":true,"href":"https:\/\/lacasadelamedicina.es\/sk\/wp-json\/wp\/v2\/product_tag?post=31255"}],"curies":[{"name":"wp","href":"https:\/\/api.w.org\/{rel}","templated":true}]}}