{"id":31226,"date":"2024-08-09T14:02:30","date_gmt":"2024-08-09T14:02:30","guid":{"rendered":"https:\/\/lacasadelamedicina.es\/product\/kupte-si-k2-dymovy-sprej-online-spice-online\/"},"modified":"2024-08-09T14:02:30","modified_gmt":"2024-08-09T14:02:30","slug":"kupte-si-k2-dymovy-sprej-online-spice-online","status":"publish","type":"product","link":"https:\/\/lacasadelamedicina.es\/sk\/produkt\/kupte-si-k2-dymovy-sprej-online-spice-online\/","title":{"rendered":"K\u00fapte si K2 dymov\u00fd sprej online (SPICE) online"},"content":{"rendered":"<h3>K\u00fapte si vonn\u00fd sprej K2 online (SPICE) online.<\/h3>\n<p> K\u00fapte si vonn\u00fd sprej K2 &#8211; v ponuke je aj papier K2. Je mo\u017en\u00e9 dok\u00fapi\u0165 sprej K2 bez farby a z\u00e1pachu. Na pokrytie cel\u00e9ho listu papiera A4 potrebujete 25 ml spreja. K\u00fapte si vonn\u00fd sprej K2 online (SPICE) <a href=\"https:\/\/drlawsonspharmacy\/contact-us\/\">KONTAKT<\/a> Dva najzn\u00e1mej\u0161ie n\u00e1zvy pre syntetick\u00fa marihuanu s\u00fa pr\u00edchu\u0165 a K2. Pozost\u00e1vaj\u00fa zo su\u0161en\u00e9ho rastlinn\u00e9ho materi\u00e1lu, ktor\u00fd bol zmie\u0161an\u00fd s umel\u00fdmi kanabinoidmi. Umel\u00e9 kanabinoidy s\u00fa syntetick\u00e9 zmesi, ktor\u00e9 maj\u00fa rovnak\u00fd \u00fa\u010dinok na mozgov\u00e9 kanabinoidn\u00e9 receptory ako delta9-tetrahydrokanabinol (THC), hlavn\u00e1 psychoakt\u00edvna zlo\u017eka marihuany. U\u017e\u00edvatelia kanabisu veria, \u017ee u\u017e\u00edvanie Spice m\u00e1 podobn\u00e9 \u00fa\u010dinky. Kanabinoidy alebo chemick\u00e9 zl\u00fa\u010deniny sa nach\u00e1dzaj\u00fa v rastline marihuany. Skupina liekov naz\u00fdvan\u00fdch umel\u00e9 kanabinoidy sa naz\u00fdva pr\u00edchu\u0165 a K2. Pozost\u00e1vaj\u00fa zo su\u0161en\u00e9ho rastlinn\u00e9ho materi\u00e1lu, ktor\u00fd bol o\u0161etren\u00fd umel\u00fdmi l\u00e1tkami na ovplyvnenie vn\u00edmania. Po prv\u00e9, analytici urobili opatrenia na testy s pou\u017eit\u00edm t\u00fdchto umel\u00fdch drog.           <\/p>\n<h3>K\u00fapi\u0165 K2 dymov\u00fd sprej online (SPICE)<\/h3>\n<p> K2 sa pon\u00faka aj ako tekutina, ktor\u00fa je mo\u017en\u00e9 faj\u010di\u0165 pomocou e-cigariet. M\u00f4\u017ee sa tie\u017e konzumova\u0165 ako \u010daj alebo faj\u010di\u0165 v jointoch alebo fajk\u00e1ch. Kvapaln\u00e1 forma K2 sa potom kvapk\u00e1 na vl\u00e1kna, papier a rastliny. Korenie m\u00f4\u017ee ma\u0165 podobn\u00e9 \u00fa\u010dinky ako marihuana, ale konzumuje sa predov\u0161etk\u00fdm kv\u00f4li svojej diskr\u00e9tnosti a zn\u00e1mosti. Zvy\u010dajne sa t\u00e1to chemik\u00e1lia pon\u00faka ako rastlinn\u00fd materi\u00e1l. Napriek tomu, \u017ee pon\u00fakame vynikaj\u00facu pr\u00edchu\u0165 K2, celkov\u00e9 zlo\u017eenie na\u0161ich zmes\u00ed na mieru plne zodpoved\u00e1 aktu\u00e1lnym predpisom. Bylinn\u00e9 kadidlo online Ak chcete prebudi\u0165 svoje zmysly, k\u00fapte si siln\u00e9 bylinn\u00e9 kadidlo K2! Ke\u010f si u n\u00e1s k\u00fapite K2, na\u0161a kvalita vy\u010dnieva z radu t\u00fdch, ktor\u00ed pred\u00e1vaj\u00fa nez\u00e1\u017eivn\u00e9 zmesi a napodobeniny. Od ostatn\u00fdch predajcov sa odli\u0161ujeme, preto\u017ee pred\u00e1vame vysoko kvalitn\u00e9 bylinkov\u00e9 vonn\u00e9 ty\u010dinky. Umelo vyroben\u00fd pouli\u010dn\u00fd sedat\u00edv so syntetick\u00fdmi l\u00e1tkami nastriekan\u00fdmi na pr\u00edchute, ar\u00f3ma je tie\u017e zn\u00e1ma ako K2, syntetick\u00e1 marihuana a syntetick\u00e1 burina v spreji, sprej k2 na predaj. Na papieri kvapalina K2. K2 sprej a tekut\u00e9 kadidlo si m\u00f4\u017eete k\u00fapi\u0165 online. Objednajte si zingov\u00fd papier K2 najvy\u0161\u0161ej kvality a nechajte si ho doru\u010di\u0165 priamo domov.             <\/p>\n<h3><strong>K2 vonn\u00fd sprej online (SPICE) online<\/strong><\/h3>\n<p> Ak chcete ovl\u00e1da\u0165 K2 miestne kadidlo a e-liquidy online, ste na perfektnom mieste. Aby sme vyhoveli potreb\u00e1m v\u0161etk\u00fdch z\u00e1kazn\u00edkov v Spojen\u00fdch \u0161t\u00e1toch a na celom svete, pred\u00e1vame miestnych nahnevan\u00fdch dominantov kvapaliny K2 za najv\u00fdhodnej\u0161ie ceny. \u010eal\u0161\u00edm dobre zn\u00e1mym pou\u017eit\u00edm je v\u00fdroba v\u00fdplachov K2, ktor\u00e9 sa zvy\u010dajne aplikuj\u00fa lok\u00e1lne. Je to nepochybne \u017eivotne d\u00f4le\u017eit\u00e9. Vyr\u00e1ban\u00e9 kanabinoidy \u2013 tie\u017e ozna\u010dovan\u00e9 ako \u201epr\u00edchu\u0165\u201c alebo \u201eK2\u201c \u2013 sa prv\u00fdkr\u00e1t objavili v Spojen\u00fdch \u0161t\u00e1toch v roku 2000. vysokokvalitn\u00fd koreniaci papier K2. Pon\u00fakame najlep\u0161\u00ed koreniaci papier K2, ktor\u00fd si m\u00f4\u017eete k\u00fapi\u0165 online. Z\u00edskajte to teraz. \u010co presne je syntetick\u00e1 marihuana (zn\u00e1ma aj ako K2, Spice alebo vyroben\u00e9 kanabinoidy)? Najlep\u0161ie miestne kadidlo je dostupn\u00e9 u n\u00e1s.          &nbsp;<\/p>\n","protected":false},"excerpt":{"rendered":"<p>K2 Spray je mo\u017en\u00e9 zak\u00fapi\u0165 a je bez farby a z\u00e1pachu. Na nastriekanie cel\u00e9ho listu papiera A4 budete potrebova\u0165 25 ml. K2 Paper je \u010fal\u0161ia polo\u017eka, ktor\u00fa pred\u00e1vame.   &nbsp;<\/p>\n","protected":false},"featured_media":18792,"comment_status":"closed","ping_status":"closed","template":"","meta":{"om_disable_all_campaigns":false,"_sitemap_exclude":false,"_sitemap_priority":"","_sitemap_frequency":"","_monsterinsights_skip_tracking":false,"_monsterinsights_sitenote_active":false,"_monsterinsights_sitenote_note":"","_monsterinsights_sitenote_category":0},"product_cat":[26712],"product_tag":[26732,26731,26723,26725,26730,26734,26729,26733,26726,26721,26718,26728,26724,26715,26719,26713,26714,26720,26727,26722,26716,26717],"class_list":{"0":"post-31226","1":"product","2":"type-product","3":"status-publish","4":"has-post-thumbnail","6":"product_cat-vyskum-chemikalii-a-psychedelika","7":"product_tag-autenticky-dymovy-sprej-k2-spice-europa","8":"product_tag-k2-dymovy-sprej-spice-dodavka-po-europe","9":"product_tag-k2-dymovy-sprej-spice-doprava-zadarmo-po-europe","10":"product_tag-k2-dymovy-sprej-spice-europa-predaj","11":"product_tag-k2-dymovy-sprej-spice-europa-zlava","12":"product_tag-k2-dymovy-sprej-spice-europe-review","13":"product_tag-k2-dymovy-sprej-spice-europe-shop","14":"product_tag-k2-dymovy-sprej-spice-europski-dodavatelia","15":"product_tag-k2-dymovy-sprej-spice-internetovy-obchod-europa","16":"product_tag-k2-dymovy-sprej-spice-najlepsia-cena-v-europe","17":"product_tag-k2-dymovy-sprej-spice-online-predaj","18":"product_tag-k2-dymovy-sprej-spice-ponuka-pre-europu","19":"product_tag-kde-kupit-k2-dymovy-sprej-spice-europe","20":"product_tag-kde-kupit-k2-dymovy-sprej-spice-online","21":"product_tag-kolko-stoji-dymovy-sprej-k2-spice","22":"product_tag-kupit-k2-dymovy-sprej-spice","23":"product_tag-kupte-si-k2-dymovy-sprej-spice-online","24":"product_tag-kupte-si-k2-dymovy-sprej-spice-online-europa","25":"product_tag-lacny-dymovy-sprej-k2-spice-europa","26":"product_tag-objednajte-si-k2-dymovy-sprej-spice-eu","27":"product_tag-objednajte-si-k2-dymovy-sprej-spice-online","28":"product_tag-ucinky-dymoveho-spreja-k2-spice","30":"first","31":"instock","32":"shipping-taxable","33":"purchasable","34":"product-type-variable","35":"farmacie-col"},"aioseo_notices":[],"_links":{"self":[{"href":"https:\/\/lacasadelamedicina.es\/sk\/wp-json\/wp\/v2\/product\/31226"}],"collection":[{"href":"https:\/\/lacasadelamedicina.es\/sk\/wp-json\/wp\/v2\/product"}],"about":[{"href":"https:\/\/lacasadelamedicina.es\/sk\/wp-json\/wp\/v2\/types\/product"}],"replies":[{"embeddable":true,"href":"https:\/\/lacasadelamedicina.es\/sk\/wp-json\/wp\/v2\/comments?post=31226"}],"wp:featuredmedia":[{"embeddable":true,"href":"https:\/\/lacasadelamedicina.es\/sk\/wp-json\/wp\/v2\/media\/18792"}],"wp:attachment":[{"href":"https:\/\/lacasadelamedicina.es\/sk\/wp-json\/wp\/v2\/media?parent=31226"}],"wp:term":[{"taxonomy":"product_cat","embeddable":true,"href":"https:\/\/lacasadelamedicina.es\/sk\/wp-json\/wp\/v2\/product_cat?post=31226"},{"taxonomy":"product_tag","embeddable":true,"href":"https:\/\/lacasadelamedicina.es\/sk\/wp-json\/wp\/v2\/product_tag?post=31226"}],"curies":[{"name":"wp","href":"https:\/\/api.w.org\/{rel}","templated":true}]}}