{"id":31216,"date":"2024-08-09T14:02:39","date_gmt":"2024-08-09T14:02:39","guid":{"rendered":"https:\/\/lacasadelamedicina.es\/product\/kupte-si-albert-einstein-kralovnu-alzbetu-online\/"},"modified":"2024-08-09T14:02:39","modified_gmt":"2024-08-09T14:02:39","slug":"kupte-si-albert-einstein-kralovnu-alzbetu-online","status":"publish","type":"product","link":"https:\/\/lacasadelamedicina.es\/sk\/produkt\/kupte-si-albert-einstein-kralovnu-alzbetu-online\/","title":{"rendered":"K\u00fapte si Albert Einstein + kr\u00e1\u013eovn\u00fa Al\u017ebetu online"},"content":{"rendered":"<h2>K\u00fapte si Albert Einstein + Queen Elizabeth online. Sada 2 vysokokvalitn\u00fdch listov. <\/h2>\n<p> Nakupujte Albert Einstein + Queen Elizabeth online.Sada 2 kvalitn\u00fdch oblie\u010dok. Tieto perforovan\u00e9 listy maj\u00fa jasn\u00e9 farby, vysok\u00e9 detaily a \u010dist\u00fa 1\/4\u2033 perfor\u00e1ciu. 2 r\u00f4zne prevedenia \u2013 pred\u00e1van\u00e9 aj jednotlivo.<\/p>\n","protected":false},"excerpt":{"rendered":"<p>K\u00fapte si Albert Einstein + Queen Elizabeth online. Sada 2 vysokokvalitn\u00fdch listov. Nakupujte Albert Einstein + Queen Elizabeth online.Sada 2 kvalitn\u00fdch oblie\u010dok. Tieto perforovan\u00e9 listy maj\u00fa jasn\u00e9 farby, vysok\u00e9 detaily a \u010dist\u00fa 1\/4\u2033 perfor\u00e1ciu. 2 r\u00f4zne prevedenia \u2013 pred\u00e1van\u00e9 aj jednotlivo.<\/p>\n","protected":false},"featured_media":19242,"comment_status":"open","ping_status":"closed","template":"","meta":{"om_disable_all_campaigns":false,"_sitemap_exclude":false,"_sitemap_priority":"","_sitemap_frequency":"","_monsterinsights_skip_tracking":false,"_monsterinsights_sitenote_active":false,"_monsterinsights_sitenote_note":"","_monsterinsights_sitenote_category":0},"product_cat":[26143],"product_tag":[26478,26476,26466,26474,26468,26479,26473,26475,26471,26477,26469,26460,26464,26459,26465,26458,26472,26461,26467,26463,26470,26462],"class_list":{"0":"post-31216","1":"product","2":"type-product","3":"status-publish","4":"has-post-thumbnail","6":"product_cat-lsd-sk","7":"product_tag-albert-einstein-dodavatelia-queen-elizabeth-europe","8":"product_tag-albert-einstein-dodavka-queen-elizabeth-europe-sk","9":"product_tag-albert-einstein-kralovna-alzbeta-najlepsia-cena-v-europe","10":"product_tag-albert-einstein-obchod-queen-elizabeth-europe-sk","11":"product_tag-albert-einstein-queen-elizabeth-doprava-zadarmo-po-europe","12":"product_tag-albert-einstein-queen-elizabeth-europe-recenzia","13":"product_tag-albert-einstein-queen-elizabeth-europe-sa-zaobera","14":"product_tag-albert-einstein-queen-elizabeth-europe-zlava","15":"product_tag-albert-einstein-queen-elizabeth-internetovy-obchod-europa","16":"product_tag-autenticky-albert-einstein-queen-elizabeth-europe-sk","17":"product_tag-kde-kupit-albert-einstein-queen-elizabeth-europe","18":"product_tag-kde-kupit-albert-einstein-queen-elizabeth-online","19":"product_tag-kolko-stoji-albert-einstein-kralovna-alzbeta","20":"product_tag-kupte-si-albert-einstein-queen-elizabeth-online","21":"product_tag-kupte-si-albert-einstein-queen-elizabeth-online-europa","22":"product_tag-kupte-si-alberta-einsteina-kralovnu-alzbetu","23":"product_tag-lacne-albert-einstein-queen-elizabeth-europe","24":"product_tag-objednajte-si-alberta-einsteina-kralovnu-alzbetu-online","25":"product_tag-objednavka-albert-einstein-kralovna-alzbeta-eu","26":"product_tag-predaj-albert-einstein-queen-elizabeth-online","27":"product_tag-predaj-alberta-einsteina-a-kralovnej-alzbety-v-europe","28":"product_tag-ucinky-alberta-einsteina-kralovnej-alzbety","30":"first","31":"instock","32":"shipping-taxable","33":"purchasable","34":"product-type-simple","35":"farmacie-col"},"aioseo_notices":[],"_links":{"self":[{"href":"https:\/\/lacasadelamedicina.es\/sk\/wp-json\/wp\/v2\/product\/31216"}],"collection":[{"href":"https:\/\/lacasadelamedicina.es\/sk\/wp-json\/wp\/v2\/product"}],"about":[{"href":"https:\/\/lacasadelamedicina.es\/sk\/wp-json\/wp\/v2\/types\/product"}],"replies":[{"embeddable":true,"href":"https:\/\/lacasadelamedicina.es\/sk\/wp-json\/wp\/v2\/comments?post=31216"}],"wp:featuredmedia":[{"embeddable":true,"href":"https:\/\/lacasadelamedicina.es\/sk\/wp-json\/wp\/v2\/media\/19242"}],"wp:attachment":[{"href":"https:\/\/lacasadelamedicina.es\/sk\/wp-json\/wp\/v2\/media?parent=31216"}],"wp:term":[{"taxonomy":"product_cat","embeddable":true,"href":"https:\/\/lacasadelamedicina.es\/sk\/wp-json\/wp\/v2\/product_cat?post=31216"},{"taxonomy":"product_tag","embeddable":true,"href":"https:\/\/lacasadelamedicina.es\/sk\/wp-json\/wp\/v2\/product_tag?post=31216"}],"curies":[{"name":"wp","href":"https:\/\/api.w.org\/{rel}","templated":true}]}}