{"id":31215,"date":"2024-08-09T14:02:39","date_gmt":"2024-08-09T14:02:39","guid":{"rendered":"https:\/\/lacasadelamedicina.es\/product\/kupte-si-1p-lsd-blotter-150-mcg-online\/"},"modified":"2024-08-09T14:02:39","modified_gmt":"2024-08-09T14:02:39","slug":"kupte-si-1p-lsd-blotter-150-mcg-online","status":"publish","type":"product","link":"https:\/\/lacasadelamedicina.es\/sk\/produkt\/kupte-si-1p-lsd-blotter-150-mcg-online\/","title":{"rendered":"K\u00fapte si 1P-LSD blotter 150 mcg online"},"content":{"rendered":"<h3>K\u00fapte si 150 mcg 1P-LSD blotter: V\u00fdskum chemick\u00fdch inform\u00e1ci\u00ed<\/h3>\n<p><strong>\u010co s\u00fa blottery 150 mcg 1P-LSD?<\/strong> 1P-LSD blotre (150 mcg) s\u00fa typom v\u00fdskumnej chemik\u00e1lie, ktor\u00e1 sa be\u017ene pou\u017e\u00edva v \u0161t\u00fadi\u00e1ch. Zatia\u013e \u010do predaj a n\u00e1kup t\u00fdchto blotterov je v s\u00fa\u010dasnosti leg\u00e1lny, ich pr\u00e1vny \u0161tat\u00fat sa m\u00f4\u017ee zmeni\u0165. Je d\u00f4le\u017eit\u00e9 poznamena\u0165, \u017ee blotre 1P-LSD s\u00fa ur\u010den\u00e9 v\u00fdhradne na v\u00fdskumn\u00e9 \u00fa\u010dely a nie s\u00fa schv\u00e1len\u00e9 na \u013eudsk\u00fa spotrebu. <strong>Pokyny na skladovanie 150 mcg 1P-LSD blotter<\/strong> Ak chcete zabezpe\u010di\u0165 dlh\u00fa \u017eivotnos\u0165 a \u00fa\u010dinnos\u0165 1P-LSD blotter (150 mcg), skladujte ich na chladnom a suchom mieste. Ak sa uchov\u00e1va za t\u00fdchto podmienok, chemik\u00e1lia zost\u00e1va stabiln\u00e1 a\u017e dva roky. Spr\u00e1vne skladovanie pom\u00f4\u017ee zachova\u0165 integritu pija\u010diek po\u010das ich skladovate\u013enosti. IUPAC: dietylamid kyseliny 1-propionyl-lysergovej CAS#: N\/A Molekulov\u00fd vzorec: C23H29N3O2 Molekulov\u00e1 hmotnos\u0165: 379,45926 g\/mol <strong>Objednajte si 150 mcg 1P-LSD blotter od Chemswell!<\/strong> Chemswell pon\u00faka r\u00fdchle a spo\u013eahliv\u00e9 dodanie 150 mcg 1P-LSD blotter. Ak zad\u00e1te objedn\u00e1vku dnes, m\u00f4\u017eete o\u010dak\u00e1va\u0165, \u017ee v\u00e1\u0161 bal\u00edk doraz\u00ed k va\u0161im dver\u00e1m do jedn\u00e9ho d\u0148a. V\u0161etky dod\u00e1vky s\u00fa rie\u0161en\u00e9 diskr\u00e9tne spolo\u010dnos\u0165ou PostNL, \u010d\u00edm sa zabezpe\u010duje s\u00fakromie. V pr\u00edpade hromadn\u00fdch objedn\u00e1vok blotterov 1P-LSD kontaktujte n\u00e1\u0161 t\u00edm slu\u017eieb z\u00e1kazn\u00edkom, ktor\u00fd v\u00e1m poskytne \u010fal\u0161ie inform\u00e1cie. <strong>Mo\u017enosti platby<\/strong> Chemswell poskytuje mno\u017estvo sp\u00f4sobov platby pre va\u0161e pohodlie, vr\u00e1tane:         <\/p>\n<ul>\n<li>Kreditn\u00e1 karta (Mastercard, Visa, American Express)<\/li>\n<li>PayPal<\/li>\n<li>Bitcoin<\/li>\n<li>ide\u00e1lne<\/li>\n<\/ul>\n<p><strong>Pre\u010do si vybra\u0165 Chemswell?<\/strong> Chemswell sa zaviazal pon\u00faka\u0165 slu\u017eby najvy\u0161\u0161ej kvality za konkurencieschopn\u00e9 ceny. V pr\u00edpade ak\u00fdchko\u013evek ot\u00e1zok alebo \u010fal\u0161\u00edch inform\u00e1ci\u00ed n\u00e1s nev\u00e1hajte kontaktova\u0165 e-mailom alebo telefonicky. Podrobnosti n\u00e1jdete na na\u0161ej kontaktnej str\u00e1nke. 1P-LSD je nov\u00e1 psychedelick\u00e1 l\u00e1tka z triedy lysergamidov. 1P-LSD \u00fazko s\u00favis\u00ed s LSD a uv\u00e1dza sa, \u017ee m\u00e1 takmer identick\u00e9 \u00fa\u010dinky. V\u010faka svojej novosti je o farmakol\u00f3gii 1P-LSD m\u00e1lo zn\u00e1me, ale predpoklad\u00e1 sa, \u017ee svoje \u00fa\u010dinky vytv\u00e1ra v\u00e4zbou na seroton\u00ednov\u00e9 receptory v mozgu. Objednajte si 150 mcg 1P-LSD blotter od Chemswell e\u0161te dnes a z\u00edskajte v\u00fdnimo\u010dn\u00e9 slu\u017eby a hodnotu.<\/p>\n","protected":false},"excerpt":{"rendered":"<p>1P-LSD blotters 150mcg je psychedelick\u00e1 droga z triedy lysergamidov, ktor\u00e1 je deriv\u00e1tom a funk\u010dn\u00fdm anal\u00f3gom LSD a homol\u00f3gom ALD-52. Vznikla v roku 2015, ke\u010f sa objavila ako dizajn\u00e9rska droga pred\u00e1van\u00e1 online. Modifikuje molekulu LSD pridan\u00edm propionylovej skupiny k at\u00f3mu dus\u00edka indolovej skupiny LSD.  <\/p>\n","protected":false},"featured_media":19227,"comment_status":"closed","ping_status":"closed","template":"","meta":{"om_disable_all_campaigns":false,"_sitemap_exclude":false,"_sitemap_priority":"","_sitemap_frequency":"","_monsterinsights_skip_tracking":false,"_monsterinsights_sitenote_active":false,"_monsterinsights_sitenote_note":"","_monsterinsights_sitenote_category":0},"product_cat":[26143],"product_tag":[26643,26631,26639,26638,26642,26637,26641,26636,26640,26634,26625,26632,26628,26623,26624,26629,26635,26644,26630,26627,26633,26626],"class_list":{"0":"post-31215","1":"product","2":"type-product","3":"status-publish","4":"has-post-thumbnail","6":"product_cat-lsd-sk","7":"product_tag-1p-lsd-blotter-150mcg-najlepsia-cena-v-europe","8":"product_tag-1p-lsd-blotters-150mcg-doprava-zadarmo-v-europe","9":"product_tag-1p-lsd-blotters-150mcg-dorucenie-po-europe","10":"product_tag-1p-lsd-blotters-150mcg-europa-zlava","11":"product_tag-1p-lsd-blotters-150mcg-europe-recenzia","12":"product_tag-1p-lsd-blotters-150mcg-europe-shop-sk","13":"product_tag-1p-lsd-blotters-150mcg-europski-dodavatelia","14":"product_tag-1p-lsd-blotters-150mcg-v-europe","15":"product_tag-autenticke-blotre-1p-lsd-150-mcg-europa","16":"product_tag-internetovy-obchod-1p-lsd-blotters-150mcg-europa","17":"product_tag-kde-kupit-1p-lsd-blotter-150-mcg-online","18":"product_tag-kde-kupit-1p-lsd-blotters-150mcg-europe","19":"product_tag-kolko-je-1p-lsd-blotters-150-mcg","20":"product_tag-kupte-si-1p-lsd-blotter-150-mcg","21":"product_tag-kupte-si-1p-lsd-blotter-150-mcg-online","22":"product_tag-kupte-si-1p-lsd-blotters-150mcg-online-europa","23":"product_tag-lacne-blotre-1p-lsd-150-mcg-europa","24":"product_tag-objednajte-si-1p-lsd-blotter-150-mcg-online","25":"product_tag-objednajte-si-1p-lsd-blotter-150mcg-eu","26":"product_tag-online-predaj-blotterov-1p-lsd-150-mcg","27":"product_tag-predaj-1p-lsd-blotterov-150mcg-v-europe","28":"product_tag-ucinky-1p-lsd-blotterov-150-mcg","30":"first","31":"instock","32":"shipping-taxable","33":"purchasable","34":"product-type-simple","35":"farmacie-col"},"aioseo_notices":[],"_links":{"self":[{"href":"https:\/\/lacasadelamedicina.es\/sk\/wp-json\/wp\/v2\/product\/31215"}],"collection":[{"href":"https:\/\/lacasadelamedicina.es\/sk\/wp-json\/wp\/v2\/product"}],"about":[{"href":"https:\/\/lacasadelamedicina.es\/sk\/wp-json\/wp\/v2\/types\/product"}],"replies":[{"embeddable":true,"href":"https:\/\/lacasadelamedicina.es\/sk\/wp-json\/wp\/v2\/comments?post=31215"}],"wp:featuredmedia":[{"embeddable":true,"href":"https:\/\/lacasadelamedicina.es\/sk\/wp-json\/wp\/v2\/media\/19227"}],"wp:attachment":[{"href":"https:\/\/lacasadelamedicina.es\/sk\/wp-json\/wp\/v2\/media?parent=31215"}],"wp:term":[{"taxonomy":"product_cat","embeddable":true,"href":"https:\/\/lacasadelamedicina.es\/sk\/wp-json\/wp\/v2\/product_cat?post=31215"},{"taxonomy":"product_tag","embeddable":true,"href":"https:\/\/lacasadelamedicina.es\/sk\/wp-json\/wp\/v2\/product_tag?post=31215"}],"curies":[{"name":"wp","href":"https:\/\/api.w.org\/{rel}","templated":true}]}}