{"id":31201,"date":"2024-08-09T14:02:39","date_gmt":"2024-08-09T14:02:39","guid":{"rendered":"https:\/\/lacasadelamedicina.es\/product\/kupte-si-170ug-shiva-lsd-blotter-online\/"},"modified":"2024-08-09T14:02:39","modified_gmt":"2024-08-09T14:02:39","slug":"kupte-si-170ug-shiva-lsd-blotter-online","status":"publish","type":"product","link":"https:\/\/lacasadelamedicina.es\/sk\/produkt\/kupte-si-170ug-shiva-lsd-blotter-online\/","title":{"rendered":"K\u00fapte si 170ug Shiva LSD blotter online"},"content":{"rendered":"<h2><strong>K\u00fapte si 1P-LSD 170UG SHIVA LSD BLOTTERS online<\/strong><\/h2>\n<p> Psychedelick\u00fd liek 1P-LSD, tie\u017e naz\u00fdvan\u00fd dietylamid kyseliny 1-propionyl-lysergovej, je deriv\u00e1tom a funk\u010dn\u00fdm anal\u00f3gom LSD a homol\u00f3gom ALD-52. LSD a 1P-LSD zdie\u013eaj\u00fa chemick\u00fd vz\u0165ah a \u00fadajne maj\u00fa \u00fa\u010dinky, ktor\u00e9 s\u00fa dos\u0165 podobn\u00e9. Aj ke\u010f je o farmakol\u00f3gii 1P-LSD m\u00e1lo zn\u00e1me, pravdepodobne p\u00f4sob\u00ed na seroton\u00ednov\u00e9 receptory v mozgu, aby vytvoril svoje psychedelick\u00e9 \u00fa\u010dinky.   <\/p>\n<h2><strong>K\u00fapte si 170 ug shiva LSD blotter<\/strong><\/h2>\n<p> IUPAC ID: (6aR,9R)-N,N-dietyl-7-metyl-4,6,6a,7,8,9-hexahydroindolo \u2013 [4,3-fg] chinol\u00edn-9-karboxamid Molov\u00e1 hmotnos\u0165: 323,43 g Teplota topenia: 80 \u00b0CVzorec: C20H25N3O CAS ID: 50-37-3 Dietylamid kyseliny lysergovej, tie\u017e zn\u00e1my ako kyselina, je psychedelick\u00e1 droga zn\u00e1ma svojimi psychologick\u00fdmi \u00fa\u010dinkami. Vzorec: C20H25N30 IUPAC ID: (6aR,9R)-N,N-dietyl-7-metyl-4,6,6a,7,8,9-hexahydroindolo-  [4,3-fg] chinol\u00edn-9-karboxamid Molov\u00e1 hmotnos\u0165: 323,43 g\/mol Teplota topenia: 80 \u00b0C CAS ID: 50-37-3 <\/p>\n<h3><strong>1P-LSD 170UG SHIVA LSD BLOTTERS<\/strong><\/h3>\n<p> M\u00e1me ve\u013ea vern\u00fdch z\u00e1kazn\u00edkov po celom svete a te\u0161\u00edme sa na dlhodob\u00fa spolupr\u00e1cu. Ak potrebujete viac inform\u00e1ci\u00ed, nev\u00e1hajte n\u00e1s kontaktova\u0165; urob\u00edme v\u0161etko pre to, aby sme vyhoveli va\u0161im potreb\u00e1m. Nov\u00e9 psychoakt\u00edvne zl\u00fa\u010deniny alebo chemik\u00e1lie meniace myse\u013e, ktor\u00e9 boli syntetizovan\u00e9 v laborat\u00f3riu a pon\u00fakan\u00e9 ako leg\u00e1lne n\u00e1hrady za neleg\u00e1lne drogy, ako je koka\u00edn a marihuana, sa za posledn\u00fdch 20 rokov v drogovom priemysle stali be\u017enej\u0161\u00edmi. Tieto lieky nepre\u0161li rozsiahlym testovan\u00edm, tak\u017ee je mo\u017en\u00e9, \u017ee ich \u00fa\u010dinky bud\u00fa nekonzistentn\u00e9 a nepredv\u00eddate\u013en\u00e9.    <\/p>\n<h3><strong>EFEKTY<\/strong><\/h3>\n<p> Vo vedeckej literat\u00fare nie je profil \u00fa\u010dinkov 1P-LSD dobre op\u00edsan\u00fd. Zvy\u010dajne sa predpoklad\u00e1, \u017ee je podobn\u00fd LSD. Pod\u013ea nieko\u013ek\u00fdch neofici\u00e1lnych spr\u00e1v trv\u00e1 1P-LSD u \u013eud\u00ed o nie\u010do menej \u010dasu ako LSD, pri\u010dom v\u00e4\u010d\u0161ina pou\u017e\u00edvate\u013eov tvrd\u00ed, \u017ee nie s\u00fa schopn\u00ed rozl\u00ed\u0161i\u0165 medzi kvalitat\u00edvnymi \u00fa\u010dinkami t\u00fdchto dvoch drog.   <\/p>\n<h3><strong>V\u00ddBER GAMA<\/strong><\/h3>\n<p> Najd\u00f4le\u017eitej\u0161\u00edm faktorom pri v\u00fdbere na\u0161ej slu\u017eby je Meth Trust. Prvorad\u00fdm aspektom pri z\u00edskavan\u00ed \u010doraz v\u00e4\u010d\u0161ieho po\u010dtu z\u00e1kazn\u00edkov je kvalita. Akcie a z\u013eavy s\u00fa rozhoduj\u00face pre \u00faspech na\u0161ich klientov.   <\/p>\n<h3><strong>Z\u00c1VER<\/strong><\/h3>\n<p> Jedn\u00fdm z najob\u013e\u00fabenej\u0161\u00edch produktov LSD medzi t\u00edned\u017eermi, ktor\u00ed ho \u010dasto pou\u017e\u00edvaj\u00fa ako p\u00e1rty drogu, je Goblin\u2019s Den. Na virtu\u00e1lnom trhu existuje ve\u013ek\u00e9 mno\u017estvo predmetov LSD, ktor\u00e9 s\u00fa vo\u013ene dostupn\u00e9. Tu v\u00e1m garantujeme najlep\u0161iu kvalitu a cenu produktu, 200 mcg Goblin\u2019s Den.<\/p>\n","protected":false},"excerpt":{"rendered":"<p>K\u00fapte si 1P-LSD 170UG SHIVA LSD BLOTTERS online Psychedelick\u00fd liek 1P-LSD, tie\u017e naz\u00fdvan\u00fd dietylamid kyseliny 1-propionyl-lysergovej, je deriv\u00e1tom a funk\u010dn\u00fdm anal\u00f3gom LSD a homol\u00f3gom ALD-52. LSD a 1P-LSD zdie\u013eaj\u00fa chemick\u00fd vz\u0165ah a \u00fadajne maj\u00fa \u00fa\u010dinky, ktor\u00e9 s\u00fa dos\u0165 podobn\u00e9. Aj ke\u010f je o farmakol\u00f3gii 1P-LSD m\u00e1lo zn\u00e1me, pravdepodobne p\u00f4sob\u00ed na seroton\u00ednov\u00e9 receptory v mozgu, aby [&hellip;]<\/p>\n","protected":false},"featured_media":19212,"comment_status":"open","ping_status":"closed","template":"","meta":{"om_disable_all_campaigns":false,"_sitemap_exclude":false,"_sitemap_priority":"","_sitemap_frequency":"","_monsterinsights_skip_tracking":false,"_monsterinsights_sitenote_active":false,"_monsterinsights_sitenote_note":"","_monsterinsights_sitenote_category":0},"product_cat":[26143],"product_tag":[26581,26591,26592,26586,26587,26588,26584,26579,26590,26589,26573,26582,26577,26571,26572,26578,26585,26574,26580,26583,26576,26575],"class_list":{"0":"post-31201","1":"product","2":"type-product","3":"status-publish","4":"has-post-thumbnail","6":"product_cat-lsd-sk","7":"product_tag-170ug-shiva-lsd-blotters-doprava-zadarmo-v-europe","8":"product_tag-170ug-shiva-lsd-blotters-europe-dodavatelia","9":"product_tag-170ug-shiva-lsd-blotters-europe-recenzia","10":"product_tag-170ug-shiva-lsd-blotters-europe-sa-zaobera","11":"product_tag-170ug-shiva-lsd-blotters-europe-shop-sk","12":"product_tag-170ug-shiva-lsd-blotters-europe-zlava","13":"product_tag-170ug-shiva-lsd-blotters-internetovy-obchod-europa","14":"product_tag-170ug-shiva-lsd-blotters-najlepsia-cena-v-europe","15":"product_tag-autenticke-170ug-shiva-lsd-blotters-europe-sk","16":"product_tag-dodavka-170ug-shiva-lsd-blotters-europe-sk","17":"product_tag-kde-kupit-170ug-shiva-lsd-blotter-online","18":"product_tag-kde-kupit-170ug-shiva-lsd-blotters-europe","19":"product_tag-kolko-je-170-ug-shiva-lsd-blotterov","20":"product_tag-kupte-si-170ug-shiva-lsd-blotter","21":"product_tag-kupte-si-170ug-shiva-lsd-blotter-online-sk","22":"product_tag-kupte-si-170ug-shiva-lsd-blotter-online-europa","23":"product_tag-lacne-170ug-shiva-lsd-blotters-europe","24":"product_tag-objednajte-si-170ug-shiva-lsd-blotter-online","25":"product_tag-objednajte-si-170ug-shiva-lsd-blotters-eu","26":"product_tag-predaj-170ug-shiva-lsd-blotters-europe","27":"product_tag-predaj-blotterov-170ug-shiva-lsd-online","28":"product_tag-ucinky-170ug-shiva-lsd-blotterov","30":"first","31":"instock","32":"shipping-taxable","33":"purchasable","34":"product-type-variable","35":"farmacie-col"},"aioseo_notices":[],"_links":{"self":[{"href":"https:\/\/lacasadelamedicina.es\/sk\/wp-json\/wp\/v2\/product\/31201"}],"collection":[{"href":"https:\/\/lacasadelamedicina.es\/sk\/wp-json\/wp\/v2\/product"}],"about":[{"href":"https:\/\/lacasadelamedicina.es\/sk\/wp-json\/wp\/v2\/types\/product"}],"replies":[{"embeddable":true,"href":"https:\/\/lacasadelamedicina.es\/sk\/wp-json\/wp\/v2\/comments?post=31201"}],"wp:featuredmedia":[{"embeddable":true,"href":"https:\/\/lacasadelamedicina.es\/sk\/wp-json\/wp\/v2\/media\/19212"}],"wp:attachment":[{"href":"https:\/\/lacasadelamedicina.es\/sk\/wp-json\/wp\/v2\/media?parent=31201"}],"wp:term":[{"taxonomy":"product_cat","embeddable":true,"href":"https:\/\/lacasadelamedicina.es\/sk\/wp-json\/wp\/v2\/product_cat?post=31201"},{"taxonomy":"product_tag","embeddable":true,"href":"https:\/\/lacasadelamedicina.es\/sk\/wp-json\/wp\/v2\/product_tag?post=31201"}],"curies":[{"name":"wp","href":"https:\/\/api.w.org\/{rel}","templated":true}]}}