{"id":31196,"date":"2024-08-09T14:02:39","date_gmt":"2024-08-09T14:02:39","guid":{"rendered":"https:\/\/lacasadelamedicina.es\/product\/kupit-155-mcg-teachers-gaze-self-laid-99-pure-aztec-crystal-online\/"},"modified":"2024-08-09T14:02:39","modified_gmt":"2024-08-09T14:02:39","slug":"kupit-155-mcg-teachers-gaze-self-laid-99-pure-aztec-crystal-online","status":"publish","type":"product","link":"https:\/\/lacasadelamedicina.es\/sk\/produkt\/kupit-155-mcg-teachers-gaze-self-laid-99-pure-aztec-crystal-online\/","title":{"rendered":"K\u00fapi\u0165 155 MCG Teacher\u2019s Gaze (self-laid, 99% Pure Aztec Crystal) online"},"content":{"rendered":"<h3>Najlep\u0161ie miesto na n\u00e1kup LSD pre u\u010dite\u013ea online<\/h3>\n<p> Predstavujeme jedine\u010dn\u00fa ponuku: limitovan\u00fa s\u00e9riu tabliet Teacher\u2019s Gaze LSD, ktor\u00e9 boli vytvoren\u00e9 zo vz\u00e1cneho kry\u0161t\u00e1lu poch\u00e1dzaj\u00faceho od oddanej skupiny nad\u0161encov, ktor\u00ed s\u00fa v s\u00falade s na\u0161imi poh\u013eadmi na realitu a spiritualitu. T\u00e1to exkluz\u00edvna s\u00e9ria bola vyroben\u00e1 raz a potom vyraden\u00e1, \u010do znamen\u00e1, \u017ee tento \u0161pecifick\u00fd kry\u0161t\u00e1l u\u017e nebudeme ma\u0165 ani my, ani nikto in\u00fd. Po testovan\u00ed sme boli ohromen\u00ed \u00fa\u010dinnos\u0165ou a sk\u00fasenos\u0165ami, ktor\u00e9 tieto karty poskytuj\u00fa. Vzh\u013eadom na vz\u00e1cnos\u0165 kry\u0161t\u00e1lu je cena vy\u0161\u0161ia v porovnan\u00ed s azt\u00e9ckymi odrodami, ale pon\u00fakame ho za miernu pr\u00e9miu, aby sme ho zdie\u013eali v na\u0161ej psychedelickej komunite.    <\/p>\n<h3>LSD blotter kyselina dostupn\u00e1 na n\u00e1kup online<\/h3>\n<p> U\u010dite\u013esk\u00fd poh\u013ead LSD Online pon\u00faka \u0161irok\u00fa \u0161k\u00e1lu produktov vr\u00e1tane Goblin&#8217;s Den, Hoffman LSD blotter, Void Realm, Teacher&#8217;s Gaze, Fractal Storm a \u010fal\u0161\u00edch. Pozoruhodn\u00e9 je, \u017ee Teacher\u2019s Gaze je jedn\u00fdm z najvyh\u013ead\u00e1vanej\u0161\u00edch produktov, najm\u00e4 medzi mlad\u0161\u00edmi pou\u017e\u00edvate\u013emi. Tu je nieko\u013eko k\u013e\u00fa\u010dov\u00fdch podrobnost\u00ed o LSD u\u010dite\u013eovi:   <\/p>\n<ul>\n<li>Pribli\u017ene 10 % \u013eud\u00ed v USA niekedy od roku 2017 vysk\u00fa\u0161alo Teacher\u2019s Gaze LSD, pri\u010dom 0,7 % ho u\u017eilo v minulom roku. Jeho pou\u017e\u00edvanie bolo najroz\u0161\u00edrenej\u0161ie od 60. do 80. rokov 20. storo\u010dia. U\u010dite\u013esk\u00fd poh\u013ead LSD sa zvy\u010dajne prehltne alebo umiestni pod jazyk, \u010dasto sa distribuuje na pijav\u00fd papier.  <\/li>\n<\/ul>\n<h3>K\u013e\u00fa\u010dov\u00e9 inform\u00e1cie pre n\u00e1kup 155 mcg u\u010dite\u013esk\u00e9ho poh\u013eadu online<\/h3>\n<p> Pri n\u00e1kupe 155 mcg Teacher\u2019s Gaze je zvy\u010dajne zmie\u0161an\u00fd s 99% azt\u00e9ckym kri\u0161t\u00e1\u013eom. Je zn\u00e1me, \u017ee t\u00e1to l\u00e1tka r\u00fdchlo op\u00fa\u0161\u0165a krvn\u00fd obeh, ak je vstreknut\u00e1.  <\/p>\n<h4>Ved\u013eaj\u0161ie \u00fa\u010dinky 155 mcg u\u010dite\u013esk\u00e9ho poh\u013eadu<\/h4>\n<ul>\n<li>Halucin\u00e1cie s\u00fa be\u017en\u00fdm efektom poh\u013eadu u\u010dite\u013ea.<\/li>\n<li>Pou\u017e\u00edvatelia m\u00f4\u017eu ma\u0165 probl\u00e9my so sp\u00e1nkom.<\/li>\n<\/ul>\n<h3>Z\u00e1ver<\/h3>\n<p> U\u010dite\u013esk\u00fd poh\u013ead je ob\u013e\u00faben\u00fdm produktom medzi t\u00edned\u017eermi, \u010dasto pova\u017eovan\u00fd za drogu na p\u00e1rty kv\u00f4li svojim halucinog\u00e9nnym \u00fa\u010dinkom, \u010d\u00edm sa odli\u0161uje od in\u00fdch produktov LSD. LSD, be\u017ene ozna\u010dovan\u00e9 ako \u201ekyselina\u201c, je zn\u00e1me t\u00fdm, \u017ee vyvol\u00e1va v\u00fdznamn\u00e9 zmeny vo vn\u00edman\u00ed. U\u010dite\u013esk\u00fd poh\u013ead LSD je siln\u00e1 l\u00e1tka meniaca n\u00e1ladu odvoden\u00e1 od kyseliny lysergovej, ktor\u00e1 poch\u00e1dza z n\u00e1me\u013eovej huby nach\u00e1dzaj\u00facej sa na obilnin\u00e1ch, ako je ra\u017e. Vyr\u00e1ba sa v neleg\u00e1lnych laborat\u00f3ri\u00e1ch, preva\u017ene v USA, kde sa premie\u0148a na kvapalinu na distrib\u00faciu. Typicky je bezfarebn\u00fd, bez z\u00e1pachu a m\u00e1 mierne hork\u00fa chu\u0165.     &nbsp;<\/p>\n","protected":false},"excerpt":{"rendered":"<p>\u010ce\u013ea\u010f rastl\u00edn Apocynaceae zah\u0155\u0148a druhy ako Tabernanthe iboga, Voacanga africana a Tabernaemontana undulata, ktor\u00e9 obsahuj\u00fa prirodzene sa vyskytuj\u00facu halucinog\u00e9nnu zl\u00fa\u010deninu iboga\u00edn. Psychedelick\u00e1 droga s disocia\u010dn\u00fdmi \u00fa\u010dinkami. <\/p>\n","protected":false},"featured_media":19197,"comment_status":"closed","ping_status":"closed","template":"","meta":{"om_disable_all_campaigns":false,"_sitemap_exclude":false,"_sitemap_priority":"","_sitemap_frequency":"","_monsterinsights_skip_tracking":false,"_monsterinsights_sitenote_active":false,"_monsterinsights_sitenote_note":"","_monsterinsights_sitenote_category":0},"product_cat":[26143],"product_tag":[26553,26549,26548,26559,26558,26560,26567,26565,26566,26569,26557,26556,26554,26564,26562,26570,26568,26550,26555,26547,26563,26551,26561,26552],"class_list":{"0":"post-31196","1":"product","2":"type-product","3":"status-publish","4":"has-post-thumbnail","6":"product_cat-lsd-sk","7":"product_tag-155-mcg-ucitelsky-pohlad-self-laid","8":"product_tag-99-cisty-aztecky-kristal-online","9":"product_tag-99-cisty-aztecky-krystal-sk","10":"product_tag-99-cisty-aztecky-kristal-doprava-zadarmo-v-europe","11":"product_tag-99-cisty-aztecky-kristal-eu","12":"product_tag-99-cisty-aztecky-kristal-europa","13":"product_tag-99-cisty-aztecky-kristal-europa-dodavka","14":"product_tag-99-cisty-aztecky-kristal-europa-obchod","15":"product_tag-99-cisty-aztecky-kristal-europa-zlava","16":"product_tag-99-cisty-aztecky-kristal-europski-dodavatelia","17":"product_tag-99-cisty-aztecky-kristal-najlepsia-cena-v-europe","18":"product_tag-99-cisty-aztecky-kristal-online-europa","19":"product_tag-99-cisty-aztecky-kristal-online-predaj","20":"product_tag-99-cisty-aztecky-kristal-v-europe","21":"product_tag-99-pure-aztec-crystal-internetovy-obchod-europa","22":"product_tag-99-pure-aztec-crystal-recenzia-europy","23":"product_tag-autenticky-pohlad-ucitela-155-mcg-self-laid","24":"product_tag-kde-kupit-155-mcg-teachers-gaze-self-laid","25":"product_tag-kolko-je-155-mcg-teachers-gaze-self-laid","26":"product_tag-kupte-si-155-mcg-teachers-gaze-self-laid","27":"product_tag-lacny-155-mcg-teachers-gaze-self-laid","28":"product_tag-objednajte-si-155-mcg-teachers-gaze-self-laid","29":"product_tag-predaj-99-cisteho-azteckeho-kristalu-v-europe","30":"product_tag-ucinky-pohladu-ucitela-155-mcg-self-laid","32":"first","33":"instock","34":"shipping-taxable","35":"purchasable","36":"product-type-variable","37":"farmacie-col"},"aioseo_notices":[],"_links":{"self":[{"href":"https:\/\/lacasadelamedicina.es\/sk\/wp-json\/wp\/v2\/product\/31196"}],"collection":[{"href":"https:\/\/lacasadelamedicina.es\/sk\/wp-json\/wp\/v2\/product"}],"about":[{"href":"https:\/\/lacasadelamedicina.es\/sk\/wp-json\/wp\/v2\/types\/product"}],"replies":[{"embeddable":true,"href":"https:\/\/lacasadelamedicina.es\/sk\/wp-json\/wp\/v2\/comments?post=31196"}],"wp:featuredmedia":[{"embeddable":true,"href":"https:\/\/lacasadelamedicina.es\/sk\/wp-json\/wp\/v2\/media\/19197"}],"wp:attachment":[{"href":"https:\/\/lacasadelamedicina.es\/sk\/wp-json\/wp\/v2\/media?parent=31196"}],"wp:term":[{"taxonomy":"product_cat","embeddable":true,"href":"https:\/\/lacasadelamedicina.es\/sk\/wp-json\/wp\/v2\/product_cat?post=31196"},{"taxonomy":"product_tag","embeddable":true,"href":"https:\/\/lacasadelamedicina.es\/sk\/wp-json\/wp\/v2\/product_tag?post=31196"}],"curies":[{"name":"wp","href":"https:\/\/api.w.org\/{rel}","templated":true}]}}