{"id":31181,"date":"2024-08-09T14:02:42","date_gmt":"2024-08-09T14:02:42","guid":{"rendered":"https:\/\/lacasadelamedicina.es\/product\/kupte-si-california-sunshine-online\/"},"modified":"2024-08-09T14:02:42","modified_gmt":"2024-08-09T14:02:42","slug":"kupte-si-california-sunshine-online","status":"publish","type":"product","link":"https:\/\/lacasadelamedicina.es\/sk\/produkt\/kupte-si-california-sunshine-online\/","title":{"rendered":"K\u00fapte si California Sunshine online"},"content":{"rendered":"<h2>K\u00fapte si California Sunshine online<\/h2>\n<p> California Sunshine \u2013 100 kariet. K\u00fapte si California Sunshine LSD online. Ikonick\u00fd, niekedy mylne pova\u017eovan\u00fd za oran\u017eov\u00e9 slne\u010dn\u00e9 l\u00fa\u010de, s jasn\u00fdmi farbami a \u00fa\u017easn\u00fdmi detailmi, tento pijav\u00fd pijav\u00edk je mo\u017en\u00e9 vidie\u0165 d\u00e1vkova\u0165 po celom svete od 80. rokov minul\u00e9ho storo\u010dia a je absol\u00fatnym klenotom v hist\u00f3rii LSD.  <\/p>\n<h2>K\u00fapte si California Sunshine LSD online<\/h2>\n<p> P\u00f4vodn\u00fd oran\u017eov\u00fd sunshine LSD vytvorili po v\u00fdlete s vysokou d\u00e1vkou kyseliny, kde vn\u00fatorn\u00fd hlas povedal Nicholasovi Sandovi, \u017ee jeho \u00falohou v \u017eivote je urobi\u0165 psychedelick\u00fd a zapn\u00fa\u0165 svet. K\u00fapi\u0165 California Sunshine LSD Online LSD (dietylamid kyseliny lysergovej), prv\u00fd syntetizovan\u00fd v roku 1938 je silnou psychoakt\u00edvnou l\u00e1tkou. Je umelo vyroben\u00fd z kyseliny lysergovej, ktor\u00e1 poch\u00e1dza z n\u00e1me\u013eu, huby, ktor\u00e1 rastie na ra\u017ei a in\u00fdch obilnin\u00e1ch. Kv\u00f4li jeho vysokej \u00fa\u010dinnosti sa d\u00e1vky LSD zvy\u010dajne meraj\u00fa v mikrogramoch (mcg). \u00da\u010dinky LSD, \u010dasto ozna\u010dovan\u00e9 ako \u201ev\u00fdlet\u201c, sa m\u00f4\u017eu pohybova\u0165 od stimuluj\u00facich a pr\u00edjemn\u00fdch a\u017e po zmeny mysle. M\u00f4\u017eu v\u0161ak vies\u0165 aj k nepr\u00edjemn\u00fdm alebo niekedy desiv\u00fdm z\u00e1\u017eitkom zn\u00e1mym ako \u201ebad trip V USA je LSD klasifikovan\u00e1 ako nez\u00e1konn\u00e1 l\u00e1tka a je ozna\u010den\u00e1 \u00daradom pre presadzovanie drog (DEA) ako droga zo zoznamu I. T\u00e1to klasifik\u00e1cia znamen\u00e1, \u017ee LSD sa pova\u017euje za l\u00e1tku s vysok\u00fdm potenci\u00e1lom zneu\u017eitia, nem\u00e1 akceptovan\u00e9 medic\u00ednske vyu\u017eitie a nepova\u017euje sa za bezpe\u010dn\u00e9 na pou\u017eitie pod lek\u00e1rskym doh\u013eadom. Napriek svojmu statusu pod\u013ea Schedule I sa obnovil z\u00e1ujem o sk\u00famanie potenci\u00e1lnych terapeutick\u00fdch aplik\u00e1ci\u00ed pre LSD, ako napr\u00edklad pri lie\u010dbe alkoholizmu a depresie. Prebiehaj\u00face \u0161t\u00fadie, ktor\u00e9 dodr\u017eiavaj\u00fa modern\u00e9 v\u00fdskumn\u00e9 \u0161tandardy, m\u00f4\u017eu zlep\u0161i\u0165 na\u0161e ch\u00e1panie mo\u017en\u00fdch v\u00fdhod LSD.<\/p>\n","protected":false},"excerpt":{"rendered":"<h2>K\u00fapte si California Sunshine LSD online<\/h2>\n<p> LSD sa dod\u00e1va v \u0161trukt\u00fare podobnej sklu a potom sa zmie\u0161a s in\u00fdmi latentn\u00fdmi fix\u00e1ciami alebo sa oslab\u00ed ako tekutina na vytvorenie v po\u017e\u00edvate\u013en\u00fdch \u0161trukt\u00farach. Je neparfumovan\u00fd, bez\u00fate\u0161n\u00fd a m\u00e1 trochu drsn\u00fa chu\u0165. <\/p>\n","protected":false},"featured_media":19287,"comment_status":"open","ping_status":"closed","template":"","meta":{"om_disable_all_campaigns":false,"_sitemap_exclude":false,"_sitemap_priority":"","_sitemap_frequency":"","_monsterinsights_skip_tracking":false,"_monsterinsights_sitenote_active":false,"_monsterinsights_sitenote_note":"","_monsterinsights_sitenote_category":0},"product_cat":[26143],"product_tag":[26146,26144,26145],"class_list":{"0":"post-31181","1":"product","2":"type-product","3":"status-publish","4":"has-post-thumbnail","6":"product_cat-lsd-sk","7":"product_tag-kde-kupit-california-sunshine-online","8":"product_tag-kupte-si-california-sunshine-sk","9":"product_tag-kupte-si-california-sunshine-online-sk","11":"first","12":"instock","13":"shipping-taxable","14":"purchasable","15":"product-type-simple","16":"farmacie-col"},"aioseo_notices":[],"_links":{"self":[{"href":"https:\/\/lacasadelamedicina.es\/sk\/wp-json\/wp\/v2\/product\/31181"}],"collection":[{"href":"https:\/\/lacasadelamedicina.es\/sk\/wp-json\/wp\/v2\/product"}],"about":[{"href":"https:\/\/lacasadelamedicina.es\/sk\/wp-json\/wp\/v2\/types\/product"}],"replies":[{"embeddable":true,"href":"https:\/\/lacasadelamedicina.es\/sk\/wp-json\/wp\/v2\/comments?post=31181"}],"wp:featuredmedia":[{"embeddable":true,"href":"https:\/\/lacasadelamedicina.es\/sk\/wp-json\/wp\/v2\/media\/19287"}],"wp:attachment":[{"href":"https:\/\/lacasadelamedicina.es\/sk\/wp-json\/wp\/v2\/media?parent=31181"}],"wp:term":[{"taxonomy":"product_cat","embeddable":true,"href":"https:\/\/lacasadelamedicina.es\/sk\/wp-json\/wp\/v2\/product_cat?post=31181"},{"taxonomy":"product_tag","embeddable":true,"href":"https:\/\/lacasadelamedicina.es\/sk\/wp-json\/wp\/v2\/product_tag?post=31181"}],"curies":[{"name":"wp","href":"https:\/\/api.w.org\/{rel}","templated":true}]}}