{"id":31176,"date":"2024-08-09T14:02:42","date_gmt":"2024-08-09T14:02:42","guid":{"rendered":"https:\/\/lacasadelamedicina.es\/product\/kupte-si-den-bicyklov-alberta-hofmanna-1943-online\/"},"modified":"2024-08-09T14:02:42","modified_gmt":"2024-08-09T14:02:42","slug":"kupte-si-den-bicyklov-alberta-hofmanna-1943-online","status":"publish","type":"product","link":"https:\/\/lacasadelamedicina.es\/sk\/produkt\/kupte-si-den-bicyklov-alberta-hofmanna-1943-online\/","title":{"rendered":"K\u00fapte si De\u0148 bicyklov Alberta Hofmanna 1943 online"},"content":{"rendered":"<h2>K\u00fapte si De\u0148 bicyklov Alberta Hofmanna 1943 online<\/h2>\n<p> \u201eK\u00fasok po k\u00fasku som si mohol za\u010da\u0165 u\u017e\u00edva\u0165 neb\u00fdval\u00e9 farby a hry tvarov, ktor\u00e9 pretrv\u00e1vali za mojimi zavret\u00fdmi o\u010dami. Vrhli sa na m\u0148a kaleidoskopick\u00e9 fantastick\u00e9 obrazy, ktor\u00e9 sa striedali, pestovali, otv\u00e1rali a potom uzatv\u00e1rali do kruhov a \u0161pir\u00e1l, explodovali vo farebn\u00fdch font\u00e1nach, preskupovali sa a hybridizovali v neust\u00e1lom toku.\u201c<\/p>\n","protected":false},"excerpt":{"rendered":"<p>K\u00fapte si De\u0148 bicyklov Alberta Hofmanna 1943 online \u201eK\u00fasok po k\u00fasku som si mohol za\u010da\u0165 u\u017e\u00edva\u0165 neb\u00fdval\u00e9 farby a hry tvarov, ktor\u00e9 pretrv\u00e1vali za mojimi zavret\u00fdmi o\u010dami. Vrhli sa na m\u0148a kaleidoskopick\u00e9 fantastick\u00e9 obrazy, ktor\u00e9 sa striedali, pestovali, otv\u00e1rali a potom uzatv\u00e1rali do kruhov a \u0161pir\u00e1l, explodovali vo farebn\u00fdch font\u00e1nach, preskupovali sa a hybridizovali v [&hellip;]<\/p>\n","protected":false},"featured_media":19257,"comment_status":"open","ping_status":"closed","template":"","meta":{"om_disable_all_campaigns":false,"_sitemap_exclude":false,"_sitemap_priority":"","_sitemap_frequency":"","_monsterinsights_skip_tracking":false,"_monsterinsights_sitenote_active":false,"_monsterinsights_sitenote_note":"","_monsterinsights_sitenote_category":0},"product_cat":[26143],"product_tag":[26454,26446,26451,26443,26453,26449,26441,26448,26450,26452,26444,26435,26439,26433,26434,26440,26447,26442,26436,26438,26445,26437],"class_list":{"0":"post-31176","1":"product","2":"type-product","3":"status-publish","4":"has-post-thumbnail","6":"product_cat-lsd-sk","7":"product_tag-albert-hofmann-bicycle-day-1943-europe-review-sk","8":"product_tag-albert-hofmann-bicycle-day-1943-internetovy-obchod-europe","9":"product_tag-albert-hofmann-den-bicyklov-1943-dodavka-po-europe","10":"product_tag-albert-hofmann-den-bicyklov-1943-doprava-zadarmo-v-europe","11":"product_tag-albert-hofmann-den-bicyklov-1943-europski-dodavatelia","12":"product_tag-albert-hofmann-den-bicyklov-1943-europsky-obchod","13":"product_tag-albert-hofmann-den-bicyklov-1943-najlepsia-cena-v-europe","14":"product_tag-albert-hofmann-den-bicyklov-1943-v-europe-ponuky","15":"product_tag-albert-hofmann-den-bicyklov-1943-zlava-v-europe","16":"product_tag-autenticky-den-bicyklov-alberta-hofmanna-1943-v-europe","17":"product_tag-kde-kupit-albert-hofmann-bicycle-day-1943-europe","18":"product_tag-kde-kupit-albert-hofmann-bicycle-day-1943-online","19":"product_tag-kolko-stoji-den-bicyklov-alberta-hofmanna-1943","20":"product_tag-kupit-den-bicyklov-alberta-hofmanna-1943","21":"product_tag-kupte-si-den-bicyklov-alberta-hofmanna-1943-online","22":"product_tag-kupte-si-den-bicyklov-alberta-hofmanna-1943-online-europa","23":"product_tag-lacny-den-bicyklov-alberta-hofmanna-1943-v-europe","24":"product_tag-objednajte-si-den-bicyklov-alberta-hofmanna-1943-eu","25":"product_tag-objednajte-si-den-bicyklov-alberta-hofmanna-1943-online","26":"product_tag-predaj-bicyklov-albert-hofmann-day-1943-online","27":"product_tag-predaj-bicyklov-albert-hofmann-day-1943-v-europe","28":"product_tag-ucinky-dna-bicyklov-alberta-hofmanna-1943","30":"first","31":"instock","32":"shipping-taxable","33":"purchasable","34":"product-type-simple","35":"farmacie-col"},"aioseo_notices":[],"_links":{"self":[{"href":"https:\/\/lacasadelamedicina.es\/sk\/wp-json\/wp\/v2\/product\/31176"}],"collection":[{"href":"https:\/\/lacasadelamedicina.es\/sk\/wp-json\/wp\/v2\/product"}],"about":[{"href":"https:\/\/lacasadelamedicina.es\/sk\/wp-json\/wp\/v2\/types\/product"}],"replies":[{"embeddable":true,"href":"https:\/\/lacasadelamedicina.es\/sk\/wp-json\/wp\/v2\/comments?post=31176"}],"wp:featuredmedia":[{"embeddable":true,"href":"https:\/\/lacasadelamedicina.es\/sk\/wp-json\/wp\/v2\/media\/19257"}],"wp:attachment":[{"href":"https:\/\/lacasadelamedicina.es\/sk\/wp-json\/wp\/v2\/media?parent=31176"}],"wp:term":[{"taxonomy":"product_cat","embeddable":true,"href":"https:\/\/lacasadelamedicina.es\/sk\/wp-json\/wp\/v2\/product_cat?post=31176"},{"taxonomy":"product_tag","embeddable":true,"href":"https:\/\/lacasadelamedicina.es\/sk\/wp-json\/wp\/v2\/product_tag?post=31176"}],"curies":[{"name":"wp","href":"https:\/\/api.w.org\/{rel}","templated":true}]}}