{"id":31142,"date":"2024-08-09T14:02:43","date_gmt":"2024-08-09T14:02:43","guid":{"rendered":"https:\/\/lacasadelamedicina.es\/product\/kupte-si-pentobarbitalovy-intravenozny-roztok-online\/"},"modified":"2024-08-09T14:02:43","modified_gmt":"2024-08-09T14:02:43","slug":"kupte-si-pentobarbitalovy-intravenozny-roztok-online","status":"publish","type":"product","link":"https:\/\/lacasadelamedicina.es\/sk\/produkt\/kupte-si-pentobarbitalovy-intravenozny-roztok-online\/","title":{"rendered":"K\u00fapte si pentobarbitalov\u00fd intraven\u00f3zny roztok online"},"content":{"rendered":"<h2>K\u00fapte si intraven\u00f3zny roztok pentobarbitalu<\/h2>\n<p> Existuje mnoho druhov barbitur\u00e1tov a pentobarbitalov\u00fd intraven\u00f3zny roztok je len jedn\u00fdm z nich. V lek\u00e1rni Dr. Law Sons poskytujeme komplexn\u00e9 inform\u00e1cie o tomto lieku, ktor\u00e9 v\u00e1m pom\u00f4\u017eu pochopi\u0165 jeho pou\u017eitie a \u00fa\u010dinky.  <\/p>\n<h3>\u010co je pentobarbital?<\/h3>\n<p> Pentobarbital je barbitur\u00e1t, ktor\u00fd tlm\u00ed centr\u00e1lny nervov\u00fd syst\u00e9m (CNS) a mozog. Prim\u00e1rne sa predpisuje sk\u00f4r na navodenie sp\u00e1nku ne\u017e ako sedat\u00edvum. Rovnako ako ostatn\u00e9 barbitur\u00e1ty, jeho \u00fa\u010dinnos\u0165 sa m\u00f4\u017ee pri dlhodobom pou\u017e\u00edvan\u00ed zni\u017eova\u0165, \u010dasto sa st\u00e1va menej \u00fa\u010dinn\u00fdm po dvoch t\u00fd\u017ed\u0148och. Lie\u010divo m\u00e1 pol\u010das rozpadu od 5 do 50 hod\u00edn v z\u00e1vislosti od d\u00e1vkovania. Kedysi \u0161iroko dostupn\u00fd pentobarbital je dnes vz\u00e1cny a drah\u00fd, ke\u010f\u017ee sa u\u017e v mnoh\u00fdch krajin\u00e1ch be\u017ene nepou\u017e\u00edva ako anestetikum.     <\/p>\n<h3>Psychologick\u00e9 a fyziologick\u00e9 \u00fa\u010dinky pentobarbitalu<\/h3>\n<p> Pentobarbital m\u00f4\u017ee sp\u00f4sobi\u0165 r\u00f4zne fyziologick\u00e9 \u00fa\u010dinky, vr\u00e1tane: <\/p>\n<ul>\n<li>Zn\u00ed\u017een\u00fd arteri\u00e1lny tlak<\/li>\n<li>Perif\u00e9rna vazodilat\u00e1cia<\/li>\n<li>Zmenen\u00e1 srdcov\u00e1 frekvencia<\/li>\n<li>Depresia srdcov\u00e9ho v\u00fddaja<\/li>\n<li>Zn\u00ed\u017een\u00e1 odozva vazopresorov<\/li>\n<\/ul>\n<p> V kontexte v\u00fdskumu m\u00f4\u017ee ovplyvni\u0165 premenn\u00e9, ako je po\u0161kodenie myokardu po podviazan\u00ed koron\u00e1rnej art\u00e9rie. Lie\u010divo poskytuje h\u013abku sed\u00e1cie podobn\u00fa Jorgensenovej technike s \u00fa\u010dinkom trvaj\u00facim 2-4 hodiny. Ako tlmiv\u00fd prostriedok na CNS m\u00f4\u017ee sp\u00f4sobi\u0165, \u017ee jednotlivci s\u00fa citlivej\u0161\u00ed na podnety. Po cel\u00e9 desa\u0165ro\u010dia bol pentobarbital \u0161tandardn\u00fdm anestetikom pre laborat\u00f3rne zvierat\u00e1. \u00da\u010dinn\u00e1 anest\u00e9zia u laborat\u00f3rnych zvierat sa dosiahne d\u00e1vkami bl\u00edzkymi d\u00e1vkam, ktor\u00e9 by mohli sp\u00f4sobi\u0165 respira\u010dn\u00e9 zlyhanie, pod\u00e1van\u00fdmi pomaly intraven\u00f3znou injekciou. Hoci pentobarbital u\u017e nie je komer\u010dne dostupn\u00fd na anest\u00e9ziu vo v\u00e4\u010d\u0161ine kraj\u00edn, st\u00e1le ho mo\u017eno z\u00edska\u0165 od licencovan\u00fdch dod\u00e1vate\u013eov, ako je Dr. Law Sons Pharmacy pre \u0161pecifick\u00e9 potreby v\u00fdskumu.      <\/p>\n<h2>M\u00f4\u017eete lie\u010di\u0165 pred\u00e1vkovanie pentobarbitalom?<\/h2>\n<p> Pred\u00e1vkovanie ak\u00fdmko\u013evek barbitur\u00e1tom m\u00f4\u017ee by\u0165 mimoriadne smrte\u013en\u00e9. V\u017edy by ste mali informova\u0165 svojho lek\u00e1ra, ak si mysl\u00edte, \u017ee ste citliv\u00fd na barbitur\u00e1ty alebo ak ste v minulosti u\u017e\u00edvali drogy. Mali by ste tie\u017e poveda\u0165 lek\u00e1rovi, ak m\u00e1te ochorenie pe\u010dene alebo obli\u010diek, porf\u00fdriu, chronick\u00fa ob\u0161truk\u010dn\u00fa chorobu p\u013e\u00fac, nekontrolovan\u00fa astmu alebo m\u00e1te v anamn\u00e9ze du\u0161evn\u00e9 zdravie alebo chronick\u00e9 ochorenie. Ak sa milovan\u00e1 osoba alebo bl\u00edzka osoba pred\u00e1vkovala pentobarbitalom, nesna\u017ete sa ju prin\u00fati\u0165 zvraca\u0165. Mali by ste okam\u017eite vyh\u013eada\u0165 lek\u00e1rsku pomoc. Lie\u010dba pred\u00e1vkovania pentobarbitalom v\u00e4\u010d\u0161inou zah\u0155\u0148a podporn\u00fa pomoc. Ni\u017e\u0161ie s\u00fa uveden\u00e9 niektor\u00e9 z podporn\u00fdch postupov:       <\/p>\n<ul>\n<li>Kontrola be\u017en\u00fdch pr\u00edznakov pred\u00e1vkovania<\/li>\n<li>Pozorovanie vstupu a v\u00fdstupu tekutiny<\/li>\n<li>Uistite sa, \u017ee m\u00e1te dostatok kysl\u00edka<\/li>\n<li>Uistite sa, \u017ee obe\u0165 je v\u017edy v bezpe\u010d\u00ed<\/li>\n<li>Kontrola pr\u00edznakov \u0161oku<\/li>\n<li>Kontrola \u00farovne vedomia<\/li>\n<li>Hemodial\u00fdza m\u00f4\u017ee by\u0165 potrebn\u00e1 na odstr\u00e1nenie lieku zo syst\u00e9mu, ak existuje abnorm\u00e1lna funkcia obli\u010diek<\/li>\n<li>Zv\u00fd\u0161enie pr\u00edjmu tekut\u00edn<\/li>\n<li>Zabezpe\u010denie vylu\u010dovania pentobarbitalu obli\u010dkami<\/li>\n<li>Za\u010dnite antibiotick\u00fa lie\u010dbu v pr\u00edpade, \u017ee obe\u0165 m\u00e1 z\u00e1pal p\u013e\u00fac<\/li>\n<li>Pon\u00faka starostlivos\u0165, ktor\u00e1 m\u00f4\u017ee zlep\u0161i\u0165 du\u0161evn\u00fa bdelos\u0165 a vyrie\u0161i\u0165 ak\u00e9ko\u013evek zn\u00e1mky ovplyvnen\u00e9ho myslenia<\/li>\n<li>Kontrola mo\u017en\u00fdch probl\u00e9mov, ako je zlyhanie obli\u010diek, p\u013e\u00facny ed\u00e9m, arytmie a kongest\u00edvne srdcov\u00e9 probl\u00e9my.<\/li>\n<\/ul>\n<h3>Ved\u013eaj\u0161ie \u00fa\u010dinky pentobarbitalu<\/h3>\n<p> Ke\u010f u\u017e\u00edvate pentobarbital, pravdepodobne sa u v\u00e1s objav\u00ed nieko\u013eko ved\u013eaj\u0161\u00edch \u00fa\u010dinkov. Niektor\u00e9 m\u00f4\u017eu by\u0165 mierne, zatia\u013e \u010do in\u00e9 s\u00fa z\u00e1va\u017en\u00e9. V\u00e4\u010d\u0161inu ved\u013eaj\u0161\u00edch \u00fa\u010dinkov sme uviedli tu. Pam\u00e4tajte, \u017ee toto nie je \u00fapln\u00fd zoznam ved\u013eaj\u0161\u00edch \u00fa\u010dinkov. Patria medzi ne: zm\u00e4tenos\u0165, no\u010dn\u00e9 mory, \u00fazkos\u0165, abnorm\u00e1lne myslenie, nevo\u013enos\u0165, z\u00e1pcha, hor\u00fa\u010dka, nepokoj, halucin\u00e1cie, nervozita, nespavos\u0165, z\u00e1vraty, nevo\u013enos\u0165, vracanie a bolesti hlavy, medzi in\u00fdmi.     <\/p>\n<h3>M\u00f4\u017eete sa sta\u0165 z\u00e1visl\u00fdm na pentobarbitalovom intraven\u00f3znom roztoku?<\/h3>\n<p> Rovnako ako v\u00e4\u010d\u0161ina barbitur\u00e1tov, aj pentobarbital je ve\u013emi n\u00e1vykov\u00fd. Vyhnite sa u\u017e\u00edvaniu lieku vo v\u00e4\u010d\u0161\u00edch d\u00e1vkach, ako je po\u017eadovan\u00e9, alebo dlh\u0161ie, ako je potrebn\u00e9. Okrem toho, ke\u010f prestanete u\u017e\u00edva\u0165 liek, uistite sa, \u017ee ste sa poradili s lek\u00e1rom. Pentobarbital m\u00f4\u017ee sp\u00f4sobi\u0165 z\u00e1va\u017en\u00e9 abstinen\u010dn\u00e9 pr\u00edznaky, ako s\u00fa z\u00e1vraty, nespavos\u0165, mdloby a \u010fal\u0161ie a lek\u00e1r vie, ako d\u00e1vku zni\u017eova\u0165 postupne, aby ste netrpeli t\u00fdmito abstinen\u010dn\u00fdmi pr\u00edznakmi.    <\/p>\n<h3>M\u00f4\u017eete z\u00edska\u0165 pentobarbital leg\u00e1lne?<\/h3>\n<p> Pentobarbital je jedn\u00fdm z m\u00e1la barbitur\u00e1tov, ktor\u00e9 si m\u00f4\u017eete k\u00fapi\u0165 leg\u00e1lne. Je v\u0161ak potrebn\u00e9 poznamena\u0165, \u017ee po\u010det spolo\u010dnost\u00ed, ktor\u00e9 vyr\u00e1baj\u00fa pentobarbital, sa drasticky zn\u00ed\u017eil, \u010do s\u0165a\u017eilo z\u00edskanie tohto lieku. Aby ste si mohli k\u00fapi\u0165 tento liek, potrebujete odpor\u00fa\u010danie \/ predpis lek\u00e1ra.   <\/p>\n<h3>M\u00f4\u017eete si k\u00fapi\u0165 pentobarbital online?<\/h3>\n<p> Ak h\u013ead\u00e1te pentobarbital vo vyh\u013ead\u00e1va\u010doch, z\u00edskate ve\u013ea online predajcov, ktor\u00ed pred\u00e1vaj\u00fa pentobarbital a in\u00e9 barbitur\u00e1ty. Mali by ste v\u0161ak vedie\u0165, \u017ee pentobarbital a in\u00e9 barbitur\u00e1ty s\u00fa v mnoh\u00fdch krajin\u00e1ch kontrolovan\u00fdmi drogami. Ak m\u00e1te v pl\u00e1ne k\u00fapi\u0165 pentobarbital online, uistite sa, \u017ee ste pred n\u00e1kupom urobili spr\u00e1vny prieskum. \u010c\u00edtanie mnoh\u00fdch recenzi\u00ed tie\u017e zaru\u010duje, \u017ee nakupujete od legit\u00edmneho kupuj\u00faceho.<\/p>\n","protected":false},"excerpt":{"rendered":"<p>K\u00fapte si Nembutal Pentobarbital smrtiaci injek\u010dn\u00fd roztok online. K dispoz\u00edcii v koncentr\u00e1cii 50 mg\/ml, roztok sa dod\u00e1va v 20 ml a 50 ml injek\u010dn\u00fdch liekovk\u00e1ch. Vyberte si po\u017eadovan\u00e9 mno\u017estvo a vlo\u017ete ho do ko\u0161\u00edka. Pon\u00fakame r\u00fdchle a zaru\u010den\u00e9 diskr\u00e9tne doru\u010denie pre v\u0161etky objedn\u00e1vky.   <\/p>\n","protected":false},"featured_media":19722,"comment_status":"open","ping_status":"closed","template":"","meta":{"om_disable_all_campaigns":false,"_sitemap_exclude":false,"_sitemap_priority":"","_sitemap_frequency":"","_monsterinsights_skip_tracking":false,"_monsterinsights_sitenote_active":false,"_monsterinsights_sitenote_note":"","_monsterinsights_sitenote_category":0},"product_cat":[26068],"product_tag":[26327,26320,26329,26319,26310,26314,26308,26309,26315,26322,26311,26317,26313,26324,26321,26326,26318,26323,26325,26328,26316,26312],"class_list":{"0":"post-31142","1":"product","2":"type-product","3":"status-publish","4":"has-post-thumbnail","6":"product_cat-pentobarbital-sodny-nembutal-sk","7":"product_tag-autenticky-intravenozny-roztok-pentobarbitalu-europa","8":"product_tag-intravenozny-roztok-pentobarbitalu-europa-predaj","9":"product_tag-intravenozny-roztok-pentobarbitalu-v-europe-prehlad","10":"product_tag-kde-kupit-pentobarbital-intravenozny-roztok-europa","11":"product_tag-kde-kupit-pentobarbitalovy-intravenozny-roztok-online","12":"product_tag-kolko-je-pentobarbital-intravenozny-roztok","13":"product_tag-kupte-si-intravenozny-roztok-pentobarbitalu","14":"product_tag-kupte-si-intravenozny-roztok-pentobarbitalu-online","15":"product_tag-kupte-si-intravenozny-roztok-pentobarbitalu-online-europa","16":"product_tag-lacny-pentobarbitalovy-intravenozny-roztok-europa","17":"product_tag-objednajte-si-intravenozny-roztok-pentobarbitalu-online","18":"product_tag-objednajte-si-pentobarbitalovy-intravenozny-roztok-eu","19":"product_tag-online-predaj-intravenozneho-roztoku-pentobarbitalu","20":"product_tag-pentobarbital-intravenozny-roztok-europe-shop","21":"product_tag-pentobarbital-intravenozny-roztok-internetovy-obchod-europa","22":"product_tag-pentobarbitalovy-intravenozny-roztok-dodavka-do-europy","23":"product_tag-pentobarbitalovy-intravenozny-roztok-doprava-zadarmo-v-europe","24":"product_tag-pentobarbitalovy-intravenozny-roztok-europa-ponuka","25":"product_tag-pentobarbitalovy-intravenozny-roztok-europa-zlava","26":"product_tag-pentobarbitalovy-intravenozny-roztok-europski-dodavatelia","27":"product_tag-pentobarbitalovy-intravenozny-roztok-najlepsia-cena-v-europe","28":"product_tag-ucinky-pentobarbitaloveho-intravenozneho-roztoku","30":"first","31":"instock","32":"shipping-taxable","33":"purchasable","34":"product-type-variable","35":"farmacie-col"},"aioseo_notices":[],"_links":{"self":[{"href":"https:\/\/lacasadelamedicina.es\/sk\/wp-json\/wp\/v2\/product\/31142"}],"collection":[{"href":"https:\/\/lacasadelamedicina.es\/sk\/wp-json\/wp\/v2\/product"}],"about":[{"href":"https:\/\/lacasadelamedicina.es\/sk\/wp-json\/wp\/v2\/types\/product"}],"replies":[{"embeddable":true,"href":"https:\/\/lacasadelamedicina.es\/sk\/wp-json\/wp\/v2\/comments?post=31142"}],"wp:featuredmedia":[{"embeddable":true,"href":"https:\/\/lacasadelamedicina.es\/sk\/wp-json\/wp\/v2\/media\/19722"}],"wp:attachment":[{"href":"https:\/\/lacasadelamedicina.es\/sk\/wp-json\/wp\/v2\/media?parent=31142"}],"wp:term":[{"taxonomy":"product_cat","embeddable":true,"href":"https:\/\/lacasadelamedicina.es\/sk\/wp-json\/wp\/v2\/product_cat?post=31142"},{"taxonomy":"product_tag","embeddable":true,"href":"https:\/\/lacasadelamedicina.es\/sk\/wp-json\/wp\/v2\/product_tag?post=31142"}],"curies":[{"name":"wp","href":"https:\/\/api.w.org\/{rel}","templated":true}]}}