{"id":31127,"date":"2024-08-09T14:02:43","date_gmt":"2024-08-09T14:02:43","guid":{"rendered":"https:\/\/lacasadelamedicina.es\/product\/kupte-si-lsd-filz-226-a-online\/"},"modified":"2024-08-09T14:02:43","modified_gmt":"2024-08-09T14:02:43","slug":"kupte-si-lsd-filz-226-a-online","status":"publish","type":"product","link":"https:\/\/lacasadelamedicina.es\/sk\/produkt\/kupte-si-lsd-filz-226-a-online\/","title":{"rendered":"K\u00fapte si LSD Filz 226 a online"},"content":{"rendered":"<h3>K\u00fapte si LSD Filz 226 a online<\/h3>\n<p> K\u00fapte si LSD Filz 226 ug online. Eur\u00f3pska skupina na kontrolu drog, ktor\u00e1 analyzovala t\u00fato d\u00e1vkov\u00fa jednotku LSD, vydala varovanie pred \u201evysokou d\u00e1vkou\u201c, preto\u017ee obsahuje viac ako 150 mcg LSD. <\/p>\n<h3>1P-LSD (dietylamid kyseliny 1-propionyllysergovej) \u2013 pozdvihnite svoje zmysly<\/h3>\n<p> Ste pripraven\u00ed vyda\u0165 sa na transforma\u010dn\u00fa cestu mysle? Presk\u00famajte na\u0161e pr\u00e9miov\u00e9 1P-LSD, siln\u00fa a prec\u00edzne vyroben\u00fa zmes navrhnut\u00fa tak, aby pon\u00fakala jedine\u010dn\u00fd a hlbok\u00fd psychedelick\u00fd z\u00e1\u017eitok. N\u00e1\u0161 1P-LSD je ide\u00e1lny pre t\u00fdch, ktor\u00ed h\u013eadaj\u00fa roz\u0161\u00edren\u00e9 vedomie a hlb\u0161\u00ed poh\u013ead, s\u013eubuje transcendentn\u00e9 dobrodru\u017estvo.   <strong>K\u013e\u00fa\u010dov\u00e9 vlastnosti:<\/strong><\/p>\n<ul>\n<li><strong>Potentn\u00fd psychedelick\u00fd z\u00e1\u017eitok:<\/strong> 1P-LSD je zn\u00e1my svojou schopnos\u0165ou vyvola\u0165 siln\u00e9 halucin\u00e1cie, hlbok\u00fa introspekciu a intenz\u00edvnu euf\u00f3riu. Pripravte sa na du\u0161evn\u00fa odyseu, ktor\u00e1 m\u00f4\u017ee vies\u0165 k v\u00fdznamn\u00e9mu sebaobjaveniu a duchovn\u00e9mu prebudeniu. <\/li>\n<li><strong>Pr\u00e9miov\u00e1 kvalita a \u010distota:<\/strong> Uprednost\u0148ujeme va\u0161u bezpe\u010dnos\u0165 a spokojnos\u0165. Na\u0161a 1P-LSD poch\u00e1dza z renomovan\u00fdch laborat\u00f3ri\u00ed a prech\u00e1dza pr\u00edsnym testovan\u00edm, aby bola zaisten\u00e1 najvy\u0161\u0161ia kvalita. M\u00f4\u017eete sa spo\u013eahn\u00fa\u0165, \u017ee dost\u00e1vate ten naj\u010distej\u0161\u00ed a najautentickej\u0161\u00ed produkt.  <\/li>\n<li>\u00fadaje <strong>Presn\u00e9 d\u00e1vkovanie:<\/strong> Ka\u017ed\u00fd pijav\u00e1k 1P-LSD je starostlivo d\u00e1vkovan\u00fd, aby sa zabezpe\u010dil konzistentn\u00fd a spo\u013eahliv\u00fd z\u00e1\u017eitok. N\u00e1\u0161 prec\u00edzny v\u00fdrobn\u00fd proces zaru\u010duje presn\u00e9 d\u00e1vkovanie, tak\u017ee sa m\u00f4\u017eete plne s\u00fastredi\u0165 na svoju cestu. <\/li>\n<li><strong>R\u00fdchle dodanie a diskr\u00e9tne balenie:<\/strong> Cen\u00edme si va\u0161e s\u00fakromie a v\u010dasn\u00e9 doru\u010denie. Va\u0161a objedn\u00e1vka bude diskr\u00e9tne zabalen\u00e1 na ochranu va\u0161ej anonymity a doru\u010den\u00e1 r\u00fdchlo a bezpe\u010dne. <\/li>\n<\/ul>\n<p>\u00fadaje <strong>Bezpe\u010dnostn\u00e9 opatrenia:<\/strong> Zatia\u013e \u010do 1P-LSD pon\u00faka pozoruhodn\u00fd prieskum zmenen\u00fdch stavov vedomia, je d\u00f4le\u017eit\u00e9 ho pou\u017e\u00edva\u0165 zodpovedne. Dodr\u017eujte pros\u00edm tieto bezpe\u010dnostn\u00e9 pokyny:  <\/p>\n<ol>\n<li><strong>Nastavenie a nastavenie:<\/strong> Vytvorte si pohodln\u00e9 a zn\u00e1me prostredie. Ide\u00e1lne je by\u0165 v spolo\u010dnosti d\u00f4veryhodn\u00fdch priate\u013eov alebo sprievodcov. <\/li>\n<li>\u00fadaje <strong>Spr\u00e1vne d\u00e1vkovanie:<\/strong> Dodr\u017eiavajte odpor\u00fa\u010dan\u00e9 d\u00e1vkovanie, aby ste predi\u0161li ohromuj\u00facim z\u00e1\u017eitkom. Za\u010diato\u010dn\u00edci by mali za\u010da\u0165 s n\u00edzkou d\u00e1vkou, aby sa pos\u00fadila ich citlivos\u0165. <\/li>\n<li><strong>Poznaj svoje hranice:<\/strong> Psychedelick\u00e9 z\u00e1\u017eitky m\u00f4\u017eu by\u0165 intenz\u00edvne a nepredv\u00eddate\u013en\u00e9. Uvedomte si, kedy v pr\u00edpade potreby vyh\u013eada\u0165 pomoc alebo lek\u00e1rsku pomoc. <\/li>\n<li>\u00fadaje <strong>S\u00falad s pr\u00e1vnymi predpismi:<\/strong> Pred n\u00e1kupom si overte leg\u00e1lnos\u0165 1P-LSD vo va\u0161om regi\u00f3ne. Nepodporujeme nez\u00e1konn\u00e9 alebo nezodpovedn\u00e9 pou\u017e\u00edvanie. <\/li>\n<\/ol>\n<p><strong>Rozdiely a podobnosti medzi 1P-LSD a LSD<\/strong> 1P-LSD aj LSD s\u00fa siln\u00e9 psychedelik\u00e1 s podobn\u00fdmi \u00fa\u010dinkami, existuj\u00fa v\u0161ak v\u00fdznamn\u00e9 rozdiely: <\/p>\n<ul>\n<li><strong>1P-LSD:<\/strong>\n<ul>\n<li>\u00fadaje <strong>Chemick\u00e1 \u0161trukt\u00fara:<\/strong> 1P-LSD je \u0161truktur\u00e1lny anal\u00f3g LSD, ktor\u00fd obsahuje propionylov\u00fa skupinu pripojen\u00fa k molekule dus\u00edka.<\/li>\n<li>\u00fadaje <strong>Z\u00e1kon:<\/strong> 1P-LSD, ktor\u00fd sa \u010dasto pova\u017euje za v\u00fdskumn\u00fa chemik\u00e1liu, m\u00f4\u017ee by\u0165 leg\u00e1lny v niektor\u00fdch oblastiach, kde je LSD zak\u00e1zan\u00e9. T\u00e1to pr\u00e1vna nejednozna\u010dnos\u0165 viedla k jeho dostupnosti na niektor\u00fdch trhoch. <\/li>\n<li>\u00fadaje <strong>Sila a \u00fa\u010dinky:<\/strong> Predpoklad\u00e1 sa, \u017ee jeho \u00fa\u010dinky s\u00fa takmer identick\u00e9 s LSD, vyvol\u00e1va psychedelick\u00e9 z\u00e1\u017eitky, ako s\u00fa vizu\u00e1lne skreslenia, vn\u00edmanie zmenen\u00e9ho \u010dasu, euf\u00f3ria a introspekt\u00edvne my\u0161lienky .<\/li>\n<li>\u00fadaje <strong>Bezpe\u010dnostn\u00fd profil:<\/strong> Existuje obmedzen\u00fd v\u00fdskum, ale v\u0161eobecne sa predpoklad\u00e1, \u017ee 1P-LSD m\u00e1 podobn\u00fd bezpe\u010dnostn\u00fd profil ako LSD. Rovnako ako v\u0161etky psychedelik\u00e1, treba ho pou\u017e\u00edva\u0165 opatrne. <\/li>\n<\/ul>\n<\/li>\n<li><strong>LSD:<\/strong>\n<ul>\n<li><strong>Chemick\u00e1 \u0161trukt\u00fara:<\/strong> LSD alebo dietylamid kyseliny lysergovej bol prv\u00fdkr\u00e1t syntetizovan\u00fd v roku 1938 a poch\u00e1dza z n\u00e1me\u013eovej huby.<\/li>\n<li><strong>Z\u00e1kon:<\/strong> LSD je v mnoh\u00fdch krajin\u00e1ch vr\u00e1tane USA klasifikovan\u00e1 ako l\u00e1tka kontrolovan\u00e1 pod\u013ea zoznamu I, v\u010faka \u010domu je jej v\u00fdroba, dr\u017eba alebo distrib\u00facia nez\u00e1konn\u00e1 bez riadneho opr\u00e1vnenia na v\u00fdskum .<\/li>\n<li>\u00fadaje <strong>Potencia a \u00fa\u010dinky:<\/strong> LSD je zn\u00e1me pre svoje hlbok\u00e9 psychedelick\u00e9 \u00fa\u010dinky, vr\u00e1tane intenz\u00edvnych halucin\u00e1ci\u00ed, zmenen\u00e9ho vn\u00edmania, zv\u00fd\u0161en\u00fdch em\u00f3ci\u00ed a \u010dasto mystick\u00fdch alebo duchovn\u00fdch z\u00e1\u017eitkov. \u00da\u010dinn\u00e1 d\u00e1vka je zvy\u010dajne ve\u013emi n\u00edzka. <\/li>\n<li>\u00fadaje <strong>Bezpe\u010dnostn\u00fd profil:<\/strong> LSD bolo d\u00f4kladnej\u0161ie \u0161tudovan\u00e9 a vo v\u0161eobecnosti sa pova\u017euje za bezpe\u010dn\u00e9, ak sa pou\u017e\u00edva zodpovedne. M\u00f4\u017ee v\u0161ak ma\u0165 nepredv\u00eddate\u013en\u00e9 \u00fa\u010dinky a niektor\u00ed u\u017e\u00edvatelia m\u00f4\u017eu poci\u0165ova\u0165 psychick\u00e9 \u0165a\u017ekosti. <\/li>\n<\/ul>\n<\/li>\n<\/ul>\n","protected":false},"excerpt":{"rendered":"<p>K\u00fapte si LSD Filz 226 a online K\u00fapte si LSD Filz 226 ug online. Eur\u00f3pska skupina na kontrolu drog, ktor\u00e1 analyzovala t\u00fato d\u00e1vkov\u00fa jednotku LSD, vydala varovanie pred \u201evysokou d\u00e1vkou\u201c, preto\u017ee obsahuje viac ako 150 mcg LSD. 1P-LSD (dietylamid kyseliny 1-propionyllysergovej) \u2013 pozdvihnite svoje zmysly Ste pripraven\u00ed vyda\u0165 sa na transforma\u010dn\u00fa cestu mysle? Presk\u00famajte na\u0161e [&hellip;]<\/p>\n","protected":false},"featured_media":19332,"comment_status":"closed","ping_status":"closed","template":"","meta":{"om_disable_all_campaigns":false,"_sitemap_exclude":false,"_sitemap_priority":"","_sitemap_frequency":"","_monsterinsights_skip_tracking":false,"_monsterinsights_sitenote_active":false,"_monsterinsights_sitenote_note":"","_monsterinsights_sitenote_category":0},"product_cat":[26143],"product_tag":[26229,26230,26228,26221,26212,26216,26210,26211,26217,26224,26215,26220,26227,26231,26226,26223,26218,26219,26213,26225,26222,26214],"class_list":{"0":"post-31127","1":"product","2":"type-product","3":"status-publish","4":"has-post-thumbnail","6":"product_cat-lsd-sk","7":"product_tag-autenticke-lsd-filz-226-ug-europe","8":"product_tag-dodavatelia-lsd-filz-226-ug-europa","9":"product_tag-dodavka-lsd-filz-226-ug-europa","10":"product_tag-kde-kupit-lsd-filz-226-ug-europe","11":"product_tag-kde-kupit-lsd-filz-226-ug-online","12":"product_tag-kolko-je-lsd-filz-226-ug","13":"product_tag-kupim-lsd-filz-226-ug","14":"product_tag-kupte-si-lsd-filz-226-a-online","15":"product_tag-kupte-si-lsd-filz-226-ug-online-europa","16":"product_tag-lacne-lsd-filz-226-ug-europe","17":"product_tag-lsd-filz-226-a-predaj-online","18":"product_tag-lsd-filz-226-ug-doprava-zdarma-po-europe","19":"product_tag-lsd-filz-226-ug-europa-zlava","20":"product_tag-lsd-filz-226-ug-europe-recenzia","21":"product_tag-lsd-filz-226-ug-europe-shop-sk","22":"product_tag-lsd-filz-226-ug-internetovy-obchod-europa","23":"product_tag-lsd-filz-226-ug-najlepsia-cena-v-europe","24":"product_tag-objednajte-si-lsd-filz-226-ug-eu","25":"product_tag-objednajte-si-lsd-filz-226-ug-online","26":"product_tag-ponuka-lsd-filz-226-ug-europe","27":"product_tag-predam-lsd-filz-226-ug-europa","28":"product_tag-ucinky-lsd-filz-226-ug","30":"first","31":"instock","32":"shipping-taxable","33":"purchasable","34":"product-type-simple","35":"farmacie-col"},"aioseo_notices":[],"_links":{"self":[{"href":"https:\/\/lacasadelamedicina.es\/sk\/wp-json\/wp\/v2\/product\/31127"}],"collection":[{"href":"https:\/\/lacasadelamedicina.es\/sk\/wp-json\/wp\/v2\/product"}],"about":[{"href":"https:\/\/lacasadelamedicina.es\/sk\/wp-json\/wp\/v2\/types\/product"}],"replies":[{"embeddable":true,"href":"https:\/\/lacasadelamedicina.es\/sk\/wp-json\/wp\/v2\/comments?post=31127"}],"wp:featuredmedia":[{"embeddable":true,"href":"https:\/\/lacasadelamedicina.es\/sk\/wp-json\/wp\/v2\/media\/19332"}],"wp:attachment":[{"href":"https:\/\/lacasadelamedicina.es\/sk\/wp-json\/wp\/v2\/media?parent=31127"}],"wp:term":[{"taxonomy":"product_cat","embeddable":true,"href":"https:\/\/lacasadelamedicina.es\/sk\/wp-json\/wp\/v2\/product_cat?post=31127"},{"taxonomy":"product_tag","embeddable":true,"href":"https:\/\/lacasadelamedicina.es\/sk\/wp-json\/wp\/v2\/product_tag?post=31127"}],"curies":[{"name":"wp","href":"https:\/\/api.w.org\/{rel}","templated":true}]}}