{"id":31118,"date":"2024-08-09T14:02:43","date_gmt":"2024-08-09T14:02:43","guid":{"rendered":"https:\/\/lacasadelamedicina.es\/product\/kupte-si-tekute-lsd-online\/"},"modified":"2024-09-15T09:55:52","modified_gmt":"2024-09-15T09:55:52","slug":"kupte-si-tekute-lsd-online","status":"publish","type":"product","link":"https:\/\/lacasadelamedicina.es\/sk\/produkt\/kupte-si-tekute-lsd-online\/","title":{"rendered":"K\u00fapte si tekut\u00e9 LSD online"},"content":{"rendered":"<h2>K\u00fapte si tekut\u00e9 LSD na predaj online<\/h2>\n<h3>K\u00fapte si tekut\u00e9 LSD na predaj online<\/h3>\n<p> LSD za\u010d\u00edna ako kry\u0161talick\u00e1 l\u00e1tka a potom sa distribuuje v konzumovate\u013en\u00fdch form\u00e1ch. Po\u010das 60. rokov 20. storo\u010dia sa be\u017ene distribuoval v mikrobodk\u00e1ch (mal\u00e9 pilulky), \u017eelat\u00ednov\u00fdch \u0161tvor\u010dekoch (zn\u00e1mych ako \u201eokenn\u00e9 tabule\u201c) a pijavom papieri. <strong>K\u00fapi\u0165 LSD<\/strong> R\u00f4zni \u013eudia vn\u00edmaj\u00fa psychedelik\u00e1, vr\u00e1tane LSD, r\u00f4zne \u2013 niektor\u00ed ich pova\u017euj\u00fa za cenn\u00fd n\u00e1stroj v psychiatrii, in\u00ed za hrozbu pre spolo\u010dnos\u0165 a niektor\u00e9 ako br\u00e1na do alternat\u00edvnych sf\u00e9r. LSD spolu s \u010fal\u0161\u00edmi zn\u00e1mymi psychedelikami ako DMT, meskal\u00edn a psilocyb\u00edn pou\u017e\u00edvaj\u00fa r\u00f4zne kult\u00fary po st\u00e1ro\u010dia na navodenie zmenen\u00fdch stavov vedomia. Zatia\u013e \u010do LSD bolo prv\u00fdkr\u00e1t objaven\u00e9 v roku 1943, ostatn\u00e9 l\u00e1tky poch\u00e1dzaj\u00fa z rastl\u00edn a h\u00fab a maj\u00fa dlh\u00fa hist\u00f3riu pou\u017e\u00edvania.    <strong>Pre\u010do k\u00fapi\u0165 LSD?<\/strong> LSD, tie\u017e zn\u00e1me ako \u201ekyselina\u201c, je jednou z najsilnej\u0161\u00edch l\u00e1tok, ktor\u00e9 menia n\u00e1ladu. Je syntetizovan\u00fd z kyseliny lysergovej, ktor\u00e1 sa nach\u00e1dza v n\u00e1me\u013eovej hube, ktor\u00e1 rastie na ra\u017ei a in\u00fdch obilnin\u00e1ch. LSD je be\u017ene dostupn\u00e9 v r\u00f4znych form\u00e1ch vr\u00e1tane mal\u00fdch tabliet (mikrobodky), kaps\u00fal, \u017eelat\u00ednov\u00fdch \u0161tvorcov (okienkov) a niekedy aj na pijavom papieri s umeleck\u00fdmi vzormi alebo kreslen\u00fdmi postavi\u010dkami. M\u00f4\u017ee sa pred\u00e1va\u0165 aj v tekutej forme. Bez oh\u013eadu na formu, LSD zvy\u010dajne vyvol\u00e1va hlbok\u00e9 odtrhnutie od reality.<\/p>\n","protected":false},"excerpt":{"rendered":"<p>Na\u0161e rie\u0161enie obsahuje origin\u00e1lny LSD-25, nie n\u00e1hradu (ke\u010f\u017ee mnoh\u00e9 in\u00e9 str\u00e1nky m\u00f4\u017eu namiesto toho pon\u00faka\u0165 1P-LSD). Je dostupn\u00fd v r\u00f4znych sil\u00e1ch riedenia. Roztok je vyroben\u00fd s akt\u00edvnou zlo\u017ekou a destilovanou vodou, pripraven\u00fd v sterilnom prostred\u00ed na zabezpe\u010denie \u010distoty. Jednou z v\u00fdznamn\u00fdch v\u00fdhod tekut\u00e9ho form\u00e1tu je schopnos\u0165 presne mera\u0165 d\u00e1vky. Ka\u017ed\u00e1 f\u013ea\u0161a je vybaven\u00e1 vie\u010dkom s kvapkadlom ozna\u010den\u00fdm v krokoch po 0,25 ml, \u010do umo\u017e\u0148uje presn\u00e9 d\u00e1vkovanie a jednoduch\u00e9 pou\u017eitie. V\u010faka tomu si m\u00f4\u017eete vzia\u0165 presne tak\u00e9 mno\u017estvo, ak\u00e9 si prajete.     <\/p>\n","protected":false},"featured_media":19317,"comment_status":"open","ping_status":"closed","template":"","meta":{"om_disable_all_campaigns":false,"_sitemap_exclude":false,"_sitemap_priority":"","_sitemap_frequency":"","_monsterinsights_skip_tracking":false,"_monsterinsights_sitenote_active":false,"_monsterinsights_sitenote_note":"","_monsterinsights_sitenote_category":0},"product_cat":[26143],"product_tag":[26163,26154,26152,26165,26162,26157,26155,26146,26150,26144,26145,26151,26158,26160,26153,26147,26149,26159,26167,26148,26156,26161],"class_list":{"0":"post-31118","1":"product","2":"type-product","3":"status-publish","4":"has-post-thumbnail","6":"product_cat-lsd-sk","7":"product_tag-autenticky-california-sunshine-europe","8":"product_tag-california-sunshine-doprava-zadarmo-v-europe","9":"product_tag-california-sunshine-najlepsia-cena-v-europe","10":"product_tag-dodavatelia-california-sunshine-europe","11":"product_tag-dorucenie-california-sunshine-europe","12":"product_tag-internetovy-obchod-california-sunshine-europe","13":"product_tag-kde-kupit-california-sunshine-europe","14":"product_tag-kde-kupit-california-sunshine-online","15":"product_tag-kolko-je-california-sunshine","16":"product_tag-kupte-si-california-sunshine-sk","17":"product_tag-kupte-si-california-sunshine-online-sk","18":"product_tag-kupte-si-california-sunshine-online-europa","19":"product_tag-lacne-california-sunshine-europe","20":"product_tag-obchod-california-sunshine-europe-sk","21":"product_tag-objednajte-si-california-sunshine-eu","22":"product_tag-objednajte-si-california-sunshine-online","23":"product_tag-online-predaj-california-sunshine","24":"product_tag-ponuky-california-sunshine-europe","25":"product_tag-recenzia-california-sunshine-europe","26":"product_tag-ucinky-kalifornskeho-slnka","27":"product_tag-vypredaj-california-sunshine-europe","28":"product_tag-zlava-california-sunshine-europe","30":"first","31":"instock","32":"shipping-taxable","33":"purchasable","34":"product-type-simple","35":"farmacie-col"},"aioseo_notices":[],"_links":{"self":[{"href":"https:\/\/lacasadelamedicina.es\/sk\/wp-json\/wp\/v2\/product\/31118"}],"collection":[{"href":"https:\/\/lacasadelamedicina.es\/sk\/wp-json\/wp\/v2\/product"}],"about":[{"href":"https:\/\/lacasadelamedicina.es\/sk\/wp-json\/wp\/v2\/types\/product"}],"replies":[{"embeddable":true,"href":"https:\/\/lacasadelamedicina.es\/sk\/wp-json\/wp\/v2\/comments?post=31118"}],"wp:featuredmedia":[{"embeddable":true,"href":"https:\/\/lacasadelamedicina.es\/sk\/wp-json\/wp\/v2\/media\/19317"}],"wp:attachment":[{"href":"https:\/\/lacasadelamedicina.es\/sk\/wp-json\/wp\/v2\/media?parent=31118"}],"wp:term":[{"taxonomy":"product_cat","embeddable":true,"href":"https:\/\/lacasadelamedicina.es\/sk\/wp-json\/wp\/v2\/product_cat?post=31118"},{"taxonomy":"product_tag","embeddable":true,"href":"https:\/\/lacasadelamedicina.es\/sk\/wp-json\/wp\/v2\/product_tag?post=31118"}],"curies":[{"name":"wp","href":"https:\/\/api.w.org\/{rel}","templated":true}]}}