{"id":31109,"date":"2024-08-09T14:02:44","date_gmt":"2024-08-09T14:02:44","guid":{"rendered":"https:\/\/lacasadelamedicina.es\/product\/kupte-si-pentobarbitalove-pilulky-online\/"},"modified":"2024-08-09T14:02:44","modified_gmt":"2024-08-09T14:02:44","slug":"kupte-si-pentobarbitalove-pilulky-online","status":"publish","type":"product","link":"https:\/\/lacasadelamedicina.es\/sk\/produkt\/kupte-si-pentobarbitalove-pilulky-online\/","title":{"rendered":"K\u00fapte si pentobarbitalov\u00e9 pilulky online"},"content":{"rendered":"<h2>K\u00fapte si pentobarbitalov\u00e9 pilulky online<\/h2>\n<p><strong>Na \u010do sa pentobarbitalov\u00e9 pilulky pou\u017e\u00edvaj\u00fa?<\/strong> Pentobarbitalov\u00e9 pilulky sa prim\u00e1rne pou\u017e\u00edvaj\u00fa ako kr\u00e1tkodob\u00e9 sedat\u00edvum na rie\u0161enie nespavosti a na navodenie sp\u00e1nku pri chirurgick\u00fdch z\u00e1krokoch. M\u00f4\u017eu sa pou\u017ei\u0165 aj na n\u00fadzov\u00fa lie\u010dbu z\u00e1chvatov. Toto v\u0161ak nie je jedin\u00e9 vyu\u017eitie pentobarbitalu.   <strong>D\u00f4le\u017eit\u00e9 inform\u00e1cie o pentobarbitalov\u00fdch tablet\u00e1ch<\/strong><\/p>\n<ul>\n<li><strong>Vyhnite sa, ak:<\/strong> m\u00e1te v anamn\u00e9ze porf\u00fdriu (genetick\u00e9 enz\u00fdmov\u00e9 ochorenie postihuj\u00face CNS a ko\u017eu) alebo ak ste alergick\u00fd na barbitur\u00e1ty.<\/li>\n<li>\u00fadaje <strong>Zdravotn\u00e9 stavy:<\/strong> Informujte svojho lek\u00e1ra, ak m\u00e1te ochorenie pe\u010dene alebo obli\u010diek, chronick\u00e9 ochorenie alebo ste v minulosti u\u017e\u00edvali barbitur\u00e1ty, aby ste sa uistili, \u017ee liek je pre v\u00e1s bezpe\u010dn\u00fd .<\/li>\n<li><strong>Tehotenstvo:<\/strong> Pentobarbital m\u00f4\u017ee po\u0161kodi\u0165 nenaroden\u00e9 die\u0165a, sp\u00f4sobi\u0165 z\u00e1vislos\u0165 a abstinen\u010dn\u00e9 pr\u00edznaky po naroden\u00ed. V\u017edy sa pora\u010fte so svoj\u00edm lek\u00e1rom, ak ste tehotn\u00e1 alebo pl\u00e1nujete otehotnie\u0165. <\/li>\n<li>\u00fadaje <strong>Kontrola p\u00f4rodnosti:<\/strong> Pentobarbital m\u00f4\u017ee ovplyvni\u0165 \u00fa\u010dinnos\u0165 antikoncep\u010dn\u00fdch tabliet. M\u00f4\u017eu sa odporu\u010di\u0165 nehormon\u00e1lne met\u00f3dy. <\/li>\n<\/ul>\n<p><strong>Potenci\u00e1lne rizik\u00e1 pre deti a tehotn\u00e9 \u017eeny<\/strong><\/p>\n<ul>\n<li>\u00fadaje <strong>V\u00fdvoj mozgu:<\/strong> Sedat\u00edva pou\u017e\u00edvan\u00e9 po\u010das oper\u00e1cie m\u00f4\u017eu ovplyvni\u0165 v\u00fdvoj mozgu u det\u00ed mlad\u0161\u00edch ako tri roky alebo u nenaroden\u00fdch det\u00ed vystaven\u00fdch pentobarbitalu. Opakovan\u00e9 pou\u017e\u00edvanie m\u00f4\u017ee vies\u0165 k probl\u00e9mom s u\u010den\u00edm alebo spr\u00e1van\u00edm. Jednorazov\u00e9 kr\u00e1tkodob\u00e9 pou\u017eitie v\u0161ak v \u0161t\u00fadi\u00e1ch nepreuk\u00e1zalo v\u00fdznamn\u00e9 \u00fa\u010dinky.  <\/li>\n<li><strong>Doj\u010denie:<\/strong> Pentobarbital m\u00f4\u017ee prejs\u0165 do matersk\u00e9ho mlieka a ovplyvni\u0165 doj\u010diace die\u0165a. Informujte svojho lek\u00e1ra, ak doj\u010d\u00edte. <\/li>\n<\/ul>\n<p><strong>Drogov\u00e9 interakcie<\/strong> Vyhnite sa kombinovaniu pentobarbitalu s in\u00fdmi l\u00e1tkami tlmiacimi CNS alebo l\u00e1tkami, ktor\u00e9 ovplyv\u0148uj\u00fa d\u00fdchanie alebo navodzuj\u00fa sp\u00e1nok, preto\u017ee to m\u00f4\u017ee vies\u0165 k z\u00e1va\u017en\u00fdm alebo \u017eivot ohrozuj\u00facim \u00fa\u010dinkom. Informujte svojho lek\u00e1ra, ak u\u017e\u00edvate:  <\/p>\n<ul>\n<li>Griseofulvin<\/li>\n<li>doxycykl\u00edn<\/li>\n<li>Lieky na z\u00e1chvaty ako divalproex<\/li>\n<li>Steroidn\u00e9 lieky, ako je dexametaz\u00f3n<\/li>\n<li>Hormon\u00e1lna substitu\u010dn\u00e1 lie\u010dba alebo antikoncep\u010dn\u00e9 tabletky<\/li>\n<li>Lieky na riedenie krvi ako Coumadin alebo warfar\u00edn<\/li>\n<li>inhib\u00edtory MAO, ako je metyl\u00e9n alebo linezolid<\/li>\n<\/ul>\n<p> Tento zoznam nie je \u00fapln\u00fd a in\u00e9 lieky, vr\u00e1tane rastlinn\u00fdch produktov a vo\u013ene predajn\u00fdch vitam\u00ednov, m\u00f4\u017eu interagova\u0165 s pentobarbitalom. \u00fadaje <strong>Zme\u0161kan\u00e1 d\u00e1vka<\/strong> Pentobarbital sa zvy\u010dajne predpisuje pod\u013ea potreby, tak\u017ee vynechanie d\u00e1vky nemus\u00ed by\u0165 probl\u00e9mom. Ak ste na d\u00e1vkovacej sch\u00e9me a vynech\u00e1te d\u00e1vku, u\u017eite ju hne\u010f, ako si spomeniete. Presko\u010dte ju, ak sa bl\u00ed\u017ei \u010fal\u0161ia d\u00e1vka. Nikdy nezdvojn\u00e1sobujte d\u00e1vku, aby ste nahradili vynechan\u00fa d\u00e1vku. <strong>Rizik\u00e1 pred\u00e1vkovania<\/strong> Pred\u00e1vkovanie pentobarbitalom m\u00f4\u017ee by\u0165 smrte\u013en\u00e9. Ak m\u00e1te podozrenie na pred\u00e1vkovanie, okam\u017eite vyh\u013eadajte lek\u00e1rsku pomoc. Sympt\u00f3my zah\u0155\u0148aj\u00fa slab\u00fd alebo ochabnut\u00fd pocit, pomal\u00e9 alebo plytk\u00e9 d\u00fdchanie, extr\u00e9mnu ospalos\u0165, slab\u00fd pulz, zr\u00fdchlen\u00fd tep srdca, zn\u00ed\u017een\u00e9 mo\u010denie, mdloby, roz\u0161\u00edren\u00e9 zreni\u010dky alebo pocit chladu. <strong>Ved\u013eaj\u0161ie \u00fa\u010dinky<\/strong> Ak poci\u0165ujete z\u00e1va\u017en\u00e9 alergick\u00e9 reakcie, ako s\u00fa \u0165a\u017ekosti s d\u00fdchan\u00edm alebo opuch tv\u00e1re, pier, jazyka alebo hrdla, vyh\u013eadajte pohotovostn\u00fa pomoc. \u010eal\u0161ie z\u00e1va\u017en\u00e9 ved\u013eaj\u0161ie \u00fa\u010dinky zah\u0155\u0148aj\u00fa:       <\/p>\n<ul>\n<li>Zm\u00e4tenos\u0165, nepokoj, halucin\u00e1cie<\/li>\n<li>Slab\u00e9 alebo plytk\u00e9 d\u00fdchanie<\/li>\n<li>Slab\u00fd pulz alebo pomal\u00e1 srdcov\u00e1 frekvencia<\/li>\n<li>Z\u00e1vraty, nevo\u013enos\u0165 alebo vracanie<\/li>\n<\/ul>\n<p> Be\u017en\u00e9 ved\u013eaj\u0161ie \u00fa\u010dinky m\u00f4\u017eu zah\u0155\u0148a\u0165: <\/p>\n<ul>\n<li>Strata rovnov\u00e1hy alebo koordin\u00e1cie<\/li>\n<li>Ospalos\u0165, z\u00e1vrat<\/li>\n<li>Poruchy sp\u00e1nku, ako s\u00fa no\u010dn\u00e9 mory alebo nespavos\u0165<\/li>\n<\/ul>\n<p><strong>Prevencia<\/strong><\/p>\n<ul>\n<li><strong>Pozornos\u0165:<\/strong> Pentobarbital m\u00f4\u017ee zhor\u0161i\u0165 va\u0161u schopnos\u0165 myslie\u0165 a reagova\u0165. Vyh\u00fdbajte sa \u010dinnostiam vy\u017eaduj\u00facim pln\u00fa pozornos\u0165, ako je vedenie vozidla. <\/li>\n<li><strong>Alkohol:<\/strong> Po\u010das u\u017e\u00edvania tohto lieku nepite alkohol.<\/li>\n<li>\u00fadaje <strong>Zdie\u013eanie:<\/strong> Pentobarbital uchov\u00e1vajte mimo dosahu det\u00ed a os\u00f4b s anamn\u00e9zou zneu\u017e\u00edvania n\u00e1vykov\u00fdch l\u00e1tok. Pou\u017e\u00edvajte ho len pod\u013ea predpisu a starostlivo dodr\u017eiavajte pokyny na d\u00e1vkovanie. <\/li>\n<\/ul>\n<p><strong>N\u00e1kup pentobarbitalov\u00fdch piluliek online<\/strong> Aj ke\u010f je mo\u017en\u00e9 k\u00fapi\u0165 pentobarbitalov\u00e9 pilulky online, odpor\u00fa\u010da sa opatrnos\u0165. Uistite sa, \u017ee d\u00f4kladne sk\u00famate a \u010d\u00edtate recenzie, aby ste sa vyhli podvodom a overili si, \u017ee nakupujete z d\u00f4veryhodn\u00e9ho zdroja. Pre bezpe\u010dn\u00e9 a diskr\u00e9tne transakcie nav\u0161t\u00edvte <a href=\"https:\/\/lacasadelamedicina.es\/sk\/\"><strong>Dr. Lek\u00e1re\u0148 Lawsons<\/strong>.<\/a>  <\/p>\n<p>&nbsp;<\/p>\n","protected":false},"excerpt":{"rendered":"<p>Objednajte si nembutalov\u00e9 pentobarbitalov\u00e9 sodn\u00e9 tablety na peror\u00e1lne pou\u017eitie. Dostupn\u00e9 v d\u00e1vkach 50 mg a 100 mg. Ka\u017ed\u00e1 objedn\u00e1vka je bezpe\u010dne zabalen\u00e1 a odoslan\u00e1 diskr\u00e9tne. Ni\u017e\u0161ie si vyberte preferovan\u00e9 d\u00e1vkovanie a mno\u017estvo a potom pridajte do ko\u0161\u00edka.   <\/p>\n","protected":false},"featured_media":19392,"comment_status":"open","ping_status":"closed","template":"","meta":{"om_disable_all_campaigns":false,"_sitemap_exclude":false,"_sitemap_priority":"","_sitemap_frequency":"","_monsterinsights_skip_tracking":false,"_monsterinsights_sitenote_active":false,"_monsterinsights_sitenote_note":"","_monsterinsights_sitenote_category":0},"product_cat":[26068],"product_tag":[26140,26139,26141,26132,26123,26127,26128,26121,26122,26135,26130,26124,26126,26142,26136,26137,26134,26131,26138,26129,26133,26125],"class_list":{"0":"post-31109","1":"product","2":"type-product","3":"status-publish","4":"has-post-thumbnail","6":"product_cat-pentobarbital-sodny-nembutal-sk","7":"product_tag-autenticke-pentobarbitalove-pilulky-europa","8":"product_tag-dodavka-pentobarbitalovych-piluliek-v-europe","9":"product_tag-europski-dodavatelia-pentobarbitalovych-piluliek","10":"product_tag-kde-kupit-pentobarbitalove-pilulky-europa","11":"product_tag-kde-kupit-pentobarbitalove-pilulky-online","12":"product_tag-kolko-su-pentobarbitalove-pilulky","13":"product_tag-kupte-si-pentobarbitalove-pilulky-online-europa","14":"product_tag-kupte-si-pentobarbitalove-tabletky","15":"product_tag-kupte-si-pentobarbitalove-tabletky-online","16":"product_tag-lacne-pentobarbitalove-pilulky-europa","17":"product_tag-objednajte-si-pentobarbitalove-pilulky-eu","18":"product_tag-objednajte-si-pentobarbitalove-pilulky-online","19":"product_tag-online-predaj-pentobarbitalovych-tabliet","20":"product_tag-pentobarbital-pills-europe-review-sk","21":"product_tag-pentobarbital-pilulky-europe-sa-zaobera","22":"product_tag-pentobarbital-pilulky-europe-shop-sk","23":"product_tag-pentobarbital-pilulky-internetovy-obchod-europa","24":"product_tag-pentobarbitalove-pilulky-doprava-zadarmo-v-europe","25":"product_tag-pentobarbitalove-pilulky-europa-zlava","26":"product_tag-pentobarbitalove-tabletky-za-najlepsiu-cenu-v-europe","27":"product_tag-predaj-pentobarbitalovych-tabliet-v-europe","28":"product_tag-ucinky-pentobarbitalovych-tabliet","30":"first","31":"instock","32":"shipping-taxable","33":"purchasable","34":"product-type-variable","35":"farmacie-col"},"aioseo_notices":[],"_links":{"self":[{"href":"https:\/\/lacasadelamedicina.es\/sk\/wp-json\/wp\/v2\/product\/31109"}],"collection":[{"href":"https:\/\/lacasadelamedicina.es\/sk\/wp-json\/wp\/v2\/product"}],"about":[{"href":"https:\/\/lacasadelamedicina.es\/sk\/wp-json\/wp\/v2\/types\/product"}],"replies":[{"embeddable":true,"href":"https:\/\/lacasadelamedicina.es\/sk\/wp-json\/wp\/v2\/comments?post=31109"}],"wp:featuredmedia":[{"embeddable":true,"href":"https:\/\/lacasadelamedicina.es\/sk\/wp-json\/wp\/v2\/media\/19392"}],"wp:attachment":[{"href":"https:\/\/lacasadelamedicina.es\/sk\/wp-json\/wp\/v2\/media?parent=31109"}],"wp:term":[{"taxonomy":"product_cat","embeddable":true,"href":"https:\/\/lacasadelamedicina.es\/sk\/wp-json\/wp\/v2\/product_cat?post=31109"},{"taxonomy":"product_tag","embeddable":true,"href":"https:\/\/lacasadelamedicina.es\/sk\/wp-json\/wp\/v2\/product_tag?post=31109"}],"curies":[{"name":"wp","href":"https:\/\/api.w.org\/{rel}","templated":true}]}}