{"id":31094,"date":"2024-08-09T14:02:46","date_gmt":"2024-08-09T14:02:46","guid":{"rendered":"https:\/\/lacasadelamedicina.es\/product\/kupte-si-prasok-a-tabletky-kyanidu-draselneho-online\/"},"modified":"2024-08-09T14:02:46","modified_gmt":"2024-08-09T14:02:46","slug":"kupte-si-prasok-a-tabletky-kyanidu-draselneho-online","status":"publish","type":"product","link":"https:\/\/lacasadelamedicina.es\/sk\/produkt\/kupte-si-prasok-a-tabletky-kyanidu-draselneho-online\/","title":{"rendered":"K\u00fapte si pr\u00e1\u0161ok a tabletky kyanidu draseln\u00e9ho online"},"content":{"rendered":"<h3>K\u00fapte si pr\u00e1\u0161ok a tabletky kyanidu draseln\u00e9ho online<\/h3>\n<p> Je to prv\u00fdkr\u00e1t, \u010do sa stret\u00e1vate s pr\u00e1\u0161kom a tabletkami kyanidu draseln\u00e9ho? Ak \u00e1no, netreba sa ob\u00e1va\u0165. V tomto \u010dl\u00e1nku budeme diskutova\u0165 o v\u0161etkom, \u010do potrebujete vedie\u0165 o chemik\u00e1lii. Kyanid draseln\u00fd (KCN) je anorganick\u00e1 zl\u00fa\u010denina, ktor\u00e1 sa jav\u00ed ako bezfarebn\u00e1, kry\u0161talick\u00e1 l\u00e1tka pripom\u00ednaj\u00faca cukor. Je vysoko rozpustn\u00fd vo vode a m\u00e1 r\u00f4zne aplik\u00e1cie, vr\u00e1tane \u0165a\u017eby zlata, galvaniz\u00e1cie, organickej synt\u00e9zy a zlatenia \u0161perkov. Kyanid draseln\u00fd pou\u017e\u00edvaj\u00fa aj entomol\u00f3govia na r\u00fdchle zab\u00edjanie hmyzu na \u00fa\u010dely zberu. Historicky ho niektor\u00ed jednotlivci pou\u017e\u00edvali na samovra\u017edu, vr\u00e1tane \u010dlenov nacistickej strany. \u00fadaje <strong>V\u00fdroba kyanidu draseln\u00e9ho<\/strong> V\u00fdroba kyanidu draseln\u00e9ho zah\u0155\u0148a o\u0161etrenie kyanovod\u00edka 50 % vodn\u00fdm roztokom hydroxidu draseln\u00e9ho, \u200b\u200bpo ktorom nasleduje odparenie vo v\u00e1kuu. Ro\u010dne sa v autorizovan\u00fdch priemyseln\u00fdch odvetviach vyrob\u00ed pribli\u017ene 50 000 ton kyanidu draseln\u00e9ho. <strong>Mechanizmus a toxicita<\/strong> Kyanid draseln\u00fd je siln\u00fd inhib\u00edtor bunkov\u00e9ho d\u00fdchania. Ovplyv\u0148uje mitochondri\u00e1lnu cytochr\u00f3m c oxid\u00e1zu, blokuje oxida\u010dn\u00fa fosforyl\u00e1ciu a nar\u00fa\u0161a schopnos\u0165 tela premie\u0148a\u0165 potravu na energiu. To vedie k lakt\u00e1tovej acid\u00f3ze v d\u00f4sledku anaer\u00f3bneho metabolizmu. <strong>Smrte\u013en\u00e1 d\u00e1vka a sp\u00f4soby expoz\u00edcie<\/strong> Smrte\u013en\u00e1 d\u00e1vka kyanidu draseln\u00e9ho je zvy\u010dajne medzi 200-300 mg. T\u00e1to chemik\u00e1lia je extr\u00e9mne toxick\u00e1 a pri hydrol\u00fdze m\u00f4\u017ee uvo\u013e\u0148ova\u0165 plynn\u00fd kyanovod\u00edk, ktor\u00fd m\u00e1 hork\u00fa mand\u013eov\u00fa chu\u0165. Nie ka\u017ed\u00fd v\u0161ak dok\u00e1\u017ee t\u00fato chu\u0165 odhali\u0165, a preto je obzvl\u00e1\u0161\u0165 nebezpe\u010dn\u00e1. Kyanid draseln\u00fd sa m\u00f4\u017ee dosta\u0165 do tela po\u017eit\u00edm, vd\u00fdchnut\u00edm, kontaktom s poko\u017ekou a kontaktom s o\u010dami. <strong>Pou\u017eitie kyanidu draseln\u00e9ho<\/strong> Hoci sa kyanid draseln\u00fd \u010dasto sp\u00e1ja so samovra\u017edou kv\u00f4li jeho r\u00fdchlym a bezbolestn\u00fdm \u00fa\u010dinkom, m\u00e1 legit\u00edmne priemyseln\u00e9 vyu\u017eitie. Je rozhoduj\u00faci pre extrakciu drah\u00fdch kovov, ako je zlato a striebro, a pou\u017e\u00edva sa pri galvanickom pokovovan\u00ed a organickej synt\u00e9ze. M\u00f4\u017ee sa tie\u017e pou\u017ei\u0165 ako analytick\u00e9 \u010dinidlo v r\u00f4znych oblastiach. <strong>Ako funguje kyanid draseln\u00fd<\/strong> Kyanid draseln\u00fd uvo\u013e\u0148uje plynn\u00fd kyanovod\u00edk, ktor\u00fd p\u00f4sob\u00ed ako siln\u00fd dusiv\u00fd prostriedok. V\u00e1\u017ene zhor\u0161uje schopnos\u0165 tela vyu\u017e\u00edva\u0165 kysl\u00edk, \u010do vedie k r\u00fdchlym, potenci\u00e1lne smrte\u013en\u00fdm \u00fa\u010dinkom. Prim\u00e1rne postihuje \u017eivotne d\u00f4le\u017eit\u00e9 org\u00e1ny, ktor\u00e9 s\u00fa citliv\u00e9 na n\u00edzku hladinu kysl\u00edka, vr\u00e1tane centr\u00e1lneho nervov\u00e9ho syst\u00e9mu a p\u013e\u00facneho syst\u00e9mu.                 <strong>\u00da\u010dinky kyanidu draseln\u00e9ho<\/strong><\/p>\n<ul>\n<li>\u00fadaje <strong>Mal\u00e9 d\u00e1vky<\/strong>: \u0165a\u017ekosti s d\u00fdchan\u00edm, z\u00e1vraty, bolesti hlavy.<\/li>\n<li>\u00fadaje <strong>Vysok\u00e9 d\u00e1vky<\/strong>: k\u00f3ma, k\u0155\u010de a smr\u0165. Pod\u00e1vanie gluk\u00f3zy m\u00f4\u017ee pom\u00f4c\u0165 vyrovna\u0165 sa s niektor\u00fdmi \u00fa\u010dinkami, ale nie je v\u017edy \u00faplne \u00fa\u010dinn\u00e9. <\/li>\n<\/ul>\n<p>\u00fadaje <strong>Pr\u00edznaky pred\u00e1vkovania\/otravy<\/strong> Medzi pr\u00edznaky otravy kyanidom draseln\u00fdm patria roz\u0161\u00edren\u00e9 alebo \u010derven\u00e9 o\u010di, \u010dervenkast\u00e9 l\u00edca a modrast\u00e1 farba pleti. Expoz\u00edcia m\u00f4\u017ee sp\u00f4sobi\u0165 v\u00e1\u017ene \u00fa\u010dinky v z\u00e1vislosti od sp\u00f4sobu expoz\u00edcie:  <\/p>\n<ul>\n<li><strong>Poko\u017eka<\/strong>: P\u00e1lenie, podr\u00e1\u017edenie, po\u0161kodenie tkaniva.<\/li>\n<li>\u00fadaje <strong>Po\u017eitie<\/strong>: Boles\u0165 brucha, nevo\u013enos\u0165, vracanie, po\u0161kodenie v\u00fdstelky \u017eal\u00fadka.<\/li>\n<li><strong>Inhal\u00e1cia<\/strong>: Mierne \u00fa\u010dinky zah\u0155\u0148aj\u00fa \u00fazkos\u0165, zm\u00e4tenos\u0165 a z\u00e1vraty; z\u00e1va\u017en\u00e9 \u00fa\u010dinky zah\u0155\u0148aj\u00fa z\u00e1chvaty, k\u00f3mu a tekutinu v p\u013e\u00facach.<\/li>\n<\/ul>\n<p>\u00fadaje <strong>Pr\u00e1vny \u0161tat\u00fat a n\u00e1kup<\/strong> Kyanid draseln\u00fd je v mnoh\u00fdch krajin\u00e1ch klasifikovan\u00fd ako kontrolovan\u00e1 l\u00e1tka kv\u00f4li svojej vysokej toxicite. Leg\u00e1lny n\u00e1kup vy\u017eaduje riadnu autoriz\u00e1ciu. Ak uva\u017eujete o k\u00fape pr\u00e1\u0161ku alebo piluliek kyanidu draseln\u00e9ho online, bu\u010fte mimoriadne opatrn\u00ed. Uistite sa, \u017ee nakupujete z d\u00f4veryhodn\u00e9ho a legit\u00edmneho zdroja, preto\u017ee ne\u0161tandardn\u00e9 alebo falo\u0161n\u00e9 produkty m\u00f4\u017eu by\u0165 nebezpe\u010dn\u00e9. Vykonajte d\u00f4kladn\u00fd prieskum, pora\u010fte sa s odborn\u00edkmi a pre\u010d\u00edtajte si recenzie, aby ste overili legitimitu predajcu.<\/p>\n","protected":false},"excerpt":{"rendered":"<p><strong>K\u00fapte si \u010dist\u00fd kyanid draseln\u00fd (KCN) v pr\u00e1\u0161ku alebo vo forme tabliet<\/strong> N\u00e1\u0161 kyanid draseln\u00fd, ktor\u00fd je k dispoz\u00edcii na r\u00f4zne aplik\u00e1cie, je pon\u00fakan\u00fd vo forme pr\u00e1\u0161ku aj tabliet. Ka\u017ed\u00fd v\u00fdrobok je bezpe\u010dne zabalen\u00fd a obsahuje \u0161peci\u00e1lne manipula\u010dn\u00e9 rukavice pre va\u0161u bezpe\u010dnos\u0165. Vyberte si po\u017eadovan\u00e9 mno\u017estvo a vlo\u017ete ho do ko\u0161\u00edka. Lek\u00e1re\u0148 Dr. Lawsons zabezpe\u010duje r\u00fdchle a diskr\u00e9tne doru\u010denie v\u0161etk\u00fdch objedn\u00e1vok.   <\/p>\n","protected":false},"featured_media":19407,"comment_status":"open","ping_status":"closed","template":"","meta":{"om_disable_all_campaigns":false,"_sitemap_exclude":false,"_sitemap_priority":"","_sitemap_frequency":"","_monsterinsights_skip_tracking":false,"_monsterinsights_sitenote_active":false,"_monsterinsights_sitenote_note":"","_monsterinsights_sitenote_category":0},"product_cat":[26068],"product_tag":[26088,26089,26087,26082,26071,26080,26075,26069,26070,26076,26090,26083,26078,26072,26074,26084,26085,26079,26077,26081,26073,26086],"class_list":{"0":"post-31094","1":"product","2":"type-product","3":"status-publish","4":"has-post-thumbnail","6":"product_cat-pentobarbital-sodny-nembutal-sk","7":"product_tag-autenticky-prasok-a-pilulky-kyanidu-draselneho-v-europe","8":"product_tag-dodavatelia-prasku-a-piluliek-kyanidu-draselneho-v-europe","9":"product_tag-dodavka-prasku-a-piluliek-kyanidu-draselneho-v-europe","10":"product_tag-internetovy-obchod-s-kyanidom-draselnym-powder-and-pills-europe","11":"product_tag-kde-kupit-prasok-a-pilulky-kyanidu-draselneho-online","12":"product_tag-kde-kupit-prasok-a-pilulky-kyanidu-draselneho-v-europe","13":"product_tag-kolko-je-prasok-a-pilulky-kyanidu-draselneho","14":"product_tag-kupte-si-kyanid-draselny-v-prasku-a-tabletkach","15":"product_tag-kupte-si-prasok-a-pilulky-kyanidu-draselneho-online","16":"product_tag-kupte-si-prasok-a-pilulky-kyanidu-draselneho-online-europa","17":"product_tag-kyanid-draselny-powder-and-pills-europe-recenzia","18":"product_tag-lacny-prasok-a-pilulky-kyanidu-draselneho-v-europe","19":"product_tag-objednajte-si-prasok-a-pilulky-kyanidu-draselneho-eu","20":"product_tag-objednajte-si-prasok-a-pilulky-kyanidu-draselneho-online","21":"product_tag-online-predaj-prasku-a-tabliet-kyanidu-draselneho","22":"product_tag-powder-and-pills-europe-sa-zaobera-kyanidom-draselnym","23":"product_tag-powder-and-pills-europe-shop-sk","24":"product_tag-powder-and-pills-kyanid-draselny-doprava-zadarmo-v-europe","25":"product_tag-prasok-a-pilulky-kyanidu-draselneho-za-najlepsiu-cenu-v-europe","26":"product_tag-predaj-prasku-a-piluliek-kyanidu-draselneho-v-europe","27":"product_tag-ucinky-prasku-a-piluliek-kyanidu-draselneho","28":"product_tag-zlava-na-prasok-a-pilulky-kyanidu-draselneho-v-europe","30":"first","31":"instock","32":"shipping-taxable","33":"purchasable","34":"product-type-variable","35":"farmacie-col"},"aioseo_notices":[],"_links":{"self":[{"href":"https:\/\/lacasadelamedicina.es\/sk\/wp-json\/wp\/v2\/product\/31094"}],"collection":[{"href":"https:\/\/lacasadelamedicina.es\/sk\/wp-json\/wp\/v2\/product"}],"about":[{"href":"https:\/\/lacasadelamedicina.es\/sk\/wp-json\/wp\/v2\/types\/product"}],"replies":[{"embeddable":true,"href":"https:\/\/lacasadelamedicina.es\/sk\/wp-json\/wp\/v2\/comments?post=31094"}],"wp:featuredmedia":[{"embeddable":true,"href":"https:\/\/lacasadelamedicina.es\/sk\/wp-json\/wp\/v2\/media\/19407"}],"wp:attachment":[{"href":"https:\/\/lacasadelamedicina.es\/sk\/wp-json\/wp\/v2\/media?parent=31094"}],"wp:term":[{"taxonomy":"product_cat","embeddable":true,"href":"https:\/\/lacasadelamedicina.es\/sk\/wp-json\/wp\/v2\/product_cat?post=31094"},{"taxonomy":"product_tag","embeddable":true,"href":"https:\/\/lacasadelamedicina.es\/sk\/wp-json\/wp\/v2\/product_tag?post=31094"}],"curies":[{"name":"wp","href":"https:\/\/api.w.org\/{rel}","templated":true}]}}