{"id":31093,"date":"2024-08-10T09:07:04","date_gmt":"2024-08-10T09:07:04","guid":{"rendered":"https:\/\/lacasadelamedicina.es\/product\/kupte-si-huby-zlate-ucitelky-online\/"},"modified":"2024-08-10T09:07:04","modified_gmt":"2024-08-10T09:07:04","slug":"kupte-si-huby-zlate-ucitelky-online","status":"publish","type":"product","link":"https:\/\/lacasadelamedicina.es\/sk\/produkt\/kupte-si-huby-zlate-ucitelky-online\/","title":{"rendered":"K\u00fapte si huby zlat\u00e9 u\u010dite\u013eky online"},"content":{"rendered":"<h2>K\u00fapte si huby zlat\u00e9 u\u010dite\u013eky online<\/h2>\n<p> K\u00fapte si Zlat\u00e9ho u\u010dite\u013ea online. M\u00fadre huby Zlat\u00e9ho u\u010dite\u013ea vytv\u00e1raj\u00fa k\u00fazlo v mysli a poskytuj\u00fa cestu k sebapoznaniu. T\u00e1to s\u00faprava na pestovanie 100% myc\u00e9lia FreshMushroom rastie r\u00fdchlo a je \u00faplne bez\u00fadr\u017ebov\u00e1. XP znamen\u00e1 Extra Potency!   <\/p>\n<h3>Ako to funguje<\/h3>\n<p> Psilocyb\u00edn funguje tak, \u017ee aktivuje <span class=\"css-1a8rnix icon-hl-trusted-source-after\"><span class=\"sro\">d\u00f4veryhodn\u00fd zdroj<\/span><\/span> seroton\u00ednov\u00fdch receptorov, naj\u010dastej\u0161ie v prefront\u00e1lnom kortexe. T\u00e1to \u010das\u0165 mozgu ovplyv\u0148uje n\u00e1ladu, poznanie a vn\u00edmanie. Halucinog\u00e9ny p\u00f4sobia aj v in\u00fdch oblastiach mozgu, ktor\u00e9 reguluj\u00fa reakcie vzru\u0161enia a paniky. Psilocyb\u00edn nie v\u017edy sp\u00f4sobuje akt\u00edvne zrakov\u00e9 alebo sluchov\u00e9 halucin\u00e1cie. Namiesto toho skres\u013euje, ako niektor\u00ed \u013eudia u\u017e\u00edvaj\u00faci drogu vn\u00edmaj\u00fa predmety a \u013eud\u00ed, ktor\u00ed sa u\u017e nach\u00e1dzaj\u00fa vo svojom okol\u00ed. Mno\u017estvo drogy, ktor\u00fa \u010dlovek skonzumuje, ich minul\u00e9 sk\u00fasenosti a ich o\u010dak\u00e1vania, ako sa t\u00e1to sk\u00fasenos\u0165 bude formova\u0165, to v\u0161etko m\u00f4\u017ee ovplyvni\u0165 \u00fa\u010dinky psilocyb\u00ednu. Pod\u013ea Eur\u00f3pskeho monitorovacieho centra pre drogy a drogov\u00fa z\u00e1vislos\u0165 (EMCDDA) sa halucinog\u00e9nne \u00fa\u010dinky psilocyb\u00ednu zvy\u010dajne prejavia do 30 min\u00fat po po\u017eit\u00ed a trvaj\u00fa 4\u20136 hod\u00edn. U niektor\u00fdch jedincov m\u00f4\u017eu zmeny v zmyslovom vn\u00edman\u00ed a my\u0161lienkov\u00fdch vzorcoch trva\u0165 aj nieko\u013eko dn\u00ed.        <\/p>\n<h3>Potencia<\/h3>\n<p> Sila magickej huby z\u00e1vis\u00ed od: <\/p>\n<ul>\n<li>druhov<\/li>\n<li>p\u00f4vodu<\/li>\n<li>pestovate\u013esk\u00e9 podmienky<\/li>\n<li>obdobie zberu<\/li>\n<li>\u010di ich \u010dlovek zje \u010derstv\u00e9 alebo su\u0161en\u00e9<\/li>\n<\/ul>\n<p> EMCDDA nazna\u010duje, \u017ee mno\u017estvo psilocyb\u00ednu v su\u0161en\u00fdch hub\u00e1ch je asi 10-kr\u00e1t vy\u0161\u0161ie ako v ich \u010derstv\u00fdch n\u00e1protivkoch. <\/p>\n<h3>Spotreba<\/h3>\n<p> Huby obsahuj\u00face psilocyb\u00edn s\u00fa mal\u00e9 a zvy\u010dajne hned\u00e9 alebo hned\u00e9. Vo vo\u013enej pr\u00edrode si \u013eudia m\u00f4\u017eu pom\u00fdli\u0165 huby obsahuj\u00face psilocyb\u00edn s mno\u017estvom in\u00fdch jedovat\u00fdch h\u00fab. \u013dudia zvy\u010dajne konzumuj\u00fa psilocyb\u00edn vo forme varen\u00e9ho \u010daju alebo ho pripravuj\u00fa s jedlom, aby zakryli jeho hork\u00fa chu\u0165. V\u00fdrobcovia tie\u017e rozdrvia su\u0161en\u00e9 huby na pr\u00e1\u0161ok a pripravuj\u00fa ich vo forme kaps\u00fal. Niektor\u00ed \u013eudia, ktor\u00ed konzumuj\u00fa tieto huby, ich polievaj\u00fa \u010dokol\u00e1dou.     <\/p>\n<h3>pr\u00edbeh:<\/h3>\n<p> Milovn\u00edci magick\u00fdch h\u00fab sa zhoduj\u00fa, \u017ee huby Golden Teacher, zn\u00e1me aj ako kme\u0148 Psilocybe cubensis, s\u00fa najob\u013e\u00fabenej\u0161\u00edm psychedelick\u00fdm druhom h\u00fab. Tento \u010dl\u00e1nok sa bli\u017e\u0161ie pozrie na nesl\u00e1vne zn\u00e1me huby Golden Teacher. Na konci tohto \u010dl\u00e1nku budete vedie\u0165 v\u0161etko, \u010do je o tejto psychedelickej hube vedie\u0165. T\u00ed, ktor\u00ed s\u00fa vo svete psychedelik a shroomov nov\u00ed, sa m\u00f4\u017eu spo\u013eahn\u00fa\u0165 na Golden Teachers na spo\u013eahliv\u00fd v\u00fdlet s men\u0161ou pravdepodobnos\u0165ou zl\u00e9ho v\u00fdletu. Preto s\u00fa \u010dasto vstupnou br\u00e1nou pre nov\u00e1\u010dikov magick\u00fdch h\u00fab.    <\/p>\n<h3>\u00da\u010dinky zlat\u00fdch h\u00fab u\u010dite\u013esk\u00fdch;<\/h3>\n<p> Zlat\u00e9 u\u010dite\u013esk\u00e9 huby maj\u00fa tie\u017e halucinog\u00e9nne \u00fa\u010dinky **, \u010do je vlastnos\u0165 spolo\u010dn\u00e1 medzi v\u0161etk\u00fdmi magick\u00fdmi hubami. O\u010dak\u00e1vajte vizion\u00e1rsky z\u00e1\u017eitok spolu s vlnami univerz\u00e1lnej energie, ktor\u00e9 vami prech\u00e1dzaj\u00fa so siln\u00fdmi halucin\u00e1ciami otvoren\u00fdch a zatvoren\u00fdch o\u010d\u00ed.<\/p>\n","protected":false},"excerpt":{"rendered":"<p>K\u00fapi\u0165 Golden u\u010ditelia s\u00fa tie\u017e chv\u00e1len\u00ed pre ich duchovn\u00e9 a\/alebo \u0161amansk\u00e9 \u00fa\u010dinky. Preto t\u00e1to huba nie je len na pr\u00edle\u017eitostn\u00e9 v\u00fdlety. M\u00f4\u017ee by\u0165 tie\u017e pou\u017eit\u00fd na z\u00edskanie nov\u00e9ho poh\u013eadu na seba a vesm\u00edr.  <\/p>\n","protected":false},"featured_media":19737,"comment_status":"open","ping_status":"closed","template":"","meta":{"om_disable_all_campaigns":false,"_sitemap_exclude":false,"_sitemap_priority":"","_sitemap_frequency":"","_monsterinsights_skip_tracking":false,"_monsterinsights_sitenote_active":false,"_monsterinsights_sitenote_note":"","_monsterinsights_sitenote_category":0},"product_cat":[25951],"product_tag":[26055,26059,26060,26058,26056,26051,26042,26046,26041,26040,26047,26054,26043,26049,26045,26061,26044,26052,26050,26057,26053,26048],"class_list":{"0":"post-31093","1":"product","2":"type-product","3":"status-publish","4":"has-post-thumbnail","6":"product_cat-magicke-huby","7":"product_tag-akcie-golden-teacher-mushrooms-europe","8":"product_tag-autenticke-zlate-ucitelske-huby-europa","9":"product_tag-dodavatelia-golden-teacher-hubs-europe","10":"product_tag-dodavka-golden-teacher-mushrooms-europe","11":"product_tag-golden-teacher-mushros-europe-shop","12":"product_tag-kde-kupit-golden-teacher-mushros-europe","13":"product_tag-kde-kupit-zlate-ucitelske-huby-online","14":"product_tag-kolko-su-zlate-ucitelske-huby","15":"product_tag-kupte-si-huby-zlate-ucitelky-online","16":"product_tag-kupte-si-zlate-ucitelske-huby","17":"product_tag-kupte-si-zlate-ucitelske-huby-online-europa","18":"product_tag-lacne-zlate-ucitelske-huby-europa","19":"product_tag-objednajte-si-huby-zlate-ucitelky-online","20":"product_tag-objednajte-si-zlate-ucitelske-huby-eu","21":"product_tag-online-predaj-hub-zlatych-ucitelov","22":"product_tag-recenzia-golden-teacher-mushrooms-europe","23":"product_tag-ucinky-hub-zlatych","24":"product_tag-vypredaj-zlatych-hub-ucitelov-v-europe","25":"product_tag-zlate-ucitelske-huby-doprava-zadarmo-po-europe","26":"product_tag-zlate-ucitelske-huby-europa-zlava","27":"product_tag-zlate-ucitelske-huby-internetovy-obchod-europa","28":"product_tag-zlate-ucitelske-huby-najlepsia-cena-v-europe","30":"first","31":"instock","32":"shipping-taxable","33":"purchasable","34":"product-type-simple","35":"farmacie-col"},"aioseo_notices":[],"_links":{"self":[{"href":"https:\/\/lacasadelamedicina.es\/sk\/wp-json\/wp\/v2\/product\/31093"}],"collection":[{"href":"https:\/\/lacasadelamedicina.es\/sk\/wp-json\/wp\/v2\/product"}],"about":[{"href":"https:\/\/lacasadelamedicina.es\/sk\/wp-json\/wp\/v2\/types\/product"}],"replies":[{"embeddable":true,"href":"https:\/\/lacasadelamedicina.es\/sk\/wp-json\/wp\/v2\/comments?post=31093"}],"wp:featuredmedia":[{"embeddable":true,"href":"https:\/\/lacasadelamedicina.es\/sk\/wp-json\/wp\/v2\/media\/19737"}],"wp:attachment":[{"href":"https:\/\/lacasadelamedicina.es\/sk\/wp-json\/wp\/v2\/media?parent=31093"}],"wp:term":[{"taxonomy":"product_cat","embeddable":true,"href":"https:\/\/lacasadelamedicina.es\/sk\/wp-json\/wp\/v2\/product_cat?post=31093"},{"taxonomy":"product_tag","embeddable":true,"href":"https:\/\/lacasadelamedicina.es\/sk\/wp-json\/wp\/v2\/product_tag?post=31093"}],"curies":[{"name":"wp","href":"https:\/\/api.w.org\/{rel}","templated":true}]}}