{"id":31089,"date":"2024-08-10T09:36:11","date_gmt":"2024-08-10T09:36:11","guid":{"rendered":"https:\/\/lacasadelamedicina.es\/product\/kupte-si-ciapky-liberty-online\/"},"modified":"2024-08-10T09:36:11","modified_gmt":"2024-08-10T09:36:11","slug":"kupte-si-ciapky-liberty-online","status":"publish","type":"product","link":"https:\/\/lacasadelamedicina.es\/sk\/produkt\/kupte-si-ciapky-liberty-online\/","title":{"rendered":"K\u00fapte si \u010diapky Liberty online"},"content":{"rendered":"<h2>K\u00fapte si \u010diapky Liberty online<\/h2>\n<p>\u00fadaje <strong>K\u00fapte Liberty Caps online v lek\u00e1rni Dr. Lawsona<\/strong> Vitajte v lek\u00e1rni Dr. Lawsona, va\u0161ej poprednej destin\u00e1cie pre vysokokvalitn\u00e9 a spo\u013eahliv\u00e9 lie\u010div\u00e1. Sme radi, \u017ee v\u00e1m m\u00f4\u017eeme pon\u00faknu\u0165 Liberty Caps (Psilocybe semilanceata) na n\u00e1kup online, \u010d\u00edm v\u00e1m poskytneme jednoduch\u00fd a bezpe\u010dn\u00fd sp\u00f4sob pr\u00edstupu k t\u00fdmto siln\u00fdm psychoakt\u00edvnym hub\u00e1m. <strong>O Liberty Caps<\/strong> Liberty Caps, zn\u00e1me aj ako <em>Psilocybe semilanceata<\/em>, s\u00fa zn\u00e1me svojimi psychoakt\u00edvnymi vlastnos\u0165ami v\u010faka pr\u00edtomnosti psilocyb\u00ednu a biocyt\u00ednu. Patria medzi najroz\u0161\u00edrenej\u0161ie psilocyb\u00ednov\u00e9 huby v pr\u00edrode a s\u00fa zn\u00e1me svojou potenciou. Tieto huby maj\u00fa v\u00fdrazn\u00fd ku\u017ee\u013eovit\u00fd a\u017e zvonovit\u00fd klob\u00fak, ktor\u00fd meria a\u017e 2,5 cm (1,0 palca) v priemere a na vrchu m\u00e1 \u010dasto mal\u00fd bradavkov\u00fd v\u00fdbe\u017eok. Ich farba sa pohybuje od \u017eltej po hned\u00fa, s radi\u00e1lnymi ryhami, ke\u010f s\u00fa vlhk\u00e9, a ke\u010f dozrievaj\u00fa, bledn\u00fa do svetlej\u0161ieho odtie\u0148a. \u0160t\u00edhla, dlh\u00e1 stopka huby m\u00e1 zvy\u010dajne rovnak\u00fa farbu alebo o nie\u010do svetlej\u0161iu ako klob\u00fak. K\u00fapte si Liberty Caps \u2013 1. stupe\u0148 lacno. Psilocybe semilanceata, be\u017ene zn\u00e1my ako Liberty Caps, je druh huby, ktor\u00fd produkuje psychoakt\u00edvne zl\u00fa\u010deniny psilocyb\u00edn a biocyt\u00edn. Je to jedna z najroz\u0161\u00edrenej\u0161\u00edch psilocyb\u00ednov\u00fdch h\u00fab v pr\u00edrode a jedna z najsilnej\u0161\u00edch h\u00fab K\u00fapi\u0165 magick\u00e9 huby online. Maj\u00fa v\u00fdrazn\u00fa ku\u017ee\u013eov\u00fa \u010diapku v tvare zvona. A\u017e do priemeru 2,5 cm (1,0 palca), s mal\u00fdm v\u00fdstupkom podobn\u00fdm bradavke na vrchu. S\u00fa \u017elt\u00e9 a\u017e hned\u00e9, za vlhka pokryt\u00e9 radi\u00e1lnymi ryhami a dozrievan\u00edm bledn\u00fa do svetlej\u0161ej farby. Ich stopka b\u00fdva \u0161t\u00edhla a dlh\u00e1 a rovnakej farby alebo o nie\u010do svetlej\u0161ia ako \u010diapka. Liberty caps mushroom K\u00fapte si liberty caps online \u2013 K\u00fapte si Magick\u00e9 huby \u2013 Liberty tops shrooms na webe huba Liberty caps je halucinog\u00e9nna huba, ktor\u00e1 obsahuje psychoakt\u00edvne a psilocyb\u00ednov\u00e9 zmesi. V okamihu, ke\u010f je vrch such\u00fd, je ove\u013ea bled\u0161\u00ed, svetlo \u017elto-zemit\u00e9 odtiene. Okrem toho sa naz\u00fdva magick\u00e1 huba. V pr\u00edpade ak\u00fdchko\u013evek ot\u00e1zok alebo \u010fal\u0161ej pomoci nev\u00e1hajte kontaktova\u0165 n\u00e1\u0161 t\u00edm z\u00e1kazn\u00edckej podpory. \u010eakujeme, \u017ee ste si vybrali Lek\u00e1re\u0148 Dr. Lawsona. Zaviazali sme sa poskytova\u0165 v\u00e1m tie najlep\u0161ie produkty a slu\u017eby pre v\u0161etky va\u0161e farmaceutick\u00e9 potreby.<\/p>\n","protected":false},"excerpt":{"rendered":"<p>Na\u0161e \u010diapky Liberty poch\u00e1dzaj\u00fa od d\u00f4veryhodn\u00fdch dod\u00e1vate\u013eov a maj\u00fa najvy\u0161\u0161iu kvalitu. Zabezpe\u010dujeme, aby v\u0161etky produkty sp\u013a\u0148ali pr\u00edsne normy kontroly kvality, aby sme zaru\u010dili, \u017ee dostanete siln\u00fd a efekt\u00edvny produkt. <\/p>\n","protected":false},"featured_media":19752,"comment_status":"open","ping_status":"closed","template":"","meta":{"om_disable_all_campaigns":false,"_sitemap_exclude":false,"_sitemap_priority":"","_sitemap_frequency":"","_monsterinsights_skip_tracking":false,"_monsterinsights_sitenote_active":false,"_monsterinsights_sitenote_note":"","_monsterinsights_sitenote_category":0},"product_cat":[25951],"product_tag":[26037,26038,26036,26031,26029,26020,26024,26018,26019,26025,26032,26028,26035,26026,26034,26027,26021,26023,26033,26030,26039,26022],"class_list":{"0":"post-31089","1":"product","2":"type-product","3":"status-publish","4":"has-post-thumbnail","6":"product_cat-magicke-huby","7":"product_tag-autenticke-liberty-caps-europe-sk","8":"product_tag-dodavatelia-liberty-caps-europe","9":"product_tag-dorucenie-liberty-caps-europe","10":"product_tag-internetovy-obchod-liberty-caps-europe-sk","11":"product_tag-kde-kupit-liberty-caps-europe","12":"product_tag-kde-kupit-liberty-caps-online","13":"product_tag-kolko-je-liberty-caps","14":"product_tag-kupte-si-ciapky-liberty","15":"product_tag-kupte-si-ciapky-liberty-online","16":"product_tag-kupte-si-liberty-caps-online-europa","17":"product_tag-lacne-ciapky-liberty-europe","18":"product_tag-liberty-caps-doprava-zadarmo-po-europe","19":"product_tag-liberty-caps-europe-zlava","20":"product_tag-liberty-caps-najlepsia-cena-v-europe","21":"product_tag-obchod-liberty-caps-europe-sk","22":"product_tag-objednajte-si-liberty-caps-eu","23":"product_tag-objednajte-si-liberty-caps-online","24":"product_tag-online-predaj-siltoviek-liberty","25":"product_tag-ponuky-liberty-caps-europe","26":"product_tag-predaj-siltoviek-liberty-caps-europe","27":"product_tag-recenzia-liberty-caps-europe","28":"product_tag-ucinky-liberty-caps-sk","30":"first","31":"instock","32":"shipping-taxable","33":"purchasable","34":"product-type-variable","35":"farmacie-col"},"aioseo_notices":[],"_links":{"self":[{"href":"https:\/\/lacasadelamedicina.es\/sk\/wp-json\/wp\/v2\/product\/31089"}],"collection":[{"href":"https:\/\/lacasadelamedicina.es\/sk\/wp-json\/wp\/v2\/product"}],"about":[{"href":"https:\/\/lacasadelamedicina.es\/sk\/wp-json\/wp\/v2\/types\/product"}],"replies":[{"embeddable":true,"href":"https:\/\/lacasadelamedicina.es\/sk\/wp-json\/wp\/v2\/comments?post=31089"}],"wp:featuredmedia":[{"embeddable":true,"href":"https:\/\/lacasadelamedicina.es\/sk\/wp-json\/wp\/v2\/media\/19752"}],"wp:attachment":[{"href":"https:\/\/lacasadelamedicina.es\/sk\/wp-json\/wp\/v2\/media?parent=31089"}],"wp:term":[{"taxonomy":"product_cat","embeddable":true,"href":"https:\/\/lacasadelamedicina.es\/sk\/wp-json\/wp\/v2\/product_cat?post=31089"},{"taxonomy":"product_tag","embeddable":true,"href":"https:\/\/lacasadelamedicina.es\/sk\/wp-json\/wp\/v2\/product_tag?post=31089"}],"curies":[{"name":"wp","href":"https:\/\/api.w.org\/{rel}","templated":true}]}}