{"id":31088,"date":"2024-08-10T10:17:18","date_gmt":"2024-08-10T10:17:18","guid":{"rendered":"https:\/\/lacasadelamedicina.es\/product\/kupte-si-magicke-huby-online\/"},"modified":"2024-08-10T10:17:18","modified_gmt":"2024-08-10T10:17:18","slug":"kupte-si-magicke-huby-online","status":"publish","type":"product","link":"https:\/\/lacasadelamedicina.es\/sk\/produkt\/kupte-si-magicke-huby-online\/","title":{"rendered":"K\u00fapte si magick\u00e9 huby online"},"content":{"rendered":"<h3>K\u00fapte si magick\u00e9 huby online<\/h3>\n<p> K\u00fapte si magick\u00e9 huby z USA. Psilocybe cubensis je druh psychedelickej huby, ktorej hlavn\u00fdmi akt\u00edvnymi zl\u00fa\u010deninami s\u00fa psilocyb\u00edn a psiloc\u00edn. Be\u017ene naz\u00fdvan\u00e9 hr\u00edby, magick\u00e9 huby, zlat\u00e9 vrcholy, kocky alebo zlat\u00e9 \u010diapky, patr\u00ed do \u010de\u013eade h\u00fab Hymenogastraceae a predt\u00fdm je zn\u00e1ma ako Stropharia cogenesis. Kogen\u00e9za psilocyb\u00ednu je druh psychedelick\u00fdch h\u00fab, ktor\u00fdch hlavn\u00fdmi akt\u00edvnymi zl\u00fa\u010deninami s\u00fa psilocyb\u00edn a psiloc\u00edn. Be\u017ene naz\u00fdvan\u00e9 hr\u00edby, magick\u00e9 huby, zlat\u00e9 vr\u0161ky, kocky alebo zlat\u00e9 \u010diapky, patr\u00ed do \u010de\u013eade h\u00fab Hymenogastraceae a predt\u00fdm je zn\u00e1ma ako Stropharia cogenesis. Magick\u00e9 huby s\u00fa vo\u013ene rast\u00face alebo pestovan\u00e9 huby, ktor\u00e9 obsahuj\u00fa psilocyb\u00edn, prirodzene sa vyskytuj\u00facu psychoakt\u00edvnu a halucinog\u00e9nnu zl\u00fa\u010deninu. Psilocyb\u00edn je pova\u017eovan\u00fd za jedno z najzn\u00e1mej\u0161\u00edch psychedel\u00edk, pod\u013ea \u00faradov pre zneu\u017e\u00edvanie n\u00e1vykov\u00fdch l\u00e1tok a du\u0161evn\u00e9 zdravie.       <\/p>\n<h3>\u010co je to Psilocyb\u00edn (magick\u00e9 huby)?<\/h3>\n<p> Psilocyb\u00edn (4-fosforyloxy-N,N-dimetyltryptam\u00edn) a psiloc\u00edn s\u00fa chemick\u00e9 zl\u00fa\u010deniny z\u00edskan\u00e9 z ur\u010dit\u00fdch druhov su\u0161en\u00fdch alebo \u010derstv\u00fdch halucinog\u00e9nnych h\u00fab, ktor\u00e9 sa nach\u00e1dzaj\u00fa v Mexiku, Ju\u017enej Amerike a ju\u017en\u00fdch a severoz\u00e1padn\u00fdch oblastiach Spojen\u00fdch \u0161t\u00e1tov. Psilocyb\u00edn je klasifikovan\u00fd ako indol-alkylam\u00edn (tryptam\u00edn). Tieto zl\u00fa\u010deniny maj\u00fa podobn\u00fa \u0161trukt\u00faru ako dietylamid kyseliny lysergovej (LSD) a s\u00fa zneu\u017e\u00edvan\u00e9 pre svoje halucinog\u00e9nne a euforick\u00e9 \u00fa\u010dinky na \u201ev\u00fdlet\u201c. Halucinog\u00e9nne (psychedelick\u00e9) \u00fa\u010dinky s\u00fa pravdepodobne sp\u00f4soben\u00e9 p\u00f4soben\u00edm na seroton\u00ednov\u00e9 (5-HT) receptory centr\u00e1lneho nervov\u00e9ho syst\u00e9mu. Existuje viac ako 180 druhov h\u00fab, ktor\u00e9 obsahuj\u00fa chemik\u00e1lie psilocyb\u00edn alebo psiloc\u00edn. Rovnako ako peyote (meskal\u00edn), halucinog\u00e9nne huby sa pou\u017e\u00edvaj\u00fa v p\u00f4vodn\u00fdch alebo n\u00e1bo\u017eensk\u00fdch obradoch po st\u00e1ro\u010dia. Psilocyb\u00edn aj psiloc\u00edn sa m\u00f4\u017eu vyr\u00e1ba\u0165 aj synteticky v laborat\u00f3riu. Objavili sa spr\u00e1vy, \u017ee psilocyb\u00edn k\u00fapen\u00fd na uliciach m\u00f4\u017eu by\u0165 v skuto\u010dnosti in\u00e9 druhy h\u00fab s pr\u00edmesou LSD.        <\/p>\n<h3>Sp\u00f4soby pou\u017eitia psilocyb\u00ednu<\/h3>\n<p> &#8222;Magick\u00e9 huby&#8220; maj\u00fa dlh\u00e9, \u0161t\u00edhle stonky, ktor\u00e9 sa m\u00f4\u017eu zda\u0165 biele alebo sivast\u00e9, zakon\u010den\u00e9 klob\u00fakmi s tmav\u00fdmi \u017eiabrami na spodnej strane. Su\u0161en\u00e9 huby maj\u00fa zvy\u010dajne \u010dervenkast\u00fa hrdzavohned\u00fa farbu s izolovan\u00fdmi \u0161pinavobielymi plochami. Huby sa u\u017e\u00edvaj\u00fa peror\u00e1lne a m\u00f4\u017eu sa pripravi\u0165 na \u010daj alebo primie\u0161a\u0165 do in\u00fdch potrav\u00edn. Huby sa m\u00f4\u017eu pou\u017ei\u0165 ako \u010derstv\u00e9 alebo su\u0161en\u00e9. Psilocyb\u00edn m\u00e1 hork\u00fa, nechutn\u00fa chu\u0165.<\/p>\n","protected":false},"excerpt":{"rendered":"<p>K\u00fapte si magick\u00e9 huby online K\u00fapte si magick\u00e9 huby z USA. Psilocybe cubensis je druh psychedelickej huby, ktorej hlavn\u00fdmi akt\u00edvnymi zl\u00fa\u010deninami s\u00fa psilocyb\u00edn a psiloc\u00edn. Be\u017ene naz\u00fdvan\u00e9 hr\u00edby, magick\u00e9 huby, zlat\u00e9 vrcholy, kocky alebo zlat\u00e9 \u010diapky, patr\u00ed do \u010de\u013eade h\u00fab Hymenogastraceae a predt\u00fdm je zn\u00e1ma ako Stropharia cogenesis. Kogen\u00e9za psilocyb\u00ednu je druh psychedelick\u00fdch h\u00fab, ktor\u00fdch [&hellip;]<\/p>\n","protected":false},"featured_media":19767,"comment_status":"open","ping_status":"closed","template":"","meta":{"om_disable_all_campaigns":false,"_sitemap_exclude":false,"_sitemap_priority":"","_sitemap_frequency":"","_monsterinsights_skip_tracking":false,"_monsterinsights_sitenote_active":false,"_monsterinsights_sitenote_note":"","_monsterinsights_sitenote_category":0},"product_cat":[25951],"product_tag":[26015,26008,26013,26004,26016,26014,26001,26007,25998,26002,25997,25996,26003,26010,26006,26017,26009,26012,26005,25999,26011,26000],"class_list":{"0":"post-31088","1":"product","2":"type-product","3":"status-publish","4":"has-post-thumbnail","6":"product_cat-magicke-huby","7":"product_tag-autenticke-magicke-huby-v-europe","8":"product_tag-carovne-huby-europa-vypredaj","9":"product_tag-carovne-huby-europa-zlava","10":"product_tag-carovne-huby-najlepsia-cena-v-europe","11":"product_tag-dodavatelia-magic-mushrooms-europe","12":"product_tag-dodavka-magic-mushrooms-europe-sk","13":"product_tag-internetovy-predaj-magickych-hub","14":"product_tag-kde-kupit-magic-mushrooms-europe","15":"product_tag-kde-kupit-magicke-huby-online","16":"product_tag-kolko-stoji-magicke-huby","17":"product_tag-kupte-si-magicke-huby","18":"product_tag-kupte-si-magicke-huby-online","19":"product_tag-kupte-si-magicke-huby-online-europa","20":"product_tag-lacne-magicke-huby-europa","21":"product_tag-magic-mushrooms-doprava-zadarmo-po-europe","22":"product_tag-magic-mushrooms-europe-recenzia","23":"product_tag-magicke-huby-internetovy-obchod-europa","24":"product_tag-obchod-magic-mushrooms-europe-sk","25":"product_tag-objednajte-si-carovne-huby-eu","26":"product_tag-objednajte-si-magicke-huby-online","27":"product_tag-ponuka-magic-mushrooms-europe","28":"product_tag-ucinky-magickych-hub","30":"first","31":"instock","32":"shipping-taxable","33":"purchasable","34":"product-type-simple","35":"farmacie-col"},"aioseo_notices":[],"_links":{"self":[{"href":"https:\/\/lacasadelamedicina.es\/sk\/wp-json\/wp\/v2\/product\/31088"}],"collection":[{"href":"https:\/\/lacasadelamedicina.es\/sk\/wp-json\/wp\/v2\/product"}],"about":[{"href":"https:\/\/lacasadelamedicina.es\/sk\/wp-json\/wp\/v2\/types\/product"}],"replies":[{"embeddable":true,"href":"https:\/\/lacasadelamedicina.es\/sk\/wp-json\/wp\/v2\/comments?post=31088"}],"wp:featuredmedia":[{"embeddable":true,"href":"https:\/\/lacasadelamedicina.es\/sk\/wp-json\/wp\/v2\/media\/19767"}],"wp:attachment":[{"href":"https:\/\/lacasadelamedicina.es\/sk\/wp-json\/wp\/v2\/media?parent=31088"}],"wp:term":[{"taxonomy":"product_cat","embeddable":true,"href":"https:\/\/lacasadelamedicina.es\/sk\/wp-json\/wp\/v2\/product_cat?post=31088"},{"taxonomy":"product_tag","embeddable":true,"href":"https:\/\/lacasadelamedicina.es\/sk\/wp-json\/wp\/v2\/product_tag?post=31088"}],"curies":[{"name":"wp","href":"https:\/\/api.w.org\/{rel}","templated":true}]}}