{"id":31087,"date":"2024-08-10T10:33:02","date_gmt":"2024-08-10T10:33:02","guid":{"rendered":"https:\/\/lacasadelamedicina.es\/product\/kupte-si-mazatapec-magic-mushroom-online\/"},"modified":"2024-08-10T10:33:02","modified_gmt":"2024-08-10T10:33:02","slug":"kupte-si-mazatapec-magic-mushroom-online","status":"publish","type":"product","link":"https:\/\/lacasadelamedicina.es\/sk\/produkt\/kupte-si-mazatapec-magic-mushroom-online\/","title":{"rendered":"K\u00fapte si Mazatapec Magic Mushroom online"},"content":{"rendered":"<h3>Mazatapec Magick\u00e1 huba<\/h3>\n<p> K\u00fapte si hubu mazatapec online.Psilocyb\u00edn, tie\u017e zn\u00e1my ako magick\u00e1 huba alebo psychedelick\u00e1 huba, obsahuje psilocyb\u00edn a psiloc\u00edn. Biologick\u00e9 rody obsahuj\u00face psilocyb\u00ednov\u00e9 huby zah\u0155\u0148aj\u00fa Copelandia, Gymnopilus, Inocybe, Panaeolus, Pholiotina, Pluteus a Psilocybe. Huby chemicky menia mozog. Vo v\u0161eobecnosti ich \u00fa\u010dinky trvaj\u00fa 6 a\u017e 7 hod\u00edn a \u00fa\u010dinky m\u00f4\u017eu by\u0165 badate\u013en\u00e9 aj po 24 hodin\u00e1ch. Magick\u00e9 huby Mazatapec s\u00fa jedn\u00fdm z dvoch ve\u013emi popul\u00e1rnych kme\u0148ov, ktor\u00e9 poch\u00e1dzaj\u00fa z Mexika. Tieto huby vytv\u00e1raj\u00fa ve\u013emi siln\u00fa duchovn\u00fa cestu a s\u00fa \u0161etrn\u00e9 k telu. V porovnan\u00ed s niektor\u00fdmi in\u00fdmi kme\u0148mi, Mazatepec Shrooms nezni\u017euj\u00fa va\u0161u telesn\u00fa teplotu tak v\u00fdrazne a pou\u017e\u00edvatelia tie\u017e uviedli, \u017ee si pri tomto kmeni menej zvieraj\u00fa \u010de\u013euste. To v\u00e1m zase umo\u017en\u00ed vychutna\u0165 si svoju duchovn\u00fa cestu s men\u0161\u00edm rozpty\u013eovan\u00edm. Vzh\u013ead t\u00fdchto h\u00fab je charakteristick\u00fd ich svetlo a\u017e tmavohned\u00fdmi klob\u00fakmi sp\u00e1rovan\u00fdmi so stredne ve\u013ekou stonkou.         <\/p>\n<h4>Hist\u00f3ria Mazatapecu<\/h4>\n<p> Domorod\u00ed obyvatelia Mazatec, nach\u00e1dzaj\u00faci sa v Oaxace v Mexiku, pou\u017e\u00edvaj\u00fa tieto magick\u00e9 huby na duchovn\u00e9 a ritu\u00e1lne obrady. Bol to stabiln\u00fd kme\u0148, ktor\u00fd sa pou\u017e\u00edva po cel\u00e9 gener\u00e1cie. Kme\u0148 Mazatapec je tie\u017e jednou z prv\u00fdch h\u00fab psilocyb\u00edn predstaven\u00fdch z\u00e1padn\u00e9mu svetu. K\u00fapi\u0165 hubu mazatapec online \u00da\u010dinky huby Mazatapec Cubensis Mazatapec Cubensis je skvel\u00fd pre za\u010diato\u010dn\u00edkov a veter\u00e1nov. Pon\u00faka kompletn\u00fd psychoakt\u00edvny z\u00e1\u017eitok s jemn\u00fdm dopadom na telo. Efekty roz\u0161\u00edria va\u0161u kreativitu a origin\u00e1lne my\u0161lienky. Okrem toho zlep\u0161uje soci\u00e1lne spr\u00e1vanie a dobr\u00e9 pocity. Dostanete vizu\u00e1lne halucin\u00e1cie so zatvoren\u00fdmi alebo otvoren\u00fdmi o\u010dami. Vizu\u00e1ly bud\u00fa obsahova\u0165 tvarov\u00e9 a farebn\u00e9 vari\u00e1cie, ako aj frakt\u00e1ly a formy.        <\/p>\n<h3>N\u00e1vod na d\u00e1vkovanie<\/h3>\n<p> Kreat\u00edvna d\u00e1vka: 0,5 g a\u017e 1,25 g Stredn\u00e1 rekrea\u010dn\u00e1 d\u00e1vka: 1,5 g a\u017e 2 g Pln\u00e1 rekrea\u010dn\u00e1 d\u00e1vka: 2 g a\u017e 3,5 g Za\u017eit\u00e1 pln\u00e1 rekrea\u010dn\u00e1 d\u00e1vka: 3,5 g a\u017e 5 g Heroick\u00e1 d\u00e1vka: 5 g a\u017e 7+ g &nbsp;<\/p>\n","protected":false},"excerpt":{"rendered":"<p>Mazatapec Magick\u00e1 huba K\u00fapte si hubu mazatapec online.Psilocyb\u00edn, tie\u017e zn\u00e1my ako magick\u00e1 huba alebo psychedelick\u00e1 huba, obsahuje psilocyb\u00edn a psiloc\u00edn. Biologick\u00e9 rody obsahuj\u00face psilocyb\u00ednov\u00e9 huby zah\u0155\u0148aj\u00fa Copelandia, Gymnopilus, Inocybe, Panaeolus, Pholiotina, Pluteus a Psilocybe. Huby chemicky menia mozog. Vo v\u0161eobecnosti ich \u00fa\u010dinky trvaj\u00fa 6 a\u017e 7 hod\u00edn a \u00fa\u010dinky m\u00f4\u017eu by\u0165 badate\u013en\u00e9 aj po 24 [&hellip;]<\/p>\n","protected":false},"featured_media":14905,"comment_status":"open","ping_status":"closed","template":"","meta":{"om_disable_all_campaigns":false,"_sitemap_exclude":false,"_sitemap_priority":"","_sitemap_frequency":"","_monsterinsights_skip_tracking":false,"_monsterinsights_sitenote_active":false,"_monsterinsights_sitenote_note":"","_monsterinsights_sitenote_category":0},"product_cat":[25951],"product_tag":[25993,25994,25992,25985,25976,25980,25974,25975,25981,25988,25984,25989,25986,25991,25987,25982,25990,25983,25977,25979,25995,25978],"class_list":{"0":"post-31087","1":"product","2":"type-product","3":"status-publish","4":"has-post-thumbnail","6":"product_cat-magicke-huby","7":"product_tag-autenticka-mazatapec-magic-mushroom-europe-sk","8":"product_tag-dodavatelia-mazatapec-magic-mushroom-europe","9":"product_tag-dodavka-mazatapec-magic-mushroom-europe-sk","10":"product_tag-kde-kupit-mazatapec-magic-mushroom-europe","11":"product_tag-kde-kupit-mazatapec-magic-mushroom-online","12":"product_tag-kolko-je-mazatapec-magic-mushroom","13":"product_tag-kupte-si-mazatapec-magic-mushroom-sk","14":"product_tag-kupte-si-mazatapec-magic-mushroom-online-sk","15":"product_tag-kupte-si-mazatapec-magic-mushroom-online-europa","16":"product_tag-lacna-mazatapec-magic-mushroom-europe","17":"product_tag-mazatapec-magic-mushroom-doprava-zadarmo-po-europe","18":"product_tag-mazatapec-magic-mushroom-europe-ponuky","19":"product_tag-mazatapec-magic-mushroom-europe-predaj","20":"product_tag-mazatapec-magic-mushroom-europe-zlava","21":"product_tag-mazatapec-magic-mushroom-internetovy-obchod-europa","22":"product_tag-mazatapec-magic-mushroom-najlepsia-cena-v-europe","23":"product_tag-obchod-mazatapec-magic-mushroom-europe-sk","24":"product_tag-objednajte-si-mazatapec-magic-mushroom-eu","25":"product_tag-objednajte-si-mazatapec-magic-mushroom-online","26":"product_tag-online-predaj-magickych-hub-mazatapec","27":"product_tag-recenzia-mazatapec-magic-mushroom-europe","28":"product_tag-ucinky-kuzelnej-huby-mazatapec","30":"first","31":"instock","32":"shipping-taxable","33":"purchasable","34":"product-type-simple","35":"farmacie-col"},"aioseo_notices":[],"_links":{"self":[{"href":"https:\/\/lacasadelamedicina.es\/sk\/wp-json\/wp\/v2\/product\/31087"}],"collection":[{"href":"https:\/\/lacasadelamedicina.es\/sk\/wp-json\/wp\/v2\/product"}],"about":[{"href":"https:\/\/lacasadelamedicina.es\/sk\/wp-json\/wp\/v2\/types\/product"}],"replies":[{"embeddable":true,"href":"https:\/\/lacasadelamedicina.es\/sk\/wp-json\/wp\/v2\/comments?post=31087"}],"wp:featuredmedia":[{"embeddable":true,"href":"https:\/\/lacasadelamedicina.es\/sk\/wp-json\/wp\/v2\/media\/14905"}],"wp:attachment":[{"href":"https:\/\/lacasadelamedicina.es\/sk\/wp-json\/wp\/v2\/media?parent=31087"}],"wp:term":[{"taxonomy":"product_cat","embeddable":true,"href":"https:\/\/lacasadelamedicina.es\/sk\/wp-json\/wp\/v2\/product_cat?post=31087"},{"taxonomy":"product_tag","embeddable":true,"href":"https:\/\/lacasadelamedicina.es\/sk\/wp-json\/wp\/v2\/product_tag?post=31087"}],"curies":[{"name":"wp","href":"https:\/\/api.w.org\/{rel}","templated":true}]}}