{"id":31050,"date":"2024-08-10T19:03:32","date_gmt":"2024-08-10T19:03:32","guid":{"rendered":"https:\/\/lacasadelamedicina.es\/product\/kupit-adderall-online\/"},"modified":"2024-08-10T19:03:32","modified_gmt":"2024-08-10T19:03:32","slug":"kupit-adderall-online","status":"publish","type":"product","link":"https:\/\/lacasadelamedicina.es\/sk\/produkt\/kupit-adderall-online\/","title":{"rendered":"K\u00fapi\u0165 Adderall online"},"content":{"rendered":"<h1 class=\"product_title entry-title\">K\u00fapi\u0165 Adderall online<\/h1>\n<p> K\u00fapte si Adderall online. Adderall je liek na predpis obsahuj\u00faci amfetam\u00edn a dextroamfetam\u00edn, klasifikovan\u00fd ako stimulanty. Prim\u00e1rne sa predpisuje na lie\u010dbu poruchy pozornosti s hyperaktivitou (ADHD) a narkolepsie. Adderall je preferovanou mo\u017enos\u0165ou na spr\u00e1vu ADHD. V\u00fdskum ukazuje, \u017ee Adderall aj Adderall XR zvy\u0161uj\u00fa pozornos\u0165, s\u00fastredenie a zni\u017euj\u00fa impulz\u00edvne spr\u00e1vanie, pri\u010dom 75 a\u017e 80 percent det\u00ed s ADHD za\u017e\u00edva zlep\u0161enie sympt\u00f3mov pri u\u017e\u00edvan\u00ed stimulantov. Pri narkolepsii pom\u00e1ha Adderall zv\u00fd\u0161i\u0165 denn\u00fa bdelos\u0165, hoci v\u00fdskum o jeho \u00fa\u010dinnosti pre tento stav je obmedzen\u00fd. Adderall a Mydayis s\u00fa obchodn\u00e9 zna\u010dky pre lieky vyroben\u00e9 zo zmie\u0161an\u00fdch amfetam\u00ednov\u00fdch sol\u00ed, ktor\u00e9 zah\u0155\u0148aj\u00fa kombin\u00e1ciu \u0161tyroch amfetam\u00ednov\u00fdch sol\u00ed. T\u00e1to zmes pozost\u00e1va z rovnak\u00fdch dielov racemick\u00e9ho amfetam\u00ednu a dextroamfetam\u00ednu, \u010d\u00edm sa vytvor\u00ed pomer dextroamfetam\u00ednu k levoamfetam\u00ednu (3:1). Oba enantiom\u00e9ry s\u00fa stimulanty, ale maj\u00fa odli\u0161n\u00e9 \u00fa\u010dinky, v\u010faka \u010domu m\u00e1 Adderall jedine\u010dn\u00fd profil v porovnan\u00ed s in\u00fdmi formami amfetam\u00ednu. Adderall sa pou\u017e\u00edva na lie\u010dbu ADHD a narkolepsie, ale tie\u017e sa zneu\u017e\u00edva na \u0161portov\u00fd v\u00fdkon, kognit\u00edvne zlep\u0161enie, potla\u010denie chuti do jedla a rekrea\u010dn\u00fa euf\u00f3riu. Patr\u00ed do triedy stimulantov centr\u00e1lneho nervov\u00e9ho syst\u00e9mu (CNS). Generick\u00fd n\u00e1zov: amfetam\u00edn a dextroamfetam\u00edn N\u00e1zvy zna\u010diek: Adderall, Adderall XR, Mydayis Trieda liekov: stimulanty CNS<\/p>\n","protected":false},"excerpt":{"rendered":"<p>K\u00fapte si Adderall online. Adderall je liek na predpis pozost\u00e1vaj\u00faci z amfetam\u00ednu a dextroamfetam\u00ednu. Adderall si m\u00f4\u017eete k\u00fapi\u0165 online, vr\u00e1tane tabliet Adderall.  <\/p>\n","protected":false},"featured_media":19812,"comment_status":"open","ping_status":"closed","template":"","meta":{"om_disable_all_campaigns":false,"_sitemap_exclude":false,"_sitemap_priority":"","_sitemap_frequency":"","_monsterinsights_skip_tracking":false,"_monsterinsights_sitenote_active":false,"_monsterinsights_sitenote_note":"","_monsterinsights_sitenote_category":0},"product_cat":[24716],"product_tag":[25939,25950,25946,25942,25937,25948,25934,25949,25947,25940,25929,25935,25930,25931,25936,25943,25945,25938,25932,25944,25941,25933],"class_list":{"0":"post-31050","1":"product","2":"type-product","3":"status-publish","4":"has-post-thumbnail","6":"product_cat-lieky-na-zmiernenie-bolesti","7":"product_tag-adderall-doprava-zadarmo-v-europe","8":"product_tag-adderall-europe-recenzia","9":"product_tag-adderall-europe-zlava","10":"product_tag-adderall-internetovy-obchod-europa","11":"product_tag-adderall-najlepsia-cena-v-europe","12":"product_tag-autenticka-adderall-europe-sk","13":"product_tag-dalsi-online-predaj","14":"product_tag-dodavatelia-adderall-v-europe","15":"product_tag-dodavka-adderall-europe-sk","16":"product_tag-kde-kupit-adderall-europe","17":"product_tag-kde-kupit-adderall-online","18":"product_tag-kolko-je-adderall","19":"product_tag-kupit-adderall","20":"product_tag-kupte-si-adderall-online","21":"product_tag-kupte-si-adderall-online-europe","22":"product_tag-lacne-adderall-europe","23":"product_tag-obchod-adderall-europe","24":"product_tag-objednajte-si-adderall-eu","25":"product_tag-objednajte-si-adderall-online","26":"product_tag-ponuky-adderall-europe","27":"product_tag-predaj-adderall-europe","28":"product_tag-ucinky-adderall-sk","30":"first","31":"instock","32":"shipping-taxable","33":"purchasable","34":"product-type-variable","35":"farmacie-col","36":"product-has-gallery"},"aioseo_notices":[],"_links":{"self":[{"href":"https:\/\/lacasadelamedicina.es\/sk\/wp-json\/wp\/v2\/product\/31050"}],"collection":[{"href":"https:\/\/lacasadelamedicina.es\/sk\/wp-json\/wp\/v2\/product"}],"about":[{"href":"https:\/\/lacasadelamedicina.es\/sk\/wp-json\/wp\/v2\/types\/product"}],"replies":[{"embeddable":true,"href":"https:\/\/lacasadelamedicina.es\/sk\/wp-json\/wp\/v2\/comments?post=31050"}],"wp:featuredmedia":[{"embeddable":true,"href":"https:\/\/lacasadelamedicina.es\/sk\/wp-json\/wp\/v2\/media\/19812"}],"wp:attachment":[{"href":"https:\/\/lacasadelamedicina.es\/sk\/wp-json\/wp\/v2\/media?parent=31050"}],"wp:term":[{"taxonomy":"product_cat","embeddable":true,"href":"https:\/\/lacasadelamedicina.es\/sk\/wp-json\/wp\/v2\/product_cat?post=31050"},{"taxonomy":"product_tag","embeddable":true,"href":"https:\/\/lacasadelamedicina.es\/sk\/wp-json\/wp\/v2\/product_tag?post=31050"}],"curies":[{"name":"wp","href":"https:\/\/api.w.org\/{rel}","templated":true}]}}