{"id":31039,"date":"2024-08-10T19:23:17","date_gmt":"2024-08-10T19:23:17","guid":{"rendered":"https:\/\/lacasadelamedicina.es\/product\/kupte-si-buprenorfin-online\/"},"modified":"2024-08-10T19:23:17","modified_gmt":"2024-08-10T19:23:17","slug":"kupte-si-buprenorfin-online","status":"publish","type":"product","link":"https:\/\/lacasadelamedicina.es\/sk\/produkt\/kupte-si-buprenorfin-online\/","title":{"rendered":"K\u00fapte si buprenorf\u00edn online"},"content":{"rendered":"<h1 class=\"product_title entry-title\">K\u00fapte si buprenorf\u00edn online<\/h1>\n<p> K\u00fapte si buprenorf\u00edn online. Buprenorf\u00edn sa pou\u017e\u00edva na lie\u010dbu poruchy u\u017e\u00edvania opioidov (OUD), ak\u00fatnej bolesti a chronickej bolesti. M\u00f4\u017ee sa pod\u00e1va\u0165 v r\u00f4znych form\u00e1ch vr\u00e1tane sublingv\u00e1lnej (pod jazyk), buk\u00e1lnej (do l\u00edca), injekci\u00ed (intraven\u00f3zne a subkut\u00e1nne), ko\u017en\u00fdch n\u00e1plast\u00ed (transderm\u00e1lne) alebo implant\u00e1tov. Na lie\u010dbu OUD sa m\u00e1 buprenorf\u00edn pod\u00e1va\u0165 len vtedy, ke\u010f pacient poci\u0165uje stredne z\u00e1va\u017en\u00e9 abstinen\u010dn\u00e9 pr\u00edznaky od opioidov a pod doh\u013eadom poskytovate\u013ea zdravotnej starostlivosti. Buprenorf\u00edn pom\u00e1ha zvl\u00e1da\u0165 z\u00e1vislos\u0165 na opioidoch t\u00fdm, \u017ee zni\u017euje t\u00fa\u017ebu a abstinen\u010dn\u00e9 pr\u00edznaky bez sp\u00f4sobenia euf\u00f3rie alebo z\u00e1va\u017en\u00fdch ved\u013eaj\u0161\u00edch \u00fa\u010dinkov, \u010do pom\u00e1ha pri prevencii relapsu. P\u00f4sob\u00ed ako n\u00e1hrada za zneu\u017e\u00edvan\u00fa drogu, minimalizuje nepohodlie a umo\u017e\u0148uje pacientom s\u00fastredi\u0165 sa na zotavenie. Buprenorf\u00edn pre OUD je s\u00fa\u010das\u0165ou komplexn\u00e9ho lie\u010debn\u00e9ho pl\u00e1nu, ktor\u00fd zah\u0155\u0148a poradenstvo a behavior\u00e1lnu terapiu. V pr\u00edpade OUD je buprenorf\u00edn dostupn\u00fd vo forme injekci\u00ed s dlhodob\u00fdm \u00fa\u010dinkom (Sublocade, Brixadi) a sublingv\u00e1lnych tabliet (Subutex, teraz ukon\u010den\u00fd, ale dostupn\u00e9 s\u00fa generik\u00e1). Pri lie\u010dbe bolesti sa buprenorf\u00edn pou\u017e\u00edva na \u0165a\u017ek\u00fa \u200b\u200bak\u00fatnu boles\u0165 a stredne \u0165a\u017ek\u00fa \u200b\u200ba\u017e \u0165a\u017ek\u00fa \u200b\u200bchronick\u00fa boles\u0165, ktor\u00e1 nie je kontrolovan\u00e1 in\u00fdmi liekmi. Je dostupn\u00fd ako ko\u017en\u00e9 n\u00e1plasti (Butrans) a buk\u00e1lne filmy (Belbuca) na chronick\u00fa boles\u0165 a ako injekcia (Buprenex) na ak\u00fatnu boles\u0165. Buprenorf\u00edn sa vyskytuje v troch form\u00e1ch:           <\/p>\n<ul>\n<li>Obd\u013a\u017enikov\u00fd oran\u017eov\u00fd film s limetkovou pr\u00edchu\u0165ou<\/li>\n<li>Tablety<\/li>\n<li>Kvapalina<\/li>\n<\/ul>\n<p> Zna\u010dky zah\u0155\u0148aj\u00fa Belbuca, Brixadi, Buprenex, Buprenorphine, Butrans, Sublocade, Suboxone, Subutex a Zubsolv. <strong>Ved\u013eaj\u0161ie \u00fa\u010dinky:<\/strong> Ak spozorujete pr\u00edznaky alergickej reakcie, ako je \u017eih\u013eavka, \u0165a\u017ekosti s d\u00fdchan\u00edm alebo opuch tv\u00e1re, pier, jazyka, okam\u017eite vyh\u013eadajte lek\u00e1rsku pomoc, alebo hrdla. Opioidn\u00e9 lieky m\u00f4\u017eu spomali\u0165 alebo zastavi\u0165 d\u00fdchanie, \u010do m\u00f4\u017ee by\u0165 smrte\u013en\u00e9. Zaistite, aby niekto v okol\u00ed mohol poda\u0165 nalox\u00f3n, a ak m\u00e1te pomal\u00e9 d\u00fdchanie, modr\u00e9 pery alebo m\u00e1te \u0165a\u017ekosti s prebuden\u00edm, vyh\u013eadajte lek\u00e1rsku pomoc. Kontaktujte svojho lek\u00e1ra, ak m\u00e1te pr\u00edznaky ako abstinen\u010dn\u00e9 pr\u00edznaky opioidov, probl\u00e9my s d\u00fdchan\u00edm, pomal\u00fd srdcov\u00fd tep, boles\u0165 na hrudn\u00edku, n\u00edzke hladiny kortizolu alebo probl\u00e9my s pe\u010de\u0148ou. Tie\u017e vyh\u013eadajte lek\u00e1rsku pomoc pri pr\u00edznakoch seroton\u00ednov\u00e9ho syndr\u00f3mu, ako je nepokoj, halucin\u00e1cie, hor\u00fa\u010dka a stuhnutos\u0165 svalov.     <strong>\u010cast\u00e9 ved\u013eaj\u0161ie \u00fa\u010dinky:<\/strong><\/p>\n<ul>\n<li>Z\u00e1pcha<\/li>\n<li>Nevo\u013enos\u0165<\/li>\n<li>Zvracanie<\/li>\n<li>Boles\u0165 hlavy<\/li>\n<li>Zv\u00fd\u0161en\u00e9 potenie<\/li>\n<li>Nespavos\u0165<\/li>\n<li>Boles\u0165<\/li>\n<\/ul>\n<p><strong>Lieky na z\u00e1vislos\u0165 od opioidov:<\/strong><\/p>\n<ul>\n<li>Buprenorf\u00edn: Sublocade (subkut\u00e1nna injekcia), Probuphine (implant\u00e1t), Subutex (sublingv\u00e1lne tablety)<\/li>\n<li>Buprenorf\u00edn a nalox\u00f3n: Bunavail (sublingv\u00e1lny film), Suboxone (sublingv\u00e1lny film a tablety), Zubsolv (sublingv\u00e1lne tablety)<\/li>\n<li>Lofexid\u00edn: Lucemyra (tablety)<\/li>\n<li>Naltrex\u00f3n: Vivitrol (IM injekcia), naltrex\u00f3n (tablety)<\/li>\n<\/ul>\n<p><strong>Lieky na siln\u00fa boles\u0165:<\/strong><\/p>\n<ul>\n<li>Buprenorf\u00edn: Buprenex (im a IV injekcia), Belbuca (buk\u00e1lny film), Butrans (transderm\u00e1lna n\u00e1plas\u0165)<\/li>\n<li>Metad\u00f3n: dolof\u00edn (tablety)<\/li>\n<\/ul>\n<p><strong>N\u00e1zvy zna\u010diek a d\u00e1vkovacie formy:<\/strong><\/p>\n<ul>\n<li>Brixadi: Injekcia s pred\u013a\u017een\u00fdm uvo\u013e\u0148ovan\u00edm (subkut\u00e1nne), t\u00fd\u017edenne alebo mesa\u010dne, pre OUD<\/li>\n<li>Sublok\u00e1da: Injekcia s pred\u013a\u017een\u00fdm uvo\u013e\u0148ovan\u00edm (subkut\u00e1nne), mesa\u010dne, pre OUD<\/li>\n<li>Probuphine (ukon\u010den\u00e9): Implant\u00e1t (subderm\u00e1lny), ka\u017ed\u00fdch \u0161es\u0165 mesiacov, pre z\u00e1vislos\u0165 od opioidov<\/li>\n<li>Belbuca: Buk\u00e1lny film, raz denne alebo ka\u017ed\u00fdch 12 hod\u00edn, pri silnej bolesti<\/li>\n<li>Butran: Transderm\u00e1lny syst\u00e9m, ka\u017ed\u00fdch sedem dn\u00ed, pri silnej bolesti<\/li>\n<li>Subutex (preru\u0161en\u00fd): Sublingv\u00e1lne tablety, jedenkr\u00e1t denne, na lie\u010dbu z\u00e1vislosti od opioidov<\/li>\n<li>Buprenex: Injekcia (intraven\u00f3zna alebo intramuskul\u00e1rna), ka\u017ed\u00fdch 6 hod\u00edn, pri silnej bolesti<\/li>\n<\/ul>\n<p> K\u00fapte si buprenorf\u00edn online alebo n\u00e1jdite, kde sa d\u00e1 k\u00fapi\u0165 buprenorf\u00edn online, kde n\u00e1jdete \u010fal\u0161ie podrobnosti o jeho dostupnosti a mo\u017enostiach n\u00e1kupu.<\/p>\n","protected":false},"excerpt":{"rendered":"<p>K\u00fapte si buprenorf\u00edn online. Buprenorf\u00edn je k\u013e\u00fa\u010dov\u00fd liek pou\u017e\u00edvan\u00fd na lie\u010dbu poruchy u\u017e\u00edvania opi\u00e1tov (OUD), ako aj na zvl\u00e1danie ak\u00fatnej a chronickej bolesti. Buprenorf\u00edn je mo\u017en\u00e9 zak\u00fapi\u0165 online.  <\/p>\n","protected":false},"featured_media":19842,"comment_status":"open","ping_status":"closed","template":"","meta":{"om_disable_all_campaigns":false,"_sitemap_exclude":false,"_sitemap_priority":"","_sitemap_frequency":"","_monsterinsights_skip_tracking":false,"_monsterinsights_sitenote_active":false,"_monsterinsights_sitenote_note":"","_monsterinsights_sitenote_category":0},"product_cat":[24716],"product_tag":[25926,25917,25922,25915,25925,25927,25920,25918,25909,25913,25907,25908,25914,24894,25921,25923,25916,25910,25912,25919,25928,25911,25924],"class_list":{"0":"post-31039","1":"product","2":"type-product","3":"status-publish","4":"has-post-thumbnail","6":"product_cat-lieky-na-zmiernenie-bolesti","7":"product_tag-autenticky-buprenorfin-v-europe","8":"product_tag-bezplatna-doprava-buprenorfinu-v-europe","9":"product_tag-buprenorfin-v-europe","10":"product_tag-buprenorfin-za-najlepsiu-cenu-v-europe","11":"product_tag-dodavka-buprenorfinu-do-europy","12":"product_tag-europskych-dodavatelov-buprenorfinu","13":"product_tag-internetovy-obchod-s-buprenorfinom-v-europe","14":"product_tag-kde-kupit-buprenorfin-europa","15":"product_tag-kde-kupit-buprenorfin-online","16":"product_tag-kolko-je-buprenorfin","17":"product_tag-kupte-si-buprenorfin-sk","18":"product_tag-kupte-si-buprenorfin-online","19":"product_tag-kupte-si-buprenorfin-online-europa","20":"product_tag-kupte-si-suboxone-online","21":"product_tag-lacny-buprenorfin-v-europe","22":"product_tag-obchod-s-buprenorfinom-v-europe","23":"product_tag-objednajte-si-buprenorfin-eu","24":"product_tag-objednajte-si-buprenorfin-online","25":"product_tag-online-predaj-buprenorfinu","26":"product_tag-predaj-buprenorfinu-v-europe","27":"product_tag-prehlad-buprenorfinu-v-europe","28":"product_tag-ucinky-buprenorfinu-sk","29":"product_tag-zlava-na-buprenorfin-v-europe","31":"first","32":"instock","33":"shipping-taxable","34":"purchasable","35":"product-type-variable","36":"farmacie-col"},"aioseo_notices":[],"_links":{"self":[{"href":"https:\/\/lacasadelamedicina.es\/sk\/wp-json\/wp\/v2\/product\/31039"}],"collection":[{"href":"https:\/\/lacasadelamedicina.es\/sk\/wp-json\/wp\/v2\/product"}],"about":[{"href":"https:\/\/lacasadelamedicina.es\/sk\/wp-json\/wp\/v2\/types\/product"}],"replies":[{"embeddable":true,"href":"https:\/\/lacasadelamedicina.es\/sk\/wp-json\/wp\/v2\/comments?post=31039"}],"wp:featuredmedia":[{"embeddable":true,"href":"https:\/\/lacasadelamedicina.es\/sk\/wp-json\/wp\/v2\/media\/19842"}],"wp:attachment":[{"href":"https:\/\/lacasadelamedicina.es\/sk\/wp-json\/wp\/v2\/media?parent=31039"}],"wp:term":[{"taxonomy":"product_cat","embeddable":true,"href":"https:\/\/lacasadelamedicina.es\/sk\/wp-json\/wp\/v2\/product_cat?post=31039"},{"taxonomy":"product_tag","embeddable":true,"href":"https:\/\/lacasadelamedicina.es\/sk\/wp-json\/wp\/v2\/product_tag?post=31039"}],"curies":[{"name":"wp","href":"https:\/\/api.w.org\/{rel}","templated":true}]}}