{"id":31017,"date":"2024-08-10T19:51:54","date_gmt":"2024-08-10T19:51:54","guid":{"rendered":"https:\/\/lacasadelamedicina.es\/product\/kupit-dextroamfetamin-online\/"},"modified":"2024-08-10T19:51:54","modified_gmt":"2024-08-10T19:51:54","slug":"kupit-dextroamfetamin-online","status":"publish","type":"product","link":"https:\/\/lacasadelamedicina.es\/sk\/produkt\/kupit-dextroamfetamin-online\/","title":{"rendered":"K\u00fapi\u0165 dextroamfetam\u00edn online"},"content":{"rendered":"<h1 class=\"product_title entry-title\">K\u00fapi\u0165 dextroamfetam\u00edn online<\/h1>\n<p> K\u00fapte si dextroamfetam\u00edn online. Dextroamfetam\u00edn sa pou\u017e\u00edva na lie\u010dbu narkolepsie a poruchy pozornosti s hyperaktivitou (ADHD) a niekedy sa predpisuje off-label na depresiu a obezitu. Zatia\u013e \u010do dlhodob\u00e9 pou\u017e\u00edvanie vysok\u00fdch d\u00e1vok u zvierat m\u00f4\u017ee sp\u00f4sobi\u0165 po\u0161kodenie dopam\u00ednov\u00e9ho syst\u00e9mu, terapeutick\u00e9 d\u00e1vky u \u013eud\u00ed s ADHD vo v\u0161eobecnosti podporuj\u00fa v\u00fdvoj mozgu a rast nervov. <strong>Dextroamfetam\u00edn<\/strong> je liek na predpis dostupn\u00fd v nieko\u013ek\u00fdch form\u00e1ch:   <\/p>\n<ul>\n<li><strong>Peror\u00e1lne tablety<\/strong> (10 mg, 15 mg, 20 mg, 30 mg, 5 mg, 7,5 mg)<\/li>\n<li>\u00fadaje <strong>Kapsuly s pred\u013a\u017een\u00fdm uvo\u013e\u0148ovan\u00edm<\/strong> (10 mg, 15 mg, 5 mg)<\/li>\n<li>\u00fadaje <strong>Peror\u00e1lny roztok<\/strong> (5 mg\/5 ml)<\/li>\n<\/ul>\n<p> Pred\u00e1va sa pod r\u00f4znymi zna\u010dkami vr\u00e1tane Dexedrine Spansule, ProCentra, Xelstrym, Zenzedi, Dexedrine, Dextrostat a Liquadd. Peror\u00e1lna tabletov\u00e1 forma je dostupn\u00e1 iba v generick\u00fdch verzi\u00e1ch, ktor\u00e9 s\u00fa zvy\u010dajne lacnej\u0161ie ako zna\u010dkov\u00e9 lieky. Dextroamfetam\u00edn sa m\u00f4\u017ee pou\u017e\u00edva\u0165 samostatne alebo ako s\u00fa\u010das\u0165 kombinovanej lie\u010dby s in\u00fdmi liekmi. <strong>Ved\u013eaj\u0161ie \u00fa\u010dinky:<\/strong> Vyh\u013eadajte pohotovostn\u00fa lek\u00e1rsku pomoc, ak zaznamen\u00e1te:   <\/p>\n<ul>\n<li>Alergick\u00e9 reakcie, ako je \u017eih\u013eavka, \u0165a\u017ekosti s d\u00fdchan\u00edm alebo opuch tv\u00e1re alebo hrdla.<\/li>\n<li>Z\u00e1va\u017en\u00e9 ko\u017en\u00e9 reakcie vr\u00e1tane hor\u00fa\u010dky, bolesti hrdla, bolesti ko\u017ee alebo vyr\u00e1\u017eky s p\u013euzgiermi a olupovan\u00edm.<\/li>\n<li>Pr\u00edznaky srdcov\u00e9ho infarktu alebo mozgovej pr\u00edhody, ako je boles\u0165 na hrudn\u00edku, necitlivos\u0165 alebo slabos\u0165, nezrozumite\u013en\u00e1 re\u010d alebo d\u00fdchavi\u010dnos\u0165.<\/li>\n<\/ul>\n<p> Z\u00e1va\u017en\u00e9 ved\u013eaj\u0161ie \u00fa\u010dinky m\u00f4\u017eu zah\u0155\u0148a\u0165: <\/p>\n<ul>\n<li>Probl\u00e9my so srdcom alebo krvn\u00fdm obehom, ako je boles\u0165 na hrudn\u00edku, probl\u00e9my s d\u00fdchan\u00edm alebo necitlivos\u0165 prstov na ruk\u00e1ch alebo noh\u00e1ch.<\/li>\n<li>Pr\u00edznaky m\u00e1nie alebo psych\u00f3zy, ako s\u00fa halucin\u00e1cie, agresivita, paranoja alebo zn\u00ed\u017een\u00e1 potreba sp\u00e1nku.<\/li>\n<li>Z\u00e1chvaty, svalov\u00e9 z\u00e1\u0161klby (tiky) alebo zmeny zraku.<\/li>\n<li>Podr\u00e1\u017edenie poko\u017eky pri pou\u017eit\u00ed n\u00e1plasti.<\/li>\n<\/ul>\n<p> Dextroamfetam\u00edn m\u00f4\u017ee ovplyvni\u0165 rast u det\u00ed, preto sledujte abnorm\u00e1lne tempo rastu a v pr\u00edpade ob\u00e1v sa pora\u010fte so svoj\u00edm lek\u00e1rom. <strong>\u010cast\u00e9 ved\u013eaj\u0161ie \u00fa\u010dinky:<\/strong><\/p>\n<ul>\n<li>Sucho v \u00fastach<\/li>\n<li>Pokazen\u00fd \u017eal\u00fadok<\/li>\n<li>Strata chuti do jedla a strata hmotnosti<\/li>\n<li>Boles\u0165 hlavy<\/li>\n<li>Z\u00e1vraty<\/li>\n<li>Nespavos\u0165<\/li>\n<li>Podr\u00e1\u017edenos\u0165<\/li>\n<li>Svalov\u00e9 z\u00e1\u0161klby<\/li>\n<li>Nevo\u013enos\u0165 a vracanie<\/li>\n<li>Zv\u00fd\u0161en\u00fd krvn\u00fd tlak<\/li>\n<li>Otrasy<\/li>\n<li>R\u00fdchle tlkot srdca<\/li>\n<\/ul>\n<p><strong>Pr\u00edznaky pred\u00e1vkovania:<\/strong><\/p>\n<ul>\n<li>Nepokoj a zm\u00e4tok<\/li>\n<li>Agres\u00edvne spr\u00e1vanie<\/li>\n<li>Pocity paniky alebo halucin\u00e1cie<\/li>\n<li>R\u00fdchle d\u00fdchanie a nekontrolovate\u013en\u00e9 trasenie<\/li>\n<li>Hor\u00fa\u010dka a tmavo\u010derven\u00fd mo\u010d<\/li>\n<li>Svalov\u00e1 slabos\u0165 a \u00fanava<\/li>\n<li>Depresia a nepravideln\u00fd tep srdca<\/li>\n<li>Z\u00e1vraty a rozmazan\u00e9 videnie<\/li>\n<li>\u0164a\u017ek\u00fd \u017eal\u00fadok, vracanie a hna\u010dka<\/li>\n<li>Z\u00e1chvaty a v z\u00e1va\u017en\u00fdch pr\u00edpadoch k\u00f3ma<\/li>\n<\/ul>\n<p> \u010eal\u0161ie podrobnosti o tom, kde k\u00fapi\u0165 dextroamfetam\u00edn online, z\u00edskate v licencovan\u00fdch online lek\u00e1r\u0148ach alebo u autorizovan\u00fdch predajcov.<\/p>\n","protected":false},"excerpt":{"rendered":"<p>K\u00fapi\u0165 dextroamfetam\u00edn online. Dextroamfetam\u00edn je liek pou\u017e\u00edvan\u00fd na lie\u010dbu narkolepsie a poruchy pozornosti s hyperaktivitou (ADHD). Je k dispoz\u00edcii na predaj online. \u010eal\u0161ie inform\u00e1cie o tom, kde k\u00fapi\u0165 dextroamfetam\u00edn, n\u00e1jdete v online lek\u00e1r\u0148ach alebo u autorizovan\u00fdch predajcov.   <\/p>\n","protected":false},"featured_media":19872,"comment_status":"open","ping_status":"closed","template":"","meta":{"om_disable_all_campaigns":false,"_sitemap_exclude":false,"_sitemap_priority":"","_sitemap_frequency":"","_monsterinsights_skip_tracking":false,"_monsterinsights_sitenote_active":false,"_monsterinsights_sitenote_note":"","_monsterinsights_sitenote_category":0},"product_cat":[24716],"product_tag":[25860,25851,25849,25854,25861,25859,25846,25843,25852,25847,25841,25842,25848,25855,25857,25850,25844,25856,25853,25862,25845,25858],"class_list":{"0":"post-31017","1":"product","2":"type-product","3":"status-publish","4":"has-post-thumbnail","6":"product_cat-lieky-na-zmiernenie-bolesti","7":"product_tag-autenticky-dextroamfetamin-v-europe","8":"product_tag-bezplatna-doprava-dextroamfetaminu-v-europe","9":"product_tag-dextroamfetamin-za-najlepsiu-cenu-v-europe","10":"product_tag-dextroamfetaminovy-internetovy-obchod-europa","11":"product_tag-dodavatelia-dextroamfetaminu-v-europe","12":"product_tag-dodavka-dextroamfetaminu-v-europe","13":"product_tag-internetovy-predaj-dextroamfetaminu","14":"product_tag-kde-kupit-dextroamfetamin-online","15":"product_tag-kde-kupit-dextroamphetamine-europe","16":"product_tag-kolko-je-dextroamfetamin","17":"product_tag-kupte-si-dextroamfetamin-sk","18":"product_tag-kupte-si-dextroamfetamin-online","19":"product_tag-kupte-si-dextroamfetamin-online-europa","20":"product_tag-lacny-dextroamfetamin-v-europe","21":"product_tag-obchod-s-dextroamfetaminom-v-europe","22":"product_tag-objednajte-si-dextroamfetamin-eu","23":"product_tag-objednat-dextroamfetamin-online","24":"product_tag-ponuky-dextroamfetaminu-v-europe","25":"product_tag-predaj-dextroamfetaminu-v-europe","26":"product_tag-prehlad-dextroamfetaminu-v-europe","27":"product_tag-ucinky-dextroamfetaminu-sk","28":"product_tag-zlava-dextroamfetaminu-v-europe","30":"first","31":"instock","32":"shipping-taxable","33":"purchasable","34":"product-type-variable","35":"farmacie-col"},"aioseo_notices":[],"_links":{"self":[{"href":"https:\/\/lacasadelamedicina.es\/sk\/wp-json\/wp\/v2\/product\/31017"}],"collection":[{"href":"https:\/\/lacasadelamedicina.es\/sk\/wp-json\/wp\/v2\/product"}],"about":[{"href":"https:\/\/lacasadelamedicina.es\/sk\/wp-json\/wp\/v2\/types\/product"}],"replies":[{"embeddable":true,"href":"https:\/\/lacasadelamedicina.es\/sk\/wp-json\/wp\/v2\/comments?post=31017"}],"wp:featuredmedia":[{"embeddable":true,"href":"https:\/\/lacasadelamedicina.es\/sk\/wp-json\/wp\/v2\/media\/19872"}],"wp:attachment":[{"href":"https:\/\/lacasadelamedicina.es\/sk\/wp-json\/wp\/v2\/media?parent=31017"}],"wp:term":[{"taxonomy":"product_cat","embeddable":true,"href":"https:\/\/lacasadelamedicina.es\/sk\/wp-json\/wp\/v2\/product_cat?post=31017"},{"taxonomy":"product_tag","embeddable":true,"href":"https:\/\/lacasadelamedicina.es\/sk\/wp-json\/wp\/v2\/product_tag?post=31017"}],"curies":[{"name":"wp","href":"https:\/\/api.w.org\/{rel}","templated":true}]}}