{"id":31001,"date":"2024-08-10T20:02:15","date_gmt":"2024-08-10T20:02:15","guid":{"rendered":"https:\/\/lacasadelamedicina.es\/product\/kupit-dilaudid-online\/"},"modified":"2024-09-15T09:14:11","modified_gmt":"2024-09-15T09:14:11","slug":"kupit-dilaudid-online","status":"publish","type":"product","link":"https:\/\/lacasadelamedicina.es\/sk\/produkt\/kupit-dilaudid-online\/","title":{"rendered":"K\u00fapi\u0165 Dilaudid online"},"content":{"rendered":"<h1 class=\"product_title entry-title\">K\u00fapi\u0165 Dilaudid online<\/h1>\n<p> K\u00fapte si Dilaudid online. Hydromorf\u00f3n, dostupn\u00fd ako peror\u00e1lna tekutina a tablety, sa pou\u017e\u00edva pri silnej bolesti, ktor\u00e1 si vy\u017eaduje lie\u010dbu opi\u00e1tmi a ke\u010f s\u00fa in\u00e9 lieky proti bolesti nedostato\u010dn\u00e9 alebo netolerovate\u013en\u00e9. Kapsuly a tablety s pred\u013a\u017een\u00fdm uvo\u013e\u0148ovan\u00edm sa pou\u017e\u00edvaj\u00fa u pacientov toleruj\u00facich opioidy, ktor\u00ed potrebuj\u00fa nepretr\u017eit\u00fa dlhodob\u00fa \u00fa\u013eavu od bolesti. <strong>Dilaudid (Hydromorf\u00f3n)<\/strong> je siln\u00fd opioidn\u00fd agonista kontrolovan\u00fd pod\u013ea sch\u00e9my II s vysok\u00fdm potenci\u00e1lom zneu\u017e\u00edvania a rizikom \u00fatlmu d\u00fdchania. To m\u00f4\u017ee zhor\u0161i\u0165 alkohol, in\u00e9 opioidy a l\u00e1tky tlmiace centr\u00e1lny nervov\u00fd syst\u00e9m, \u010d\u00edm sa zvy\u0161uje riziko \u017eivot ohrozuj\u00facej respira\u010dnej depresie.    <strong>Pozn\u00e1mky k pou\u017eitiu:<\/strong><\/p>\n<ul>\n<li><strong>Peror\u00e1lna tekutina a tablety:<\/strong> Na siln\u00fa boles\u0165, kde s\u00fa in\u00e9 lie\u010dby ne\u00fa\u010dinn\u00e9. Nie na kr\u00e1tkodob\u00e9 pou\u017eitie alebo miernu boles\u0165. <\/li>\n<li>\u00fadaje <strong>Kapsuly a tablety s pred\u013a\u017een\u00fdm uvo\u013e\u0148ovan\u00edm:<\/strong> Na nepretr\u017eit\u00fa \u00fa\u013eavu od bolesti u pacientov toleruj\u00facich opi\u00e1ty. Nie je ur\u010den\u00e9 na kr\u00e1tkodob\u00fa alebo intermitentn\u00fa boles\u0165. <\/li>\n<\/ul>\n<p> Hydromorf\u00f3n p\u00f4sob\u00ed na centr\u00e1lny nervov\u00fd syst\u00e9m na zmiernenie bolesti, ale pri dlhodobom pou\u017e\u00edvan\u00ed m\u00e1 potenci\u00e1l sp\u00f4sobi\u0165 du\u0161evn\u00fa alebo fyzick\u00fa z\u00e1vislos\u0165. Z\u00e1vislos\u0165 m\u00f4\u017ee pri n\u00e1hlom preru\u0161en\u00ed vies\u0165 k abstinen\u010dn\u00fdm pr\u00edznakom, ktor\u00e9 mo\u017eno zmierni\u0165 postupn\u00fdm zni\u017eovan\u00edm d\u00e1vky. \u00fadaje <strong>Zneu\u017eitie, zneu\u017eitie a zneu\u017eitie:<\/strong> Hydromorf\u00f3n je vystaven\u00fd riziku zneu\u017eitia a zneu\u017eitia, preto\u017ee je podobn\u00fd in\u00fdm opioidom, ktor\u00e9 vyh\u013ead\u00e1vaj\u00fa \u013eudia s poruchami z\u00e1vislosti. Mal by sa predpisova\u0165 a pod\u00e1va\u0165 opatrne, najm\u00e4 u jedincov s anamn\u00e9zou zneu\u017e\u00edvania n\u00e1vykov\u00fdch l\u00e1tok alebo du\u0161evn\u00fdch chor\u00f4b. Pred za\u010dat\u00edm lie\u010dby opioidmi je potrebn\u00e9 u pacientov sledova\u0165 pr\u00edznaky zneu\u017e\u00edvania a zhodnoti\u0165 ich riziko. Hydromorf\u00f3n sa m\u00f4\u017ee zneu\u017ei\u0165 rozdrven\u00edm, \u017euvan\u00edm, smrkan\u00edm alebo injekciou, \u010do predstavuje zna\u010dn\u00e9 riziko pred\u00e1vkovania. Spr\u00e1vna lie\u010dba bolesti by mala vyv\u00e1\u017ei\u0165 obavy zo zneu\u017e\u00edvania a z\u00e1rove\u0148 zabezpe\u010di\u0165 \u00fa\u010dinn\u00fa lie\u010dbu. <strong>Pred\u00e1vkovanie:<\/strong> Ak m\u00e1te podozrenie na pred\u00e1vkovanie, podajte si nalox\u00f3n, ak je k dispoz\u00edcii, a okam\u017eite zavolajte 911. Pr\u00edznaky pred\u00e1vkovania zah\u0155\u0148aj\u00fa:       <\/p>\n<ul>\n<li>Pomal\u00e9 alebo plytk\u00e9 d\u00fdchanie<\/li>\n<li>Pomal\u00fd tlkot srdca<\/li>\n<li>K\u00f3ma<\/li>\n<\/ul>\n<p> Ak je osoba pri vedom\u00ed a nem\u00e1 \u017eiadne v\u00e1\u017ene pr\u00edznaky, ihne\u010f kontaktujte toxikologick\u00e9 centrum. \u010eal\u0161ie inform\u00e1cie o tom, kde k\u00fapi\u0165 Dilaudid online, z\u00edskate v licencovan\u00fdch online lek\u00e1r\u0148ach alebo u autorizovan\u00fdch predajcov.<\/p>\n","protected":false},"excerpt":{"rendered":"<p>K\u00fapte si Dilaudid online. Dilaudid, ktor\u00fd obsahuje hydromorf\u00f3n, sa pou\u017e\u00edva na zmiernenie silnej bolesti, ke\u010f s\u00fa in\u00e9 lieky proti bolesti nedostato\u010dn\u00e9 alebo netolerovate\u013en\u00e9. Je dostupn\u00fd vo forme peror\u00e1lnych tekut\u00edn a tabliet.  <\/p>\n","protected":false},"featured_media":19932,"comment_status":"open","ping_status":"closed","template":"","meta":{"om_disable_all_campaigns":false,"_sitemap_exclude":false,"_sitemap_priority":"","_sitemap_frequency":"","_monsterinsights_skip_tracking":false,"_monsterinsights_sitenote_active":false,"_monsterinsights_sitenote_note":"","_monsterinsights_sitenote_category":0},"product_cat":[24716],"product_tag":[25838,25834,25840,25827,25837,25821,25819,25820,25826,25664,25822],"class_list":{"0":"post-31001","1":"product","2":"type-product","3":"status-publish","4":"has-post-thumbnail","6":"product_cat-lieky-na-zmiernenie-bolesti","7":"product_tag-autenticka-dilaudid-europe-sk","8":"product_tag-dilaudid-europe-ponuky","9":"product_tag-dilaudid-europe-recenzia","10":"product_tag-dilaudid-najlepsia-cena-v-europe","11":"product_tag-dodavka-dilaudid-europe-sk","12":"product_tag-kde-kupit-dilaudid-online","13":"product_tag-kupit-dilaudid","14":"product_tag-kupte-si-dilaudid-online","15":"product_tag-kupte-si-dilaudid-online-europe","16":"product_tag-kupte-si-hydromorfon-online","17":"product_tag-objednajte-si-dilaudid-online","19":"first","20":"instock","21":"shipping-taxable","22":"purchasable","23":"product-type-variable","24":"farmacie-col"},"aioseo_notices":[],"_links":{"self":[{"href":"https:\/\/lacasadelamedicina.es\/sk\/wp-json\/wp\/v2\/product\/31001"}],"collection":[{"href":"https:\/\/lacasadelamedicina.es\/sk\/wp-json\/wp\/v2\/product"}],"about":[{"href":"https:\/\/lacasadelamedicina.es\/sk\/wp-json\/wp\/v2\/types\/product"}],"replies":[{"embeddable":true,"href":"https:\/\/lacasadelamedicina.es\/sk\/wp-json\/wp\/v2\/comments?post=31001"}],"wp:featuredmedia":[{"embeddable":true,"href":"https:\/\/lacasadelamedicina.es\/sk\/wp-json\/wp\/v2\/media\/19932"}],"wp:attachment":[{"href":"https:\/\/lacasadelamedicina.es\/sk\/wp-json\/wp\/v2\/media?parent=31001"}],"wp:term":[{"taxonomy":"product_cat","embeddable":true,"href":"https:\/\/lacasadelamedicina.es\/sk\/wp-json\/wp\/v2\/product_cat?post=31001"},{"taxonomy":"product_tag","embeddable":true,"href":"https:\/\/lacasadelamedicina.es\/sk\/wp-json\/wp\/v2\/product_tag?post=31001"}],"curies":[{"name":"wp","href":"https:\/\/api.w.org\/{rel}","templated":true}]}}