{"id":30862,"date":"2024-08-11T08:31:56","date_gmt":"2024-08-11T08:31:56","guid":{"rendered":"https:\/\/lacasadelamedicina.es\/product\/kupte-si-lortab-10-online\/"},"modified":"2024-11-06T13:54:24","modified_gmt":"2024-11-06T13:54:24","slug":"kupte-si-lortab-10-online","status":"publish","type":"product","link":"https:\/\/lacasadelamedicina.es\/sk\/produkt\/kupte-si-lortab-10-online\/","title":{"rendered":"K\u00fapte si Lortab 10 online"},"content":{"rendered":"<h1 class=\"product_title entry-title\">K\u00fapte si Lortab 10 online<\/h1>\n<p> Lortab 10 je liek ur\u010den\u00fd na zmiernenie stredne silnej a\u017e silnej bolesti. Sp\u00e1ja dve akt\u00edvne zlo\u017eky: hydrokod\u00f3n a acetaminof\u00e9n. Hydrokod\u00f3n je opioid, ktor\u00fd poskytuje siln\u00fa \u00fa\u013eavu od bolesti, zatia\u013e \u010do acetaminof\u00e9n, be\u017ene zn\u00e1my ako tylenol, zvy\u0161uje \u00fa\u010dinky hydrokod\u00f3nu a pom\u00e1ha zni\u017eova\u0165 hor\u00fa\u010dku. \u00fadaje <strong>Ved\u013eaj\u0161ie \u00fa\u010dinky Lortabu 10<\/strong> Be\u017en\u00e9 ved\u013eaj\u0161ie \u00fa\u010dinky Lortabu 10 zah\u0155\u0148aj\u00fa:   <\/p>\n<ul>\n<li>Ospalos\u0165<\/li>\n<li>\u00dazkos\u0165<\/li>\n<li>Z\u00e1vraty<\/li>\n<li>Nevo\u013enos\u0165 a vracanie<\/li>\n<li>Pokazen\u00fd \u017eal\u00fadok<\/li>\n<li>Z\u00e1pcha<\/li>\n<li>Bolesti hlavy<\/li>\n<li>Zmeny n\u00e1lady<\/li>\n<li>Rozmazan\u00e9 videnie<\/li>\n<li>Zvonenie v u\u0161iach<\/li>\n<li>Sucho v \u00fastach<\/li>\n<li>Zm\u00e4tok<\/li>\n<\/ul>\n<p><strong>Odpor\u00fa\u010dania pre d\u00e1vkovanie<\/strong> Lortab 10\/500 sa pod\u00e1va peror\u00e1lne, zvy\u010dajne ako jedna tableta ka\u017ed\u00e9 \u0161tyri a\u017e \u0161es\u0165 hod\u00edn pod\u013ea potreby na \u00fa\u013eavu od bolesti. Pr\u00edsne dodr\u017eiavajte d\u00e1vkovanie predp\u00edsan\u00e9 lek\u00e1rom. <strong>Drogov\u00e9 interakcie<\/strong> Lortab 10\/500 m\u00f4\u017ee interagova\u0165 s:  <\/p>\n<ul>\n<li>Alkohol<\/li>\n<li>In\u00e9 lieky obsahuj\u00face acetaminof\u00e9n<\/li>\n<li>Sedat\u00edva, trankviliz\u00e9ry, pr\u00e1\u0161ky na spanie a svalov\u00e9 relaxanci\u00e1<\/li>\n<li>Niektor\u00e9 antidepres\u00edva a inhib\u00edtory MAO<\/li>\n<li>Lieky na mo\u010dov\u00fd mech\u00far alebo mo\u010dov\u00fd mech\u00far<\/li>\n<li>Bronchodilat\u00e1tory a lieky na syndr\u00f3m dr\u00e1\u017ediv\u00e9ho \u010dreva<\/li>\n<\/ul>\n<p> Informujte svojho lek\u00e1ra o v\u0161etk\u00fdch liekoch a doplnkoch, ktor\u00e9 u\u017e\u00edvate, aby ste sa vyhli ne\u017eiaducim interakci\u00e1m. \u00fadaje <strong>Pou\u017e\u00edvanie po\u010das tehotenstva a doj\u010denia<\/strong> Lortab by sa mal pou\u017e\u00edva\u0165 po\u010das tehotenstva len vtedy, ke\u010f je to absol\u00fatne nevyhnutn\u00e9, a zvy\u010dajne nie na dlh\u0161iu dobu alebo tesne pred p\u00f4rodom kv\u00f4li potenci\u00e1lnym rizik\u00e1m pre nenaroden\u00e9 die\u0165a. Pred doj\u010den\u00edm je tie\u017e vhodn\u00e9 poradi\u0165 sa s lek\u00e1rom, preto\u017ee liek m\u00f4\u017ee prejs\u0165 do matersk\u00e9ho mlieka a ovplyvni\u0165 die\u0165a. <strong>Upozornenia a opatrenia<\/strong> Ak spozorujete pr\u00edznaky alergickej reakcie, ako je \u017eih\u013eavka, \u0165a\u017ekosti s d\u00fdchan\u00edm alebo opuch tv\u00e1re alebo hrdla, okam\u017eite vyh\u013eadajte lek\u00e1rsku pomoc. Zriedkavo m\u00f4\u017ee acetaminof\u00e9n sp\u00f4sobi\u0165 z\u00e1va\u017en\u00e9 ko\u017en\u00e9 reakcie, preto presta\u0148te pou\u017e\u00edva\u0165 a kontaktujte svojho lek\u00e1ra, ak spozorujete \u0161\u00edriacu sa vyr\u00e1\u017eku alebo p\u013euzgiere. Okam\u017eite kontaktujte svojho lek\u00e1ra, ak sa u v\u00e1s vyskytne \u010doko\u013evek z nasledovn\u00e9ho:    <\/p>\n<ul>\n<li>Plytk\u00e9 d\u00fdchanie alebo pomal\u00fd tlkot srdca<\/li>\n<li>Svetlohlavos\u0165<\/li>\n<li>Zm\u00e4tok alebo nezvy\u010dajn\u00e9 spr\u00e1vanie<\/li>\n<li>Z\u00e1chvaty<\/li>\n<li>Nevysvetlite\u013en\u00e9 modriny alebo krv\u00e1canie<\/li>\n<li>Probl\u00e9my s pe\u010de\u0148ou, ako je nevo\u013enos\u0165, boles\u0165 v hornej \u010dasti \u017eal\u00fadka, svrbenie, tmav\u00fd mo\u010d alebo \u017elta\u010dka<\/li>\n<li>Sympt\u00f3my seroton\u00ednov\u00e9ho syndr\u00f3mu vr\u00e1tane nepokoja, halucin\u00e1ci\u00ed, hor\u00fa\u010dky a stuhnutosti svalov<\/li>\n<\/ul>\n<p><strong>\u010eal\u0161ie inform\u00e1cie<\/strong> Podrobnej\u0161ie inform\u00e1cie o mo\u017en\u00fdch ved\u013eaj\u0161\u00edch \u00fa\u010dinkoch a interakci\u00e1ch lieku Lortab 10\/500 n\u00e1jdete v na\u0161ich komplexn\u00fdch informa\u010dn\u00fdch zdrojoch o liekoch.<\/p>\n","protected":false},"excerpt":{"rendered":"<p>K\u00fapte si Lortab 10 online. Lortab je liek, ktor\u00fd zmier\u0148uje stredne siln\u00fa a\u017e intenz\u00edvnu boles\u0165. kde k\u00fapi\u0165 Lortab 10 online, Lortab 10 na predaj online.  <\/p>\n","protected":false},"featured_media":19947,"comment_status":"open","ping_status":"closed","template":"","meta":{"om_disable_all_campaigns":false,"_sitemap_exclude":false,"_sitemap_priority":"","_sitemap_frequency":"","_monsterinsights_skip_tracking":false,"_monsterinsights_sitenote_active":false,"_monsterinsights_sitenote_note":"","_monsterinsights_sitenote_category":0},"product_cat":[24716],"product_tag":[25616,25615,25608,25599,25603,25597,25731,25598,25604,25611,25607,25618,25617,25610,25605,25613,25606,25600,25612,25602,25609,25601,25614],"class_list":{"0":"post-30862","1":"product","2":"type-product","3":"status-publish","4":"has-post-thumbnail","6":"product_cat-lieky-na-zmiernenie-bolesti","7":"product_tag-autenticky-lortab-10-europe-sk","8":"product_tag-dodavka-lortab-10-europe-sk","9":"product_tag-kde-kupit-lortab-10-europe","10":"product_tag-kde-kupit-lortab-10-online","11":"product_tag-kolko-je-lortab-10","12":"product_tag-kupit-lortab-10","13":"product_tag-kupte-si-hydrokodon-online","14":"product_tag-kupte-si-lortab-10-online","15":"product_tag-kupte-si-lortab-10-online-europa","16":"product_tag-lacny-lortab-10-europe","17":"product_tag-lortab-10-doprava-zadarmo-v-europe","18":"product_tag-lortab-10-europe-recenzia","19":"product_tag-lortab-10-europskych-dodavatelov","20":"product_tag-lortab-10-internetovy-obchod-europa","21":"product_tag-lortab-10-za-najlepsiu-cenu-v-europe","22":"product_tag-obchod-lortab-10-europe-sk","23":"product_tag-objednajte-si-lortab-10-eu","24":"product_tag-objednajte-si-lortab-10-online","25":"product_tag-ponuky-lortab-10-europe","26":"product_tag-predaj-lortab-10-online","27":"product_tag-predam-lortab-10-europe","28":"product_tag-ucinky-lortabu-10-sk","29":"product_tag-zlava-lortab-10-europe","31":"first","32":"instock","33":"shipping-taxable","34":"purchasable","35":"product-type-variable","36":"farmacie-col"},"aioseo_notices":[],"_links":{"self":[{"href":"https:\/\/lacasadelamedicina.es\/sk\/wp-json\/wp\/v2\/product\/30862"}],"collection":[{"href":"https:\/\/lacasadelamedicina.es\/sk\/wp-json\/wp\/v2\/product"}],"about":[{"href":"https:\/\/lacasadelamedicina.es\/sk\/wp-json\/wp\/v2\/types\/product"}],"replies":[{"embeddable":true,"href":"https:\/\/lacasadelamedicina.es\/sk\/wp-json\/wp\/v2\/comments?post=30862"}],"wp:featuredmedia":[{"embeddable":true,"href":"https:\/\/lacasadelamedicina.es\/sk\/wp-json\/wp\/v2\/media\/19947"}],"wp:attachment":[{"href":"https:\/\/lacasadelamedicina.es\/sk\/wp-json\/wp\/v2\/media?parent=30862"}],"wp:term":[{"taxonomy":"product_cat","embeddable":true,"href":"https:\/\/lacasadelamedicina.es\/sk\/wp-json\/wp\/v2\/product_cat?post=30862"},{"taxonomy":"product_tag","embeddable":true,"href":"https:\/\/lacasadelamedicina.es\/sk\/wp-json\/wp\/v2\/product_tag?post=30862"}],"curies":[{"name":"wp","href":"https:\/\/api.w.org\/{rel}","templated":true}]}}