{"id":30834,"date":"2024-08-11T08:47:57","date_gmt":"2024-08-11T08:47:57","guid":{"rendered":"https:\/\/lacasadelamedicina.es\/product\/kupte-si-morfin-online\/"},"modified":"2024-08-11T08:47:57","modified_gmt":"2024-08-11T08:47:57","slug":"kupte-si-morfin-online","status":"publish","type":"product","link":"https:\/\/lacasadelamedicina.es\/sk\/produkt\/kupte-si-morfin-online\/","title":{"rendered":"K\u00fapte si morf\u00edn online"},"content":{"rendered":"<h1 class=\"product_title entry-title\">K\u00fapte si morf\u00edn online<\/h1>\n<p> Morf\u00edn je siln\u00fd liek pou\u017e\u00edvan\u00fd na zmiernenie silnej bolesti, najm\u00e4 tej, ktor\u00e1 je spojen\u00e1 s termin\u00e1lnymi chorobami, ako je rakovina. Je klasifikovan\u00fd ako narkotick\u00e9 analgetikum a p\u00f4sob\u00ed na centr\u00e1lny nervov\u00fd syst\u00e9m (CNS) a poskytuje \u00fa\u013eavu od bolesti. Morf\u00edn patr\u00ed do kateg\u00f3rie opioidov, \u010do znamen\u00e1, \u017ee p\u00f4sob\u00ed priamo na mozog a nervov\u00fd syst\u00e9m a zni\u017euje boles\u0165. \u00fadaje <strong>Formy a d\u00e1vkovanie<\/strong> Morf\u00edn je dostupn\u00fd v r\u00f4znych form\u00e1ch a d\u00e1vkach, vr\u00e1tane:   <\/p>\n<ul>\n<li>Tablety<\/li>\n<li>Kapsuly<\/li>\n<li>Peror\u00e1lna tekutina<\/li>\n<li>Injekcia<\/li>\n<\/ul>\n<p> Je tie\u017e zn\u00e1my pod nieko\u013ek\u00fdmi zna\u010dkami, ako napr\u00edklad: <\/p>\n<ul>\n<li>Sevredol<\/li>\n<li>m-Eslon SR<\/li>\n<li>RA-Morph<\/li>\n<li>Wockhardt morfium<\/li>\n<li>Oramorph<\/li>\n<\/ul>\n<p><strong>Pou\u017eitie a obmedzenia<\/strong> Morf\u00edn sa pou\u017e\u00edva aj v paliat\u00edvnej starostlivosti na zvl\u00e1dnutie d\u00fdchavi\u010dnosti a ka\u0161\u013ea. N\u00edzka pravideln\u00e1 d\u00e1vka m\u00f4\u017ee pom\u00f4c\u0165 zmierni\u0165 pr\u00edznaky d\u00fdchavi\u010dnosti. Je v\u0161ak d\u00f4le\u017eit\u00e9 poznamena\u0165, \u017ee Morphine nie je vhodn\u00fd na lie\u010dbu miernej bolesti alebo na kr\u00e1tkodob\u00e9 pou\u017eitie, napr\u00edklad po oper\u00e1cii. Nemal by sa pou\u017e\u00edva\u0165 na pr\u00edle\u017eitostn\u00fa boles\u0165 alebo ak s\u00fa \u00fa\u010dinn\u00e9 nenarkotick\u00e9 lieky. <strong>Rizik\u00e1 z\u00e1vislosti<\/strong> Dlhodob\u00e9 u\u017e\u00edvanie morf\u00ednu m\u00f4\u017ee vies\u0165 k fyzickej alebo du\u0161evnej z\u00e1vislosti, aj ke\u010f je to menej pravdepodobn\u00e9, ak sa pou\u017e\u00edva spr\u00e1vne na lie\u010dbu bolesti. Fyzick\u00e1 z\u00e1vislos\u0165 m\u00f4\u017ee sp\u00f4sobi\u0165 abstinen\u010dn\u00e9 pr\u00edznaky, ak sa lie\u010dba n\u00e1hle ukon\u010d\u00ed, ale tieto sa daj\u00fa zvl\u00e1dnu\u0165 postupn\u00fdm zni\u017eovan\u00edm d\u00e1vky. <strong>Program opioidn\u00fdch analget\u00edk REMS<\/strong> Morf\u00edn je distribuovan\u00fd v r\u00e1mci obmedzen\u00e9ho programu naz\u00fdvan\u00e9ho opioidn\u00e9 analgetikum REMS (Strat\u00e9gia hodnotenia a zmier\u0148ovania rizika), aby sa zabezpe\u010dilo jeho bezpe\u010dn\u00e9 pou\u017e\u00edvanie. <strong>Ved\u013eaj\u0161ie \u00fa\u010dinky<\/strong> Be\u017en\u00e9 ved\u013eaj\u0161ie \u00fa\u010dinky zah\u0155\u0148aj\u00fa:     <\/p>\n<ul>\n<li>Ospalos\u0165 alebo z\u00e1vrat<\/li>\n<li>Nevo\u013enos\u0165 a vracanie<\/li>\n<li>Z\u00e1pcha<\/li>\n<li>Boles\u0165 hlavy<\/li>\n<li>Sucho v \u00fastach<\/li>\n<\/ul>\n<p> Na zvl\u00e1dnutie t\u00fdchto ved\u013eaj\u0161\u00edch \u00fa\u010dinkov: <\/p>\n<ul>\n<li>Bu\u010fte opatrn\u00ed pri veden\u00ed vozidla alebo obsluhe strojov.<\/li>\n<li>Vyh\u00fdbajte sa alkoholu.<\/li>\n<li>Pri nevo\u013enosti sa pora\u010fte s lek\u00e1rom o liekoch proti nevo\u013enosti.<\/li>\n<li>Rie\u0161te z\u00e1pchu u\u017e\u00edvan\u00edm predp\u00edsan\u00fdch preh\u00e1\u0148adiel a zv\u00fd\u0161en\u00fdm pr\u00edjmom vl\u00e1kniny a vody.<\/li>\n<\/ul>\n<p>\u00fadaje <strong>Z\u00e1vislos\u0165 a z\u00e1vislos\u0165<\/strong> Zatia\u013e \u010do z\u00e1vislos\u0165 je pri kr\u00e1tkodobom alebo termin\u00e1lnom u\u017e\u00edvan\u00ed choroby zriedkav\u00e1, niektor\u00ed jedinci m\u00f4\u017eu by\u0165 vystaven\u00ed vy\u0161\u0161iemu riziku, najm\u00e4 t\u00ed, ktor\u00ed maj\u00fa v minulosti du\u0161evn\u00e9 zdravie probl\u00e9my alebo zneu\u017e\u00edvanie n\u00e1vykov\u00fdch l\u00e1tok. Aby sa minimalizovalo riziko z\u00e1vislosti, morf\u00edn sa m\u00e1 pou\u017e\u00edva\u0165 \u010do najkrat\u0161iu dobu a v najni\u017e\u0161ej \u00fa\u010dinnej d\u00e1vke. Vypracujte so svoj\u00edm lek\u00e1rom pl\u00e1n na zni\u017eovanie lie\u010dby v pr\u00edpade potreby. <strong>Z\u00e1va\u017en\u00e9 ved\u013eaj\u0161ie \u00fa\u010dinky<\/strong> Okam\u017eite vyh\u013eadajte lek\u00e1rsku pomoc, ak spozorujete:   <\/p>\n<ul>\n<li>\u0164a\u017ekosti s d\u00fdchan\u00edm alebo nepravideln\u00e9 d\u00fdchanie<\/li>\n<li>Z\u00e1va\u017en\u00e1 ko\u017en\u00e1 vyr\u00e1\u017eka alebo svrbenie<\/li>\n<li>V\u00edzia sa men\u00ed<\/li>\n<\/ul>\n<p> Podrobnej\u0161ie inform\u00e1cie o zvl\u00e1dan\u00ed ved\u013eaj\u0161\u00edch \u00fa\u010dinkov a bezpe\u010dnom pou\u017e\u00edvan\u00ed morf\u00ednu n\u00e1jdete v na\u0161ich komplexn\u00fdch zdrojoch.<\/p>\n","protected":false},"excerpt":{"rendered":"<p>K\u00fapte si morf\u00edn online. Morf\u00edn sa pou\u017e\u00edva na \u00fa\u013eavu od silnej bolesti alebo stredne silnej bolesti sp\u00f4sobenej smrte\u013en\u00fdm ochoren\u00edm, ako je rakovina. Morf\u00edn na predaj online. Kde k\u00fapi\u0165 morf\u00edn online. \u00fadaje <strong>K dispoz\u00edcii s\u00fa injekcie morf\u00ednsulf\u00e1tu USP<\/strong><strong>10 mg\/ml<\/strong><strong>15 mg\/ml<\/strong><strong>50 mg\/ml<\/strong><strong>25 mg\/ml<\/strong><strong>300 mg\/20 ml<\/strong><strong>1 000 mg\/20 ml<\/strong><strong>K dispoz\u00edcii s\u00fa tablety Morphine<\/strong><strong>10 mg<\/strong><strong>15 mg<\/strong><strong>30 mg<\/strong><strong>60 mg<\/strong>   <\/p>\n","protected":false},"featured_media":19962,"comment_status":"open","ping_status":"closed","template":"","meta":{"om_disable_all_campaigns":false,"_sitemap_exclude":false,"_sitemap_priority":"","_sitemap_frequency":"","_monsterinsights_skip_tracking":false,"_monsterinsights_sitenote_active":false,"_monsterinsights_sitenote_note":"","_monsterinsights_sitenote_category":0},"product_cat":[24716],"product_tag":[25550,25541,25551,25549,25544,25536,25533,25542,25537,25532,25531,25538,25545,25539,25548,25547,25540,25534,25546,25543,25552,25535],"class_list":{"0":"post-30834","1":"product","2":"type-product","3":"status-publish","4":"has-post-thumbnail","6":"product_cat-lieky-na-zmiernenie-bolesti","7":"product_tag-autenticky-morfin-v-europe","8":"product_tag-bezplatna-doprava-morfinu-v-europe","9":"product_tag-dodavatelia-morfinu-v-europe","10":"product_tag-dodavka-morfinu-po-europe","11":"product_tag-internetovy-obchod-morphine-europe-sk","12":"product_tag-internetovy-predaj-morfinu","13":"product_tag-kde-kupit-morfin-online","14":"product_tag-kde-kupit-morphine-europe","15":"product_tag-kolko-je-morphine","16":"product_tag-kupte-si-morfium-online","17":"product_tag-kupte-si-morphine-sk","18":"product_tag-kupte-si-morphine-online-europe","19":"product_tag-lacny-morphine-europe","20":"product_tag-morfin-za-najlepsiu-cenu-v-europe","21":"product_tag-morphine-europe-zlava","22":"product_tag-obchod-morphine-europe-sk","23":"product_tag-objednajte-si-morphine-eu","24":"product_tag-objednajte-si-morphine-online","25":"product_tag-ponuka-morphine-europe","26":"product_tag-predaj-morfinu-v-europe","27":"product_tag-prehlad-morphine-europe","28":"product_tag-ucinky-morfinu-sk","30":"first","31":"instock","32":"shipping-taxable","33":"purchasable","34":"product-type-variable","35":"farmacie-col","36":"product-has-gallery"},"aioseo_notices":[],"_links":{"self":[{"href":"https:\/\/lacasadelamedicina.es\/sk\/wp-json\/wp\/v2\/product\/30834"}],"collection":[{"href":"https:\/\/lacasadelamedicina.es\/sk\/wp-json\/wp\/v2\/product"}],"about":[{"href":"https:\/\/lacasadelamedicina.es\/sk\/wp-json\/wp\/v2\/types\/product"}],"replies":[{"embeddable":true,"href":"https:\/\/lacasadelamedicina.es\/sk\/wp-json\/wp\/v2\/comments?post=30834"}],"wp:featuredmedia":[{"embeddable":true,"href":"https:\/\/lacasadelamedicina.es\/sk\/wp-json\/wp\/v2\/media\/19962"}],"wp:attachment":[{"href":"https:\/\/lacasadelamedicina.es\/sk\/wp-json\/wp\/v2\/media?parent=30834"}],"wp:term":[{"taxonomy":"product_cat","embeddable":true,"href":"https:\/\/lacasadelamedicina.es\/sk\/wp-json\/wp\/v2\/product_cat?post=30834"},{"taxonomy":"product_tag","embeddable":true,"href":"https:\/\/lacasadelamedicina.es\/sk\/wp-json\/wp\/v2\/product_tag?post=30834"}],"curies":[{"name":"wp","href":"https:\/\/api.w.org\/{rel}","templated":true}]}}