{"id":30823,"date":"2024-08-11T12:03:31","date_gmt":"2024-08-11T12:03:31","guid":{"rendered":"https:\/\/lacasadelamedicina.es\/product\/kupit-norco-online\/"},"modified":"2024-08-11T12:03:31","modified_gmt":"2024-08-11T12:03:31","slug":"kupit-norco-online","status":"publish","type":"product","link":"https:\/\/lacasadelamedicina.es\/sk\/produkt\/kupit-norco-online\/","title":{"rendered":"K\u00fapi\u0165 NORCO online"},"content":{"rendered":"<h1 class=\"product_title entry-title\">K\u00fapi\u0165 NORCO online<\/h1>\n<p> Norco je liek na predpis, ktor\u00fd kombinuje hydrokod\u00f3n a acetaminof\u00e9n, ur\u010den\u00fd na lie\u010dbu bolesti, ke\u010f lie\u010dba bez opi\u00e1tov neposkytla dostato\u010dn\u00fa \u00fa\u013eavu. Dod\u00e1va sa vo forme tabliet a u\u017e\u00edva sa peror\u00e1lne, pri\u010dom \u00fa\u010dinky zvy\u010dajne nastupuj\u00fa do 30 min\u00fat. \u010cast\u00e9 ved\u013eaj\u0161ie \u00fa\u010dinky lieku Norco zah\u0155\u0148aj\u00fa z\u00e1vraty, ospalos\u0165, nevo\u013enos\u0165, vracanie, z\u00e1pchu a svrbenie. \u010eal\u0161ie ved\u013eaj\u0161ie \u00fa\u010dinky m\u00f4\u017eu zah\u0155\u0148a\u0165 bolesti hlavy, \u00fanavu, &#8222;mozgov\u00fa hmlu&#8220;, boles\u0165 brucha a zmeny krvn\u00e9ho tlaku. Z\u00e1va\u017en\u00e9 ved\u013eaj\u0161ie \u00fa\u010dinky vy\u017eaduj\u00face okam\u017eit\u00fa lek\u00e1rsku pomoc s\u00fa:     <\/p>\n<ul>\n<li>Pomal\u00e9 alebo \u0165a\u017ek\u00e9 d\u00fdchanie, modrast\u00e1 farba pier alebo kon\u010dat\u00edn<\/li>\n<li>Pr\u00edznaky pred\u00e1vkovania: nereagovanie, spomalen\u00e9 d\u00fdchanie, extr\u00e9mna ospalos\u0165, studen\u00e1 alebo vlhk\u00e1 ko\u017ea, pomal\u00fd tlkot srdca, boles\u0165 v hornej \u010dasti brucha, tmav\u00fd mo\u010d, \u017elta\u010dka<\/li>\n<li>Abstinen\u010dn\u00e9 pr\u00edznaky: \u00fazkos\u0165, samovra\u017eedn\u00e9 my\u0161lienky, nepokoj, n\u00e1dcha, z\u00edvanie, potenie, zimnica, roz\u0161\u00edren\u00e9 zreni\u010dky, podr\u00e1\u017edenos\u0165<\/li>\n<li>Z\u00e1va\u017en\u00e9 alergick\u00e9 reakcie: vyr\u00e1\u017eka, \u017eih\u013eavka, p\u013euzgiere, \u0165a\u017ekosti s d\u00fdchan\u00edm, r\u00fdchly tlkot srdca, z\u00e1vraty, n\u00e1hle prehriatie<\/li>\n<\/ul>\n<p> Z\u00e1pcha je \u010dast\u00fdm ved\u013eaj\u0161\u00edm \u00fa\u010dinkom lieku Norco. Aby ste to zvl\u00e1dli, zabezpe\u010dte si dostato\u010dn\u00fd pr\u00edjem vody a zara\u010fte do stravy viac vl\u00e1kniny. Ak s\u00fa tieto opatrenia nedostato\u010dn\u00e9, pora\u010fte sa so svoj\u00edm poskytovate\u013eom zdravotnej starostlivosti o potenci\u00e1lnych alternat\u00edvnych lie\u010debn\u00fdch postupoch alebo liekoch. Po\u010das u\u017e\u00edvania Norca sa vyh\u00fdbajte alkoholu, preto\u017ee ich kombin\u00e1cia m\u00f4\u017ee zv\u00fd\u0161i\u0165 ospalos\u0165 a z\u00e1vraty a m\u00f4\u017ee po\u0161kodi\u0165 pe\u010de\u0148. V\u017edy dodr\u017eujte pokyny svojho predpisuj\u00faceho lek\u00e1ra t\u00fdkaj\u00face sa d\u00e1vkovania a pou\u017eitia. Neme\u0148te d\u00e1vku ani nepreru\u0161ujte lie\u010dbu bez konzult\u00e1cie s poskytovate\u013eom zdravotnej starostlivosti, ktor\u00fd m\u00f4\u017ee postupne zni\u017eova\u0165 va\u0161u d\u00e1vku, aby sa minimalizovali abstinen\u010dn\u00e9 pr\u00edznaky. Udr\u017eujte nalox\u00f3n (Narcan) \u013eahko dostupn\u00fd, aby ste zabr\u00e1nili mo\u017en\u00fdm \u00fa\u010dinkom pred\u00e1vkovania, a vzdel\u00e1vajte svojich bl\u00edzkych o jeho pou\u017e\u00edvan\u00ed. Ak sa pod\u00e1va nalox\u00f3n, vyh\u013eadajte pomoc v n\u00fadzi, preto\u017ee jeho \u00fa\u010dinky s\u00fa do\u010dasn\u00e9. Informujte svojho predpisuj\u00faceho lek\u00e1ra, ak ste tehotn\u00e1 alebo pl\u00e1nujete otehotnie\u0165, preto\u017ee Norco sa vo v\u0161eobecnosti neodpor\u00fa\u010da po\u010das tehotenstva. Tie\u017e informujte svojho poskytovate\u013ea zdravotnej starostlivosti, ak doj\u010d\u00edte, preto\u017ee liek m\u00f4\u017ee prech\u00e1dza\u0165 do matersk\u00e9ho mlieka a predstavova\u0165 riziko pre va\u0161e die\u0165a. Norco skladujte bezpe\u010dne, mimo dosahu det\u00ed a dom\u00e1cich zvierat, a pou\u017e\u00edvajte programy sp\u00e4tn\u00e9ho odberu liekov na bezpe\u010dn\u00fa likvid\u00e1ciu v\u0161etk\u00fdch nepou\u017eit\u00fdch liekov, aby ste predi\u0161li n\u00e1hodn\u00e9mu pred\u00e1vkovaniu.<\/p>\n","protected":false},"excerpt":{"rendered":"<p>K\u00fapte si Norco online. Norco je kombinovan\u00fd liek, ktor\u00fd obsahuje hydrokod\u00f3n a acetaminof\u00e9n. Pou\u017e\u00edva sa na zvl\u00e1danie bolesti u \u013eud\u00ed, ktor\u00ed vysk\u00fa\u0161ali neopioidn\u00e9 lieky, ale nedostali dostato\u010dn\u00fa \u00fa\u013eavu.  <\/p>\n","protected":false},"featured_media":19992,"comment_status":"open","ping_status":"closed","template":"","meta":{"om_disable_all_campaigns":false,"_sitemap_exclude":false,"_sitemap_priority":"","_sitemap_frequency":"","_monsterinsights_skip_tracking":false,"_monsterinsights_sitenote_active":false,"_monsterinsights_sitenote_note":"","_monsterinsights_sitenote_category":0},"product_cat":[24716],"product_tag":[25475,25485,25483,25478,25476,25467,25471,25465,25466,25472,25479,25473,25481,25733,25474,25468,25470,25480,25477,25486,25469,25482],"class_list":{"0":"post-30823","1":"product","2":"type-product","3":"status-publish","4":"has-post-thumbnail","6":"product_cat-lieky-na-zmiernenie-bolesti","7":"product_tag-bezplatna-doprava-norco-v-europe","8":"product_tag-dodavatelia-norco-europe","9":"product_tag-dorucenie-norco-europe","10":"product_tag-internetovy-obchod-norco-europe","11":"product_tag-kde-kupit-norco-europe","12":"product_tag-kde-kupit-norco-online","13":"product_tag-kolko-je-norco","14":"product_tag-kupit-norco","15":"product_tag-kupte-si-norco-online","16":"product_tag-kupte-si-norco-online-europa","17":"product_tag-lacne-norco-europe","18":"product_tag-norco-najlepsia-cena-v-europe","19":"product_tag-obchod-norco-europe","20":"product_tag-objednajte-si-hydrokodon-online","21":"product_tag-objednajte-si-norco-eu","22":"product_tag-objednajte-si-norco-online","23":"product_tag-online-predaj-norco","24":"product_tag-ponuky-norco-europe","25":"product_tag-predaj-norco-europe","26":"product_tag-recenzia-norco-europe","27":"product_tag-ucinky-norco-sk","28":"product_tag-zlava-norco-europe","30":"first","31":"instock","32":"shipping-taxable","33":"purchasable","34":"product-type-variable","35":"farmacie-col"},"aioseo_notices":[],"_links":{"self":[{"href":"https:\/\/lacasadelamedicina.es\/sk\/wp-json\/wp\/v2\/product\/30823"}],"collection":[{"href":"https:\/\/lacasadelamedicina.es\/sk\/wp-json\/wp\/v2\/product"}],"about":[{"href":"https:\/\/lacasadelamedicina.es\/sk\/wp-json\/wp\/v2\/types\/product"}],"replies":[{"embeddable":true,"href":"https:\/\/lacasadelamedicina.es\/sk\/wp-json\/wp\/v2\/comments?post=30823"}],"wp:featuredmedia":[{"embeddable":true,"href":"https:\/\/lacasadelamedicina.es\/sk\/wp-json\/wp\/v2\/media\/19992"}],"wp:attachment":[{"href":"https:\/\/lacasadelamedicina.es\/sk\/wp-json\/wp\/v2\/media?parent=30823"}],"wp:term":[{"taxonomy":"product_cat","embeddable":true,"href":"https:\/\/lacasadelamedicina.es\/sk\/wp-json\/wp\/v2\/product_cat?post=30823"},{"taxonomy":"product_tag","embeddable":true,"href":"https:\/\/lacasadelamedicina.es\/sk\/wp-json\/wp\/v2\/product_tag?post=30823"}],"curies":[{"name":"wp","href":"https:\/\/api.w.org\/{rel}","templated":true}]}}