{"id":30786,"date":"2024-08-11T12:20:47","date_gmt":"2024-08-11T12:20:47","guid":{"rendered":"https:\/\/lacasadelamedicina.es\/product\/kupte-si-opana-online\/"},"modified":"2024-08-11T12:20:47","modified_gmt":"2024-08-11T12:20:47","slug":"kupte-si-opana-online","status":"publish","type":"product","link":"https:\/\/lacasadelamedicina.es\/sk\/produkt\/kupte-si-opana-online\/","title":{"rendered":"K\u00fapte si Opana online"},"content":{"rendered":"<h1 class=\"product_title entry-title\">K\u00fapte si Opana online<\/h1>\n<p> Oxymorf\u00f3n je siln\u00e9 opioidn\u00e9 analgetikum pou\u017e\u00edvan\u00e9 na zvl\u00e1danie silnej bolesti. Je \u00fa\u010dinnej\u0161\u00ed ako morf\u00edn (trikr\u00e1t), hydrokod\u00f3n (dvakr\u00e1t) a oxykod\u00f3n (dvakr\u00e1t). Tento liek je dostupn\u00fd vo formul\u00e1ci\u00e1ch s okam\u017eit\u00fdm uvo\u013e\u0148ovan\u00edm a s pred\u013a\u017een\u00fdm uvo\u013e\u0148ovan\u00edm, pri\u010dom \u00fa\u010dinky za\u010d\u00ednaj\u00fa pribli\u017ene 5\u201310 min\u00fat po injekcii a 30 min\u00fat po peror\u00e1lnom podan\u00ed. Tablety s okam\u017eit\u00fdm uvo\u013e\u0148ovan\u00edm poskytuj\u00fa \u00fa\u013eavu na 3\u20134 hodiny, zatia\u013e \u010do tablety s pred\u013a\u017een\u00fdm uvo\u013e\u0148ovan\u00edm trvaj\u00fa a\u017e 12 hod\u00edn. Liek sa naj\u010dastej\u0161ie pou\u017e\u00edva peror\u00e1lne kv\u00f4li r\u00fdchlej\u0161iemu pol\u010dasu elimin\u00e1cie pri intraven\u00f3znom podan\u00ed. Podobne ako oxykod\u00f3n, aj oxymorf\u00f3n m\u00e1 vysok\u00fd potenci\u00e1l zneu\u017eitia.      <strong>Dostupn\u00e9 siln\u00e9 str\u00e1nky Opana:<\/strong><\/p>\n<ul>\n<li>\u00fadaje <strong>Okam\u017eit\u00e9 uvo\u013enenie:<\/strong> 5 mg, 10 mg<\/li>\n<li><strong>Opana ER (pred\u013a\u017een\u00e9 vydanie):<\/strong> 5 mg, 7,5 mg, 10 mg, 15 mg, 20 mg, 30 mg, 40 mg<\/li>\n<\/ul>\n<p>\u00fadaje <strong>Krit\u00e9ri\u00e1 na pou\u017eitie:<\/strong> Opana sa predpisuje na stredne siln\u00fa a\u017e siln\u00fa boles\u0165, ke\u010f sa opioid pova\u017euje za vhodn\u00fd. M\u00e1 sa pou\u017e\u00edva\u0165 pod doh\u013eadom \u0161pecialistu na lie\u010dbu bolesti. Pacient musel ma\u0165 netolerovate\u013en\u00e9 ved\u013eaj\u0161ie \u00fa\u010dinky zo v\u0161etk\u00fdch ostatn\u00fdch opioidn\u00fdch opi\u00e1tov, ktor\u00e9 br\u00e1nili primeranej kontrole bolesti.   <strong>D\u00f4le\u017eit\u00e9 upozornenia:<\/strong><\/p>\n<ul>\n<li>Kombin\u00e1cia Opany s alkoholom m\u00f4\u017ee zv\u00fd\u0161i\u0165 plazmatick\u00e9 hladiny a riziko z\u00e1va\u017enej toxicity.<\/li>\n<li>U\u017e\u00edvajte Opanu nala\u010dno, aby ste sa vyhli 50% zv\u00fd\u0161eniu r\u00fdchlosti absorpcie sp\u00f4soben\u00e9mu jedlom.<\/li>\n<\/ul>\n<p><strong>Inform\u00e1cie o d\u00e1vkovan\u00ed:<\/strong><\/p>\n<ul>\n<li><strong>Pre nov\u00fdch pou\u017e\u00edvate\u013eov alebo t\u00fdch, ktor\u00ed netoleruj\u00fa opi\u00e1ty:<\/strong> Za\u010dnite s 5 mg Opana ER ka\u017ed\u00fdch 12 hod\u00edn.<\/li>\n<li>\u00fadaje <strong>Prechod z oxymorf\u00f3nu s okam\u017eit\u00fdm uvo\u013e\u0148ovan\u00edm na oxymorf\u00f3n s pred\u013a\u017een\u00fdm uvo\u013e\u0148ovan\u00edm:<\/strong> Pou\u017eite celkov\u00fa denn\u00fa d\u00e1vku oxymorf\u00f3nu s okam\u017eit\u00fdm uvo\u013e\u0148ovan\u00edm, pri\u010dom polovicu tejto d\u00e1vky pod\u00e1vajte vo forme tabliet s pred\u013a\u017een\u00fdm uvo\u013e\u0148ovan\u00edm ka\u017ed\u00fdch 12 hod\u00edn.<\/li>\n<li><strong>Konverzia z in\u00fdch peror\u00e1lnych opioidov:<\/strong> Pri za\u010dat\u00ed lie\u010dby Opana ER presta\u0148te u\u017e\u00edva\u0165 v\u0161etky ostatn\u00e9 nepretr\u017eit\u00e9 opi\u00e1ty. Na odhad 24-hodinovej potreby peror\u00e1lneho oxymorf\u00f3nu pou\u017eite publikovan\u00e9 tabu\u013eky \u00fa\u010dinnosti alebo nasleduj\u00face konverzn\u00e9 faktory:\n<ul>\n<li>Hydrokod\u00f3n, oxykod\u00f3n, metad\u00f3n: Konverzn\u00fd faktor (CF) = 0,5<\/li>\n<li>Morf\u00edn: CF = 0,333<\/li>\n<li>Pr\u00edklad: Vyn\u00e1sobte celkov\u00fa denn\u00fa d\u00e1vku predch\u00e1dzaj\u00faceho opioidu hodnotou CF, aby ste dostali 24-hodinov\u00fa d\u00e1vku oxymorf\u00f3nu, potom vyde\u013ete 2 pre po\u010diato\u010dn\u00fa d\u00e1vku ka\u017ed\u00fdch 12 hod\u00edn. Upravte pod\u013ea potreby. <\/li>\n<\/ul>\n<\/li>\n<\/ul>\n<p><strong>Ved\u013eaj\u0161ie \u00fa\u010dinky:<\/strong> Pri pr\u00edznakoch alergickej reakcie, ako je \u017eih\u013eavka, \u0165a\u017ekosti s d\u00fdchan\u00edm alebo opuch tv\u00e1re, pier, jazyka alebo hrdla. Z\u00e1va\u017en\u00e9 ved\u013eaj\u0161ie \u00fa\u010dinky m\u00f4\u017eu zah\u0155\u0148a\u0165:  <\/p>\n<ul>\n<li>Spomalen\u00e9 alebo zastaven\u00e9 d\u00fdchanie<\/li>\n<li>To\u010denie hlavy alebo mdloby<\/li>\n<li>Z\u00e1chvaty<\/li>\n<li>Boles\u0165 na hrudn\u00edku, sipot alebo ka\u0161e\u013e so zmenenou farbou hlienu<\/li>\n<li>\u0164a\u017ek\u00e9 vracanie<\/li>\n<li>Sympt\u00f3my seroton\u00ednov\u00e9ho syndr\u00f3mu: nepokoj, halucin\u00e1cie, hor\u00fa\u010dka, potenie, tria\u0161ka, zr\u00fdchlen\u00fd tep, svalov\u00e1 stuhnutos\u0165, nevo\u013enos\u0165, vracanie, hna\u010dka<\/li>\n<li>N\u00edzka hladina kortizolu: nevo\u013enos\u0165, vracanie, strata chuti do jedla, z\u00e1vrat, \u00fanava<\/li>\n<\/ul>\n<p> Star\u0161\u00ed dospel\u00ed a \u013eudia s nadv\u00e1hou, podv\u00fd\u017eivou alebo oslaben\u00ed m\u00f4\u017eu by\u0165 vystaven\u00ed zv\u00fd\u0161en\u00e9mu riziku z\u00e1va\u017en\u00fdch ved\u013eaj\u0161\u00edch \u00fa\u010dinkov. <strong>Zme\u0161kan\u00e1 d\u00e1vka:<\/strong> Ak vynech\u00e1te d\u00e1vku, presko\u010dte ju, ak je u\u017e takmer \u010das na \u010fal\u0161iu d\u00e1vku. Nezdvojn\u00e1sobujte d\u00e1vky. V\u017edy dodr\u017eujte pokyny svojho poskytovate\u013ea zdravotnej starostlivosti a pora\u010fte sa s n\u00edm, ak m\u00e1te ak\u00e9ko\u013evek ot\u00e1zky alebo obavy t\u00fdkaj\u00face sa pou\u017e\u00edvania Opany.<\/p>\n","protected":false},"excerpt":{"rendered":"<p>K\u00fapte si Opana online. Oxymorf\u00f3n je siln\u00e1 narkotick\u00e1 n\u00e1hrada morf\u00ednu. je to vysoko \u00fa\u010dinn\u00e9 opioidn\u00e9 analgetikum indikovan\u00e9 na lie\u010dbu silnej bolesti. Kde k\u00fapi\u0165 Opana online.   <\/p>\n","protected":false},"featured_media":20007,"comment_status":"open","ping_status":"closed","template":"","meta":{"om_disable_all_campaigns":false,"_sitemap_exclude":false,"_sitemap_priority":"","_sitemap_frequency":"","_monsterinsights_skip_tracking":false,"_monsterinsights_sitenote_active":false,"_monsterinsights_sitenote_note":"","_monsterinsights_sitenote_category":0},"product_cat":[24716],"product_tag":[25440,25431,25441,25439,25434,25426,25432,25423,25427,25428,25421,25422,25435,25437,25424,25430,25429,25436,25433,25442,25425,25438],"class_list":{"0":"post-30786","1":"product","2":"type-product","3":"status-publish","4":"has-post-thumbnail","6":"product_cat-lieky-na-zmiernenie-bolesti","7":"product_tag-autenticka-opana-europe-sk","8":"product_tag-bezplatna-doprava-opana-v-europe","9":"product_tag-dodavatelia-opana-europe","10":"product_tag-dorucenie-opana-europe","11":"product_tag-internetovy-obchod-opana-europe","12":"product_tag-internetovy-predaj-opana","13":"product_tag-kde-kupit-opana-europe","14":"product_tag-kde-kupit-opana-online","15":"product_tag-kolko-je-opana","16":"product_tag-kupit-opana-online-europa","17":"product_tag-kupte-si-opana-sk","18":"product_tag-kupte-si-opana-online","19":"product_tag-lacna-opana-europe","20":"product_tag-obchod-opana-europe-sk","21":"product_tag-objednajte-si-opana-online","22":"product_tag-objednavka-opana-eu-sk","23":"product_tag-opana-najlepsia-cena-v-europe","24":"product_tag-ponuka-opana-europe","25":"product_tag-predaj-opana-europe","26":"product_tag-prehlad-opana-europe","27":"product_tag-ucinky-opany-sk","28":"product_tag-zlava-opana-europe","30":"first","31":"instock","32":"shipping-taxable","33":"purchasable","34":"product-type-variable","35":"farmacie-col","36":"product-has-gallery"},"aioseo_notices":[],"_links":{"self":[{"href":"https:\/\/lacasadelamedicina.es\/sk\/wp-json\/wp\/v2\/product\/30786"}],"collection":[{"href":"https:\/\/lacasadelamedicina.es\/sk\/wp-json\/wp\/v2\/product"}],"about":[{"href":"https:\/\/lacasadelamedicina.es\/sk\/wp-json\/wp\/v2\/types\/product"}],"replies":[{"embeddable":true,"href":"https:\/\/lacasadelamedicina.es\/sk\/wp-json\/wp\/v2\/comments?post=30786"}],"wp:featuredmedia":[{"embeddable":true,"href":"https:\/\/lacasadelamedicina.es\/sk\/wp-json\/wp\/v2\/media\/20007"}],"wp:attachment":[{"href":"https:\/\/lacasadelamedicina.es\/sk\/wp-json\/wp\/v2\/media?parent=30786"}],"wp:term":[{"taxonomy":"product_cat","embeddable":true,"href":"https:\/\/lacasadelamedicina.es\/sk\/wp-json\/wp\/v2\/product_cat?post=30786"},{"taxonomy":"product_tag","embeddable":true,"href":"https:\/\/lacasadelamedicina.es\/sk\/wp-json\/wp\/v2\/product_tag?post=30786"}],"curies":[{"name":"wp","href":"https:\/\/api.w.org\/{rel}","templated":true}]}}