{"id":30520,"date":"2024-08-11T14:01:46","date_gmt":"2024-08-11T14:01:46","guid":{"rendered":"https:\/\/lacasadelamedicina.es\/product\/kupte-si-ritalin-online\/"},"modified":"2024-08-11T14:01:46","modified_gmt":"2024-08-11T14:01:46","slug":"kupte-si-ritalin-online","status":"publish","type":"product","link":"https:\/\/lacasadelamedicina.es\/sk\/produkt\/kupte-si-ritalin-online\/","title":{"rendered":"K\u00fapte si Ritalin online"},"content":{"rendered":"<h1 class=\"product_title entry-title\">P\u0113rciet Rital\u012bnu tie\u0161saist\u0113<\/h1>\n<p><strong>P\u0113rciet Rital\u012bnu tie\u0161saist\u0113<\/strong> Rital\u012bns ir stimul\u0113jo\u0161s medikaments, ko galvenok\u0101rt lieto uzman\u012bbas defic\u012bta un hiperaktivit\u0101tes trauc\u0113jumu (ADHD) un, maz\u0101k\u0101 m\u0113r\u0101, narkolepsijas \u0101rst\u0113\u0161anai. T\u0101 ir galven\u0101 ADHD \u0101rst\u0113\u0161anas iesp\u0113ja, kas pieejama da\u017e\u0101d\u0101s form\u0101s ar at\u0161\u0137ir\u012bgu iedarb\u012bbas ilgumu, parasti no 2 l\u012bdz 4 stund\u0101m. Lai gan Rital\u012bna efektivit\u0101te ADHD ir sal\u012bdzin\u0101ma ar atomokset\u012bnu, tas parasti tiek uzskat\u012bts par nedaudz maz\u0101k efekt\u012bvu nek\u0101 amfetam\u012bni.   <strong>Z\u0101\u013cu formas un stiprumi:<\/strong><\/p>\n<ul>\n<li><strong>Ritalin peror\u0101l\u0101s tabletes:<\/strong>\n<ul>\n<li>5 mg<\/li>\n<li>10 mg<\/li>\n<li>20 mg<\/li>\n<\/ul>\n<\/li>\n<li><strong>Ritalin LA ilgsto\u0161\u0101s darb\u012bbas kapsulas:<\/strong>\n<ul>\n<li>10 mg<\/li>\n<li>20 mg<\/li>\n<li>30 mg<\/li>\n<li>40 mg<\/li>\n<\/ul>\n<\/li>\n<\/ul>\n<p><strong>S\u012bk\u0101ka inform\u0101cija par z\u0101l\u0113m:<\/strong><\/p>\n<ul>\n<li><strong>Pieejam\u0101s veidlapas:<\/strong> iek\u0161\u0137\u012bgi lietojamas tabletes un ilgsto\u0161\u0101s darb\u012bbas kapsulas<\/li>\n<li><strong>Visp\u0101r\u0113j\u0101 pieejam\u012bba:<\/strong> J\u0101, ir pieejamas visp\u0101r\u012bgas Ritalin versijas.<\/li>\n<li><strong>FDA apstiprin\u0101\u0161anas gads:<\/strong> 1955.<\/li>\n<\/ul>\n<p> Gan Ritalin, gan Ritalin LA k\u0101 akt\u012bvo vielu satur metilfenid\u0101tu. Visp\u0101r\u0113j\u0101s versijas ir vienl\u012bdz dro\u0161as un efekt\u012bvas, ta\u010du bie\u017ei vien ir l\u0113t\u0101kas. Apspriediet ar savu \u0101rstu, ja apsverat iesp\u0113ju p\u0101riet uz visp\u0101r\u0113ju versiju. <strong>Ritalina iesp\u0113jam\u0101s blakuspar\u0101d\u012bbas:<\/strong><strong>Vieglas blakuspar\u0101d\u012bbas:<\/strong>  <\/p>\n<ul>\n<li>S\u0101pes v\u0113der\u0101<\/li>\n<li>Sausa mute<\/li>\n<li>P\u0101rm\u0113r\u012bga sv\u012b\u0161ana<\/li>\n<li>Galvass\u0101pes<\/li>\n<li>Bezmiegs<\/li>\n<li>Slikta d\u016b\u0161a<\/li>\n<li>Samazin\u0101ta apet\u012bte<\/li>\n<li>Svara zudums<\/li>\n<li>Vieglas aler\u0123iskas reakcijas<\/li>\n<\/ul>\n<p> \u0160\u012bs blakuspar\u0101d\u012bbas bie\u017ei izz\u016bd da\u017eu dienu vai ned\u0113\u013cu laik\u0101. Tom\u0113r, ja tie saglab\u0101jas vai pasliktin\u0101s, konsult\u0113jieties ar savu \u0101rstu vai farmaceitu. <strong>Nopietnas blakuspar\u0101d\u012bbas:<\/strong> nopietnas blakuspar\u0101d\u012bbas ir ret\u0101k sastopamas, ta\u010du t\u0101m nepiecie\u0161ama t\u016bl\u012bt\u0113ja medic\u012bniska pal\u012bdz\u012bba. Sazinieties ar savu \u0101rstu, ja Jums rodas k\u0101ds no \u0161iem simptomiem:   <\/p>\n<ul>\n<li><strong>Sirds un asinsvadu probl\u0113mas:<\/strong>\n<ul>\n<li>Sirds sirdsklauves<\/li>\n<li>Paaugstin\u0101ta sirdsdarb\u012bba<\/li>\n<li>Elpas tr\u016bkums<\/li>\n<li>S\u0101pes kr\u016bt\u012bs vai sasprindzin\u0101jums<\/li>\n<li>Vienpus\u0113js v\u0101jums<\/li>\n<li>Probl\u0113mas run\u0101t<\/li>\n<\/ul>\n<\/li>\n<li><strong>Ietekme uz gar\u012bgo vesel\u012bbu:<\/strong>\n<ul>\n<li>Trauksme<\/li>\n<li>Psihoze<\/li>\n<li>Bipol\u0101ri trauc\u0113jumi<\/li>\n<li>M\u0101nija<\/li>\n<li>Halucin\u0101cijas<\/li>\n<li>Maldi<\/li>\n<\/ul>\n<\/li>\n<li><strong>Priapisms:<\/strong>\n<ul>\n<li>S\u0101p\u012bga vai ilgsto\u0161a erekcija, kas ilgst vair\u0101k nek\u0101 4 stundas<\/li>\n<\/ul>\n<\/li>\n<li><strong>Asinsrites probl\u0113mas:<\/strong>\n<ul>\n<li>S\u0101pes, piet\u016bkums, nejut\u012bgums vai kr\u0101sas mai\u0146a pirkstos vai k\u0101ju pirkstos<\/li>\n<li>\u0100das \u010d\u016blas uz pirkstiem vai k\u0101ju pirkstiem<\/li>\n<\/ul>\n<\/li>\n<li><strong>Paaugstin\u0101ts asinsspiediens:<\/strong>\n<ul>\n<li>Bie\u017ei asimptom\u0101tiska, bet nepiecie\u0161ama uzraudz\u012bba<\/li>\n<\/ul>\n<\/li>\n<li><strong>\u013baunpr\u0101t\u012bgas lieto\u0161anas un atkar\u012bbas risks<\/strong><\/li>\n<li><strong>Smagas aler\u0123iskas reakcijas<\/strong><\/li>\n<\/ul>\n<p><strong>P\u0101rdoz\u0113\u0161anas riski:<\/strong> Rital\u012bna devas lieto\u0161ana, kas p\u0101rsniedz noteikto, var izrais\u012bt smagas blakuspar\u0101d\u012bbas. P\u0101rdoz\u0113\u0161anas simptomi ir:  <\/p>\n<ul>\n<li>Papla\u0161in\u0101tas acu z\u012bl\u012btes<\/li>\n<li>Slikta d\u016b\u0161a, vem\u0161ana vai caureja<\/li>\n<li>Uzbudin\u0101jums, nemiers, apjukums vai eiforija<\/li>\n<li>Halucin\u0101cijas<\/li>\n<li>Tr\u012bce<\/li>\n<li>Asinsspiediena sv\u0101rst\u012bbas<\/li>\n<li>Neregul\u0101rs sirds ritms<\/li>\n<li>Musku\u013cu raust\u012b\u0161an\u0101s vai sabrukums<\/li>\n<\/ul>\n<p>&nbsp;<\/p>\n","protected":false},"excerpt":{"rendered":"<p>P\u0113rciet Rital\u012bnu tie\u0161saist\u0113. Rital\u012bns ir viena no izplat\u012bt\u0101kaj\u0101m \u0101rst\u0113\u0161anas iesp\u0113j\u0101m uzman\u012bbas defic\u012bta un hiperaktivit\u0101tes trauc\u0113jumu (ADHD) \u0101rst\u0113\u0161anai. Ritalin p\u0101rdo\u0161ana tie\u0161saist\u0113, kur nopirkt Ritalin tie\u0161saist\u0113.  <\/p>\n","protected":false},"featured_media":20112,"comment_status":"open","ping_status":"closed","template":"","meta":{"om_disable_all_campaigns":false,"_sitemap_exclude":false,"_sitemap_priority":"","_sitemap_frequency":"","_monsterinsights_skip_tracking":false,"_monsterinsights_sitenote_active":false,"_monsterinsights_sitenote_note":"","_monsterinsights_sitenote_category":0},"product_cat":[24716],"product_tag":[25141,25146,25137,25149,25138,25142,25135,25136,25145,25156,25147,25150,25155,25153,25151,25148,25143,25139,25140],"class_list":{"0":"post-30520","1":"product","2":"type-product","3":"status-publish","4":"has-post-thumbnail","6":"product_cat-lieky-na-zmiernenie-bolesti","7":"product_tag-cik-maksa-ritalins","8":"product_tag-kur-nopirkt-ritalin-europe","9":"product_tag-kur-nopirkt-ritalin-tiessaiste","10":"product_tag-leti-ritalin-eiropa","11":"product_tag-pasutiet-ritalin-tiessaiste","12":"product_tag-perciet-ritalin-tiessaiste-eiropa","13":"product_tag-perciet-ritalinu","14":"product_tag-perciet-ritalinu-tiessaiste","15":"product_tag-ritalin-bezmaksas-piegade-eiropa","16":"product_tag-ritalin-europe-apskats","17":"product_tag-ritalin-europe-izpardosana","18":"product_tag-ritalin-europe-piedavajumi","19":"product_tag-ritalin-europe-piegadataji","20":"product_tag-ritalin-europe-piegade","21":"product_tag-ritalin-europe-veikals","22":"product_tag-ritalin-interneta-veikals-eiropa","23":"product_tag-ritalin-labaka-cena-eiropa","24":"product_tag-ritalina-iedarbiba","25":"product_tag-ritalina-tirdznieciba-tiessaiste","27":"first","28":"instock","29":"shipping-taxable","30":"purchasable","31":"product-type-variable","32":"farmacie-col"},"aioseo_notices":[],"_links":{"self":[{"href":"https:\/\/lacasadelamedicina.es\/sk\/wp-json\/wp\/v2\/product\/30520"}],"collection":[{"href":"https:\/\/lacasadelamedicina.es\/sk\/wp-json\/wp\/v2\/product"}],"about":[{"href":"https:\/\/lacasadelamedicina.es\/sk\/wp-json\/wp\/v2\/types\/product"}],"replies":[{"embeddable":true,"href":"https:\/\/lacasadelamedicina.es\/sk\/wp-json\/wp\/v2\/comments?post=30520"}],"wp:featuredmedia":[{"embeddable":true,"href":"https:\/\/lacasadelamedicina.es\/sk\/wp-json\/wp\/v2\/media\/20112"}],"wp:attachment":[{"href":"https:\/\/lacasadelamedicina.es\/sk\/wp-json\/wp\/v2\/media?parent=30520"}],"wp:term":[{"taxonomy":"product_cat","embeddable":true,"href":"https:\/\/lacasadelamedicina.es\/sk\/wp-json\/wp\/v2\/product_cat?post=30520"},{"taxonomy":"product_tag","embeddable":true,"href":"https:\/\/lacasadelamedicina.es\/sk\/wp-json\/wp\/v2\/product_tag?post=30520"}],"curies":[{"name":"wp","href":"https:\/\/api.w.org\/{rel}","templated":true}]}}