{"id":30470,"date":"2024-08-11T14:20:08","date_gmt":"2024-08-11T14:20:08","guid":{"rendered":"https:\/\/lacasadelamedicina.es\/product\/kupte-si-roxicodone-online\/"},"modified":"2024-09-15T08:10:07","modified_gmt":"2024-09-15T08:10:07","slug":"kupte-si-roxicodone-online","status":"publish","type":"product","link":"https:\/\/lacasadelamedicina.es\/sk\/produkt\/kupte-si-roxicodone-online\/","title":{"rendered":"K\u00fapte si Roxicodone online"},"content":{"rendered":"<h1 class=\"product_title entry-title\">K\u00fapte si Roxicodone online<\/h1>\n<p> Roxikod\u00f3n je \u00fa\u010dinn\u00fd liek na predpis, ktor\u00fd sa pou\u017e\u00edva na zvl\u00e1dnutie silnej bolesti, ke\u010f s\u00fa in\u00e9 lie\u010dby, ako s\u00fa neopioidn\u00e9 lieky proti bolesti, ne\u00fa\u010dinn\u00e9 alebo netolerovate\u013en\u00e9. Tento opioidn\u00fd liek so sebou nesie riziko pred\u00e1vkovania a smrti a dokonca aj spr\u00e1vne u\u017e\u00edvanie pod\u013ea predpisu m\u00f4\u017ee vies\u0165 k z\u00e1vislosti, zneu\u017e\u00edvaniu a zneu\u017e\u00edvaniu. <strong>D\u00f4le\u017eit\u00e9 inform\u00e1cie pred u\u017eit\u00edm Roxikodonu:<\/strong> Roxikod\u00f3n neu\u017e\u00edvajte, ak:  <\/p>\n<ul>\n<li>S\u00fa alergick\u00ed na oxykod\u00f3n.<\/li>\n<li>M\u00e1te \u0165a\u017ek\u00fa \u200b\u200bastmu alebo probl\u00e9my s d\u00fdchan\u00edm.<\/li>\n<li>M\u00e1te upchat\u00fd \u017eal\u00fadok alebo \u010drev\u00e1.<\/li>\n<li>Nie s\u00fa e\u0161te tolerantn\u00ed na podobn\u00e9 opioidn\u00e9 lieky.<\/li>\n<\/ul>\n<p> Roxikod\u00f3n vo v\u0161eobecnosti nie je schv\u00e1len\u00fd na pou\u017eitie u os\u00f4b mlad\u0161\u00edch ako 18 rokov. Aby ste sa uistili, \u017ee roxikod\u00f3n je pre v\u00e1s bezpe\u010dn\u00fd, informujte svojho lek\u00e1ra, ak m\u00e1te:  <\/p>\n<ul>\n<li>Probl\u00e9my s d\u00fdchan\u00edm alebo sp\u00e1nkov\u00e9 apnoe.<\/li>\n<li>Anamn\u00e9za poranen\u00ed hlavy alebo z\u00e1chvatov.<\/li>\n<li>Z\u00e1vislos\u0165 od drog alebo alkoholu alebo poruchy du\u0161evn\u00e9ho zdravia.<\/li>\n<li>Ochorenie pe\u010dene alebo obli\u010diek.<\/li>\n<li>Probl\u00e9my s mo\u010den\u00edm.<\/li>\n<li>Probl\u00e9my s va\u0161\u00edm \u017el\u010dn\u00edkom, pankreasom alebo \u0161t\u00edtnou \u017e\u013eazou.<\/li>\n<\/ul>\n<p> Ak sa roxikod\u00f3n pou\u017e\u00edva po\u010das tehotenstva, m\u00f4\u017ee u die\u0165a\u0165a sp\u00f4sobi\u0165 z\u00e1vislos\u0165, \u010do vedie k potenci\u00e1lne \u017eivot ohrozuj\u00facim abstinen\u010dn\u00fdm pr\u00edznakom, ktor\u00e9 si m\u00f4\u017eu vy\u017eadova\u0165 nieko\u013ekot\u00fd\u017ed\u0148ov\u00fa lek\u00e1rsku lie\u010dbu. \u00fadaje <strong>Ved\u013eaj\u0161ie \u00fa\u010dinky roxikod\u00f3nu:<\/strong> Ak poci\u0165ujete pr\u00edznaky alergickej reakcie, vyh\u013eadajte pohotovostn\u00fa lek\u00e1rsku pomoc vr\u00e1tane: <\/p>\n<ul>\n<li>\u00dale<\/li>\n<li>\u0164a\u017ekosti s d\u00fdchan\u00edm<\/li>\n<li>Opuch tv\u00e1re, pier, jazyka alebo hrdla<\/li>\n<\/ul>\n<p> Roxikod\u00f3n m\u00f4\u017ee spomali\u0165 alebo zastavi\u0165 d\u00fdchanie, \u010do m\u00f4\u017ee by\u0165 smrte\u013en\u00e9. Uistite sa, \u017ee niekto vo va\u0161om okol\u00ed je pripraven\u00fd poda\u0165 nalox\u00f3n a okam\u017eite vyh\u013eadajte lek\u00e1rsku pomoc, ak poc\u00edtite spomalen\u00e9 d\u00fdchanie, namodral\u00e9 pery alebo \u0165a\u017ekosti s prebuden\u00edm. Okam\u017eite kontaktujte svojho lek\u00e1ra, ak m\u00e1te:   <\/p>\n<ul>\n<li>Hlu\u010dn\u00e9 alebo plytk\u00e9 d\u00fdchanie alebo preru\u0161ovanie d\u00fdchania po\u010das sp\u00e1nku<\/li>\n<li>Pomal\u00e1 srdcov\u00e1 frekvencia alebo slab\u00fd pulz<\/li>\n<li>To\u010denie hlavy alebo mdloby<\/li>\n<li>Zm\u00e4tok alebo nezvy\u010dajn\u00e9 spr\u00e1vanie<\/li>\n<li>Z\u00e1chvaty<\/li>\n<li>N\u00edzke hladiny kortizolu sp\u00f4sobuj\u00face pr\u00edznaky ako nevo\u013enos\u0165, vracanie, strata chuti do jedla, z\u00e1vraty a extr\u00e9mna \u00fanava<\/li>\n<li>Vysok\u00e9 hladiny seroton\u00ednu indikovan\u00e9 nepokojom, halucin\u00e1ciami, hor\u00fa\u010dkou, poten\u00edm, tria\u0161kou, r\u00fdchlym srdcov\u00fdm tepom, stuhnutos\u0165ou svalov, z\u00e1\u0161klbami, stratou koordin\u00e1cie, nevo\u013enos\u0165ou, vracan\u00edm alebo hna\u010dkou<\/li>\n<\/ul>\n<p> Z\u00e1va\u017en\u00e9 probl\u00e9my s d\u00fdchan\u00edm s\u00fa be\u017enej\u0161ie u star\u0161\u00edch dospel\u00fdch a \u013eud\u00ed s chronick\u00fdmi poruchami d\u00fdchania alebo \u0165a\u017ek\u00fdmi zdravotn\u00fdmi stavmi. <strong>\u010cast\u00e9 ved\u013eaj\u0161ie \u00fa\u010dinky:<\/strong><\/p>\n<ul>\n<li>Ospalos\u0165<\/li>\n<li>Boles\u0165 hlavy<\/li>\n<li>Z\u00e1vraty<\/li>\n<li>\u00danava<\/li>\n<li>Z\u00e1pcha<\/li>\n<li>Boles\u0165 \u017eal\u00fadka<\/li>\n<li>Nevo\u013enos\u0165<\/li>\n<li>Zvracanie<\/li>\n<\/ul>\n<p>\u00fadaje <strong>Balenie a skladovanie Roxicodone:<\/strong> Roxicodone je dostupn\u00fd v: <\/p>\n<ul>\n<li>\u00fadaje <strong>15 mg zelen\u00e9 tablety<\/strong>: ryhovan\u00e9 a vyrazen\u00e9 \u201e54 710\u201c\n<ul>\n<li>NDC 23635-581-10: F\u013ea\u0161e po 100 tabliet<\/li>\n<\/ul>\n<\/li>\n<li><strong>30 mg modr\u00e9 tablety<\/strong>: ryhovan\u00e9 a vyrazen\u00e9 \u201e54 199\u201c\n<ul>\n<li>NDC 23635-582-10: F\u013ea\u0161e po 100 tabliet<\/li>\n<\/ul>\n<\/li>\n<\/ul>\n<p> Uchov\u00e1vajte Roxicodone v tesnej n\u00e1dobe odolnej vo\u010di svetlu. Chr\u00e1\u0148te pred vlhkos\u0165ou a uchov\u00e1vajte pri teplote 25 \u00b0C (77 \u00b0F), s povolen\u00fdmi v\u00fdkyvmi medzi 15 \u00b0 a 30 \u00b0C (59 \u00b0 a\u017e 86 \u00b0F). Roxicodone riadne skladujte a zlikvidujte, aby ste zabr\u00e1nili nespr\u00e1vnemu pou\u017eitiu.   &nbsp;<\/p>\n","protected":false},"excerpt":{"rendered":"<p>K\u00fapte si Roxicodone online. Roxikod\u00f3n je siln\u00fd liek proti bolesti na predpis, ktor\u00fd obsahuje opioid, ktor\u00fd sa pou\u017e\u00edva na zvl\u00e1dnutie silnej bolesti. kde k\u00fapi\u0165 Roxicodone online, Roxicodone na predaj online. Potla\u010d: \u201eA\u201c \u201e215\u201c a \u201eV\u201c \u201e4812\u201c Tvar\/Farba: Modr\u00e9 okr\u00fahle tablety   <\/p>\n","protected":false},"featured_media":20127,"comment_status":"open","ping_status":"closed","template":"","meta":{"om_disable_all_campaigns":false,"_sitemap_exclude":false,"_sitemap_priority":"","_sitemap_frequency":"","_monsterinsights_skip_tracking":false,"_monsterinsights_sitenote_active":false,"_monsterinsights_sitenote_note":"","_monsterinsights_sitenote_category":0},"product_cat":[24716],"product_tag":[24991,25001,24981,24988,25312,24982,24995,24984,24986,24993,24998],"class_list":{"0":"post-30470","1":"product","2":"type-product","3":"status-publish","4":"has-post-thumbnail","6":"product_cat-lieky-na-zmiernenie-bolesti","7":"product_tag-bezplatna-doprava-roxicodone-v-europe","8":"product_tag-dodavatelia-roxicodone-europe","9":"product_tag-kupit-roxicodone","10":"product_tag-kupit-roxicodone-online-europa","11":"product_tag-kupte-si-oxykodon-online","12":"product_tag-kupte-si-roxicodone-online","13":"product_tag-lacny-roxicodone-europe","14":"product_tag-objednajte-si-roxicodone-online","15":"product_tag-online-predaj-roxicodonu","16":"product_tag-predaj-roxicodone-europe","17":"product_tag-zlava-roxicodone-europe","19":"first","20":"instock","21":"shipping-taxable","22":"purchasable","23":"product-type-variable","24":"farmacie-col"},"aioseo_notices":[],"_links":{"self":[{"href":"https:\/\/lacasadelamedicina.es\/sk\/wp-json\/wp\/v2\/product\/30470"}],"collection":[{"href":"https:\/\/lacasadelamedicina.es\/sk\/wp-json\/wp\/v2\/product"}],"about":[{"href":"https:\/\/lacasadelamedicina.es\/sk\/wp-json\/wp\/v2\/types\/product"}],"replies":[{"embeddable":true,"href":"https:\/\/lacasadelamedicina.es\/sk\/wp-json\/wp\/v2\/comments?post=30470"}],"wp:featuredmedia":[{"embeddable":true,"href":"https:\/\/lacasadelamedicina.es\/sk\/wp-json\/wp\/v2\/media\/20127"}],"wp:attachment":[{"href":"https:\/\/lacasadelamedicina.es\/sk\/wp-json\/wp\/v2\/media?parent=30470"}],"wp:term":[{"taxonomy":"product_cat","embeddable":true,"href":"https:\/\/lacasadelamedicina.es\/sk\/wp-json\/wp\/v2\/product_cat?post=30470"},{"taxonomy":"product_tag","embeddable":true,"href":"https:\/\/lacasadelamedicina.es\/sk\/wp-json\/wp\/v2\/product_tag?post=30470"}],"curies":[{"name":"wp","href":"https:\/\/api.w.org\/{rel}","templated":true}]}}