{"id":30442,"date":"2024-08-11T14:27:21","date_gmt":"2024-08-11T14:27:21","guid":{"rendered":"https:\/\/lacasadelamedicina.es\/product\/kupte-si-suboxone-online\/"},"modified":"2024-09-15T08:09:07","modified_gmt":"2024-09-15T08:09:07","slug":"kupte-si-suboxone-online","status":"publish","type":"product","link":"https:\/\/lacasadelamedicina.es\/sk\/produkt\/kupte-si-suboxone-online\/","title":{"rendered":"K\u00fapte si Suboxone online"},"content":{"rendered":"<h1 class=\"product_title entry-title\">K\u00fapte si Suboxone online<\/h1>\n<p> Suboxone je liek na predpis pou\u017e\u00edvan\u00fd na lie\u010dbu poruchy u\u017e\u00edvania opioidov (OUD). Sp\u00e1ja v sebe dve akt\u00edvne zlo\u017eky: buprenorf\u00edn a nalox\u00f3n. Tento liek v\u00fdrazne zni\u017euje riziko pred\u00e1vkovania opioidmi, ako je hero\u00edn alebo fentanyl, \u010d\u00edm sa zni\u017euje \u00famrtnos\u0165 a\u017e o 50 %. Suboxone pom\u00e1ha zvl\u00e1da\u0165 abstinen\u010dn\u00e9 pr\u00edznaky opioidov a podporuje dlhodob\u00e9 ciele na zotavenie t\u00fdm, \u017ee zni\u017euje chu\u0165 do jedla a riziko recid\u00edvy.    <strong>Ako Suboxone funguje:<\/strong><\/p>\n<ul>\n<li><strong>Buprenorf\u00edn<\/strong>: \u010ciasto\u010dn\u00fd opioidn\u00fd agonista, buprenorf\u00edn, pom\u00e1ha zmierni\u0165 abstinen\u010dn\u00e9 pr\u00edznaky \u010diasto\u010dnou stimul\u00e1ciou opioidn\u00fdch receptorov v mozgu. To pom\u00e1ha zvl\u00e1da\u0165 t\u00fa\u017eby a u\u013eah\u010duje prechod od z\u00e1vislosti od opioidov, ke\u010f sa u\u017e\u00edva pod lek\u00e1rskym doh\u013eadom. <\/li>\n<li><strong>Nalox\u00f3n<\/strong>: Antagonista opioidov, nalox\u00f3n, je zahrnut\u00fd, aby sa zabr\u00e1nilo nespr\u00e1vnemu pou\u017eitiu lieku. Zvr\u00e1ti \u00fa\u010dinky opioidov a m\u00f4\u017ee vyvola\u0165 abstinen\u010dn\u00e9 pr\u00edznaky, ak sa Suboxone zneu\u017e\u00edva, \u010do z neho rob\u00ed bezpe\u010dnej\u0161iu mo\u017enos\u0165 dlhodobej lie\u010dby. <\/li>\n<\/ul>\n<p><strong>V\u00fdhody Suboxone:<\/strong> Suboxone sa stal preferovan\u00fdm liekom na lie\u010dbu OUD v\u010faka svojmu bezpe\u010dnostn\u00e9mu profilu a \u00fa\u010dinnosti. Na rozdiel od metad\u00f3nu, \u010fal\u0161ej lie\u010dby OUD, Suboxone je menej pravdepodobn\u00e9, \u017ee si vytvor\u00ed n\u00e1vyk a m\u00f4\u017ee ho predp\u00edsa\u0165 poskytovate\u013e prim\u00e1rnej starostlivosti, na rozdiel od metad\u00f3nu, ktor\u00fd si zvy\u010dajne vy\u017eaduje lie\u010dbu v \u0161pecializovanom centre. <strong>Predpis a pou\u017eitie:<\/strong> Suboxone mo\u017eno predp\u00edsa\u0165 na za\u010diatku lie\u010dby alebo po\u010das dlhodob\u00e9ho zotavovania. Je d\u00f4le\u017eit\u00e9, aby ste so svoj\u00edm poskytovate\u013eom zdravotnej starostlivosti prediskutovali najlep\u0161\u00ed pl\u00e1n lie\u010dby prisp\u00f4soben\u00fd va\u0161im potreb\u00e1m. Komplexn\u00e1 lie\u010dba \u010dasto zah\u0155\u0148a behavior\u00e1lnu podporu zdravia popri medikament\u00f3znej terapii (MAT). <strong>Ved\u013eaj\u0161ie \u00fa\u010dinky Suboxone:<\/strong><strong>Z\u00e1va\u017en\u00e9 ved\u013eaj\u0161ie \u00fa\u010dinky:<\/strong>   <\/p>\n<ul>\n<li>\u00fadaje <strong>Alergick\u00e9 reakcie<\/strong>: \u017dih\u013eavka, \u0165a\u017ekosti s d\u00fdchan\u00edm, opuch tv\u00e1re, pier, jazyka alebo hrdla.<\/li>\n<li>\u00fadaje <strong>Probl\u00e9my s d\u00fdchan\u00edm<\/strong>: Spomalen\u00e9 alebo zastaven\u00e9 d\u00fdchanie, najm\u00e4 s dlh\u00fdmi pauzami, modr\u00fdmi perami alebo probl\u00e9mami so prebuden\u00edm.<\/li>\n<li>\u00fadaje <strong>Probl\u00e9my s pe\u010de\u0148ou<\/strong>: boles\u0165 v hornej \u010dasti \u017eal\u00fadka, strata chuti do jedla, tmav\u00fd mo\u010d, stolica hlinenej farby, \u017elta\u010dka.<\/li>\n<li><strong>Vysok\u00e1 hladina seroton\u00ednu<\/strong>: nepokoj, halucin\u00e1cie, hor\u00fa\u010dka, potenie, tria\u0161ka, zr\u00fdchlen\u00fd tep, stuhnutos\u0165 svalov, nevo\u013enos\u0165, vracanie, hna\u010dka.<\/li>\n<li><strong>N\u00edzke hladiny kortizolu<\/strong>: nevo\u013enos\u0165, vracanie, strata chuti do jedla, z\u00e1vraty, siln\u00e1 slabos\u0165.<\/li>\n<li>\u00fadaje <strong>Abstinen\u010dn\u00e9 pr\u00edznaky<\/strong>: tria\u0161ka, potenie, v\u00fdtok z nosa, slzenie o\u010d\u00ed, boles\u0165 svalov.<\/li>\n<\/ul>\n<p><strong>\u010cast\u00e9 ved\u013eaj\u0161ie \u00fa\u010dinky:<\/strong><\/p>\n<ul>\n<li>Z\u00e1vraty, ospalos\u0165, rozmazan\u00e9 videnie, probl\u00e9my s koncentr\u00e1ciou.<\/li>\n<li>Abstinen\u010dn\u00e9 pr\u00edznaky, boles\u0165 jazyka, nevo\u013enos\u0165, vracanie, z\u00e1pcha.<\/li>\n<li>Boles\u0165 hlavy, chrbta, zv\u00fd\u0161en\u00e9 potenie, probl\u00e9my so sp\u00e1nkom.<\/li>\n<\/ul>\n<p>\u00fadaje <strong>Rozdiel medzi Subutexom a Suboxone:<\/strong> Prim\u00e1rny rozdiel je v tom, \u017ee Suboxone obsahuje buprenorf\u00edn aj nalox\u00f3n, zatia\u013e \u010do Subutex obsahuje iba buprenorf\u00edn. Subutex bol p\u00f4vodn\u00fd pr\u00edpravok a zistilo sa, \u017ee je \u00fa\u010dinn\u00fd, ale m\u00e1 vy\u0161\u0161\u00ed potenci\u00e1l na zneu\u017eitie. Suboxone bol vyvinut\u00fd na rie\u0161enie tohto probl\u00e9mu zahrnut\u00edm nalox\u00f3nu, ktor\u00fd blokuje \u00fa\u010dinky opioidov na receptorov\u00fdch miestach. Injek\u010dn\u00e9 podanie Suboxonu m\u00f4\u017ee vies\u0165 k r\u00fdchlemu abstinen\u010dn\u00e9mu stavu, ktor\u00fd zabr\u00e1ni zneu\u017eitiu.<\/p>\n","protected":false},"excerpt":{"rendered":"<p>K\u00fapte si Suboxone online. Suboxone je kombinovan\u00fd liek s fixnou d\u00e1vkou, ktor\u00fd zah\u0155\u0148a buprenorf\u00edn a nalox\u00f3n. Suboxone na predaj online  <\/p>\n","protected":false},"featured_media":20142,"comment_status":"open","ping_status":"closed","template":"","meta":{"om_disable_all_campaigns":false,"_sitemap_exclude":false,"_sitemap_priority":"","_sitemap_frequency":"","_monsterinsights_skip_tracking":false,"_monsterinsights_sitenote_active":false,"_monsterinsights_sitenote_note":"","_monsterinsights_sitenote_category":0},"product_cat":[24716],"product_tag":[24899,24893,24894,24900,24907,24896,24897],"class_list":{"0":"post-30442","1":"product","2":"type-product","3":"status-publish","4":"has-post-thumbnail","6":"product_cat-lieky-na-zmiernenie-bolesti","7":"product_tag-kolko-stoji-suboxone","8":"product_tag-kupte-si-suboxone-sk","9":"product_tag-kupte-si-suboxone-online","10":"product_tag-kupte-si-suboxone-online-europa","11":"product_tag-lacny-suboxone-europe","12":"product_tag-objednajte-si-suboxone-online","13":"product_tag-ucinky-suboxone-sk","15":"first","16":"instock","17":"shipping-taxable","18":"purchasable","19":"product-type-variable","20":"farmacie-col"},"aioseo_notices":[],"_links":{"self":[{"href":"https:\/\/lacasadelamedicina.es\/sk\/wp-json\/wp\/v2\/product\/30442"}],"collection":[{"href":"https:\/\/lacasadelamedicina.es\/sk\/wp-json\/wp\/v2\/product"}],"about":[{"href":"https:\/\/lacasadelamedicina.es\/sk\/wp-json\/wp\/v2\/types\/product"}],"replies":[{"embeddable":true,"href":"https:\/\/lacasadelamedicina.es\/sk\/wp-json\/wp\/v2\/comments?post=30442"}],"wp:featuredmedia":[{"embeddable":true,"href":"https:\/\/lacasadelamedicina.es\/sk\/wp-json\/wp\/v2\/media\/20142"}],"wp:attachment":[{"href":"https:\/\/lacasadelamedicina.es\/sk\/wp-json\/wp\/v2\/media?parent=30442"}],"wp:term":[{"taxonomy":"product_cat","embeddable":true,"href":"https:\/\/lacasadelamedicina.es\/sk\/wp-json\/wp\/v2\/product_cat?post=30442"},{"taxonomy":"product_tag","embeddable":true,"href":"https:\/\/lacasadelamedicina.es\/sk\/wp-json\/wp\/v2\/product_tag?post=30442"}],"curies":[{"name":"wp","href":"https:\/\/api.w.org\/{rel}","templated":true}]}}