{"id":30389,"date":"2024-08-11T14:41:28","date_gmt":"2024-08-11T14:41:28","guid":{"rendered":"https:\/\/lacasadelamedicina.es\/product\/kupte-si-tapentadol-online\/"},"modified":"2024-09-15T07:53:58","modified_gmt":"2024-09-15T07:53:58","slug":"kupte-si-tapentadol-online","status":"publish","type":"product","link":"https:\/\/lacasadelamedicina.es\/sk\/produkt\/kupte-si-tapentadol-online\/","title":{"rendered":"K\u00fapte si Tapentadol online"},"content":{"rendered":"<h1 class=\"product_title entry-title\">K\u00fapte si Tapentadol online<\/h1>\n<p> Tapentadol je siln\u00fd opioidn\u00fd liek proti bolesti pou\u017e\u00edvan\u00fd na zvl\u00e1dnutie silnej bolesti, najm\u00e4 ak sa in\u00e9 lie\u010dby bolesti uk\u00e1zali ako ne\u00fa\u010dinn\u00e9 alebo nie s\u00fa tolerovan\u00e9. M\u00f4\u017ee sa pod\u00e1va\u0165 ako peror\u00e1lny roztok alebo tableta a je tie\u017e dostupn\u00fd vo forme s pred\u013a\u017een\u00fdm uvo\u013e\u0148ovan\u00edm na zvl\u00e1dnutie chronickej bolesti, vr\u00e1tane bolesti sp\u00f4sobenej diabetickou neuropatiou.  <strong>K\u013e\u00fa\u010dov\u00e9 body:<\/strong><\/p>\n<ul>\n<li><strong>Pou\u017eitie:<\/strong> Tapentadol je indikovan\u00fd pri silnej bolesti, ktor\u00e1 si vy\u017eaduje lie\u010dbu opioidmi a nie je vhodn\u00fd na pr\u00edle\u017eitostn\u00e9 alebo \u201epod\u013ea potreby\u201c \u00fa\u013eavu od bolesti. Je to narkotick\u00e9 analgetikum, ktor\u00e9 p\u00f4sob\u00ed na centr\u00e1lny nervov\u00fd syst\u00e9m na zmiernenie bolesti. <\/li>\n<li><strong>Riziko z\u00e1vislosti:<\/strong> Dlhodob\u00e9 u\u017e\u00edvanie tapentadolu m\u00f4\u017ee vies\u0165 k fyzickej z\u00e1vislosti, hoci du\u0161evn\u00e1 z\u00e1vislos\u0165 je menej pravdepodobn\u00e1. Na zmiernenie abstinen\u010dn\u00fdch pr\u00edznakov je d\u00f4le\u017eit\u00e9 postupn\u00e9 zni\u017eovanie lie\u010dby a nie jej n\u00e1hle ukon\u010denie. <\/li>\n<li><strong>Obmedzen\u00e1 distrib\u00facia:<\/strong> Tapentadol je dostupn\u00fd v r\u00e1mci programu opioidn\u00fdch analget\u00edk REMS (Strat\u00e9gia hodnotenia a zmier\u0148ovania riz\u00edk) kv\u00f4li jeho potenci\u00e1lu zneu\u017e\u00edvania a z\u00e1vislosti.<\/li>\n<\/ul>\n<p><strong>D\u00e1vkov\u00e9 formy:<\/strong><\/p>\n<ul>\n<li><strong>Tablet, roz\u0161\u00edren\u00e9 vydanie:<\/strong> Na siln\u00fa boles\u0165, vr\u00e1tane chronickej bolesti pri diabetickej neuropatii.<\/li>\n<li><strong>Tablet:<\/strong> Pri in\u00fdch situ\u00e1ci\u00e1ch silnej bolesti, ke\u010f je potrebn\u00e1 lie\u010dba opi\u00e1tmi.<\/li>\n<\/ul>\n<p><strong>Ved\u013eaj\u0161ie \u00fa\u010dinky Tapentadolu:<\/strong><strong>Be\u017en\u00e9 ved\u013eaj\u0161ie \u00fa\u010dinky:<\/strong><\/p>\n<ul>\n<li>Ospalos\u0165<\/li>\n<li>Boles\u0165 hlavy<\/li>\n<li>Nevo\u013enos\u0165<\/li>\n<li>Z\u00e1pcha<\/li>\n<li>\u017dal\u00fado\u010dn\u00e9 \u0165a\u017ekosti alebo boles\u0165<\/li>\n<li>Nezvy\u010dajn\u00e1 \u00fanava alebo slabos\u0165<\/li>\n<\/ul>\n<p><strong>Menej \u010dast\u00e9 ved\u013eaj\u0161ie \u00fa\u010dinky:<\/strong><\/p>\n<ul>\n<li>Boles\u0165 mo\u010dov\u00e9ho mech\u00fara<\/li>\n<li>Krvav\u00fd alebo zakalen\u00fd mo\u010d<\/li>\n<li>Bolesti tela<\/li>\n<li>Ka\u0161e\u013e<\/li>\n<li>\u0164a\u017ekosti s d\u00fdchan\u00edm<\/li>\n<li>Hor\u00fa\u010dka<\/li>\n<li>Bolesti svalov<\/li>\n<li>Nezvy\u010dajn\u00e1 \u00fanava alebo slabos\u0165<\/li>\n<\/ul>\n<p><strong>Zriedkav\u00e9 ved\u013eaj\u0161ie \u00fa\u010dinky:<\/strong><\/p>\n<ul>\n<li>\u00dazkos\u0165<\/li>\n<li>Zm\u00e4tok alebo z\u00e1budlivos\u0165<\/li>\n<li>Tesnos\u0165 hrudn\u00edka<\/li>\n<li>Nemotornos\u0165 alebo neistota<\/li>\n<li>R\u00fdchly alebo nepravideln\u00fd srdcov\u00fd tep<\/li>\n<li>Podr\u00e1\u017edenos\u0165 alebo nepokoj<\/li>\n<li>Z\u00e1chvaty<\/li>\n<li>Chvenie alebo chvenie<\/li>\n<li>Opuch tv\u00e1re, pier, r\u00fak alebo n\u00f4h<\/li>\n<\/ul>\n<p><strong>Z\u00e1va\u017en\u00e9 ved\u013eaj\u0161ie \u00fa\u010dinky:<\/strong><\/p>\n<ul>\n<li><strong>Pr\u00edznaky pred\u00e1vkovania:<\/strong>\n<ul>\n<li>Zmena vo vedom\u00ed<\/li>\n<li>Boles\u0165 alebo nepohodlie na hrudn\u00edku<\/li>\n<li>Studen\u00e1, vlhk\u00e1 poko\u017eka<\/li>\n<li>Vyka\u0161liavanie ru\u017eov\u00e9ho spenen\u00e9ho hlienu<\/li>\n<li>Zn\u00ed\u017een\u00e9 povedomie alebo schopnos\u0165 reagova\u0165<\/li>\n<li>\u0164a\u017ekosti alebo probl\u00e9my s d\u00fdchan\u00edm<\/li>\n<li>To\u010denie hlavy, z\u00e1vraty alebo mdloby<\/li>\n<li>Strata vedomia<\/li>\n<li>Bled\u00e9 alebo modr\u00e9 pery, nechty alebo poko\u017eka<\/li>\n<li>Ospalos\u0165 alebo nezvy\u010dajn\u00e1 ospalos\u0165<\/li>\n<li>Opuchy n\u00f4h a \u010dlenkov<\/li>\n<\/ul>\n<\/li>\n<li><strong>\u010eal\u0161ie z\u00e1va\u017en\u00e9 pr\u00edznaky:<\/strong>\n<ul>\n<li>Du\u0161evn\u00e1 depresia<\/li>\n<li>My\u0161lienky sebapo\u0161kodzovania<\/li>\n<li>Z\u00e1va\u017en\u00e9 alergick\u00e9 reakcie (\u017eih\u013eavka, \u0165a\u017ekosti s d\u00fdchan\u00edm, opuch tv\u00e1re alebo hrdla)<\/li>\n<\/ul>\n<\/li>\n<\/ul>\n<p><strong>N\u00fadzov\u00e9 opatrenia:<\/strong><\/p>\n<ul>\n<li>Okam\u017eite vyh\u013eadajte lek\u00e1rsku pomoc, ak sa u v\u00e1s objavia pr\u00edznaky pred\u00e1vkovania, ako s\u00fa v\u00e1\u017ene \u0165a\u017ekosti s d\u00fdchan\u00edm, zmeny vedomia alebo v\u00fdrazn\u00e1 ospalos\u0165.<\/li>\n<li>Ak\u00e9ko\u013evek z\u00e1va\u017en\u00e9 ved\u013eaj\u0161ie \u00fa\u010dinky alebo nezvy\u010dajn\u00e9 pr\u00edznaky nahl\u00e1ste svojmu poskytovate\u013eovi zdravotnej starostlivosti.<\/li>\n<\/ul>\n<p><strong>V\u0161eobecn\u00e9 pozn\u00e1mky:<\/strong><\/p>\n<ul>\n<li>Tapentadol sa m\u00e1 pou\u017e\u00edva\u0165 pod veden\u00edm poskytovate\u013ea zdravotnej starostlivosti s d\u00f4kladn\u00fdm sledovan\u00edm pr\u00edznakov z\u00e1vislosti alebo ne\u017eiaducich \u00fa\u010dinkov.<\/li>\n<li>Postupn\u00e9 zni\u017eovanie d\u00e1vky m\u00f4\u017ee pom\u00f4c\u0165 zvl\u00e1dnu\u0165 abstinen\u010dn\u00e9 pr\u00edznaky, ak prestanete u\u017e\u00edva\u0165.<\/li>\n<li>Prediskutujte v\u0161etky zdravotn\u00e9 stavy a lieky so svoj\u00edm lek\u00e1rom, aby ste sa vyhli potenci\u00e1lnym interakci\u00e1m a zabezpe\u010dili bezpe\u010dn\u00e9 pou\u017e\u00edvanie.<\/li>\n<\/ul>\n","protected":false},"excerpt":{"rendered":"<p>K\u00fapte si tapentadol online. Tapentadol peror\u00e1lny roztok a tableta sa pou\u017e\u00edvaj\u00fa na lie\u010dbu bolesti dostato\u010dne silnej na to, aby si vy\u017eadovala lie\u010dbu opioidmi, a ke\u010f in\u00e9 lieky proti bolesti dostato\u010dne ne\u00fa\u010dinkovali alebo ich nemo\u017eno tolerova\u0165. kde k\u00fapi\u0165 tapentadol online.  <\/p>\n","protected":false},"featured_media":20172,"comment_status":"open","ping_status":"closed","template":"","meta":{"om_disable_all_campaigns":false,"_sitemap_exclude":false,"_sitemap_priority":"","_sitemap_frequency":"","_monsterinsights_skip_tracking":false,"_monsterinsights_sitenote_active":false,"_monsterinsights_sitenote_note":"","_monsterinsights_sitenote_category":0},"product_cat":[24716],"product_tag":[24805,24806,24808],"class_list":{"0":"post-30389","1":"product","2":"type-product","3":"status-publish","4":"has-post-thumbnail","6":"product_cat-lieky-na-zmiernenie-bolesti","7":"product_tag-kupit-tapentadol","8":"product_tag-kupte-si-tapentadol-online","9":"product_tag-objednajte-si-tapentadol-online","11":"first","12":"instock","13":"shipping-taxable","14":"purchasable","15":"product-type-variable","16":"farmacie-col"},"aioseo_notices":[],"_links":{"self":[{"href":"https:\/\/lacasadelamedicina.es\/sk\/wp-json\/wp\/v2\/product\/30389"}],"collection":[{"href":"https:\/\/lacasadelamedicina.es\/sk\/wp-json\/wp\/v2\/product"}],"about":[{"href":"https:\/\/lacasadelamedicina.es\/sk\/wp-json\/wp\/v2\/types\/product"}],"replies":[{"embeddable":true,"href":"https:\/\/lacasadelamedicina.es\/sk\/wp-json\/wp\/v2\/comments?post=30389"}],"wp:featuredmedia":[{"embeddable":true,"href":"https:\/\/lacasadelamedicina.es\/sk\/wp-json\/wp\/v2\/media\/20172"}],"wp:attachment":[{"href":"https:\/\/lacasadelamedicina.es\/sk\/wp-json\/wp\/v2\/media?parent=30389"}],"wp:term":[{"taxonomy":"product_cat","embeddable":true,"href":"https:\/\/lacasadelamedicina.es\/sk\/wp-json\/wp\/v2\/product_cat?post=30389"},{"taxonomy":"product_tag","embeddable":true,"href":"https:\/\/lacasadelamedicina.es\/sk\/wp-json\/wp\/v2\/product_tag?post=30389"}],"curies":[{"name":"wp","href":"https:\/\/api.w.org\/{rel}","templated":true}]}}