{"id":30372,"date":"2024-08-11T14:53:54","date_gmt":"2024-08-11T14:53:54","guid":{"rendered":"https:\/\/lacasadelamedicina.es\/product\/kupte-si-vicodin-online\/"},"modified":"2024-08-11T14:53:54","modified_gmt":"2024-08-11T14:53:54","slug":"kupte-si-vicodin-online","status":"publish","type":"product","link":"https:\/\/lacasadelamedicina.es\/sk\/produkt\/kupte-si-vicodin-online\/","title":{"rendered":"K\u00fapte si Vicodin online"},"content":{"rendered":"<h1 class=\"product_title entry-title\">K\u00fapte si Vicodin online<\/h1>\n<p> Vicodin je liek na predpis, ktor\u00fd kombinuje dve akt\u00edvne zlo\u017eky: <\/p>\n<ol>\n<li>\u00fadaje <strong>Hydrokod\u00f3n:<\/strong> opioidn\u00fd (narkotick\u00fd) liek proti bolesti.<\/li>\n<li><strong>Acetaminof\u00e9n:<\/strong> Narkotick\u00fd liek proti bolesti a na zn\u00ed\u017eenie hor\u00fa\u010dky.<\/li>\n<\/ol>\n<p><strong>Pou\u017e\u00edva:<\/strong><\/p>\n<ul>\n<li>Vicodin sa pou\u017e\u00edva na lie\u010dbu stredne silnej a\u017e stredne silnej bolesti. Zvy\u010dajne sa predpisuje vtedy, ke\u010f nie je mo\u017en\u00e9 dosiahnu\u0165 \u00fa\u013eavu od bolesti samotn\u00fdmi neopioidn\u00fdmi liekmi. <\/li>\n<\/ul>\n<p>\u00fadaje <strong>Pokyny pre d\u00e1vkovanie:<\/strong> Maxim\u00e1lna denn\u00e1 d\u00e1vka Vicodinu z\u00e1vis\u00ed od zlo\u017eenia: <\/p>\n<ul>\n<li>\u00fadaje <strong>Vicodin 5 mg\/300 mg<\/strong>: U\u017e\u00edvajte 1 a\u017e 2 tablety ka\u017ed\u00e9 4 a\u017e 6 hod\u00edn pod\u013ea potreby, neprekro\u010dte 8 tabliet za 24 hod\u00edn.<\/li>\n<li><strong>Vicodin 7,5 mg\/300 mg<\/strong>: U\u017e\u00edvajte 1 tabletu ka\u017ed\u00e9 4 a\u017e 6 hod\u00edn pod\u013ea potreby, neprekro\u010dte 6 tabliet za 24 hod\u00edn.<\/li>\n<li><strong>Vicodin 10 mg\/300 mg<\/strong>: U\u017e\u00edvajte 1 tabletu ka\u017ed\u00e9 4 a\u017e 6 hod\u00edn pod\u013ea potreby, neprekro\u010dte 6 tabliet za 24 hod\u00edn.<\/li>\n<\/ul>\n<p><strong>D\u00f4le\u017eit\u00e9 \u00favahy:<\/strong><\/p>\n<ul>\n<li><strong>Limit acetaminof\u00e9nu:<\/strong> V\u00e4\u010d\u0161ina dospel\u00fdch m\u00f4\u017ee bezpe\u010dne prija\u0165 a\u017e 4 000 mg acetaminof\u00e9nu denne, ale tento limit zah\u0155\u0148a v\u0161etky zdroje acetaminof\u00e9nu, ako s\u00fa napr. &#8211; lieky na pult.<\/li>\n<li>\u00fadaje <strong>Vyhnite sa prekra\u010dovaniu d\u00e1vok:<\/strong> Bu\u010fte opatrn\u00ed s celkov\u00fdm mno\u017estvom acetaminof\u00e9nu, aby ste predi\u0161li po\u0161kodeniu pe\u010dene.<\/li>\n<\/ul>\n<p>\u00fadaje <strong>Ved\u013eaj\u0161ie \u00fa\u010dinky:<\/strong><strong>Be\u017en\u00e9 ved\u013eaj\u0161ie \u00fa\u010dinky:<\/strong><\/p>\n<ul>\n<li>To\u010denie hlavy<\/li>\n<li>Z\u00e1vraty<\/li>\n<li>Nevo\u013enos\u0165<\/li>\n<li>Zvracanie<\/li>\n<li>Pokazen\u00fd \u017eal\u00fadok<\/li>\n<li>Ospalos\u0165<\/li>\n<li>Z\u00e1pcha<\/li>\n<li>Boles\u0165 hlavy<\/li>\n<li>Zmeny n\u00e1lady<\/li>\n<li>Rozmazan\u00e9 videnie<\/li>\n<li>Zvonenie v u\u0161iach<\/li>\n<li>Sucho v \u00fastach<\/li>\n<li>\u0164a\u017ekosti s mo\u010den\u00edm<\/li>\n<\/ul>\n<p><strong>Z\u00e1va\u017en\u00e9 ved\u013eaj\u0161ie \u00fa\u010dinky:<\/strong><\/p>\n<ul>\n<li>Plytk\u00e9 alebo pomal\u00e9 d\u00fdchanie<\/li>\n<li>Zm\u00e4tok, nezvy\u010dajn\u00e9 my\u0161lienky alebo spr\u00e1vanie<\/li>\n<li>Z\u00e1chvaty<\/li>\n<li>Boles\u0165 v hornej \u010dasti brucha<\/li>\n<li>Svrbenie<\/li>\n<li>Strata chuti do jedla<\/li>\n<li>Tmav\u00fd mo\u010d<\/li>\n<li>Stoli\u010dky hlinenej farby<\/li>\n<li>Zo\u017eltnutie ko\u017ee alebo o\u010d\u00ed<\/li>\n<\/ul>\n<p><strong>Vyh\u013eadajte okam\u017eit\u00fa lek\u00e1rsku pomoc, ak:<\/strong><\/p>\n<ul>\n<li>Poci\u0165ujete pr\u00edznaky, ako s\u00fa z\u00e1va\u017en\u00e9 zmeny zraku, b\u00fa\u0161enie srdca alebo siln\u00e9 bolesti hlavy.<\/li>\n<li>M\u00e1te pr\u00edznaky z\u00e1va\u017enej alergickej reakcie, ako je \u017eih\u013eavka, opuch tv\u00e1re alebo hrdla alebo \u0165a\u017ekosti s d\u00fdchan\u00edm.<\/li>\n<\/ul>\n<p><strong>Porovnanie s Percocetom:<\/strong><\/p>\n<ul>\n<li>\u00fadaje <strong>\u00da\u010dinnos\u0165:<\/strong> \u0160t\u00fadie uk\u00e1zali, \u017ee Vicodin a Percocet (ktor\u00fd obsahuje oxykod\u00f3n) s\u00fa rovnako \u00fa\u010dinn\u00e9 pri kr\u00e1tkodobej lie\u010dbe bolesti a ak\u00fatnej bolesti pri zlomenin\u00e1ch.<\/li>\n<li>\u00fadaje <strong>Sila:<\/strong> Oxykod\u00f3n (Percocet) je pribli\u017ene 1,5-kr\u00e1t \u00fa\u010dinnej\u0161\u00ed ako hydrokod\u00f3n (Vicodin), ke\u010f sa u\u017e\u00edva v rovnak\u00fdch d\u00e1vkach.<\/li>\n<\/ul>\n<p><strong>Bezpe\u010dnos\u0165 a prevent\u00edvne opatrenia:<\/strong><\/p>\n<ul>\n<li><strong>Tvorba n\u00e1vykov:<\/strong> Vicodin m\u00f4\u017ee by\u0165 n\u00e1vykov\u00fd a m\u00f4\u017ee vies\u0165 k z\u00e1vislosti alebo z\u00e1vislosti. Pou\u017e\u00edvajte presne pod\u013ea predpisu. <\/li>\n<li><strong>Riziko pred\u00e1vkovania:<\/strong> U\u017e\u00edvanie pr\u00edli\u0161 ve\u013ek\u00e9ho mno\u017estva Vicodinu alebo jeho kombin\u00e1cia s in\u00fdmi tlmiv\u00fdmi l\u00e1tkami (ako je alkohol) m\u00f4\u017ee vies\u0165 k z\u00e1va\u017en\u00fdm zdravotn\u00fdm komplik\u00e1ci\u00e1m vr\u00e1tane pred\u00e1vkovania a smrti.<\/li>\n<li>\u00fadaje <strong>Konzult\u00e1cia:<\/strong> Prediskutujte ak\u00e9ko\u013evek obavy alebo ved\u013eaj\u0161ie \u00fa\u010dinky so svoj\u00edm poskytovate\u013eom zdravotnej starostlivosti a informujte ho o ak\u00fdchko\u013evek in\u00fdch liekoch alebo zdravotn\u00fdch probl\u00e9moch.<\/li>\n<\/ul>\n<p><strong>Pr\u00e1vne inform\u00e1cie a inform\u00e1cie o n\u00e1kupe:<\/strong><\/p>\n<ul>\n<li><strong>Po\u017eiadavka na predpis:<\/strong> Vicodin je dostupn\u00fd iba na lek\u00e1rsky predpis. Je d\u00f4le\u017eit\u00e9, aby ste ho z\u00edskali prostredn\u00edctvom licencovanej lek\u00e1rne a nie prostredn\u00edctvom neautorizovan\u00fdch online zdrojov. <\/li>\n<li>\u00fadaje <strong>N\u00e1kup:<\/strong> Z bezpe\u010dnostn\u00fdch d\u00f4vodov v\u017edy z\u00edskajte Vicodin prostredn\u00edctvom legit\u00edmnych kan\u00e1lov a starostlivo dodr\u017eiavajte predp\u00edsan\u00e9 pokyny na d\u00e1vkovanie.<\/li>\n<\/ul>\n","protected":false},"excerpt":{"rendered":"<p>K\u00fapte si Vicodin online. Vicodin je kombin\u00e1cia narkotick\u00e9ho hydrokod\u00f3nu a nenarkotick\u00e9ho lieku na zmiernenie bolesti acetaminof\u00e9nu, ktor\u00fd sa pou\u017e\u00edva na zmiernenie stredne silnej a\u017e stredne silnej bolesti. <\/p>\n","protected":false},"featured_media":20187,"comment_status":"open","ping_status":"closed","template":"","meta":{"om_disable_all_campaigns":false,"_sitemap_exclude":false,"_sitemap_priority":"","_sitemap_frequency":"","_monsterinsights_skip_tracking":false,"_monsterinsights_sitenote_active":false,"_monsterinsights_sitenote_note":"","_monsterinsights_sitenote_category":0},"product_cat":[24716],"product_tag":[24781,24779,24774,24766,24772,24763,24767,25731,24761,24762,24768,24777,24770,24764,24776,24773,24782,24765,24771,24769,24778],"class_list":{"0":"post-30372","1":"product","2":"type-product","3":"status-publish","4":"has-post-thumbnail","6":"product_cat-lieky-na-zmiernenie-bolesti","7":"product_tag-dodavatelia-vicodin-europe","8":"product_tag-dodavka-vicodin-europe-sk","9":"product_tag-internetovy-obchod-vicodin-europe-sk","10":"product_tag-internetovy-predaj-vicodinu","11":"product_tag-kde-kupit-vicodin-europe","12":"product_tag-kde-kupit-vicodin-online","13":"product_tag-kolko-je-vicodin","14":"product_tag-kupte-si-hydrokodon-online","15":"product_tag-kupte-si-vicodin-sk","16":"product_tag-kupte-si-vicodin-online","17":"product_tag-kupte-si-vicodin-online-europa","18":"product_tag-obchod-vicodin-europe-sk","19":"product_tag-objednajte-si-vicodin-eu","20":"product_tag-objednajte-si-vicodin-online","21":"product_tag-ponuka-vicodin-europe","22":"product_tag-predaj-vicodin-europe","23":"product_tag-recenzia-vicodin-europe","24":"product_tag-ucinky-vicodinu-sk","25":"product_tag-vicodin-doprava-zadarmo-v-europe","26":"product_tag-vicodin-najlepsia-cena-v-europe","27":"product_tag-zlava-vicodin-europe","29":"first","30":"instock","31":"shipping-taxable","32":"purchasable","33":"product-type-variable","34":"farmacie-col"},"aioseo_notices":[],"_links":{"self":[{"href":"https:\/\/lacasadelamedicina.es\/sk\/wp-json\/wp\/v2\/product\/30372"}],"collection":[{"href":"https:\/\/lacasadelamedicina.es\/sk\/wp-json\/wp\/v2\/product"}],"about":[{"href":"https:\/\/lacasadelamedicina.es\/sk\/wp-json\/wp\/v2\/types\/product"}],"replies":[{"embeddable":true,"href":"https:\/\/lacasadelamedicina.es\/sk\/wp-json\/wp\/v2\/comments?post=30372"}],"wp:featuredmedia":[{"embeddable":true,"href":"https:\/\/lacasadelamedicina.es\/sk\/wp-json\/wp\/v2\/media\/20187"}],"wp:attachment":[{"href":"https:\/\/lacasadelamedicina.es\/sk\/wp-json\/wp\/v2\/media?parent=30372"}],"wp:term":[{"taxonomy":"product_cat","embeddable":true,"href":"https:\/\/lacasadelamedicina.es\/sk\/wp-json\/wp\/v2\/product_cat?post=30372"},{"taxonomy":"product_tag","embeddable":true,"href":"https:\/\/lacasadelamedicina.es\/sk\/wp-json\/wp\/v2\/product_tag?post=30372"}],"curies":[{"name":"wp","href":"https:\/\/api.w.org\/{rel}","templated":true}]}}