{"id":35722,"date":"2024-08-09T14:01:49","date_gmt":"2024-08-09T14:01:49","guid":{"rendered":"https:\/\/lacasadelamedicina.es\/product\/compre-cristais-de-mdma-puros-online\/"},"modified":"2024-08-09T14:01:49","modified_gmt":"2024-08-09T14:01:49","slug":"compre-cristais-de-mdma-puros-online","status":"publish","type":"product","link":"https:\/\/lacasadelamedicina.es\/pt-br\/produto\/compre-cristais-de-mdma-puros-online\/","title":{"rendered":"Compre cristais de MDMA puros online"},"content":{"rendered":"<h1>Compre Cristais MDMA Puros Online<\/h1>\n<p> Compre p\u00f3 de MDMA online &#8211; Compre cristais de MDMA puros, compre cristais de MDMA puros online &#8211; <a href=\"https:\/\/drlawsonspharmacy\/contact-us\/\">CONTATO<\/a> Compre p\u00f3 de MDMA online Compre p\u00f3 de MDMA puro Compre MDMA online Compre MDMA online (negociado 3,4-metilenodioxi-metanfetamina) \u00e9 uma droga psicoativa das classes de substitutos de metilenodioxifenetilamina e substitutos de anfetamina, usada principalmente por seus efeitos euf\u00f3ricos e hipn\u00f3ticos. Farmacologicamente, o MDMA atua como uma subst\u00e2ncia liberadora de serotonina-norepinefrina-dopamina e como um inibidor de recapta\u00e7\u00e3o. Compre p\u00f3 de MDMA online O MDMA vendido online \u00e9 amplamente conhecido como &#8220;ecstasy&#8221; (abreviado como &#8220;E&#8221;, &#8220;X&#8221; ou &#8220;XTC&#8221;) e geralmente se refere \u00e0 sua forma de comprimido, embora este termo possa implicar a possibilidade de um suplemento falsificado. O termo &#8220;Mandy \u00e0 venda&#8221; no Reino Unido e o termo americano &#8220;Molly \u00e0 venda&#8221; referem-se ao MDMA na forma de um p\u00f3 cristalino que \u00e9 relativamente livre de aditivos falsificados. &#8220;Molly&#8221; \u00e0s vezes pode se referir a uma droga relacionada, metilona, \u200b\u200bcomprando p\u00f3 de MDMA puro, comprando MDPV online, mefedrona ou outro grupo de compostos farmacol\u00f3gicos conhecidos como sais de banho.    [14]<\/p>\n<h3>Compre Cristais MDMA Puros Online<\/h3>\n<p> Mergulhe em um reino de euforia e sensa\u00e7\u00f5es elevadas com nossos cristais puros de MDMA, cuidadosamente elaborados para proporcionar uma experi\u00eancia de \u00eaxtase inigual\u00e1vel. Projetado para o conhecedor exigente, nosso produto oferece uma mistura requintada de qualidade, pureza e pot\u00eancia, garantindo uma jornada inesquec\u00edvel para reinos felizes. Nossos cristais puros de MDMA s\u00e3o o ep\u00edtome da excel\u00eancia, forjados por meio de um processo de s\u00edntese meticuloso que atende aos mais altos padr\u00f5es da ind\u00fastria. Cada cristal incorpora a ess\u00eancia da pureza, garantindo uma experi\u00eancia n\u00e3o adulterada que \u00e9 inigual\u00e1vel. Com nosso produto, voc\u00ea pode embarcar em uma jornada transcendente sem ser sobrecarregado por quaisquer impurezas ou subst\u00e2ncias indesejadas.     <\/p>\n<h3><strong>encomendar cristais de MDMA puros<\/strong><\/h3>\n<p> A pureza dos nossos cristais de MDMA aumenta sua pot\u00eancia e permite que voc\u00ea experimente o espectro completo de seus efeitos encantadores. Sinta a onda de energia e euforia enquanto o cristal se dissolve e libera seus poderes transformadores. Quer voc\u00ea esteja procurando por conex\u00f5es emocionais profundas, experi\u00eancias sensoriais intensificadas ou um aumento de confian\u00e7a e autoconfian\u00e7a, nossos cristais de MDMA puros exceder\u00e3o suas expectativas. Nosso compromisso com a qualidade vai al\u00e9m do processo de fabrica\u00e7\u00e3o. Cada lote de cristais de MDMA passa por testes rigorosos por laborat\u00f3rios independentes para garantir a conformidade com padr\u00f5es r\u00edgidos de pureza e seguran\u00e7a. Seu bem-estar \u00e9 nossa maior prioridade e nos orgulhamos de entregar um produto seguro, confi\u00e1vel e consistente.      &nbsp;<\/p>\n","protected":false},"excerpt":{"rendered":"<p>Cristais de Ecstasy\/Molly \u00e0 venda (compre cristais de Ecstasy\/Molly online). Compre cristais de MDMA puro online, cristais de metilona online, compre metilona online, compre cristais de Ecstasy online, compre cristais de Molly online.  &nbsp;<\/p>\n","protected":false},"featured_media":18446,"comment_status":"closed","ping_status":"closed","template":"","meta":{"om_disable_all_campaigns":false,"_sitemap_exclude":false,"_sitemap_priority":"","_sitemap_frequency":"","_monsterinsights_skip_tracking":false,"_monsterinsights_sitenote_active":false,"_monsterinsights_sitenote_note":"","_monsterinsights_sitenote_category":0},"product_cat":[35703],"product_tag":[39561,39562,39567,39568,39574,39578,39581,39570,39575,39572,39579,39577,39576,39564,39569,39580,39573,39571,39563,39560,39566,39565],"class_list":{"0":"post-35722","1":"product","2":"type-product","3":"status-publish","4":"has-post-thumbnail","6":"product_cat-pesquisa-de-produtos-quimicos-e-psicodelicos","7":"product_tag-compre-cristais-de-mdma-puros","8":"product_tag-compre-cristais-de-mdma-puros-online","9":"product_tag-compre-cristais-de-mdma-puros-online-na-europa","10":"product_tag-cristais-de-mdma-puro-melhor-preco-europa","11":"product_tag-cristais-de-mdma-puros-e-baratos-na-europa","12":"product_tag-cristais-de-mdma-puros-entrega-na-europa","13":"product_tag-cristais-de-mdma-puros-europa-revisao","14":"product_tag-cristais-de-mdma-puros-frete-gratis-europa","15":"product_tag-cristais-de-mdma-puros-ofertas-na-europa","16":"product_tag-cristais-de-mdma-puros-venda-na-europa","17":"product_tag-cristais-mdma-puros-autenticos-europa","18":"product_tag-cristais-puros-de-mdma-desconto-na-europa","19":"product_tag-cristais-puros-de-mdma-loja-europa","20":"product_tag-efeitos-dos-cristais-de-mdma-puro","21":"product_tag-encomende-cristais-mdma-puros-ue","22":"product_tag-fornecedores-europeus-de-cristais-puros-de-mdma","23":"product_tag-loja-online-de-cristais-mdma-puros-europa","24":"product_tag-onde-comprar-cristais-de-mdma-puro-na-europa","25":"product_tag-onde-comprar-cristais-de-mdma-puro-online","26":"product_tag-peca-cristais-de-mdma-puros-online","27":"product_tag-quanto-custam-os-cristais-de-mdma-puros","28":"product_tag-vendas-de-cristais-de-mdma-puro-online","30":"first","31":"instock","32":"shipping-taxable","33":"purchasable","34":"product-type-variable","35":"farmacie-col"},"aioseo_notices":[],"_links":{"self":[{"href":"https:\/\/lacasadelamedicina.es\/pt-br\/wp-json\/wp\/v2\/product\/35722"}],"collection":[{"href":"https:\/\/lacasadelamedicina.es\/pt-br\/wp-json\/wp\/v2\/product"}],"about":[{"href":"https:\/\/lacasadelamedicina.es\/pt-br\/wp-json\/wp\/v2\/types\/product"}],"replies":[{"embeddable":true,"href":"https:\/\/lacasadelamedicina.es\/pt-br\/wp-json\/wp\/v2\/comments?post=35722"}],"wp:featuredmedia":[{"embeddable":true,"href":"https:\/\/lacasadelamedicina.es\/pt-br\/wp-json\/wp\/v2\/media\/18446"}],"wp:attachment":[{"href":"https:\/\/lacasadelamedicina.es\/pt-br\/wp-json\/wp\/v2\/media?parent=35722"}],"wp:term":[{"taxonomy":"product_cat","embeddable":true,"href":"https:\/\/lacasadelamedicina.es\/pt-br\/wp-json\/wp\/v2\/product_cat?post=35722"},{"taxonomy":"product_tag","embeddable":true,"href":"https:\/\/lacasadelamedicina.es\/pt-br\/wp-json\/wp\/v2\/product_tag?post=35722"}],"curies":[{"name":"wp","href":"https:\/\/api.w.org\/{rel}","templated":true}]}}