{"id":35717,"date":"2024-08-09T14:01:54","date_gmt":"2024-08-09T14:01:54","guid":{"rendered":"https:\/\/lacasadelamedicina.es\/product\/compre-heroina-branca-chinesa-online\/"},"modified":"2024-08-09T14:01:54","modified_gmt":"2024-08-09T14:01:54","slug":"compre-heroina-branca-chinesa-online","status":"publish","type":"product","link":"https:\/\/lacasadelamedicina.es\/pt-br\/produto\/compre-heroina-branca-chinesa-online\/","title":{"rendered":"Compre hero\u00edna branca chinesa online"},"content":{"rendered":"<h1>Compre hero\u00edna branca chinesa online<\/h1>\n<p> Na Am\u00e9rica e em outros pa\u00edses, a pandemia de opioides est\u00e1 causando estragos. Em resposta, muitas pessoas est\u00e3o procurando alternativas para lidar com traficantes de rua obscuros para obter hero\u00edna forte e pura. Felizmente, a hero\u00edna branca da China \u00e9 um substituto fant\u00e1stico que est\u00e1 prontamente dispon\u00edvel. Ent\u00e3o, se voc\u00ea pretende comprar hero\u00edna branca da China online tamb\u00e9m, fa\u00e7a isso na Farm\u00e1cia Dr. Lawsons. Compre hero\u00edna branca chinesa online &#8211;     <a href=\"https:\/\/drlawsonspharmacy\/contact-us\/\">contato<\/a><\/p>\n<h3>Como \u00e9 feita a hero\u00edna branca chinesa?<\/h3>\n<p> Em geral, a hero\u00edna branca da China \u00e9 menos potente do que outros tipos de hero\u00edna e pode ser comprada por menos dinheiro. A hero\u00edna branca da China \u00e9 fabricada usando um processo complicado de v\u00e1rias etapas. A mat\u00e9ria-prima \u00e9 primeiramente obtida do Afeganist\u00e3o ou Paquist\u00e3o, que \u00e9 principalmente \u00f3pio. O \u00f3pio \u00e9 ent\u00e3o convertido em morfina usando processos de cozimento a frio ou a v\u00e1cuo. Como a morfina \u00e9 dif\u00edcil de detectar e usar usando esse m\u00e9todo, os traficantes de drogas s\u00e3o mais propensos a querer vend\u00ea-la. Se voc\u00ea quiser comprar hero\u00edna branca chinesa da Farm\u00e1cia Dr. Lawsons, voc\u00ea pode navegar pelas diferentes variedades de hero\u00edna branca da China oferecidas no site e selecionar a dosagem que deseja comprar. Para saber quais medidas de seguran\u00e7a tomar ao usar esta droga, certifique-se de ler as informa\u00e7\u00f5es de seguran\u00e7a antes de comprar.       <\/p>\n<h3>Benef\u00edcios da hero\u00edna branca da China<\/h3>\n<p> Dispon\u00edvel exclusivamente online na Dr Lawsons Pharmacy, China. A hero\u00edna branca \u00e9 um tipo potente e de alta qualidade da droga. A hero\u00edna branca chinesa \u00e9 pura e consistente de compra para compra, diferente de outros tipos de hero\u00edna que podem ser misturados com outras subst\u00e2ncias para melhorar a pot\u00eancia e criar novos tipos de narc\u00f3ticos. Isso significa que voc\u00ea sempre sentir\u00e1 os mesmos benef\u00edcios potentes ao tom\u00e1-la, independentemente do que mais estiver em seu sistema. Para pessoas que procuram uma onda poderosa sem os efeitos colaterais adversos ou riscos associados a outros opioides, como fentanil ou subst\u00e2ncias \u00e0 base de morfina, a hero\u00edna branca chinesa \u00e9 uma op\u00e7\u00e3o fant\u00e1stica. N\u00e3o espere mais; a hero\u00edna branca chinesa est\u00e1 dispon\u00edvel na Dr. Lawsons Pharmacy e \u00e9 f\u00e1cil de encontrar.      <\/p>\n<h3>Efeitos colaterais da hero\u00edna branca da China<\/h3>\n<p> Antes de consumir hero\u00edna branca chinesa, deve-se estar ciente dos riscos envolvidos, pois a droga pode causar efeitos negativos s\u00e9rios. N\u00e1useas, tonturas, dores de cabe\u00e7a, desorienta\u00e7\u00e3o, irritabilidade e ansiedade s\u00e3o efeitos colaterais comuns. A hero\u00edna branca chinesa pode ser altamente viciante e causar outros efeitos negativos se consumida excessivamente e por um longo per\u00edodo de tempo.   <\/p>\n<h3>Onde comprar hero\u00edna branca da China online?<\/h3>\n<p> A droga China White Heroin \u00e9 poderosa e perigosa. Tanto sensa\u00e7\u00f5es euf\u00f3ricas quanto in\u00fameros riscos potenciais \u00e0 sa\u00fade podem resultar dela. Dependendo do fornecedor e de seus recursos, essa droga pode ser fabricada usando t\u00e9cnicas simples ou avan\u00e7adas. \u00c9 importante entender os perigos do uso dessa subst\u00e2ncia e compr\u00e1-la somente de fornecedores confi\u00e1veis \u200b\u200bcomo a Dr. Lawsons Pharmacy. Seguimos as precau\u00e7\u00f5es de seguran\u00e7a e a entregamos em sua casa em pouco tempo.     &nbsp;<\/p>\n","protected":false},"excerpt":{"rendered":"<p>Compre hero\u00edna branca chinesa online Na Am\u00e9rica e em outros pa\u00edses, a pandemia de opioides est\u00e1 causando estragos. Em resposta, muitas pessoas est\u00e3o procurando alternativas para lidar com traficantes de rua obscuros para obter hero\u00edna forte e pura. Felizmente, a hero\u00edna branca da China \u00e9 um substituto fant\u00e1stico que est\u00e1 prontamente dispon\u00edvel. Ent\u00e3o, se voc\u00ea [&hellip;]<\/p>\n","protected":false},"featured_media":17966,"comment_status":"closed","ping_status":"closed","template":"","meta":{"om_disable_all_campaigns":false,"_sitemap_exclude":false,"_sitemap_priority":"","_sitemap_frequency":"","_monsterinsights_skip_tracking":false,"_monsterinsights_sitenote_active":false,"_monsterinsights_sitenote_note":"","_monsterinsights_sitenote_category":0},"product_cat":[38811],"product_tag":[39538,39539,39545,39559,39555,39542,39547,39541,39556,39558,39550,39557,39552,39548,39546,39554,39551,39553,39549,39540,39544,39543],"class_list":{"0":"post-35717","1":"product","2":"type-product","3":"status-publish","4":"has-post-thumbnail","6":"product_cat-heroina-pt-br","7":"product_tag-compre-heroina-branca-chinesa","8":"product_tag-compre-heroina-branca-chinesa-online","9":"product_tag-compre-heroina-branca-chinesa-online-na-europa","10":"product_tag-critica-da-chinese-white-heroin-europe","11":"product_tag-desconto-em-heroina-branca-chinesa-na-europa","12":"product_tag-efeitos-da-heroina-branca-chinesa","13":"product_tag-encomendar-heroina-branca-chinesa-ue","14":"product_tag-encomende-heroina-branca-chinesa-online","15":"product_tag-entrega-de-heroina-branca-chinesa-na-europa","16":"product_tag-fornecedores-de-heroina-branca-chinesa-na-europa","17":"product_tag-heroina-branca-chinesa-a-venda-na-europa","18":"product_tag-heroina-branca-chinesa-autentica-europa","19":"product_tag-heroina-branca-chinesa-barata-europa","20":"product_tag-heroina-branca-chinesa-frete-gratis-europa","21":"product_tag-heroina-branca-chinesa-melhor-preco-europa","22":"product_tag-loja-de-heroina-branca-chinesa-na-europa","23":"product_tag-loja-online-de-heroina-branca-chinesa-europa","24":"product_tag-ofertas-de-heroina-branca-chinesa-na-europa","25":"product_tag-onde-comprar-heroina-branca-chinesa-na-europa","26":"product_tag-onde-comprar-heroina-branca-chinesa-online","27":"product_tag-quanto-custa-a-heroina-branca-chinesa","28":"product_tag-vendas-de-heroina-branca-chinesa-online","30":"first","31":"instock","32":"shipping-taxable","33":"purchasable","34":"product-type-variable","35":"farmacie-col"},"aioseo_notices":[],"_links":{"self":[{"href":"https:\/\/lacasadelamedicina.es\/pt-br\/wp-json\/wp\/v2\/product\/35717"}],"collection":[{"href":"https:\/\/lacasadelamedicina.es\/pt-br\/wp-json\/wp\/v2\/product"}],"about":[{"href":"https:\/\/lacasadelamedicina.es\/pt-br\/wp-json\/wp\/v2\/types\/product"}],"replies":[{"embeddable":true,"href":"https:\/\/lacasadelamedicina.es\/pt-br\/wp-json\/wp\/v2\/comments?post=35717"}],"wp:featuredmedia":[{"embeddable":true,"href":"https:\/\/lacasadelamedicina.es\/pt-br\/wp-json\/wp\/v2\/media\/17966"}],"wp:attachment":[{"href":"https:\/\/lacasadelamedicina.es\/pt-br\/wp-json\/wp\/v2\/media?parent=35717"}],"wp:term":[{"taxonomy":"product_cat","embeddable":true,"href":"https:\/\/lacasadelamedicina.es\/pt-br\/wp-json\/wp\/v2\/product_cat?post=35717"},{"taxonomy":"product_tag","embeddable":true,"href":"https:\/\/lacasadelamedicina.es\/pt-br\/wp-json\/wp\/v2\/product_tag?post=35717"}],"curies":[{"name":"wp","href":"https:\/\/api.w.org\/{rel}","templated":true}]}}