{"id":35708,"date":"2024-08-09T14:01:49","date_gmt":"2024-08-09T14:01:49","guid":{"rendered":"https:\/\/lacasadelamedicina.es\/product\/compre-dmt-de-dimetiltriptamina-pura-online\/"},"modified":"2024-08-09T14:01:49","modified_gmt":"2024-08-09T14:01:49","slug":"compre-dmt-de-dimetiltriptamina-pura-online","status":"publish","type":"product","link":"https:\/\/lacasadelamedicina.es\/pt-br\/produto\/compre-dmt-de-dimetiltriptamina-pura-online\/","title":{"rendered":"Compre DMT de dimetiltriptamina pura online"},"content":{"rendered":"<h2>Compre DMT de dimetiltriptamina pura online<\/h2>\n<p> Compre Dimetiltriptamina DMT Pura Online &#8211; Compre Dimetiltriptamina Pura. O ingrediente ativo DMT, usado para fazer a droga alucin\u00f3gena cohoba, \u00e9 extra\u00eddo das sementes e folhas de Piptadenia peregrina (Mimosaceae). Tamb\u00e9m pode ser feito de plantas nativas da Am\u00e9rica do Sul. \u00c9 supostamente encontrado na leguminosa tropical Mucuna Pruriens. &#8211; Compre Dimetiltriptamina DMT Pura Online &#8211; <a href=\"https:\/\/drlawsonspharmacy\/contact-us\/\">CONTATO<\/a> A dimetiltriptamina, extra\u00edda das sementes e folhas de Piptadenia peregrina (Mimosaceae), \u00e9 o produto qu\u00edmico que causa o enfisema cohoba. Tamb\u00e9m pode ser extra\u00eddo de outras plantas nativas da Am\u00e9rica do Sul. A leguminosa tropical Mucuna Pruriens foi declarada como contendo-o.       <\/p>\n<h3>Compre Dimetiltriptamina DMT Pura<\/h3>\n<p> O ingrediente ativo usado para fazer a droga alucin\u00f3gena cohoba \u00e9 o DMT, que \u00e9 extra\u00eddo das sementes e folhas de Piptadenia peregrine (Mimosaceae). Ele tamb\u00e9m pode ser feito de plantas nativas da Am\u00e9rica do Sul. Dizem que \u00e9 encontrado na leguminosa tropical Mucuna Pruriens. Dimetiltriptamina, o ingrediente ativo em Emphysema cohoba, \u00e9 extra\u00eddo das sementes e folhas de Piptadenia peregrine (Mimosaceae). Voc\u00ea tamb\u00e9m pode obt\u00ea-lo de outras plantas sul-americanas. Ele foi identificado na leguminosa tropical Mucuna Pruriens.      <\/p>\n<h3><strong> <\/strong><\/h3>\n<p> H\u00e1 v\u00e1rias outras plantas sul-americanas que supostamente cont\u00eam DMT ou subst\u00e2ncias relacionadas. Uma dessas plantas \u00e9 o feij\u00e3o tropical Mucuna pruriens, que oferece in\u00fameros benef\u00edcios terap\u00eauticos. Embora se suspeite que Mucuna pruriens possa conter DMT, \u00e9 importante lembrar que mais pesquisas s\u00e3o necess\u00e1rias para determinar a presen\u00e7a e a concentra\u00e7\u00e3o dessa mol\u00e9cula na planta.   &nbsp;<\/p>\n","protected":false},"excerpt":{"rendered":"<p>DMT, uma droga alucin\u00f3gena poderosa e um tipo de alcaloide triptamina, pode ser comprado online. \u00c9 uma subst\u00e2ncia natural encontrada em uma variedade de plantas e animais, bem como em quantidades vestigiais no c\u00e9rebro humano. No entanto, seu papel exato \u00e9 desconhecido. DMT \u00e9 conhecido por seu poder. No entanto, quando fumado, a viagem psicod\u00e9lica que ele induz dura apenas de 5 a 30 minutos. Extra\u00e7\u00e3o de DMT Compre drogas de dimetiltriptamina pura online. \u00c9 uma mol\u00e9cula de triptamina encontrada em muitas plantas e animais. Tamb\u00e9m pode ser ingerido como uma droga psicod\u00e9lica poderosa. DM para venda         &nbsp;<\/p>\n","protected":false},"featured_media":18431,"comment_status":"closed","ping_status":"closed","template":"","meta":{"om_disable_all_campaigns":false,"_sitemap_exclude":false,"_sitemap_priority":"","_sitemap_frequency":"","_monsterinsights_skip_tracking":false,"_monsterinsights_sitenote_active":false,"_monsterinsights_sitenote_note":"","_monsterinsights_sitenote_category":0},"product_cat":[35703],"product_tag":[39537,39516,39517,39523,39533,39534,39526,39524,39535,39530,39520,39525,39519,39536,39532,39529,39531,39527,39518,39522,39528,39521],"class_list":{"0":"post-35708","1":"product","2":"type-product","3":"status-publish","4":"has-post-thumbnail","6":"product_cat-pesquisa-de-produtos-quimicos-e-psicodelicos","7":"product_tag-avaliacao-do-pure-dimethyl-tryptamine-dmt-europe","8":"product_tag-compre-dmt-de-dimetiltriptamina-pura","9":"product_tag-compre-dmt-de-dimetiltriptamina-pura-online","10":"product_tag-compre-dmt-de-dimetiltriptamina-pura-online-na-europa","11":"product_tag-dimetil-triptamina-pura-dmt-desconto-na-europa","12":"product_tag-dimetil-triptamina-pura-dmt-entrega-na-europa","13":"product_tag-dimetil-triptamina-pura-dmt-frete-gratis-europa","14":"product_tag-dimetil-triptamina-pura-dmt-melhor-preco-europa","15":"product_tag-dimetiltriptamina-dmt-europa-pura-e-autentica","16":"product_tag-dimetiltriptamina-dmt-pura-barata-europa","17":"product_tag-efeitos-da-dimetiltriptamina-dmt-pura","18":"product_tag-encomende-dmt-de-dimetiltriptamina-pura-eu","19":"product_tag-encomende-dmt-de-dimetiltriptamina-pura-online","20":"product_tag-fornecedores-de-dmt-europa-de-dimetiltriptamina-pura","21":"product_tag-loja-de-dmt-europa-de-dimetiltriptamina-pura","22":"product_tag-loja-online-dmt-de-dimetiltriptamina-pura-europa","23":"product_tag-ofertas-de-dmt-europa-de-dimetiltriptamina-pura-pt-br","24":"product_tag-onde-comprar-dimetiltriptamina-dmt-pura-europa","25":"product_tag-onde-comprar-dimetiltriptamina-dmt-pura-online","26":"product_tag-quanto-custa-dmt-de-dimetiltriptamina-pura","27":"product_tag-venda-de-dimetiltriptamina-pura-dmt-europa","28":"product_tag-vendas-online-de-dmt-de-dimetiltriptamina-pura","30":"first","31":"instock","32":"shipping-taxable","33":"purchasable","34":"product-type-variable","35":"farmacie-col"},"aioseo_notices":[],"_links":{"self":[{"href":"https:\/\/lacasadelamedicina.es\/pt-br\/wp-json\/wp\/v2\/product\/35708"}],"collection":[{"href":"https:\/\/lacasadelamedicina.es\/pt-br\/wp-json\/wp\/v2\/product"}],"about":[{"href":"https:\/\/lacasadelamedicina.es\/pt-br\/wp-json\/wp\/v2\/types\/product"}],"replies":[{"embeddable":true,"href":"https:\/\/lacasadelamedicina.es\/pt-br\/wp-json\/wp\/v2\/comments?post=35708"}],"wp:featuredmedia":[{"embeddable":true,"href":"https:\/\/lacasadelamedicina.es\/pt-br\/wp-json\/wp\/v2\/media\/18431"}],"wp:attachment":[{"href":"https:\/\/lacasadelamedicina.es\/pt-br\/wp-json\/wp\/v2\/media?parent=35708"}],"wp:term":[{"taxonomy":"product_cat","embeddable":true,"href":"https:\/\/lacasadelamedicina.es\/pt-br\/wp-json\/wp\/v2\/product_cat?post=35708"},{"taxonomy":"product_tag","embeddable":true,"href":"https:\/\/lacasadelamedicina.es\/pt-br\/wp-json\/wp\/v2\/product_tag?post=35708"}],"curies":[{"name":"wp","href":"https:\/\/api.w.org\/{rel}","templated":true}]}}