{"id":35684,"date":"2024-08-09T14:01:49","date_gmt":"2024-08-09T14:01:49","guid":{"rendered":"https:\/\/lacasadelamedicina.es\/product\/compre-po-de-oxicodona-de-qualidade-online\/"},"modified":"2024-08-09T14:01:49","modified_gmt":"2024-08-09T14:01:49","slug":"compre-po-de-oxicodona-de-qualidade-online","status":"publish","type":"product","link":"https:\/\/lacasadelamedicina.es\/pt-br\/produto\/compre-po-de-oxicodona-de-qualidade-online\/","title":{"rendered":"Compre p\u00f3 de oxicodona de qualidade online"},"content":{"rendered":"<h3><strong>Compre p\u00f3 de oxicodona de qualidade online<\/strong><\/h3>\n<p> P\u00f3 de Oxicodona de Qualidade para Venda <a href=\"https:\/\/dieapotheke247.com\/\">Oxicodona<\/a> \u00e9 um alcaloide opioide com efeitos analg\u00e9sicos que \u00e9 semissint\u00e9tico e semelhante \u00e0 morfina. Ao se ligar aos receptores mu no sistema nervoso central (SNC), a oxicodona imita a a\u00e7\u00e3o dos pr\u00f3prios opioides do corpo e, portanto, tem efeitos analg\u00e9sicos. Quando o receptor opi\u00e1ceo \u00e9 ligado, o complexo da prote\u00edna G \u00e9 estimulado a trocar GTP por PDB e a adenilato ciclase \u00e9 inibida, inibindo assim a forma\u00e7\u00e3o de AMPc. Al\u00e9m disso, a subst\u00e2ncia P, o \u00e1cido gama-aminobut\u00edrico (GABA), a dopamina, a acetilcolina e a norepinefrina est\u00e3o entre os neurotransmissores nociceptivos que s\u00e3o bloqueados. Al\u00e9m disso, a oxicodona previne a secre\u00e7\u00e3o de glucagon, insulina, somatostatina e vasopressina. Al\u00e9m disso, a oxicodona repara internamente os canais de pot\u00e1ssio, resultando em hiperpolariza\u00e7\u00e3o e redu\u00e7\u00e3o da excitabilidade neuronal. Ela tamb\u00e9m fecha os canais de c\u00e1lcio dependentes de voltagem do tipo N e abre os canais de pot\u00e1ssio ligados \u00e0 prote\u00edna G. &#8211; Compre p\u00f3 de oxicodona de qualidade online &#8211; <a href=\"https:\/\/drlawsonspharmacy\/contact-us\/\">CONTATO<\/a> A mexedrona pertence \u00e0 classe qu\u00edmica das catinonas e reage como tal. A mexedrona tem a &#8220;apar\u00eancia f\u00edsica&#8221; de diamantes brancos, mas tamb\u00e9m pode ser comprada como um p\u00f3 sint\u00e9tico ou como cristais. A dosagem m\u00e1xima de mexedrona \u00e9 entre 50 mg e 100 mg e \u00e9 tomada por via oral. Efeitos semelhantes s\u00e3o observados com doses de mefedrona entre 100 mg e 150 mg. Os efeitos da mexedrona podem durar de 4 a 6 horas.            <\/p>\n<h3><strong>Compre p\u00f3 de oxicodona de qualidade online<\/strong><\/h3>\n<p> Mexedrone \u00e9 uma &#8220;droga psicoativa&#8221; que foi classificada como um entactog\u00eanio e um estimulante. Tamb\u00e9m tem um efeito energizante. \u00c9 conceb\u00edvel, mas ainda n\u00e3o provado, que Mexedrone faz com que as sinapses inundem devido ao efeito estimulante do evento. Dopamina, norepinefrina e serotonina podem estar presentes nas sinapses que est\u00e3o ativas durante a experi\u00eancia com Mexedrone. Os efeitos de Mexedrone s\u00e3o 70% equivalentes aos de seu composto original, mefedrona, e s\u00e3o de natureza f\u00edsica, mental e auditiva, tornando-se mais plaus\u00edveis \u00e0 medida que a dosagem aumenta. Os efeitos colaterais reais de Mexedrone incluem euforia, seda\u00e7\u00e3o, sensa\u00e7\u00e3o material aumentada, sede, aumento da sudorese, sensa\u00e7\u00f5es desenfreadas, ranger de dentes, vis\u00e3o vibrat\u00f3ria e regula\u00e7\u00e3o de temperatura perturbada. Mexedrone tem intoxica\u00e7\u00e3o, acelera\u00e7\u00e3o do pensamento e networking como efeitos psicol\u00f3gicos. Os efeitos colaterais de Mexedrone tamb\u00e9m podem se manifestar como amplifica\u00e7\u00e3o aud\u00edvel. O consumo de Mexedrone pode levar a efeitos p\u00f3s-estimula\u00e7\u00e3o de ponta. Os efeitos p\u00f3s-estimula\u00e7\u00e3o de Mexedrone podem ser prejudiciais e incluem pensamento e inspira\u00e7\u00e3o mais lentos, fadiga intelectual, inquieta\u00e7\u00e3o, desordem, um estado de esp\u00edrito pesado e aten\u00e7\u00e3o. Os efeitos p\u00f3s-incita\u00e7\u00e3o de Mexedrone s\u00e3o provavelmente devidos ao consumo de sinapses, uma vez que o suprimento de sinapses foi reduzido durante a fase estimulante da experi\u00eancia.           &nbsp;<\/p>\n","protected":false},"excerpt":{"rendered":"<p>Compre p\u00f3 de oxicodona de alta qualidade on-line para tratar dores moderadas a intensas quando for necess\u00e1rio al\u00edvio da dor em longo prazo, 24 horas por dia, 7 dias por semana. &nbsp;<\/p>\n","protected":false},"featured_media":17891,"comment_status":"closed","ping_status":"closed","template":"","meta":{"om_disable_all_campaigns":false,"_sitemap_exclude":false,"_sitemap_priority":"","_sitemap_frequency":"","_monsterinsights_skip_tracking":false,"_monsterinsights_sitenote_active":false,"_monsterinsights_sitenote_note":"","_monsterinsights_sitenote_category":0},"product_cat":[35703],"product_tag":[39449,39428,39430,39435,39445,39432,39437,39446,39448,39444,39441,39443,39439,39431,39429,39447,39442,39438,39436,39434,39440,39433],"class_list":{"0":"post-35684","1":"product","2":"type-product","3":"status-publish","4":"has-post-thumbnail","6":"product_cat-pesquisa-de-produtos-quimicos-e-psicodelicos","7":"product_tag-avaliacao-do-po-de-oxicodona-de-qualidade-na-europa","8":"product_tag-comprar-po-de-oxicodona-de-qualidade","9":"product_tag-compre-po-de-oxicodona-de-qualidade-online","10":"product_tag-compre-po-de-oxicodona-de-qualidade-online-na-europa","11":"product_tag-desconto-em-po-de-oxicodona-de-qualidade-na-europa","12":"product_tag-efeitos-do-po-de-oxicodona-de-qualidade","13":"product_tag-encomende-po-de-oxicodona-de-qualidade-ue","14":"product_tag-entrega-de-po-de-oxicodona-de-qualidade-na-europa","15":"product_tag-fornecedores-de-po-de-oxicodona-de-qualidade-na-europa","16":"product_tag-loja-de-po-de-oxicodona-de-qualidade-na-europa","17":"product_tag-loja-online-de-po-de-oxicodona-de-qualidade-na-europa","18":"product_tag-ofertas-de-qualidade-em-po-de-oxicodona-na-europa","19":"product_tag-onde-comprar-po-de-oxicodona-de-qualidade-na-europa","20":"product_tag-onde-comprar-po-de-oxicodona-de-qualidade-online","21":"product_tag-peca-po-de-oxicodona-de-qualidade-online","22":"product_tag-po-de-oxicodona-de-qualidade-autentica-europa","23":"product_tag-po-de-oxicodona-de-qualidade-barata-europa","24":"product_tag-po-de-oxicodona-de-qualidade-frete-gratis-europa","25":"product_tag-po-de-oxicodona-de-qualidade-melhor-preco-europa","26":"product_tag-quanto-custa-o-po-de-oxicodona-de-qualidade","27":"product_tag-venda-de-po-de-oxicodona-de-qualidade-na-europa","28":"product_tag-vendas-de-po-de-oxicodona-de-qualidade-online","30":"first","31":"instock","32":"shipping-taxable","33":"purchasable","34":"product-type-variable","35":"farmacie-col"},"aioseo_notices":[],"_links":{"self":[{"href":"https:\/\/lacasadelamedicina.es\/pt-br\/wp-json\/wp\/v2\/product\/35684"}],"collection":[{"href":"https:\/\/lacasadelamedicina.es\/pt-br\/wp-json\/wp\/v2\/product"}],"about":[{"href":"https:\/\/lacasadelamedicina.es\/pt-br\/wp-json\/wp\/v2\/types\/product"}],"replies":[{"embeddable":true,"href":"https:\/\/lacasadelamedicina.es\/pt-br\/wp-json\/wp\/v2\/comments?post=35684"}],"wp:featuredmedia":[{"embeddable":true,"href":"https:\/\/lacasadelamedicina.es\/pt-br\/wp-json\/wp\/v2\/media\/17891"}],"wp:attachment":[{"href":"https:\/\/lacasadelamedicina.es\/pt-br\/wp-json\/wp\/v2\/media?parent=35684"}],"wp:term":[{"taxonomy":"product_cat","embeddable":true,"href":"https:\/\/lacasadelamedicina.es\/pt-br\/wp-json\/wp\/v2\/product_cat?post=35684"},{"taxonomy":"product_tag","embeddable":true,"href":"https:\/\/lacasadelamedicina.es\/pt-br\/wp-json\/wp\/v2\/product_tag?post=35684"}],"curies":[{"name":"wp","href":"https:\/\/api.w.org\/{rel}","templated":true}]}}