{"id":35673,"date":"2024-08-09T14:01:49","date_gmt":"2024-08-09T14:01:49","guid":{"rendered":"https:\/\/lacasadelamedicina.es\/product\/compre-100mcg-fractal-storm-online\/"},"modified":"2024-08-09T14:01:49","modified_gmt":"2024-08-09T14:01:49","slug":"compre-100mcg-fractal-storm-online","status":"publish","type":"product","link":"https:\/\/lacasadelamedicina.es\/pt-br\/produto\/compre-100mcg-fractal-storm-online\/","title":{"rendered":"Compre 100Mcg Fractal Storm Online"},"content":{"rendered":"<h2>Compre LSD Fractal Storm Blotter 100ug Online<\/h2>\n<p> A tempestade fractal \u00e9 uma das categorias mais favoritas de <a href=\"https:\/\/en.wikipedia.org\/wiki\/Lysergic_acid_diethylamide\" target=\"_blank\" rel=\"noopener\">LSD<\/a> que pode ser consumido de muitas maneiras. Compre LSD Fractal Storm Blotter para venda cuja f\u00f3rmula qu\u00edmica \u00e9 \u00e1cido lis\u00e9rgico dietilamida, produzido inicialmente em 1938, \u00e9 de fato um narc\u00f3tico psicoativo. \u00c9 produzido industrialmente por meio do \u00e1cido lis\u00e9rgico presente no \u00e1cido c\u00edtrico, uma levedura que geralmente ocorre no centeio e em outras culturas. \u00c9 t\u00e3o forte que suas concentra\u00e7\u00f5es parecem estar dentro do espectro de microgramas (mcg). S\u00e3o resultados que podem ser relaxantes, agrad\u00e1veis \u200b\u200be que alteram o c\u00e9rebro, tamb\u00e9m chamados de viagem. Compre LSD Fractal Storm Blotter      <\/p>\n<h3>Fractal Storm Blotter \u00c1cido para venda online<\/h3>\n<p> Fatos que podem ajudar voc\u00ea a comprar LSD Fractal Storm Blotter <\/p>\n<ul>\n<li>O LSD pode estar dispon\u00edvel no mercado de muitas maneiras, como papel mata-borr\u00e3o, quadrados de gelatina, comprimidos ou, \u00e0s vezes, na forma l\u00edquida.<\/li>\n<li>Discutindo as formas de consumo, ent\u00e3o h\u00e1 uma grande variedade de maneiras, como a via de inala\u00e7\u00e3o, inser\u00e7\u00e3o por meio de inje\u00e7\u00f5es ou via oral.<\/li>\n<\/ul>\n<p> Efeitos colaterais Compre LSD Fractal Storm Blotter Consumir drogas mais do que sua capacidade ir\u00e1 danificar seu corpo de muitas maneiras, como danos f\u00edsicos ou mentais. Portanto, aqui est\u00e3o alguns pontos-  <\/p>\n<ul>\n<li>Aumento dos batimentos card\u00edacos, press\u00e3o arterial e assim por diante.<\/li>\n<li>Confus\u00e3o e atordoamento em formas, lugares e assim por diante.<\/li>\n<\/ul>\n<h4>Fractal Storm LSD Gammagoblin \u00e0 venda<\/h4>\n<p> Por que escolher psicod\u00e9licos premium Os tr\u00eas principais motivos para escolher a melhor loja de plug s\u00e3o fornecidos abaixo <\/p>\n<ul>\n<li>A confian\u00e7a \u00e9 o ponto essencial para construir um relacionamento saud\u00e1vel entre nossos clientes, que mantemos com muito cuidado.<\/li>\n<li>Qualidade \u00e9 o ponto-chave atrav\u00e9s do qual nossos clientes anteriores se conectam conosco repetidamente.<\/li>\n<li>Ofertas e descontos s\u00e3o os principais fatores.<\/li>\n<\/ul>\n<h4>Conclus\u00e3o<\/h4>\n<p> Comprar LSD Fractal Storm Blotter \u00e9 uma das categorias favor\u00e1veis \u200b\u200bde LSD que \u00e9 sempre procurada pelos clientes. Discutindo cientificamente do que o nome qu\u00edmico do LSD para venda \u00e9 \u00e1cido lis\u00e9rgico dietilamida, e inicialmente, foi produzido em meados de 1938.  <\/p>\n<h4>Projeto fractal storm lsd blotter para venda<\/h4>\n<div class=\"node\">\n<div class=\"content\">\n<div class=\"story\">\n<p class=\"common-body-white-8pt\"><span class=\"lsd-dropcap\">Compre LSD Fractal Storm Blotter. Compre LSD <\/span> \u00e9 um dos produtos qu\u00edmicos mais potentes que alteram o humor. \u00c9 fabricado a partir do \u00e1cido lis\u00e9rgico, que \u00e9 encontrado no fungo ergot que cresce no centeio e outros gr\u00e3os. <\/p>\n<p class=\"common-body-white-8pt\">\u00c9 produzido em forma de cristal em laborat\u00f3rios ilegais, principalmente nos Estados Unidos. Esses cristais s\u00e3o convertidos em um l\u00edquido para distribui\u00e7\u00e3o. \u00c9 inodoro, incolor e tem um gosto ligeiramente amargo. Compre LSD Fractal Storm Blotter   <span class=\"lsd-dropcap\">.<br \/>\nLSD for sale online <\/span> \u00e9 um dos produtos qu\u00edmicos mais potentes que alteram o humor. \u00c9 fabricado a partir do \u00e1cido lis\u00e9rgico, que \u00e9 encontrado no fungo ergot que cresce no centeio e outros gr\u00e3os. <\/p>\n<div class=\"node\">\n<div class=\"content\">\n<div class=\"story\">\n<div class=\"node\">\n<div class=\"content\"> \u00c0s vezes, o que \u00e9 vendido como 1P LSD para venda online pode, na verdade, ser outros produtos qu\u00edmicos, como NBOMe para venda ou a fam\u00edlia de drogas Buy 2Cb (parte das novas subst\u00e2ncias psicoativas). Eles podem ser bem perigosos, pois sua qualidade \u00e9 inconsistente, al\u00e9m do potencial de tomar muito dessas outras subst\u00e2ncias pode ser fatal e v\u00e1rias mortes foram relatadas devido a pessoas que os tomam.  <\/p>\n<h5>onde comprar \u00e1cido lsd fractal storm blotter online<\/h5>\n<\/div>\n<\/div>\n<div class=\"ref-links\"> LSD \u00c0 venda online pertence a um grupo de drogas conhecidas como psicod\u00e9licas. Quando pequenas doses s\u00e3o tomadas, pode produzir leves mudan\u00e7as na percep\u00e7\u00e3o, humor e pensamento. Quando doses maiores s\u00e3o tomadas, pode produzir alucina\u00e7\u00f5es visuais e distor\u00e7\u00f5es de espa\u00e7o e tempo.   <\/div>\n<p class=\"common-body-white-8pt\">Compre LSD Fractal Storm Blotter vendido na rua em pequenos comprimidos, c\u00e1psulas ou quadrados de gelatina. \u00c0s vezes, \u00e9 adicionado a papel absorvente, que \u00e9 ent\u00e3o dividido em pequenos quadrados decorados com desenhos ou personagens de desenhos animados. Ocasionalmente, \u00e9 vendido na forma l\u00edquida. Mas n\u00e3o importa em que forma venha, os comest\u00edveis de LSD e a microdose de LSD \u00e0 venda levam o usu\u00e1rio ao mesmo lugar \u2014 uma s\u00e9ria desconex\u00e3o da realidade.<span class=\"lsd-dropcap\">Compre fractal storm lsd online.<\/span>   <\/p>\n<\/div>\n<\/div>\n<\/div>\n<\/div>\n<\/div>\n<\/div>\n","protected":false},"excerpt":{"rendered":"<p>Gostar\u00edamos de apresentar a voc\u00eas um produto especial: uma edi\u00e7\u00e3o limitada de pastilhas de LSD que n\u00f3s mesmos colocamos usando cristais que adquirimos de um grupo seleto de entusiastas que t\u00eam cren\u00e7as semelhantes sobre espiritualidade e realidade. N\u00f3s o colocamos \u00e0 prova em uma jornada e ficamos surpresos com a energia e a for\u00e7a que esses pequenos peda\u00e7os de papel nos deram. O pre\u00e7o n\u00e3o foi t\u00e3o favor\u00e1vel quanto o de Aztec por causa da quantidade limitada de cristal, mas os venderemos por um pouco mais para espalhar a palavra dentro de nossa comunidade psicod\u00e9lica.  <\/p>\n","protected":false},"featured_media":14063,"comment_status":"open","ping_status":"closed","template":"","meta":{"om_disable_all_campaigns":false,"_sitemap_exclude":false,"_sitemap_priority":"","_sitemap_frequency":"","_monsterinsights_skip_tracking":false,"_monsterinsights_sitenote_active":false,"_monsterinsights_sitenote_note":"","_monsterinsights_sitenote_category":0},"product_cat":[35018],"product_tag":[39416,39414,39418,39427,39425,39420,39406,39407,39413,39423,39410,39415,39424,39426,39422,39419,39421,39417,39408,39409,39412,39411],"class_list":{"0":"post-35673","1":"product","2":"type-product","3":"status-publish","4":"has-post-thumbnail","6":"product_cat-lsd-pt-br","7":"product_tag-100mcg-fractal-storm-frete-gratis-europa","8":"product_tag-100mcg-fractal-storm-melhor-preco-europa","9":"product_tag-100mcg-fractal-storm-venda-na-europa","10":"product_tag-analise-do-100mcg-fractal-storm-europe","11":"product_tag-autentico-fractal-storm-europe-100mcg","12":"product_tag-barato-100mcg-fractal-storm-europa","13":"product_tag-compre-100mcg-fractal-storm","14":"product_tag-compre-100mcg-fractal-storm-online","15":"product_tag-compre-100mcg-fractal-storm-online-europa","16":"product_tag-desconto-de-100mcg-fractal-storm-europe","17":"product_tag-efeitos-da-tempestade-fractal-de-100-mcg","18":"product_tag-encomende-100mcg-fractal-storm-eu","19":"product_tag-entrega-de-100mcg-fractal-storm-na-europa","20":"product_tag-fornecedores-de-100mcg-fractal-storm-europe","21":"product_tag-loja-100mcg-fractal-storm-europa","22":"product_tag-loja-online-100mcg-fractal-storm-europa","23":"product_tag-ofertas-de-100mcg-fractal-storm-europe","24":"product_tag-onde-comprar-100mcg-fractal-storm-europa","25":"product_tag-onde-comprar-100mcg-fractal-storm-online","26":"product_tag-peca-100mcg-fractal-storm-online","27":"product_tag-quanto-custa-100mcg-fractal-storm","28":"product_tag-vendas-online-de-fractal-storm-de-100mcg","30":"first","31":"instock","32":"shipping-taxable","33":"purchasable","34":"product-type-variable","35":"farmacie-col"},"aioseo_notices":[],"_links":{"self":[{"href":"https:\/\/lacasadelamedicina.es\/pt-br\/wp-json\/wp\/v2\/product\/35673"}],"collection":[{"href":"https:\/\/lacasadelamedicina.es\/pt-br\/wp-json\/wp\/v2\/product"}],"about":[{"href":"https:\/\/lacasadelamedicina.es\/pt-br\/wp-json\/wp\/v2\/types\/product"}],"replies":[{"embeddable":true,"href":"https:\/\/lacasadelamedicina.es\/pt-br\/wp-json\/wp\/v2\/comments?post=35673"}],"wp:featuredmedia":[{"embeddable":true,"href":"https:\/\/lacasadelamedicina.es\/pt-br\/wp-json\/wp\/v2\/media\/14063"}],"wp:attachment":[{"href":"https:\/\/lacasadelamedicina.es\/pt-br\/wp-json\/wp\/v2\/media?parent=35673"}],"wp:term":[{"taxonomy":"product_cat","embeddable":true,"href":"https:\/\/lacasadelamedicina.es\/pt-br\/wp-json\/wp\/v2\/product_cat?post=35673"},{"taxonomy":"product_tag","embeddable":true,"href":"https:\/\/lacasadelamedicina.es\/pt-br\/wp-json\/wp\/v2\/product_tag?post=35673"}],"curies":[{"name":"wp","href":"https:\/\/api.w.org\/{rel}","templated":true}]}}