{"id":35662,"date":"2024-08-09T14:01:50","date_gmt":"2024-08-09T14:01:50","guid":{"rendered":"https:\/\/lacasadelamedicina.es\/product\/po-de-metho-metadona-hcl-comprar-online\/"},"modified":"2024-08-09T14:01:50","modified_gmt":"2024-08-09T14:01:50","slug":"po-de-metho-metadona-hcl-comprar-online","status":"publish","type":"product","link":"https:\/\/lacasadelamedicina.es\/pt-br\/produto\/po-de-metho-metadona-hcl-comprar-online\/","title":{"rendered":"P\u00f3 de Metho Metadona HCL comprar online"},"content":{"rendered":"<h1>Compre Metho Metadona HCL em p\u00f3 online<\/h1>\n<p> Compre p\u00f3 de Metho Methadone HCL 99,8% puro no atacado a pre\u00e7os de atacado. Compre Metho Methadone HCL em p\u00f3. Dor moderada a grave \u00e9 tratada com Metho (Meth<a href=\"https:\/\/dieapotheke247.com\/\">o<\/a>n HCL). Compre Metho Methadone HCL Powder Online &#8211; <a href=\"https:\/\/drlawsonspharmacy\/contact-us\/\">contato<\/a> Tamb\u00e9m \u00e9 usado para tratar depend\u00eancia de drogas ou para controlar sintomas de abstin\u00eancia em pessoas que recebem tratamento para depend\u00eancia de drogas, juntamente com monitoramento e suporte m\u00e9dico. Este medicamento \u00e9 um analg\u00e9sico narc\u00f3tico.     <strong>Como os pacotes s\u00e3o entregues?<\/strong> Para garantir que a remessa passe com sucesso pela instala\u00e7\u00e3o de raios X do aeroporto, n\u00f3s a carregamos cuidadosamente com tungst\u00eanio e papel carbono. O exterior dos pacotes \u00e9 cuidadosamente embrulhado em papel de embrulho. Formas de sal ou p\u00f3 de metanfetamina (Methadone HCL) s\u00e3o usadas para tratar dores moderadas a severas. Esta subst\u00e2ncia \u00e9 \u00f3tima para monitoramento por profissionais m\u00e9dicos e aconselhamento no tratamento de depend\u00eancia de drogas. ajuda as pessoas a controlar seus sintomas de abstin\u00eancia. O p\u00f3 de metanfetamina HCL \u00e9 o \u00fanico tratamento eficaz para depend\u00eancia de opioides ou controle da dor. Os profissionais m\u00e9dicos h\u00e1 muito confiam na mistura potente e eficaz desta droga inovadora. O p\u00f3 de metanfetamina HCL \u00e9 sua chave para uma melhor qualidade de vida devido \u00e0 sua alta qualidade e resultados bem documentados. O p\u00f3 de metanfetamina HCL \u00e9 um medicamento de grau farmac\u00eautico que \u00e9 cuidadosamente fabricado usando m\u00e9todos de \u00faltima gera\u00e7\u00e3o. Seu ingrediente principal, o cloridrato de metadona, \u00e9 um opioide sint\u00e9tico que alivia efetivamente a dor e reduz os sintomas de abstin\u00eancia ao se ligar aos receptores opioides no c\u00e9rebro.          <\/p>\n<h3><strong>Encomende Metho Metadona HCL em p\u00f3 online<\/strong><\/h3>\n<p> Um dos principais benef\u00edcios do p\u00f3 de Metho Methadone HCL s\u00e3o seus efeitos prolongados. Isso permite um al\u00edvio duradouro da dor, tornando-o uma boa op\u00e7\u00e3o para pessoas com dor cr\u00f4nica. Al\u00e9m disso, devido \u00e0 sua efic\u00e1cia no tratamento dos sintomas de abstin\u00eancia de opioides, ele se tornou um pilar em programas de tratamento assistido por medicamentos para pessoas que tentam superar seu v\u00edcio. Na Farm\u00e1cia Dr. Lawsons, a seguran\u00e7a e o bem-estar do cliente s\u00e3o nossa principal prioridade. Para garantir sua pot\u00eancia e pureza, nosso p\u00f3 de Metho Methadone HCL passa por testes rigorosos. Usamos apenas materiais de fabricantes respeit\u00e1veis, e nossas instala\u00e7\u00f5es de fabrica\u00e7\u00e3o est\u00e3o sujeitas aos mais altos padr\u00f5es da ind\u00fastria, para que voc\u00ea possa ter certeza de que est\u00e1 recebendo um produto de qualidade. O p\u00f3 de Metho Methadone HCL s\u00f3 deve ser tomado mediante orienta\u00e7\u00e3o e supervis\u00e3o de um profissional de sa\u00fade licenciado, pois \u00e9 um medicamento prescrito. Ap\u00f3s avaliar sua condi\u00e7\u00e3o, eles decidir\u00e3o sobre a dosagem correta e a estrat\u00e9gia de tratamento para suas necessidades individuais.        &nbsp;<\/p>\n","protected":false},"excerpt":{"rendered":"<p>Compre Metho Methadone HCL em p\u00f3 online. P\u00f3 de Metho Methadone HCL 99,8% puro dispon\u00edvel no atacado a pre\u00e7os com desconto. Dor moderada a grave \u00e9 tratada com Metho (Methadone HCL).   &nbsp;<\/p>\n","protected":false},"featured_media":18491,"comment_status":"closed","ping_status":"closed","template":"","meta":{"om_disable_all_campaigns":false,"_sitemap_exclude":false,"_sitemap_priority":"","_sitemap_frequency":"","_monsterinsights_skip_tracking":false,"_monsterinsights_sitenote_active":false,"_monsterinsights_sitenote_note":"","_monsterinsights_sitenote_category":0},"product_cat":[35703],"product_tag":[39383,39362,39363,39369,39366,39371,39365,39380,39382,39375,39377,39373,39364,39381,39376,39374,39379,39378,39370,39372,39368,39367],"class_list":{"0":"post-35662","1":"product","2":"type-product","3":"status-publish","4":"has-post-thumbnail","6":"product_cat-pesquisa-de-produtos-quimicos-e-psicodelicos","7":"product_tag-analise-do-po-de-metadona-hcl-metho-na-europa","8":"product_tag-compre-metho-metadona-hcl-em-po","9":"product_tag-compre-po-de-metho-metadona-hcl-online","10":"product_tag-compre-po-de-metho-metadona-hcl-online-na-europa","11":"product_tag-efeitos-do-po-de-metho-metadona-hcl","12":"product_tag-encomende-metho-metadona-hcl-em-po-ue","13":"product_tag-encomende-po-de-metho-metadona-hcl-online","14":"product_tag-entrega-em-po-de-metadona-hcl-metho-na-europa","15":"product_tag-fornecedores-de-po-de-metadona-hcl-da-europa","16":"product_tag-loja-online-de-po-de-metadona-hcl-metho-europa","17":"product_tag-ofertas-de-po-de-metadona-hcl-metho-na-europa","18":"product_tag-onde-comprar-metho-methadone-hcl-em-po-na-europa","19":"product_tag-onde-comprar-po-de-metho-metadona-hcl-online","20":"product_tag-po-autentico-de-metho-metadona-hcl-europa","21":"product_tag-po-de-metadona-hcl-barato-metho-europa","22":"product_tag-po-de-metadona-hcl-metho-a-venda-na-europa","23":"product_tag-po-de-metadona-hcl-metho-desconto-na-europa","24":"product_tag-po-de-metadona-hcl-metho-loja-europa","25":"product_tag-po-de-metadona-hcl-metho-melhor-preco-europa","26":"product_tag-po-de-metho-metadona-hcl-frete-gratis-europa","27":"product_tag-quanto-custa-o-po-de-metho-metadona-hcl","28":"product_tag-vendas-de-po-de-metho-metadona-hcl-online","30":"first","31":"instock","32":"shipping-taxable","33":"purchasable","34":"product-type-variable","35":"farmacie-col"},"aioseo_notices":[],"_links":{"self":[{"href":"https:\/\/lacasadelamedicina.es\/pt-br\/wp-json\/wp\/v2\/product\/35662"}],"collection":[{"href":"https:\/\/lacasadelamedicina.es\/pt-br\/wp-json\/wp\/v2\/product"}],"about":[{"href":"https:\/\/lacasadelamedicina.es\/pt-br\/wp-json\/wp\/v2\/types\/product"}],"replies":[{"embeddable":true,"href":"https:\/\/lacasadelamedicina.es\/pt-br\/wp-json\/wp\/v2\/comments?post=35662"}],"wp:featuredmedia":[{"embeddable":true,"href":"https:\/\/lacasadelamedicina.es\/pt-br\/wp-json\/wp\/v2\/media\/18491"}],"wp:attachment":[{"href":"https:\/\/lacasadelamedicina.es\/pt-br\/wp-json\/wp\/v2\/media?parent=35662"}],"wp:term":[{"taxonomy":"product_cat","embeddable":true,"href":"https:\/\/lacasadelamedicina.es\/pt-br\/wp-json\/wp\/v2\/product_cat?post=35662"},{"taxonomy":"product_tag","embeddable":true,"href":"https:\/\/lacasadelamedicina.es\/pt-br\/wp-json\/wp\/v2\/product_tag?post=35662"}],"curies":[{"name":"wp","href":"https:\/\/api.w.org\/{rel}","templated":true}]}}