{"id":35649,"date":"2024-08-09T14:01:50","date_gmt":"2024-08-09T14:01:50","guid":{"rendered":"https:\/\/lacasadelamedicina.es\/product\/compre-heroina-em-po-marrom-online\/"},"modified":"2024-08-09T14:01:50","modified_gmt":"2024-08-09T14:01:50","slug":"compre-heroina-em-po-marrom-online","status":"publish","type":"product","link":"https:\/\/lacasadelamedicina.es\/pt-br\/produto\/compre-heroina-em-po-marrom-online\/","title":{"rendered":"Compre hero\u00edna em p\u00f3 marrom online"},"content":{"rendered":"<h1>Compre hero\u00edna em p\u00f3 marrom online<\/h1>\n<p> Brown Powder Heroin (BPH) est\u00e1 ganhando popularidade no mercado internacional. Embora o BPH j\u00e1 exista h\u00e1 algum tempo, o interesse nele est\u00e1 crescendo devido aos efeitos especiais que ele tem no corpo humano. Ent\u00e3o, se voc\u00ea quer comprar p\u00f3 de hero\u00edna marrom online, a Dr. Lawsons Pharmacy \u00e9 sua melhor aposta. Compre P\u00f3 de Hero\u00edna Marrom Online-    <a href=\"https:\/\/drlawsonspharmacy\/contact-us\/\">CONTATO<\/a><\/p>\n<h3>Do que \u00e9 feito o p\u00f3 marrom de hero\u00edna?<\/h3>\n<p> O \u00f3pio na forma de BPH foi processado em p\u00f3. Este p\u00f3 \u00e9 mais potente e viciante do que outros tipos de \u00f3pio porque \u00e9 f\u00e1cil de fumar ou injetar. O BPH tamb\u00e9m \u00e9 mais adequado para uso durante atividades de alta intensidade, como esportes ou sexo, porque tem um efeito mais duradouro do que outros tipos de \u00f3pio.   <\/p>\n<h3>Benef\u00edcios da hero\u00edna em p\u00f3 marrom<\/h3>\n<p> A hero\u00edna em p\u00f3 marrom (BPH) \u00e9, sem d\u00favida, uma das subst\u00e2ncias mais comumente usadas hoje em dia. \u00c9 f\u00e1cil de obter e proporciona um barato instant\u00e2neo. A BPH \u00e0s vezes \u00e9 chamada de &#8220;hero\u00edna marrom&#8221;, pois \u00e9 tipicamente feita de a\u00e7\u00facar mascavo, caf\u00e9 e bicarbonato de s\u00f3dio. A BPH \u00e9 uma hero\u00edna de alta qualidade, o que significa que cont\u00e9m quantidades significativas de morfina e code\u00edna. Portanto, \u00e9 uma op\u00e7\u00e3o fant\u00e1stica para pessoas que procuram uma dosagem forte para o al\u00edvio da dor. Al\u00e9m disso, a BPH oferece entrega r\u00e1pida para qualquer local do mundo, tornando-a a melhor op\u00e7\u00e3o para pessoas que precisam de seus medicamentos imediatamente. Por \u00faltimo, mas n\u00e3o menos importante, o pre\u00e7o da hero\u00edna em p\u00f3 marrom \u00e9 razo\u00e1vel em compara\u00e7\u00e3o com outros fornecedores, tornando-a uma escolha desej\u00e1vel para clientes que desejam medicamentos de alta qualidade sem estourar o or\u00e7amento.       <\/p>\n<h3>Compre hero\u00edna em p\u00f3 marrom online<\/h3>\n<p> A hero\u00edna na forma de p\u00f3 marrom \u00e9 um narc\u00f3tico altamente viciante e arriscado que \u00e9 frequentemente combinado com outras subst\u00e2ncias para aumentar seus efeitos. Geralmente \u00e9 comercializada nas ruas como marrom, preta ou p\u00f3lvora. A combina\u00e7\u00e3o de morfina e outros opi\u00e1ceos no p\u00f3 marrom de hero\u00edna lhe d\u00e1 alta pot\u00eancia. Os efeitos colaterais imediatos do p\u00f3 marrom de hero\u00edna incluem batimento card\u00edaco mais r\u00e1pido, uma forte sensa\u00e7\u00e3o de calor, respira\u00e7\u00e3o r\u00e1pida e uma sensa\u00e7\u00e3o de lux\u00faria. Imediatamente ap\u00f3s esses efeitos, uma sensa\u00e7\u00e3o de sonol\u00eancia e relaxamento se instala. O uso regular de p\u00f3 marrom de hero\u00edna pode levar \u00e0 depend\u00eancia de drogas e v\u00edcio ao longo do tempo.      <\/p>\n<h3>Por que comprar hero\u00edna em p\u00f3 marrom na Farm\u00e1cia Dr. Lawsons?<\/h3>\n<p> Se voc\u00ea quiser comprar p\u00f3 de hero\u00edna marrom online, h\u00e1 v\u00e1rias op\u00e7\u00f5es. No entanto, nem todas essas op\u00e7\u00f5es s\u00e3o confi\u00e1veis \u200b\u200bou seguras. A Farm\u00e1cia Dr. Lawsons \u00e9 \u00fatil nessa situa\u00e7\u00e3o. Oferecemos uma ampla gama de formas, marcas e variedades confi\u00e1veis \u200b\u200bde p\u00f3 de hero\u00edna marrom para venda online. Al\u00e9m disso, nossos curtos prazos de entrega permitem que voc\u00ea adquira seus medicamentos sem complica\u00e7\u00f5es. Queremos que cada cliente que fizer um pedido conosco tenha uma experi\u00eancia satisfat\u00f3ria. O melhor lugar para comprar p\u00f3 de hero\u00edna marrom online \u00e9 a Farm\u00e1cia Dr. Lawsons, que oferece um processo de pedido simples e op\u00e7\u00f5es de pagamento convenientes. Ent\u00e3o fa\u00e7a um pedido em nossa loja agora para se beneficiar dos melhores descontos nos produtos desejados.        &nbsp;<\/p>\n","protected":false},"excerpt":{"rendered":"<p>Compre hero\u00edna em p\u00f3 marrom online Brown Powder Heroin (BPH) est\u00e1 ganhando popularidade no mercado internacional. Embora o BPH j\u00e1 exista h\u00e1 algum tempo, o interesse nele est\u00e1 crescendo devido aos efeitos especiais que ele tem no corpo humano. Ent\u00e3o, se voc\u00ea quer comprar p\u00f3 de hero\u00edna marrom online, a Dr. Lawsons Pharmacy \u00e9 sua [&hellip;]<\/p>\n","protected":false},"featured_media":17951,"comment_status":"closed","ping_status":"closed","template":"","meta":{"om_disable_all_campaigns":false,"_sitemap_exclude":false,"_sitemap_priority":"","_sitemap_frequency":"","_monsterinsights_skip_tracking":false,"_monsterinsights_sitenote_active":false,"_monsterinsights_sitenote_note":"","_monsterinsights_sitenote_category":0},"product_cat":[38811],"product_tag":[39334,39319,39318,39325,39339,39335,39322,39327,39336,39338,39337,39332,39331,39333,39329,39321,39320,39328,39326,39330,39324,39323],"class_list":{"0":"post-35649","1":"product","2":"type-product","3":"status-publish","4":"has-post-thumbnail","6":"product_cat-heroina-pt-br","7":"product_tag-brown-powder-heroin-europa-loja","8":"product_tag-comprar-heroina-em-po-marrom","9":"product_tag-comprar-heroina-em-po-marrom-online","10":"product_tag-compre-brown-powder-heroin-online-europa","11":"product_tag-critica-de-brown-powder-heroin-europe","12":"product_tag-desconto-em-po-marrom-heroina-europa","13":"product_tag-efeitos-da-heroina-em-po-marrom","14":"product_tag-encomendar-po-marrom-heroina-ue","15":"product_tag-entrega-de-heroina-em-po-marrom-na-europa","16":"product_tag-fornecedores-de-heroina-em-po-marrom-na-europa","17":"product_tag-heroina-em-po-marrom-autentica-europa","18":"product_tag-heroina-em-po-marrom-barata-na-europa","19":"product_tag-loja-online-de-heroina-em-po-marrom-europa","20":"product_tag-ofertas-de-heroina-em-po-marrom-na-europa","21":"product_tag-onde-comprar-brown-powder-heroin-europa","22":"product_tag-onde-comprar-heroina-em-po-marrom-online","23":"product_tag-peca-heroina-em-po-marrom-online","24":"product_tag-po-marrom-heroina-frete-gratis-europa","25":"product_tag-po-marrom-heroina-melhor-preco-europa","26":"product_tag-po-marrom-heroina-venda-europa","27":"product_tag-quanto-custa-a-heroina-em-po-marrom","28":"product_tag-vendas-de-heroina-em-po-marrom-online","30":"first","31":"instock","32":"shipping-taxable","33":"purchasable","34":"product-type-variable","35":"farmacie-col"},"aioseo_notices":[],"_links":{"self":[{"href":"https:\/\/lacasadelamedicina.es\/pt-br\/wp-json\/wp\/v2\/product\/35649"}],"collection":[{"href":"https:\/\/lacasadelamedicina.es\/pt-br\/wp-json\/wp\/v2\/product"}],"about":[{"href":"https:\/\/lacasadelamedicina.es\/pt-br\/wp-json\/wp\/v2\/types\/product"}],"replies":[{"embeddable":true,"href":"https:\/\/lacasadelamedicina.es\/pt-br\/wp-json\/wp\/v2\/comments?post=35649"}],"wp:featuredmedia":[{"embeddable":true,"href":"https:\/\/lacasadelamedicina.es\/pt-br\/wp-json\/wp\/v2\/media\/17951"}],"wp:attachment":[{"href":"https:\/\/lacasadelamedicina.es\/pt-br\/wp-json\/wp\/v2\/media?parent=35649"}],"wp:term":[{"taxonomy":"product_cat","embeddable":true,"href":"https:\/\/lacasadelamedicina.es\/pt-br\/wp-json\/wp\/v2\/product_cat?post=35649"},{"taxonomy":"product_tag","embeddable":true,"href":"https:\/\/lacasadelamedicina.es\/pt-br\/wp-json\/wp\/v2\/product_tag?post=35649"}],"curies":[{"name":"wp","href":"https:\/\/api.w.org\/{rel}","templated":true}]}}