{"id":35642,"date":"2024-08-09T14:01:50","date_gmt":"2024-08-09T14:01:50","guid":{"rendered":"https:\/\/lacasadelamedicina.es\/product\/compre-heroina-black-tar-online\/"},"modified":"2024-08-09T14:01:50","modified_gmt":"2024-08-09T14:01:50","slug":"compre-heroina-black-tar-online","status":"publish","type":"product","link":"https:\/\/lacasadelamedicina.es\/pt-br\/produto\/compre-heroina-black-tar-online\/","title":{"rendered":"Compre hero\u00edna Black Tar online"},"content":{"rendered":"<h3>Compre hero\u00edna Black Tar online<\/h3>\n<p> A hero\u00edna de alcatr\u00e3o preto \u00e9 uma variante da hero\u00edna narc\u00f3tica que \u00e9 caracterizada por sua consist\u00eancia preta semelhante a alcatr\u00e3o. Embora seja uma subst\u00e2ncia perigosa e potente, ainda tem uma alta demanda devido \u00e0 sua acessibilidade e pre\u00e7o acess\u00edvel. Portanto, a Farm\u00e1cia Dr. Lawsons \u00e9 a op\u00e7\u00e3o ideal se voc\u00ea deseja comprar hero\u00edna de alcatr\u00e3o preto online pelo menor custo. Compre Hero\u00edna de Alcatr\u00e3o Preto Online &#8211;    <a href=\"https:\/\/drlawsonspharmacy\/contact-us\/\">CONTATO<\/a><\/p>\n<h3>Qual \u00e9 a apar\u00eancia e o cheiro da hero\u00edna Black Tar?<\/h3>\n<p> O res\u00edduo deixado para tr\u00e1s ao fumar ou injetar ha<a href=\"https:\/\/dieapotheke247.com\/\">e<\/a>ro\u00edna endurece e \u00e9 usada para fazer hero\u00edna de alcatr\u00e3o preto. Ela tem um cheiro e sabor mais fortes do que outros tipos de hero\u00edna e \u00e9 mais potente. Clique em &#8220;Adicionar ao carrinho&#8221; e conclua o processo de checkout para comprar hero\u00edna de alcatr\u00e3o preto on-line na Farm\u00e1cia Dr. Lawsons. Ent\u00e3o a hero\u00edna de alcatr\u00e3o preto ser\u00e1 entregue a granel diretamente em sua casa. Nunca compartilhe agulhas ou seringas com ningu\u00e9m e mantenha seus medicamentos em seguran\u00e7a, fora do alcance de crian\u00e7as e animais.     <\/p>\n<h3>O processo de fabrica\u00e7\u00e3o e tr\u00e1fico de hero\u00edna Black Tar<\/h3>\n<p> O p\u00f3 de \u00f3pio \u00e9 usado para fazer a hero\u00edna conhecida como &#8220;alcatr\u00e3o preto&#8221;. Depois de ser aquecido e combinado com outros produtos qu\u00edmicos, esse material se transforma em uma subst\u00e2ncia pegajosa e escura conhecida como &#8220;alcatr\u00e3o&#8221;. O alcatr\u00e3o \u00e9 ent\u00e3o quebrado em pequenos peda\u00e7os e vendido na rua como hero\u00edna. A fabrica\u00e7\u00e3o e o tr\u00e1fico de hero\u00edna de alcatr\u00e3o preto s\u00e3o processos complicados. Os traficantes de hero\u00edna negociam com o submundo do crime para obter os suprimentos necess\u00e1rios para fabricar o narc\u00f3tico e lutar contra quaisquer tentativas da pol\u00edcia de frustr\u00e1-los. Mas agora que a hero\u00edna de alcatr\u00e3o preto est\u00e1 dispon\u00edvel para venda online em lojas de renome como a Dr. Lawsons Pharmacy, esse m\u00e9todo \u00e9 mais f\u00e1cil do que nunca. Esteja ciente dos perigos de pedir hero\u00edna de alcatr\u00e3o preto online. Voc\u00ea n\u00e3o s\u00f3 corre o risco de obter drogas de um fornecedor n\u00e3o confi\u00e1vel, mas tamb\u00e9m se coloca em risco de overdose e contrair HIV ou outras infec\u00e7\u00f5es (DSTs). Portanto, compre essas drogas apenas de um varejista de renome como a Dr. Lawsons Pharmacy.         <\/p>\n<h3>Efeitos negativos da hero\u00edna Black Tar<\/h3>\n<p> A hero\u00edna de alcatr\u00e3o preto \u00e9 uma variante poderosa e impura da droga que tem uma s\u00e9rie de efeitos negativos s\u00e9rios. Por exemplo, a hero\u00edna de alcatr\u00e3o preto pode causar dores de cabe\u00e7a, n\u00e1useas e v\u00f4mitos. O uso prolongado tamb\u00e9m pode causar sintomas de abstin\u00eancia, como ansiedade, agita\u00e7\u00e3o e depress\u00e3o. Seu risco de desenvolver problemas card\u00edacos e pulmonares tamb\u00e9m pode aumentar se voc\u00ea usar hero\u00edna de alcatr\u00e3o preto. Se voc\u00ea ou algu\u00e9m que voc\u00ea conhece est\u00e1 lutando contra o v\u00edcio em hero\u00edna de alcatr\u00e3o preto, n\u00e3o hesite em pedir ajuda.     <\/p>\n<h3>Por que comprar hero\u00edna Black Tar online na Dr. Lawsons Pharmacy?<\/h3>\n<p> Voc\u00ea est\u00e1 procurando um fornecedor de internet de qualidade e confi\u00e1vel para comprar hero\u00edna black tar? A Farm\u00e1cia Dr. Lawsons \u00e9 a \u00fanica op\u00e7\u00e3o. Aqui voc\u00ea pode obter hero\u00edna black tar de alta qualidade pelo melhor pre\u00e7o. Al\u00e9m disso, oferecemos os prazos de entrega mais r\u00e1pidos do setor.    &nbsp;<\/p>\n","protected":false},"excerpt":{"rendered":"<p>&nbsp;<\/p>\n<p>&nbsp;<\/p>\n","protected":false},"featured_media":17936,"comment_status":"closed","ping_status":"closed","template":"","meta":{"om_disable_all_campaigns":false,"_sitemap_exclude":false,"_sitemap_priority":"","_sitemap_frequency":"","_monsterinsights_skip_tracking":false,"_monsterinsights_sitenote_active":false,"_monsterinsights_sitenote_note":"","_monsterinsights_sitenote_category":0},"product_cat":[38811],"product_tag":[39296,39298,39303,39317,39313,39300,39305,39314,39316,39315,39310,39306,39304,39312,39309,39311,39307,39299,39297,39302,39308,39301],"class_list":{"0":"post-35642","1":"product","2":"type-product","3":"status-publish","4":"has-post-thumbnail","6":"product_cat-heroina-pt-br","7":"product_tag-comprar-heroina-black-tar","8":"product_tag-comprar-heroina-black-tar-online","9":"product_tag-compre-black-tar-heroin-online-na-europa","10":"product_tag-critica-black-tar-heroin-europe","11":"product_tag-desconto-em-heroina-black-tar-europa","12":"product_tag-efeitos-da-heroina-black-tar","13":"product_tag-encomendar-black-tar-heroin-eu","14":"product_tag-entrega-de-heroina-black-tar-na-europa","15":"product_tag-fornecedores-de-heroina-black-tar-na-europa","16":"product_tag-heroina-black-tar-autentica-da-europa","17":"product_tag-heroina-black-tar-barata-na-europa","18":"product_tag-heroina-black-tar-frete-gratis-europa","19":"product_tag-heroina-black-tar-melhor-preco-europa","20":"product_tag-loja-black-tar-heroin-europe","21":"product_tag-loja-online-black-tar-heroin-europa","22":"product_tag-ofertas-de-heroina-black-tar-na-europa","23":"product_tag-onde-comprar-black-tar-heroin-europa","24":"product_tag-onde-comprar-black-tar-heroin-online","25":"product_tag-peca-black-tar-heroin-online","26":"product_tag-quanto-custa-a-heroina-black-tar","27":"product_tag-venda-de-heroina-black-tar-na-europa","28":"product_tag-vendas-de-heroina-black-tar-online","30":"first","31":"instock","32":"shipping-taxable","33":"purchasable","34":"product-type-variable","35":"farmacie-col"},"aioseo_notices":[],"_links":{"self":[{"href":"https:\/\/lacasadelamedicina.es\/pt-br\/wp-json\/wp\/v2\/product\/35642"}],"collection":[{"href":"https:\/\/lacasadelamedicina.es\/pt-br\/wp-json\/wp\/v2\/product"}],"about":[{"href":"https:\/\/lacasadelamedicina.es\/pt-br\/wp-json\/wp\/v2\/types\/product"}],"replies":[{"embeddable":true,"href":"https:\/\/lacasadelamedicina.es\/pt-br\/wp-json\/wp\/v2\/comments?post=35642"}],"wp:featuredmedia":[{"embeddable":true,"href":"https:\/\/lacasadelamedicina.es\/pt-br\/wp-json\/wp\/v2\/media\/17936"}],"wp:attachment":[{"href":"https:\/\/lacasadelamedicina.es\/pt-br\/wp-json\/wp\/v2\/media?parent=35642"}],"wp:term":[{"taxonomy":"product_cat","embeddable":true,"href":"https:\/\/lacasadelamedicina.es\/pt-br\/wp-json\/wp\/v2\/product_cat?post=35642"},{"taxonomy":"product_tag","embeddable":true,"href":"https:\/\/lacasadelamedicina.es\/pt-br\/wp-json\/wp\/v2\/product_tag?post=35642"}],"curies":[{"name":"wp","href":"https:\/\/api.w.org\/{rel}","templated":true}]}}