{"id":35598,"date":"2024-08-09T14:01:50","date_gmt":"2024-08-09T14:01:50","guid":{"rendered":"https:\/\/lacasadelamedicina.es\/product\/compre-po-mmb-2201-puro-online\/"},"modified":"2024-08-09T14:01:50","modified_gmt":"2024-08-09T14:01:50","slug":"compre-po-mmb-2201-puro-online","status":"publish","type":"product","link":"https:\/\/lacasadelamedicina.es\/pt-br\/produto\/compre-po-mmb-2201-puro-online\/","title":{"rendered":"Compre p\u00f3 MMB-2201 puro online"},"content":{"rendered":"<h1>Compre P\u00f3 MMB-2201 Puro Online<\/h1>\n<p> Compre p\u00f3 MMB-2201 online. Os canabinoides s\u00e3o produtos qu\u00edmicos de pesquisa de primeira linha. O MDMB-2201 pode ser comprado online de um fornecedor respeit\u00e1vel, Coinstar Chemical, a pre\u00e7os de atacado. Compre p\u00f3 MMB-2201 puro online &#8211; <a href=\"https:\/\/drlawsonspharmacy\/contact-us\/\">CONTATO<\/a><strong>5f MDMB 2201 \u00e0 venda MDMB 2201 reddit<\/strong><strong>mmb-fub | mmbfub<\/strong><strong>fub2201 | fub-akb48<\/strong> (tamb\u00e9m conhecido como 5F-MMB-PICA, 5F-AMB-PICA e I-AMB) \u00e9 um poderoso canabinoide sint\u00e9tico baseado em indol-3-carboxamida, vendido como ingrediente ativo em misturas de cannabis e usado como uma droga sint\u00e9tica. Sint\u00e9tico. Em janeiro de 2014, foi mencionado pela primeira vez na R\u00fassia e na Bielorr\u00fassia; no entanto, foi vendido posteriormente para v\u00e1rios outros pa\u00edses. Um canabinoide sint\u00e9tico da fam\u00edlia do indazol chamado 5F-MDMB-2201 \u00e9 notavelmente compar\u00e1vel ao MMB-2201. Os receptores CB1 e CB2 s\u00e3o fortemente afetados (antagonizados) pelo 5F-MDMB-2201. A mexedrona pertence \u00e0 classe qu\u00edmica das catinonas e reage como tal. A mexedrona tem a &#8220;apar\u00eancia f\u00edsica&#8221; de diamantes brancos, mas voc\u00ea tamb\u00e9m pode compr\u00e1-la como um p\u00f3 ou cristais sint\u00e9ticos. A mexedrona tem uma dosagem m\u00e1xima de 50 mg a 100 mg e \u00e9 tomada por via oral. Doses de mefedrona entre 100 mg e 150 mg foram observadas produzindo efeitos semelhantes. Os efeitos da mexedrona podem durar de 4 a 6 horas.             <\/p>\n<h3>Comprar MMB-2201 em p\u00f3 puro on-line<\/h3>\n<p> Mexedrone \u00e9 uma &#8220;droga psicoativa&#8221; que foi classificada como entactog\u00eanica e estimulante. Ela tamb\u00e9m induz agita\u00e7\u00e3o. \u00c9 conceb\u00edvel, mas ainda n\u00e3o provado, que Mexedrone cause uma inunda\u00e7\u00e3o sin\u00e1ptica devido aos efeitos estimulantes do evento. Dopamina, norepinefrina e serotonina podem estar presentes nas sinapses que est\u00e3o ativas durante a experi\u00eancia com Mexedrone.    <\/p>\n<h3><strong>Ordem MMB-2201<\/strong><\/h3>\n<p> Os efeitos do Mexedrone s\u00e3o 70% dos do produto qu\u00edmico original Mephedrone. Os efeitos do Mexedrone s\u00e3o de natureza f\u00edsica, mental e auditiva e se tornam mais plaus\u00edveis com medi\u00e7\u00f5es maiores. Os efeitos colaterais reais do Mexedrone incluem euforia, seda\u00e7\u00e3o, sensa\u00e7\u00e3o corporal aumentada, sede, aumento da sudorese, sensa\u00e7\u00f5es desenfreadas, ranger de dentes, vis\u00e3o vibrat\u00f3ria e regula\u00e7\u00e3o de temperatura prejudicada. O Mexedrone tem um efeito psicol\u00f3gico, como arrebatamento, acelera\u00e7\u00e3o do pensamento e efeito de rede. Os efeitos colaterais do Mexedrone tamb\u00e9m podem se manifestar em aprimoramentos aud\u00edveis. O consumo de Mexedrone pode levar a efeitos de pico ap\u00f3s estimula\u00e7\u00e3o. Os efeitos do Mexedrone ap\u00f3s o uso podem ser prejudiciais, causando pensamento e inspira\u00e7\u00e3o lentos, exaust\u00e3o intelectual, desconforto, recalcitr\u00e2ncia, humor e aten\u00e7\u00e3o pesados. Os efeitos posteriores do Mexedrone provavelmente ocorrem como resultado do consumo de sinapses, pois o suprimento de sinapses foi reduzido durante a fase de excita\u00e7\u00e3o da experi\u00eancia.        &nbsp;<\/p>\n","protected":false},"excerpt":{"rendered":"<p>Compre p\u00f3 MMB-2201 puro online. Tamb\u00e9m conhecido como I-AMB, 5F-AMB-PICA ou p\u00f3 MMB-2201.  &nbsp;<\/p>\n<p>&nbsp;<\/p>\n","protected":false},"featured_media":18461,"comment_status":"closed","ping_status":"closed","template":"","meta":{"om_disable_all_campaigns":false,"_sitemap_exclude":false,"_sitemap_priority":"","_sitemap_frequency":"","_monsterinsights_skip_tracking":false,"_monsterinsights_sitenote_active":false,"_monsterinsights_sitenote_note":"","_monsterinsights_sitenote_category":0},"product_cat":[35703],"product_tag":[39143,39144,39150,39147,39146,39163,39156,39158,39154,39145,39152,39155,39162,39157,39160,39161,39153,39159,39151,39149,39164,39148],"class_list":{"0":"post-35598","1":"product","2":"type-product","3":"status-publish","4":"has-post-thumbnail","6":"product_cat-pesquisa-de-produtos-quimicos-e-psicodelicos","7":"product_tag-compre-po-mmb-2201-puro","8":"product_tag-compre-po-mmb-2201-puro-online","9":"product_tag-compre-po-mmb-2201-puro-online-europa","10":"product_tag-efeitos-do-po-mmb-2201-puro","11":"product_tag-encomende-po-mmb-2201-puro-online","12":"product_tag-fornecedores-europeus-de-po-mmb-2201-puro","13":"product_tag-loja-online-de-po-mmb-2201-puro-europa","14":"product_tag-ofertas-de-po-mmb-2201-puro-na-europa","15":"product_tag-onde-comprar-po-mmb-2201-puro-na-europa","16":"product_tag-onde-comprar-po-mmb-2201-puro-online","17":"product_tag-order-pure-mmb-2201-powder-eu-pt-br","18":"product_tag-po-mmb-2201-puro-a-venda-na-europa","19":"product_tag-po-mmb-2201-puro-autentico-europa","20":"product_tag-po-mmb-2201-puro-barato-europa","21":"product_tag-po-mmb-2201-puro-desconto-na-europa","22":"product_tag-po-mmb-2201-puro-entrega-na-europa","23":"product_tag-po-mmb-2201-puro-frete-gratis-europa","24":"product_tag-po-mmb-2201-puro-loja-europa","25":"product_tag-po-mmb-2201-puro-melhor-preco-europa","26":"product_tag-quanto-custa-o-po-mmb-2201-puro","27":"product_tag-revisao-do-po-puro-mmb-2201-na-europa","28":"product_tag-vendas-de-po-mmb-2201-puro-online","30":"first","31":"instock","32":"shipping-taxable","33":"purchasable","34":"product-type-variable","35":"farmacie-col"},"aioseo_notices":[],"_links":{"self":[{"href":"https:\/\/lacasadelamedicina.es\/pt-br\/wp-json\/wp\/v2\/product\/35598"}],"collection":[{"href":"https:\/\/lacasadelamedicina.es\/pt-br\/wp-json\/wp\/v2\/product"}],"about":[{"href":"https:\/\/lacasadelamedicina.es\/pt-br\/wp-json\/wp\/v2\/types\/product"}],"replies":[{"embeddable":true,"href":"https:\/\/lacasadelamedicina.es\/pt-br\/wp-json\/wp\/v2\/comments?post=35598"}],"wp:featuredmedia":[{"embeddable":true,"href":"https:\/\/lacasadelamedicina.es\/pt-br\/wp-json\/wp\/v2\/media\/18461"}],"wp:attachment":[{"href":"https:\/\/lacasadelamedicina.es\/pt-br\/wp-json\/wp\/v2\/media?parent=35598"}],"wp:term":[{"taxonomy":"product_cat","embeddable":true,"href":"https:\/\/lacasadelamedicina.es\/pt-br\/wp-json\/wp\/v2\/product_cat?post=35598"},{"taxonomy":"product_tag","embeddable":true,"href":"https:\/\/lacasadelamedicina.es\/pt-br\/wp-json\/wp\/v2\/product_tag?post=35598"}],"curies":[{"name":"wp","href":"https:\/\/api.w.org\/{rel}","templated":true}]}}