{"id":35542,"date":"2024-08-09T14:01:54","date_gmt":"2024-08-09T14:01:54","guid":{"rendered":"https:\/\/lacasadelamedicina.es\/product\/compre-po-de-heroina-branca-online\/"},"modified":"2024-08-09T14:01:54","modified_gmt":"2024-08-09T14:01:54","slug":"compre-po-de-heroina-branca-online","status":"publish","type":"product","link":"https:\/\/lacasadelamedicina.es\/pt-br\/produto\/compre-po-de-heroina-branca-online\/","title":{"rendered":"Compre p\u00f3 de hero\u00edna branca online"},"content":{"rendered":"<h1>Compre hero\u00edna em p\u00f3 branco online.<\/h1>\n<p> Compre P\u00f3 de Hero\u00edna Branca Online &#8211; Um dos tipos mais potentes e lucrativos de hero\u00edna no mercado \u00e9 o p\u00f3 branco. Mas de quem voc\u00ea deve compr\u00e1-lo? O melhor lugar para comprar p\u00f3 de hero\u00edna branca online com <a href=\"https:\/\/dieapotheke247.com\/\"> o<\/a> menor custo \u00e9 a Farm\u00e1cia Dr. Lawsons. Com uma variedade de m\u00e9todos de entrega e pagamento, a Farm\u00e1cia Dr. Lawsons torna f\u00e1cil e seguro comprar p\u00f3 de hero\u00edna branca a granel. Com nossa garantia de 100% de satisfa\u00e7\u00e3o, temos muito orgulho em fornecer aos nossos clientes uma experi\u00eancia de compra r\u00e1pida, discreta e segura. Compre P\u00f3 de Hero\u00edna Branca Online &#8211;      <a href=\"https:\/\/drlawsonspharmacy\/contact-us\/\"><a href=\"https:\/\/drlawsonspharmacy\/contact-us\/\">CONTATO Pe\u00e7a Hero\u00edna Online<\/a><\/a><\/p>\n<h3>Os benef\u00edcios do p\u00f3 de hero\u00edna branca<\/h3>\n<p> Embora o p\u00f3 de hero\u00edna branca seja frequentemente usado recreativamente ou clinicamente para tratar a dor causada por opioides, ele tamb\u00e9m est\u00e1 se tornando cada vez mais popular entre pessoas que buscam experi\u00eancias mais extremas. Agora voc\u00ea pode comprar p\u00f3 de hero\u00edna branca pura online na Farm\u00e1cia Dr. Lawsons e experimentar seus efeitos poderosos pessoalmente. Voc\u00ea pode obter a hero\u00edna mais pura do mercado quando a obt\u00e9m na forma de p\u00f3 branco na Farm\u00e1cia Dr. Lawsons. Isso o torna perfeito para pessoas que buscam uma experi\u00eancia intensa, pois sua dose \u00e9 mais forte e dura mais do que outros tipos de hero\u00edna. Al\u00e9m disso, os pre\u00e7os s\u00e3o razo\u00e1veis \u200b\u200be os prazos de entrega s\u00e3o curtos. O que voc\u00ea est\u00e1 esperando? Pe\u00e7a uma grande quantidade de hero\u00edna em p\u00f3 branco agora mesmo! Compre P\u00f3 de Hero\u00edna Branca Online        <\/p>\n<h3>Riscos associados ao uso de p\u00f3 de hero\u00edna branca<\/h3>\n<p> Esteja ciente dos perigos se voc\u00ea pretende comprar p\u00f3 de hero\u00edna branca para venda online. O p\u00f3 de hero\u00edna branca \u00e9 uma subst\u00e2ncia altamente viciante que pode causar depend\u00eancia psicol\u00f3gica e f\u00edsica se usada com frequ\u00eancia. Voc\u00ea pode sentir sintomas de abstin\u00eancia graves e dolorosos se parar de us\u00e1-lo repentinamente. Al\u00e9m disso, mesmo pequenas doses deste produto qu\u00edmico potente podem ser fatais se usadas de forma inadequada ou em excesso. Na verdade, a overdose \u00e9 uma das mortes mais comuns associadas ao uso de p\u00f3 de hero\u00edna branca. Por \u00faltimo, mas n\u00e3o menos importante, o uso de p\u00f3 de hero\u00edna branca tem sido associado a uma s\u00e9rie de efeitos prejudiciais \u00e0 sa\u00fade mental, incluindo paranoia, tristeza, dist\u00farbios de pensamento, ansiedade e reca\u00edda no v\u00edcio. Compre P\u00f3 de Hero\u00edna Branca Online       <\/p>\n<h3>Compre p\u00f3 de hero\u00edna branca online<\/h3>\n<p> \u00c9 importante entender que n\u00e3o existe uma dosagem \u201csegura\u201d de p\u00f3 de hero\u00edna branca, pois qualquer quantidade pode ser potencialmente fatal devido a intera\u00e7\u00f5es com sensibilidades conhecidas ou inconscientes de uma pessoa e outros problemas m\u00e9dicos. Por esse motivo, o uso de hero\u00edna \u2013 n\u00e3o importa qu\u00e3o pequena \u2013 deve ser feito somente sob a supervis\u00e3o rigorosa de um profissional m\u00e9dico qualificado. Pe\u00e7a Hero\u00edna Online   <\/p>\n<h3>Por que a Farm\u00e1cia LA CASA DE LA MEDICINA \u00e9 o melhor lugar para comprar hero\u00edna branca em p\u00f3 online?<\/h3>\n<p> Se estiver procurando comprar hero\u00edna branca em p\u00f3 on-line, h\u00e1 v\u00e1rias vantagens, incluindo pre\u00e7o acess\u00edvel e simplicidade. No entanto, \u00e9 importante estar ciente dos perigos do uso dessa subst\u00e2ncia e adquiri-la somente de fornecedores confi\u00e1veis, como a LA CASA DE LA MEDICINA. Com a ajuda da LA CASA DE LA MEDICINA, voc\u00ea pode aproveitar com confian\u00e7a os in\u00fameros benef\u00edcios do p\u00f3 de hero\u00edna branca por atacado on-line. Pedido de hero\u00edna on-line    &nbsp;<\/p>\n","protected":false},"excerpt":{"rendered":"<p>Compre hero\u00edna em p\u00f3 branco online. Compre P\u00f3 de Hero\u00edna Branca Online &#8211; Um dos tipos mais potentes e lucrativos de hero\u00edna no mercado \u00e9 o p\u00f3 branco. Mas de quem voc\u00ea deve compr\u00e1-lo? O melhor lugar para comprar p\u00f3 de hero\u00edna branca online com o menor custo \u00e9 a Farm\u00e1cia Dr. Lawsons. Com uma [&hellip;]<\/p>\n","protected":false},"featured_media":17996,"comment_status":"closed","ping_status":"closed","template":"","meta":{"om_disable_all_campaigns":false,"_sitemap_exclude":false,"_sitemap_priority":"","_sitemap_frequency":"","_monsterinsights_skip_tracking":false,"_monsterinsights_sitenote_active":false,"_monsterinsights_sitenote_note":"","_monsterinsights_sitenote_category":0},"product_cat":[38811],"product_tag":[38945,38946,38952,38949,38954,38948,38965,38958,38960,38956,38947,38964,38959,38962,38963,38955,38961,38953,38957,38951,38966,38950],"class_list":{"0":"post-35542","1":"product","2":"type-product","3":"status-publish","4":"has-post-thumbnail","6":"product_cat-heroina-pt-br","7":"product_tag-compre-po-de-heroina-branca","8":"product_tag-compre-po-de-heroina-branca-online","9":"product_tag-compre-po-de-heroina-branca-online-europa","10":"product_tag-efeitos-do-po-de-heroina-branca","11":"product_tag-encomendar-po-de-heroina-branca-ue","12":"product_tag-encomende-po-de-heroina-branca-online","13":"product_tag-fornecedores-de-po-de-heroina-branca-na-europa","14":"product_tag-loja-online-de-po-de-heroina-branca-europa","15":"product_tag-ofertas-de-po-de-heroina-branca-na-europa","16":"product_tag-onde-comprar-po-de-heroina-branca-na-europa","17":"product_tag-onde-comprar-po-de-heroina-branca-online","18":"product_tag-po-de-heroina-branca-autentica-europa","19":"product_tag-po-de-heroina-branca-barata-europa","20":"product_tag-po-de-heroina-branca-desconto-na-europa","21":"product_tag-po-de-heroina-branca-entrega-na-europa","22":"product_tag-po-de-heroina-branca-frete-gratis-europa","23":"product_tag-po-de-heroina-branca-loja-europa","24":"product_tag-po-de-heroina-branca-melhor-preco-europa","25":"product_tag-po-de-heroina-branca-venda-na-europa","26":"product_tag-quanto-custa-po-de-heroina-branca","27":"product_tag-revisao-de-po-de-heroina-branca-na-europa","28":"product_tag-vendas-de-po-de-heroina-branca-online","30":"first","31":"instock","32":"shipping-taxable","33":"purchasable","34":"product-type-variable","35":"farmacie-col"},"aioseo_notices":[],"_links":{"self":[{"href":"https:\/\/lacasadelamedicina.es\/pt-br\/wp-json\/wp\/v2\/product\/35542"}],"collection":[{"href":"https:\/\/lacasadelamedicina.es\/pt-br\/wp-json\/wp\/v2\/product"}],"about":[{"href":"https:\/\/lacasadelamedicina.es\/pt-br\/wp-json\/wp\/v2\/types\/product"}],"replies":[{"embeddable":true,"href":"https:\/\/lacasadelamedicina.es\/pt-br\/wp-json\/wp\/v2\/comments?post=35542"}],"wp:featuredmedia":[{"embeddable":true,"href":"https:\/\/lacasadelamedicina.es\/pt-br\/wp-json\/wp\/v2\/media\/17996"}],"wp:attachment":[{"href":"https:\/\/lacasadelamedicina.es\/pt-br\/wp-json\/wp\/v2\/media?parent=35542"}],"wp:term":[{"taxonomy":"product_cat","embeddable":true,"href":"https:\/\/lacasadelamedicina.es\/pt-br\/wp-json\/wp\/v2\/product_cat?post=35542"},{"taxonomy":"product_tag","embeddable":true,"href":"https:\/\/lacasadelamedicina.es\/pt-br\/wp-json\/wp\/v2\/product_tag?post=35542"}],"curies":[{"name":"wp","href":"https:\/\/api.w.org\/{rel}","templated":true}]}}