{"id":35512,"date":"2024-08-09T14:01:54","date_gmt":"2024-08-09T14:01:54","guid":{"rendered":"https:\/\/lacasadelamedicina.es\/product\/compre-po-quimico-jwh-210-online\/"},"modified":"2024-08-09T14:01:54","modified_gmt":"2024-08-09T14:01:54","slug":"compre-po-quimico-jwh-210-online","status":"publish","type":"product","link":"https:\/\/lacasadelamedicina.es\/pt-br\/produto\/compre-po-quimico-jwh-210-online\/","title":{"rendered":"Compre p\u00f3 qu\u00edmico JWH-210 online"},"content":{"rendered":"<h1 class=\"product_title enter-title\">Compre P\u00f3 Qu\u00edmico JWH-210 online<\/h1>\n<p> Compre JWH-210 P\u00f3 Qu\u00edmico online &#8211; Compre JWH-210 P\u00f3 Qu\u00edmico online. JWH-210 (4-Etilnaftalen-1-il-(1-pentilindol-3-il)metanona), tamb\u00e9m conhecido como. \u00e9 um poderoso canabinoide. Compre JWH-210 P\u00f3 Qu\u00edmico online &#8211; <a href=\"https:\/\/drlawsonspharmacy\/contact-us\/\">CONTATO<\/a> O JWH-210 pode ser comprado online. Como membro da fam\u00edlia naftoilindol, JWH-210 \u00e9 um potente agonista canabinoide nos receptores CB1 e CB2 com valores de Ki de 0,46 nM para CB1 e 0,69 nM para CB2. \u00c9 usado para tratamento da dor. Com uma afinidade de liga\u00e7\u00e3o mais forte (ou seja, Ki mais baixo) ao CB1 do que seus hom\u00f3logos 4-metil e 4-n-propil JWH-122 (CB1 Ki 0,69 nM), \u00e9 um dos derivados naftil 4-substitu\u00eddos mais potentes na s\u00e9rie naftoilindol. e JWH-182 (CB1 Ki 0,65 nM) ou JWH-081 (CB1 Ki 1,2 nM), uma mol\u00e9cula 4-metoxi [2] John W. Huffman inspirou a descoberta e a nomea\u00e7\u00e3o.        <\/p>\n<h3>Compre JWH-210 P\u00f3 Qu\u00edmico Online<\/h3>\n<p> Voc\u00ea \u00e9 um cientista dedicado que quer se aprofundar no complexo campo dos canabinoides sint\u00e9ticos? Ent\u00e3o n\u00e3o procure mais do que o JWH-210 Chemical Powder, um produto de ponta projetado para dar suporte a pesquisas farmacol\u00f3gicas inovadoras. O JWH-210 Chemical Powder \u00e9 a ferramenta ideal para maximizar o potencial de sua pesquisa devido \u00e0 sua alta qualidade e propriedades especiais. O JWH-210 Chemical Powder \u00e9 cuidadosamente fabricado usando os m\u00e9todos mais modernos para garantir um produto puro e confi\u00e1vel em cada pedido. Esta subst\u00e2ncia exibe afinidade e seletividade excepcionais como um poderoso agonista dos receptores canabinoides, permitindo que os pesquisadores obtenham uma compreens\u00e3o abrangente dos mecanismos complexos em a\u00e7\u00e3o no sistema endocanabinoide.     <\/p>\n<h3><strong>Encomendar JWH-210 P\u00f3 Qu\u00edmico<\/strong><\/h3>\n<p> A not\u00e1vel estabilidade do JWH-210 Chemical Powder, que permite c\u00e1lculos precisos de dosagem e ampla experimenta\u00e7\u00e3o, \u00e9 uma de suas principais vantagens. Sua estabilidade e solubilidade em uma variedade de solventes comuns o tornam um candidato perfeito para uma ampla gama de aplica\u00e7\u00f5es laboratoriais. Gra\u00e7as ao JWH-210 Chemical Powder, os pesquisadores podem investigar livremente uma variedade de t\u00f3picos de pesquisa fascinantes, como neurofarmacologia, tratamento da dor e estudos sobre depend\u00eancia. A adaptabilidade desta subst\u00e2ncia abre novas oportunidades para descobertas inovadoras que podem influenciar como os medicamentos e a pesquisa m\u00e9dica s\u00e3o desenvolvidos no futuro.    &nbsp;<\/p>\n","protected":false},"excerpt":{"rendered":"<p>Compre p\u00f3 qu\u00edmico JWH-210 online. O p\u00f3 qu\u00edmico JWH-210 pertence \u00e0 fam\u00edlia dos naftoilindol e \u00e9 usado como analg\u00e9sico.  &nbsp;<\/p>\n","protected":false},"featured_media":18536,"comment_status":"closed","ping_status":"closed","template":"","meta":{"om_disable_all_campaigns":false,"_sitemap_exclude":false,"_sitemap_priority":"","_sitemap_frequency":"","_monsterinsights_skip_tracking":false,"_monsterinsights_sitenote_active":false,"_monsterinsights_sitenote_note":"","_monsterinsights_sitenote_category":0},"product_cat":[35703],"product_tag":[38855,38853,38834,38835,38841,38838,38843,38852,38854,38846,38851,38844,38850,38847,38842,38849,38837,38845,38836,38848,38840,38839],"class_list":{"0":"post-35512","1":"product","2":"type-product","3":"status-publish","4":"has-post-thumbnail","6":"product_cat-pesquisa-de-produtos-quimicos-e-psicodelicos","7":"product_tag-analise-do-po-quimico-jwh-210-na-europa","8":"product_tag-autentico-jwh-210-po-quimico-europa","9":"product_tag-comprar-po-quimico-jwh-210","10":"product_tag-comprar-po-quimico-jwh-210-online","11":"product_tag-compre-jwh-210-po-quimico-online-europa","12":"product_tag-efeitos-do-po-quimico-jwh-210","13":"product_tag-encomendar-jwh-210-po-quimico-ue","14":"product_tag-entrega-em-europa-do-po-quimico-jwh-210","15":"product_tag-fornecedores-de-po-quimico-jwh-210-na-europa","16":"product_tag-jwh-210-po-quimico-a-venda-na-europa","17":"product_tag-jwh-210-po-quimico-desconto-europa","18":"product_tag-jwh-210-po-quimico-frete-gratis-europa","19":"product_tag-jwh-210-po-quimico-loja-europa","20":"product_tag-jwh-210-po-quimico-loja-online-europa","21":"product_tag-jwh-210-po-quimico-melhor-preco-europa","22":"product_tag-jwh-210-po-quimico-ofertas-europa","23":"product_tag-onde-comprar-jwh-210-chemical-powder-online","24":"product_tag-onde-comprar-jwh-210-po-quimico-europa","25":"product_tag-peca-jwh-210-po-quimico-online","26":"product_tag-po-quimico-jwh-210-barato-europa","27":"product_tag-quanto-custa-o-po-quimico-jwh-210","28":"product_tag-vendas-de-po-quimico-jwh-210-online","30":"first","31":"instock","32":"shipping-taxable","33":"purchasable","34":"product-type-variable","35":"farmacie-col"},"aioseo_notices":[],"_links":{"self":[{"href":"https:\/\/lacasadelamedicina.es\/pt-br\/wp-json\/wp\/v2\/product\/35512"}],"collection":[{"href":"https:\/\/lacasadelamedicina.es\/pt-br\/wp-json\/wp\/v2\/product"}],"about":[{"href":"https:\/\/lacasadelamedicina.es\/pt-br\/wp-json\/wp\/v2\/types\/product"}],"replies":[{"embeddable":true,"href":"https:\/\/lacasadelamedicina.es\/pt-br\/wp-json\/wp\/v2\/comments?post=35512"}],"wp:featuredmedia":[{"embeddable":true,"href":"https:\/\/lacasadelamedicina.es\/pt-br\/wp-json\/wp\/v2\/media\/18536"}],"wp:attachment":[{"href":"https:\/\/lacasadelamedicina.es\/pt-br\/wp-json\/wp\/v2\/media?parent=35512"}],"wp:term":[{"taxonomy":"product_cat","embeddable":true,"href":"https:\/\/lacasadelamedicina.es\/pt-br\/wp-json\/wp\/v2\/product_cat?post=35512"},{"taxonomy":"product_tag","embeddable":true,"href":"https:\/\/lacasadelamedicina.es\/pt-br\/wp-json\/wp\/v2\/product_tag?post=35512"}],"curies":[{"name":"wp","href":"https:\/\/api.w.org\/{rel}","templated":true}]}}