{"id":35443,"date":"2024-08-09T14:01:55","date_gmt":"2024-08-09T14:01:55","guid":{"rendered":"https:\/\/lacasadelamedicina.es\/product\/compre-po-jwh-200-online\/"},"modified":"2024-08-09T14:01:55","modified_gmt":"2024-08-09T14:01:55","slug":"compre-po-jwh-200-online","status":"publish","type":"product","link":"https:\/\/lacasadelamedicina.es\/pt-br\/produto\/compre-po-jwh-200-online\/","title":{"rendered":"Compre p\u00f3 JWH-200 online"},"content":{"rendered":"<h1 class=\"product_title entry-title\">Compre p\u00f3 JWH-200 online<\/h1>\n<p> WH-200 Powder: JWH-200 \u00e9 um agonista do receptor canabinoide pertencente \u00e0 fam\u00edlia qu\u00edmica aminoalquinil e \u00e9 usado como analg\u00e9sico. JWH 200 \u00e9 um ligante do receptor canabinoide (CB) que \u00e9 um aminoalqu<a href=\"https:\/\/dieapotheke247.com\/\">ilind<\/a>ol. Ele interage com o receptor CB1 com afinidade consider\u00e1vel (IC50 = 7,8-42 nM). Compre talco JWH-200. Compre JWH-200 Powder online &#8211; <a href=\"https:\/\/drlawsonspharmacy\/contact-us\/\">CONTATO Compre JWH-200 Powder online<\/a> JWH 200 \u00e9 um ligante do receptor canabinoide (CB) que \u00e9 um aminoalquilindol. Ele tem uma alta afinidade pelo receptor CB1 (IC50 = 7,8-42 nM). Comparado ao 99-THC ou WIN 55.212, o JWH 200 teve um efeito pelo menos t\u00e3o bom na atividade locomotora, lat\u00eancia da cauda, \u200b\u200bhipotermia e no teste de imobilidade do anel.       <\/p>\n<h3 class=\"product_title entry-title\">Compre p\u00f3 JWH-200 online<\/h3>\n<p> Gostaria de apresentar a voc\u00ea o JWH-200 Powder, um composto de pesquisa not\u00e1vel projetado para ajud\u00e1-lo a avan\u00e7ar em seus estudos no interessante mundo dos canabinoides sint\u00e9ticos. O JWH-200 Powder \u00e9 o catalisador ideal para estudos farmacol\u00f3gicos inovadores devido \u00e0 sua not\u00e1vel pureza e propriedades poderosas. O JWH-200 Powder oferece aos pesquisadores um n\u00edvel incompar\u00e1vel de consist\u00eancia e qualidade, pois \u00e9 fabricado com grande precis\u00e3o usando t\u00e9cnicas de s\u00edntese de \u00faltima gera\u00e7\u00e3o. Esta subst\u00e2ncia oferece uma rara oportunidade de entender o funcionamento complexo do sistema endocanabinoide, pois \u00e9 um ativador altamente seletivo dos receptores canabinoides. O JWH-200 Powder \u00e9 caracterizado por sua estabilidade excepcional, o que garante dosagem precisa e longos tempos experimentais. Devido \u00e0 sua solubilidade em v\u00e1rios solventes comuns, este produto qu\u00edmico \u00e9 adapt\u00e1vel e f\u00e1cil de usar em uma ampla gama de situa\u00e7\u00f5es de laborat\u00f3rio. Compre JWH-200 Powder       <\/p>\n<h3><strong>Encomende JWH-200 Powder Online<\/strong><\/h3>\n<p> O p\u00f3 JWH-200 pode ser usado para explorar v\u00e1rias \u00e1reas de estudo, como neurofarmacologia, tratamento da dor e estudos sobre depend\u00eancia. Sua versatilidade cria novas oportunidades para descobertas inovadoras que podem impactar o desenvolvimento futuro de medicamentos e tratamentos. Na <span class=\"selectable-text copyable-text\">Dr Lawsons Pharmacy<\/span>, a satisfa\u00e7\u00e3o e a seguran\u00e7a do cliente s\u00e3o nossa principal prioridade. Para garantir que atenda e exceda os padr\u00f5es da ind\u00fastria, nosso p\u00f3 JWH-200 passa por rigorosos procedimentos de controle de qualidade. Seguimos diretrizes de seguran\u00e7a r\u00edgidas e fornecemos documenta\u00e7\u00e3o completa para garantir uma experi\u00eancia de pesquisa tranquila e segura.     &nbsp;<\/p>\n","protected":false},"excerpt":{"rendered":"<p>Compre p\u00f3 JWH-200 online. Outro nome para este composto \u00e9 (1-(2-morfolin-4-iletil)indol-3-il)-naftalen-1-ilmetanona. Compre aqui. Usamos as melhores t\u00e9cnicas de envio e embalagem discreta.    &nbsp;<\/p>\n","protected":false},"featured_media":18506,"comment_status":"closed","ping_status":"closed","template":"","meta":{"om_disable_all_campaigns":false,"_sitemap_exclude":false,"_sitemap_priority":"","_sitemap_frequency":"","_monsterinsights_skip_tracking":false,"_monsterinsights_sitenote_active":false,"_monsterinsights_sitenote_note":"","_monsterinsights_sitenote_category":0},"product_cat":[35703],"product_tag":[38590,38588,38569,38571,38576,38586,38573,38587,38589,38577,38585,38582,38584,38580,38572,38578,38570,38583,38579,38575,38581,38574],"class_list":{"0":"post-35443","1":"product","2":"type-product","3":"status-publish","4":"has-post-thumbnail","6":"product_cat-pesquisa-de-produtos-quimicos-e-psicodelicos","7":"product_tag-analise-do-po-jwh-200-na-europa","8":"product_tag-autentico-po-jwh-200-europa","9":"product_tag-comprar-po-jwh-200","10":"product_tag-comprar-po-jwh-200-online","11":"product_tag-compre-po-jwh-200-online-europa","12":"product_tag-desconto-em-po-jwh-200-na-europa","13":"product_tag-efeitos-do-po-jwh-200","14":"product_tag-entrega-em-po-jwh-200-na-europa","15":"product_tag-fornecedores-de-po-jwh-200-na-europa","16":"product_tag-jwh-200-po-melhor-preco-europa","17":"product_tag-loja-de-po-jwh-200-na-europa","18":"product_tag-loja-online-de-po-jwh-200-europa","19":"product_tag-ofertas-de-po-jwh-200-na-europa","20":"product_tag-onde-comprar-po-jwh-200-europa","21":"product_tag-onde-comprar-po-jwh-200-online","22":"product_tag-order-jwh-200-powder-eu-pt-br","23":"product_tag-peca-po-jwh-200-online","24":"product_tag-po-jwh-200-barato-europa","25":"product_tag-po-jwh-200-frete-gratis-europa","26":"product_tag-quanto-custa-o-po-jwh-200","27":"product_tag-venda-de-po-jwh-200-na-europa","28":"product_tag-vendas-de-polvora-jwh-200-online","30":"first","31":"instock","32":"shipping-taxable","33":"purchasable","34":"product-type-variable","35":"farmacie-col"},"aioseo_notices":[],"_links":{"self":[{"href":"https:\/\/lacasadelamedicina.es\/pt-br\/wp-json\/wp\/v2\/product\/35443"}],"collection":[{"href":"https:\/\/lacasadelamedicina.es\/pt-br\/wp-json\/wp\/v2\/product"}],"about":[{"href":"https:\/\/lacasadelamedicina.es\/pt-br\/wp-json\/wp\/v2\/types\/product"}],"replies":[{"embeddable":true,"href":"https:\/\/lacasadelamedicina.es\/pt-br\/wp-json\/wp\/v2\/comments?post=35443"}],"wp:featuredmedia":[{"embeddable":true,"href":"https:\/\/lacasadelamedicina.es\/pt-br\/wp-json\/wp\/v2\/media\/18506"}],"wp:attachment":[{"href":"https:\/\/lacasadelamedicina.es\/pt-br\/wp-json\/wp\/v2\/media?parent=35443"}],"wp:term":[{"taxonomy":"product_cat","embeddable":true,"href":"https:\/\/lacasadelamedicina.es\/pt-br\/wp-json\/wp\/v2\/product_cat?post=35443"},{"taxonomy":"product_tag","embeddable":true,"href":"https:\/\/lacasadelamedicina.es\/pt-br\/wp-json\/wp\/v2\/product_tag?post=35443"}],"curies":[{"name":"wp","href":"https:\/\/api.w.org\/{rel}","templated":true}]}}