{"id":35433,"date":"2024-08-09T14:01:55","date_gmt":"2024-08-09T14:01:55","guid":{"rendered":"https:\/\/lacasadelamedicina.es\/product\/compre-crystal-meth-metanfetamina-online\/"},"modified":"2024-08-09T14:01:55","modified_gmt":"2024-08-09T14:01:55","slug":"compre-crystal-meth-metanfetamina-online","status":"publish","type":"product","link":"https:\/\/lacasadelamedicina.es\/pt-br\/produto\/compre-crystal-meth-metanfetamina-online\/","title":{"rendered":"Compre Crystal Meth (metanfetamina) online"},"content":{"rendered":"<h1>Compre Crystal Meth (Metanfetamina) Online<\/h1>\n<p> O melhor lugar para pedir Crystal Meth (metanfetamina) \u00e9 online. O Crystal Meth agora pode ser pedido online e entregue no dia seguinte. O Crystal Meth (metanfetamina) em sua forma mais atual ou mais nova \u00e9 quase completamente puro. Comprar Crystal Meth (metanfetamina) pode ser fumado em cachimbos de vidro e n\u00e3o tem cheiro. De acordo com pesquisas, \u00e9 mais mortal e viciante do que crack e coca\u00edna. Os<a href=\"https:\/\/dieapotheke247.com\/\">efeitos<\/a> podem durar no corpo de 4 a 14 horas, dependendo da pessoa. Durante esse per\u00edodo, os fumantes experimentam uma poderosa descarga de metal e um estado de \u00eaxtase f\u00edsico. \u00c9 uma sensa\u00e7\u00e3o agrad\u00e1vel. Em contraste, usar shorts pesados \u200b\u200baumenta muito a probabilidade de se sentir deprimido, ansioso, inquieto e, eventualmente, exausto. Compre Crystal Meth (Metanfetamina) Online &#8211; <a href=\"https:\/\/drlawsonspharmacy\/contact-us\/\">CONTATO<\/a>         <\/p>\n<p><strong>Embora voc\u00ea possa comprar Crystal Meth sem receita, voc\u00ea deve estar ciente de que o uso cont\u00ednuo pode ter efeitos negativos em seu f\u00edgado, pulm\u00f5es e rins, ent\u00e3o voc\u00ea deve regular sua dosagem. Compras de Crystal Meth Online. Compre Crystal Meth Online, incluindo 4-MEC, Koop Crystal Meth e Kb Crystal Meth.  <\/strong><\/p>\n<h3><strong>Encomende Crystal Meth (Metanfetamina) Online<\/strong><\/h3>\n<p> Como outros estimulantes como coca\u00edna ou cola, o Crystal Meth afeta os n\u00edveis de dopamina no c\u00e9rebro. Sua capacidade de imitar a norepinefrina \u00e9 um benef\u00edcio adicional. Para treinar o c\u00e9rebro a precisar de mais de ambos para sobreviver, os neur\u00f4nios liberam mais de ambos nesse meio tempo. A estabilidade mental e f\u00edsica de uma pessoa pode ser interrompida pelos efeitos da abstin\u00eancia de metanfetamina ou de uma ressaca que dura dias. Voc\u00ea deve estar ciente de todos esses efeitos ao comprar metanfetamina online. Outros nomes de rua incluem Rock, LA Glass, Super Ice, Hot Ice e Hawaiian Salt. Ketamina tamb\u00e9m est\u00e1 dispon\u00edvel. O cristal de cetamina hcl tamb\u00e9m est\u00e1 dispon\u00edvel agora com desconto. Farm\u00e1cias online geralmente oferecem metanfetamina cristal para venda. No entanto, voc\u00ea precisa conhecer seus fornecedores se quiser pedir metanfetamina pura. Pureza \u00e0 parte, qu\u00e3o seguro \u00e9 o processo? Voc\u00ea tem certeza de que a entrega do seu lixo ser\u00e1 feita? Somos melhores nesse aspecto. Cada pacote vem com uma garantia de devolu\u00e7\u00e3o do dinheiro e informa\u00e7\u00f5es de rastreamento. A embalagem e a entrega s\u00e3o feitas discretamente para casas, ruas e caixas postais. Compre metanfetamina cristal online para comprar metanfetamina cristal online. Metanfetamina &#8211; Koop Crystal Meth, Kb, Compre Crystal Meth (Metanfetamina) Online Crystal Meth, Compre 4-MEC Online, Crystal Meth (Metanfetamina) para Venda Online                 &nbsp;<\/p>\n","protected":false},"excerpt":{"rendered":"<p>a melhor loja para comprar vidro. Atualmente, voc\u00ea pode comprar metanfetamina cristal online e receb\u00ea-la no dia seguinte. A metanfetamina cristal em sua forma mais atual ou mais nova \u00e9 virtualmente completamente pura. Pode ser fumada em cachimbos de vidro e n\u00e3o tem odor. Oferecemos produtos de primeira linha com remessa excelente e discreta. Com 12 anos de experi\u00eancia no fornecimento de produtos qu\u00edmicos de pesquisa, a seguran\u00e7a \u00e9 nossa prioridade n\u00famero um. Somos confi\u00e1veis, confi\u00e1veis \u200b\u200be oferecemos apenas produtos de alta qualidade a pre\u00e7os competitivos.       &nbsp;<\/p>\n","protected":false},"featured_media":18041,"comment_status":"closed","ping_status":"closed","template":"","meta":{"om_disable_all_campaigns":false,"_sitemap_exclude":false,"_sitemap_priority":"","_sitemap_frequency":"","_monsterinsights_skip_tracking":false,"_monsterinsights_sitenote_active":false,"_monsterinsights_sitenote_note":"","_monsterinsights_sitenote_category":0},"product_cat":[35703],"product_tag":[38544,38525,38527,38532,38546,38535,38533,38542,38529,38534,38543,38545,38541,38538,38539,38540,38536,38528,38526,38531,38537,38530],"class_list":{"0":"post-35433","1":"product","2":"type-product","3":"status-publish","4":"has-post-thumbnail","6":"product_cat-pesquisa-de-produtos-quimicos-e-psicodelicos","7":"product_tag-autentico-crystal-meth-metanfetamina-europa-pt-br","8":"product_tag-comprar-crystal-meth-metanfetamina","9":"product_tag-comprar-crystal-meth-metanfetamina-online","10":"product_tag-compre-crystal-meth-metanfetamina-online-europa","11":"product_tag-critica-do-crystal-meth-metanfetamina-europe","12":"product_tag-crystal-meth-metanfetamina-frete-gratis-europa","13":"product_tag-crystal-meth-metanfetamina-melhor-preco-europa","14":"product_tag-desconto-em-crystal-meth-metanfetamina-na-europa","15":"product_tag-efeitos-do-crystal-meth-metanfetamina","16":"product_tag-encomendar-crystal-meth-metanfetamina-ue","17":"product_tag-entrega-de-crystal-meth-metanfetamina-na-europa","18":"product_tag-fornecedores-de-crystal-meth-metanfetamina-na-europa","19":"product_tag-loja-de-crystal-meth-metanfetamina-europa","20":"product_tag-loja-online-crystal-meth-metanfetamina-europa","21":"product_tag-metanfetamina-cristal-barata-metanfetamina-europa","22":"product_tag-ofertas-de-crystal-meth-metanfetamina-na-europa","23":"product_tag-onde-comprar-crystal-meth-metanfetamina-europa","24":"product_tag-onde-comprar-crystal-meth-metanfetamina-online","25":"product_tag-peca-crystal-meth-metanfetamina-online","26":"product_tag-quanto-custa-crystal-meth-metanfetamina","27":"product_tag-venda-de-crystal-meth-metanfetamina-na-europa","28":"product_tag-vendas-de-crystal-meth-metanfetamina-online","30":"first","31":"instock","32":"shipping-taxable","33":"purchasable","34":"product-type-variable","35":"farmacie-col"},"aioseo_notices":[],"_links":{"self":[{"href":"https:\/\/lacasadelamedicina.es\/pt-br\/wp-json\/wp\/v2\/product\/35433"}],"collection":[{"href":"https:\/\/lacasadelamedicina.es\/pt-br\/wp-json\/wp\/v2\/product"}],"about":[{"href":"https:\/\/lacasadelamedicina.es\/pt-br\/wp-json\/wp\/v2\/types\/product"}],"replies":[{"embeddable":true,"href":"https:\/\/lacasadelamedicina.es\/pt-br\/wp-json\/wp\/v2\/comments?post=35433"}],"wp:featuredmedia":[{"embeddable":true,"href":"https:\/\/lacasadelamedicina.es\/pt-br\/wp-json\/wp\/v2\/media\/18041"}],"wp:attachment":[{"href":"https:\/\/lacasadelamedicina.es\/pt-br\/wp-json\/wp\/v2\/media?parent=35433"}],"wp:term":[{"taxonomy":"product_cat","embeddable":true,"href":"https:\/\/lacasadelamedicina.es\/pt-br\/wp-json\/wp\/v2\/product_cat?post=35433"},{"taxonomy":"product_tag","embeddable":true,"href":"https:\/\/lacasadelamedicina.es\/pt-br\/wp-json\/wp\/v2\/product_tag?post=35433"}],"curies":[{"name":"wp","href":"https:\/\/api.w.org\/{rel}","templated":true}]}}