{"id":35372,"date":"2024-08-09T14:01:59","date_gmt":"2024-08-09T14:01:59","guid":{"rendered":"https:\/\/lacasadelamedicina.es\/product\/compre-cristais-5f-mdmb-2201-online\/"},"modified":"2024-08-09T14:01:59","modified_gmt":"2024-08-09T14:01:59","slug":"compre-cristais-5f-mdmb-2201-online","status":"publish","type":"product","link":"https:\/\/lacasadelamedicina.es\/pt-br\/produto\/compre-cristais-5f-mdmb-2201-online\/","title":{"rendered":"Compre cristais 5f MDMB 2201 online"},"content":{"rendered":"<h1>Compre cristais 5f MDMB 2201 online<\/h1>\n<p> Compre cristais 5f MDMB 2201 online. Compre cristais 5f MDMB 2201 online &#8211; <a href=\"https:\/\/drlawsonspharmacy\/contact-us\/\">CONTATO<\/a> Estamos come\u00e7ando a descobrir um indazol-3-carboxamida em produtos de cannabis sint\u00e9tica ao redor do mundo. Farmacologia: 5F-MDMB-2201 \u00e9 conhecido por ser um agonista CB1 muito potente, mas n\u00e3o est\u00e1 claro se ele tamb\u00e9m \u00e9 altamente seletivo para CB1 ou se \u00e9 seletivo. Mais <a href=\"https:\/\/dieapotheke247.com\/\">testes nessa \u00e1rea s\u00e3o necess\u00e1rios.<\/a> Compostos semelhantes: 5F-AB-PINACA PX-3 MDMB-FUBINACA MDMB-CHMICA APINACA APICA ADB-PINACA ADBICA ADB-FUBINACA ADB-CHMINACA AB-PINACA AB-FUBINACA AB-CHMINACA AB-CHFUPYCA 5F-APINACA 5F-AMB Legalidade: 5F-MDMB-2201 n\u00e3o \u00e9 atualmente reconhecido como uma subst\u00e2ncia proibida em nenhuma grande na\u00e7\u00e3o ou jurisdi\u00e7\u00e3o, mas pode ser considerado um composto semelhante ao 5F-ADB. Portanto, deve-se ter cautela ao importar esta subst\u00e2ncia, pois a venda ou posse desta subst\u00e2ncia pode ser ilegal em alguns pa\u00edses. 5F-MDMB-2201 n\u00e3o \u00e9 adequado para consumo humano ou animal, pois \u00e9 fornecido apenas como um produto qu\u00edmico de pesquisa. Ele s\u00f3 deve ser usado em um laborat\u00f3rio ou ambiente forense por indiv\u00edduos qualificados. Apresentando os Cristais 5F MDMB-2201, um produto revolucion\u00e1rio que abre as portas para estudos inovadores sobre canabinoides sint\u00e9ticos. Os Cristais 5F MDMB-2201 s\u00e3o os catalisadores ideais para desbloquear o potencial m\u00e1ximo de seus esfor\u00e7os cient\u00edficos devido \u00e0 sua pot\u00eancia incompar\u00e1vel e pureza superior. Nossos Cristais 5F MDMB-2201 s\u00e3o cuidadosamente sintetizados e feitos \u00e0 m\u00e3o usando m\u00e9todos de \u00faltima gera\u00e7\u00e3o, garantindo um produto de consist\u00eancia e pureza inigual\u00e1veis \u200b\u200bque permite aos pesquisadores explorar o funcionamento complexo do sistema endocanabinoide com seguran\u00e7a e precis\u00e3o.          <\/p>\n<h3>Compre Cristais 5F MDMB 2201 online<\/h3>\n<p> Quando os Cristais 5F MDMB-2201 atingem seu potencial m\u00e1ximo, surgem in\u00fameras oportunidades de pesquisa. Esta subst\u00e2ncia oferece uma rara chance de estudar e entender a intera\u00e7\u00e3o entre o sistema endocanabinoide e uma s\u00e9rie de processos fisiol\u00f3gicos, incluindo controle da dor, neurofarmacologia e pesquisa sobre depend\u00eancia. \u00c9 um poderoso agonista dos receptores canabinoides. A excelente estabilidade e pot\u00eancia dos Cristais 5F MDMB-2201 s\u00e3o a raz\u00e3o de sua qualidade excepcional. Esta estabilidade permite dosagem precisa e resultados consistentes, permitindo que os cientistas conduzam investiga\u00e7\u00f5es longas com confian\u00e7a. Os cristais tamb\u00e9m s\u00e3o altamente sol\u00faveis em uma variedade de solventes comuns, tornando-os f\u00e1ceis de incorporar em v\u00e1rias t\u00e9cnicas de laborat\u00f3rio.      <\/p>\n<h3>Compre Cristais 5f MDMB 2201 Online<\/h3>\n<p> Na <span class=\"selectable-text copyable-text\">Dr Lawsons Pharmacy<\/span>, a satisfa\u00e7\u00e3o do cliente e a seguran\u00e7a s\u00e3o nossa principal prioridade. Para garantir a conformidade com os mais altos padr\u00f5es da ind\u00fastria, nossos Cristais 5F MDMB-2201 passam por rigorosos procedimentos de controle de qualidade. N\u00f3s seguimos rigorosamente os procedimentos de seguran\u00e7a e fornecemos ampla documenta\u00e7\u00e3o para auxiliar em seu processo de estudo. Observe que os Cristais 5F MDMB-2201 s\u00e3o apenas para fins de estudo e n\u00e3o devem ser consumidos por humanos em nenhuma circunst\u00e2ncia. Ao trabalhar com este produto qu\u00edmico, \u00e9 fundamental que voc\u00ea cumpra as leis locais e as normas morais.     &nbsp;<\/p>\n","protected":false},"excerpt":{"rendered":"<p>Compre cristais 5F-MDMB 2201 online. 5F-MDMB-2201 \u00e9 um canabinoide sint\u00e9tico da fam\u00edlia dos indazol que \u00e9 notavelmente semelhante ao mais popular 5F-MDMB-PINACA.  &nbsp;<\/p>\n","protected":false},"featured_media":18581,"comment_status":"closed","ping_status":"closed","template":"","meta":{"om_disable_all_campaigns":false,"_sitemap_exclude":false,"_sitemap_priority":"","_sitemap_frequency":"","_monsterinsights_skip_tracking":false,"_monsterinsights_sitenote_active":false,"_monsterinsights_sitenote_note":"","_monsterinsights_sitenote_category":0},"product_cat":[35703],"product_tag":[38300,38301,38304,38303,38293,38299,38296,38291,38298,38295,38288,38283,38284,38290,38302,38297,38287,38294,38286,38285,38292,38289],"class_list":{"0":"post-35372","1":"product","2":"type-product","3":"status-publish","4":"has-post-thumbnail","6":"product_cat-pesquisa-de-produtos-quimicos-e-psicodelicos","7":"product_tag-5f-mdmb-2201-cristais-desconto-europa","8":"product_tag-5f-mdmb-2201-cristais-entrega-europa","9":"product_tag-5f-mdmb-2201-cristais-europa-revisao","10":"product_tag-5f-mdmb-2201-cristais-fornecedores-da-europa","11":"product_tag-5f-mdmb-2201-cristais-frete-gratis-europa","12":"product_tag-5f-mdmb-2201-cristais-loja-europa","13":"product_tag-5f-mdmb-2201-cristais-loja-online-europa","14":"product_tag-5f-mdmb-2201-cristais-melhor-preco-europa","15":"product_tag-5f-mdmb-2201-cristais-ofertas-na-europa","16":"product_tag-5f-mdmb-2201-cristais-venda-europa","17":"product_tag-5f-mdmb-2201-cristais-vendas-online","18":"product_tag-compre-cristais-5f-mdmb-2201","19":"product_tag-compre-cristais-5f-mdmb-2201-online","20":"product_tag-compre-cristais-5f-mdmb-2201-online-europa","21":"product_tag-cristais-autenticos-5f-mdmb-2201-europa","22":"product_tag-cristais-baratos-5f-mdmb-2201-europa","23":"product_tag-efeitos-dos-cristais-5f-mdmb-2201","24":"product_tag-onde-comprar-cristais-5f-mdmb-2201-europa-pt-br","25":"product_tag-onde-comprar-cristais-5f-mdmb-2201-europa","26":"product_tag-onde-comprar-os-cristais-5f-mdmb-2201-on-line","27":"product_tag-ordem-5f-mdmb-2201-cristais-ue","28":"product_tag-quanto-custa-5f-cristais-mdmb-2201","30":"first","31":"instock","32":"shipping-taxable","33":"purchasable","34":"product-type-variable","35":"farmacie-col"},"aioseo_notices":[],"_links":{"self":[{"href":"https:\/\/lacasadelamedicina.es\/pt-br\/wp-json\/wp\/v2\/product\/35372"}],"collection":[{"href":"https:\/\/lacasadelamedicina.es\/pt-br\/wp-json\/wp\/v2\/product"}],"about":[{"href":"https:\/\/lacasadelamedicina.es\/pt-br\/wp-json\/wp\/v2\/types\/product"}],"replies":[{"embeddable":true,"href":"https:\/\/lacasadelamedicina.es\/pt-br\/wp-json\/wp\/v2\/comments?post=35372"}],"wp:featuredmedia":[{"embeddable":true,"href":"https:\/\/lacasadelamedicina.es\/pt-br\/wp-json\/wp\/v2\/media\/18581"}],"wp:attachment":[{"href":"https:\/\/lacasadelamedicina.es\/pt-br\/wp-json\/wp\/v2\/media?parent=35372"}],"wp:term":[{"taxonomy":"product_cat","embeddable":true,"href":"https:\/\/lacasadelamedicina.es\/pt-br\/wp-json\/wp\/v2\/product_cat?post=35372"},{"taxonomy":"product_tag","embeddable":true,"href":"https:\/\/lacasadelamedicina.es\/pt-br\/wp-json\/wp\/v2\/product_tag?post=35372"}],"curies":[{"name":"wp","href":"https:\/\/api.w.org\/{rel}","templated":true}]}}