{"id":35296,"date":"2024-08-09T14:01:59","date_gmt":"2024-08-09T14:01:59","guid":{"rendered":"https:\/\/lacasadelamedicina.es\/product\/compre-bufedrona-online\/"},"modified":"2024-08-09T14:01:59","modified_gmt":"2024-08-09T14:01:59","slug":"compre-bufedrona-online","status":"publish","type":"product","link":"https:\/\/lacasadelamedicina.es\/pt-br\/produto\/compre-bufedrona-online\/","title":{"rendered":"Compre Bufedrona online"},"content":{"rendered":"<h1>Compre Bufedrona online<\/h1>\n<p> Compre Bufedrona online. A hist\u00f3ria da Bufedrona come\u00e7a em 1928. O produto qu\u00edmico de pesquisa foi originalmente classificado como fenetilamina e catinona quando foi desenvolvido. A Bufedrona para venda n\u00e3o \u00e9 para consumo, mas \u00e9 vendida no mercado de produtos qu\u00edmicos de pesquisa para fins forenses e cient\u00edficos. Voc\u00ea pode comprar Bufedrona, bem como uma variedade de estimulantes semelhantes \u00e0 Bufedrona, em nossa loja online. Compre Bufedrona online &#8211; <a href=\"https:\/\/drlawsonspharmacy\/contact-us\/\">CONTATO<\/a> Esta droga de designer, tamb\u00e9m conhecida como MABP, \u00e9 uma beta-cetona. MABP \u00e9 uma escolha inteligente se voc\u00ea quiser comprar imita\u00e7\u00f5es de metanfetamina. Compre MABP online e receba em qualquer lugar do mundo. MABP atacado \u00e9 um neg\u00f3cio que administramos. Pesquisadores e cientistas costumam usar o produto qu\u00edmico de pesquisa MABP em uma variedade de estudos, e \u00e9 considerado uma \u00e1rea cinzenta. Antes de fazer um pedido online de MABP, recomendamos que voc\u00ea leia sobre os efeitos adversos da droga. Al\u00e9m disso, pode-se ler sobre relatos de viagens de MABP, mortes, viagens terr\u00edveis e ferimentos nos coment\u00e1rios de usu\u00e1rios anteriores na p\u00e1gina MABP Erowid.            <\/p>\n<h3>Compre Bufedrona online<\/h3>\n<p> Todos os usu\u00e1rios de MABP relataram sentir-se euf\u00f3ricos. Eles tamb\u00e9m confirmaram que entender como usar e tomar MABP \u00e9 crucial. As pessoas se tornam mais comunicativas, sua frequ\u00eancia card\u00edaca aumenta e seu humor tamb\u00e9m melhora. Eles n\u00e3o conseguem dormir e sua fala fica arrastada. Eles melhoraram sua capacidade de se comunicar, est\u00e3o mais motivados e se sentem inquietos. A dopamina \u00e9 liberada efetivamente pelo MABP. Comparado \u00e0 metanfetamina, o MABP \u00e9 menos estimulante e mais euf\u00f3rico. Todos os usu\u00e1rios de bufedrona relataram sentir-se euf\u00f3ricos. Eles tamb\u00e9m confirmaram que saber como usar e tomar buprenorfina \u00e9 crucial. As pessoas se tornam mais comunicativas e sua frequ\u00eancia card\u00edaca aumenta, al\u00e9m de seu humor elevado. Eles n\u00e3o conseguem dormir e sua fala fica arrastada. Eles melhoraram suas habilidades de comunica\u00e7\u00e3o, est\u00e3o mais motivados e se sentem mais inquietos.            <\/p>\n<h3>Voc\u00ea conhece algum site onde eu possa comprar bufedrona?<\/h3>\n<p> Bufedrona \u00e0 venda, valor de rua da bufedrona, dosagem da bufedrona, como fazer p\u00f3 de bufedrona, onde posso comprar bufedrona online, onde obter bufedrona online, o que \u00e9 bufedrona e onde comprar p\u00f3 de bufedrona de alta qualidade est\u00e3o todos dispon\u00edveis. Podemos fornecer as solu\u00e7\u00f5es para todas essas perguntas n\u00e3o resolvidas. Voc\u00ea pode aprender mais sobre onde e como comprar comprimidos de Fentanil online simplesmente navegando em nosso site. E quanto \u00e0 Bupesterona em p\u00f3? Voc\u00ea sabe onde posso comprar Bufedrona online? comprar p\u00f3 de Bufedrona, comprar p\u00f3 de Bufedrona puro, comprar p\u00f3 de Bufedrona puro, onde comprar p\u00f3 de Bufedrona, onde comprar p\u00f3 de Bufedrona online, onde comprar fornecedores de p\u00f3 de Bufedrona, como fazer p\u00f3 de Bufedrona, como \u00e9 o p\u00f3 de Bufedrona, pre\u00e7o de rua de<strong>P\u00f3 de Bufedrona, pre\u00e7o do p\u00f3 de Bufedrona<\/strong> \u00c9 bastante compreens\u00edvel que as pessoas n\u00e3o aceitem imediatamente a qualidade da Bufedrona oferecida online porque n\u00e3o podem verific\u00e1-la fisicamente. Mas com os fornecedores de Bufedrona online, esse n\u00e3o \u00e9 o caso. Os produtos oferecidos aqui s\u00e3o representa\u00e7\u00f5es precisas do que s\u00e3o, com manuten\u00e7\u00e3o de alto n\u00edvel sob supervis\u00e3o profissional. Envio r\u00e1pido e discreto: O Buphedrone \u00e9 entregue conforme prometido, imediatamente ap\u00f3s o recebimento do pedido. A equipe de envio faz de tudo para garantir que o processo de envio e entrega seja r\u00e1pido e f\u00e1cil. Quando voc\u00ea compra Buphedrone de um vendedor respeit\u00e1vel em um mercado da Internet, voc\u00ea tamb\u00e9m pode esperar receber <a href=\"https:\/\/dieapotheke247.com\/\">servi\u00e7os de alto n\u00edvel<\/a>.           &nbsp;<\/p>\n","protected":false},"excerpt":{"rendered":"<p>Compre Buphedrone online. A hist\u00f3ria da Buphedrone come\u00e7a em 1928. O produto qu\u00edmico de pesquisa foi originalmente classificado como fenetilamina e catinona quando foi desenvolvido. A Buphedrone para venda n\u00e3o \u00e9 para consumo, mas \u00e9 vendida no mercado de produtos qu\u00edmicos de pesquisa para fins forenses e cient\u00edficos. Voc\u00ea pode comprar Buphedrone, bem como uma variedade de estimulantes semelhantes \u00e0 Buphedrone, em nossa loja online.     &nbsp;<\/p>\n","protected":false},"featured_media":18086,"comment_status":"closed","ping_status":"closed","template":"","meta":{"om_disable_all_campaigns":false,"_sitemap_exclude":false,"_sitemap_priority":"","_sitemap_frequency":"","_monsterinsights_skip_tracking":false,"_monsterinsights_sitenote_active":false,"_monsterinsights_sitenote_note":"","_monsterinsights_sitenote_category":0},"product_cat":[35703],"product_tag":[38016,38011,38007,38005,37997,38004,37998,38014,38001,38006,38000,38015,38017,38013,38010,38012,38008,37999,38003,38018,38009,38002],"class_list":{"0":"post-35296","1":"product","2":"type-product","3":"status-publish","4":"has-post-thumbnail","6":"product_cat-pesquisa-de-produtos-quimicos-e-psicodelicos","7":"product_tag-autentico-buphedrone-europa-pt-br","8":"product_tag-bufedrona-barata-europa","9":"product_tag-bufedrona-frete-gratis-europa","10":"product_tag-bufedrona-melhor-preco-europa","11":"product_tag-comprar-bufedrona","12":"product_tag-comprar-bufedrona-online-europa","13":"product_tag-compre-bufedrona-online","14":"product_tag-desconto-na-buphedrone-europe","15":"product_tag-efeitos-da-bufedrona","16":"product_tag-encomendar-buphedrone-eu","17":"product_tag-encomende-bufedrona-online","18":"product_tag-entrega-de-bufedrona-na-europa","19":"product_tag-fornecedores-de-bufedrona-europa","20":"product_tag-loja-buphedrone-europe","21":"product_tag-loja-online-de-bufedrona-europa","22":"product_tag-ofertas-de-buphedrone-na-europa","23":"product_tag-onde-comprar-bufedrona-europa","24":"product_tag-onde-comprar-bufedrona-online","25":"product_tag-quanto-custa-bufedrona","26":"product_tag-revisao-da-buphedrone-europe","27":"product_tag-venda-de-buphedrone-na-europa","28":"product_tag-vendas-de-bufedrona-online","30":"first","31":"instock","32":"shipping-taxable","33":"purchasable","34":"product-type-variable","35":"farmacie-col"},"aioseo_notices":[],"_links":{"self":[{"href":"https:\/\/lacasadelamedicina.es\/pt-br\/wp-json\/wp\/v2\/product\/35296"}],"collection":[{"href":"https:\/\/lacasadelamedicina.es\/pt-br\/wp-json\/wp\/v2\/product"}],"about":[{"href":"https:\/\/lacasadelamedicina.es\/pt-br\/wp-json\/wp\/v2\/types\/product"}],"replies":[{"embeddable":true,"href":"https:\/\/lacasadelamedicina.es\/pt-br\/wp-json\/wp\/v2\/comments?post=35296"}],"wp:featuredmedia":[{"embeddable":true,"href":"https:\/\/lacasadelamedicina.es\/pt-br\/wp-json\/wp\/v2\/media\/18086"}],"wp:attachment":[{"href":"https:\/\/lacasadelamedicina.es\/pt-br\/wp-json\/wp\/v2\/media?parent=35296"}],"wp:term":[{"taxonomy":"product_cat","embeddable":true,"href":"https:\/\/lacasadelamedicina.es\/pt-br\/wp-json\/wp\/v2\/product_cat?post=35296"},{"taxonomy":"product_tag","embeddable":true,"href":"https:\/\/lacasadelamedicina.es\/pt-br\/wp-json\/wp\/v2\/product_tag?post=35296"}],"curies":[{"name":"wp","href":"https:\/\/api.w.org\/{rel}","templated":true}]}}